{"id":3410,"date":"2025-10-21T20:22:51","date_gmt":"2025-10-21T18:22:51","guid":{"rendered":"https:\/\/www.smokershop.es\/?post_type=product&#038;p=3410"},"modified":"2026-04-10T02:53:27","modified_gmt":"2026-04-10T00:53:27","slug":"llenadora-de-conos","status":"publish","type":"product","link":"https:\/\/www.smokershop.es\/index.php\/producto\/llenadora-de-conos\/","title":{"rendered":"LLENADORA DE CONOS"},"content":{"rendered":"<p>LLENADORA DE CONOS<\/p>\n<p>La llenadora de conos es un dispositivo innovador y eficiente, dise\u00f1ado especialmente para aquellos que buscan optimizar el proceso de llenado de conos preliados.<\/p>\n<p>Est\u00e1 fabricado en poliestireno, un material conocido por su resistencia y durabilidad. Este dispositivo tiene la capacidad de llenar hasta 25 conos en un tiempo r\u00e9cord de menos de 5 minutos. Esto significa que puedes dedicar m\u00e1s tiempo a disfrutar de tus mezclas favoritas y menos tiempo a la tediosa tarea de llenar cada cono manualmente. La rapidez y eficiencia son dos de sus principales ventajas, lo que lo convierte en una herramienta indispensable para cualquier amante de los conos.<\/p>\n<p>Con unas dimensiones de 10 cm x 10 cm x 14 cm, este llenador de conos es sorprendentemente compacto y f\u00e1cil de manejar. Su dise\u00f1o ergon\u00f3mico no solo facilita su uso, sino que tambi\u00e9n lo hace ideal para transportarlo a cualquier lugar.<\/p>\n<p>El poliestireno utilizado en la fabricaci\u00f3n de este llenador de conos garantiza una larga vida \u00fatil del producto. Este material no solo es robusto, sino que tambi\u00e9n es f\u00e1cil de limpiar, asegurando que el dispositivo se mantenga en perfectas condiciones con el paso del tiempo. La durabilidad y facilidad de mantenimiento son aspectos clave que hacen de este producto una inversi\u00f3n inteligente. Dise\u00f1ado para trabajar con conos preliados en tama\u00f1os Slim Size y King Size, este dispositivo elimina la necesidad de tener m\u00faltiples herramientas para diferentes tama\u00f1os de conos.<\/p>\n","protected":false},"excerpt":{"rendered":"<ul>\n<li>Material:\u00a0Poliestireno<\/li>\n<li>Medidas:\u00a010 cm x 10 cm x 14 cm<\/li>\n<li>Rellena 25 unidades a la vez, compatible con tama\u00f1o Slim o King Size.<\/li>\n<\/ul>\n<p>&nbsp;<\/p>\n<ul>\n<li><strong>\u2b07\ufe0f PRECIOS MAYORISTA PARA PROFESIONALES \u2b07\ufe0f<\/strong><\/li>\n<\/ul>\n<p style=\"padding-left: 160px;\"><strong><a href=\"https:\/\/www.smokershop.es\/index.php\/register\/\" target=\"_blank\" rel=\"noopener\">\ud83d\udc49 REGISTRATE AQUI \ud83d\udc48<\/a><\/strong><\/p>\n","protected":false},"featured_media":3407,"template":"","meta":{"_joinchat":[]},"product_brand":[],"product_cat":[54],"product_tag":[],"class_list":{"0":"post-3410","1":"product","2":"type-product","3":"status-publish","4":"has-post-thumbnail","6":"product_cat-pipas-bangers-herramientas","8":"first","9":"instock","10":"taxable","11":"shipping-taxable","12":"purchasable","13":"product-type-simple"},"yoast_head":"<!-- This site is optimized with the Yoast SEO plugin v27.4 - https:\/\/yoast.com\/product\/yoast-seo-wordpress\/ -->\n<title>LLENADORA DE CONOS - The Smoker&#039;s Shop<\/title>\n<meta name=\"description\" content=\"LLENADORA DE CONOS una herramienta \u00fatil y practica con la que podr\u00e1s rellenar asta 25 conos, de tama\u00f1o Slim o King Size, de forma f\u00e1cil y c\u00f3moda\" \/>\n<meta name=\"robots\" content=\"index, follow, max-snippet:-1, max-image-preview:large, max-video-preview:-1\" \/>\n<link rel=\"canonical\" href=\"https:\/\/www.smokershop.es\/index.php\/producto\/llenadora-de-conos\/\" \/>\n<meta property=\"og:locale\" content=\"es_ES\" \/>\n<meta property=\"og:type\" content=\"article\" \/>\n<meta property=\"og:title\" content=\"LLENADORA DE CONOS - The Smoker&#039;s Shop\" \/>\n<meta property=\"og:description\" content=\"LLENADORA DE CONOS una herramienta \u00fatil y practica con la que podr\u00e1s rellenar asta 25 conos, de tama\u00f1o Slim o King Size, de forma f\u00e1cil y c\u00f3moda\" \/>\n<meta property=\"og:url\" content=\"https:\/\/www.smokershop.es\/index.php\/producto\/llenadora-de-conos\/\" \/>\n<meta property=\"og:site_name\" content=\"The Smoker&#039;s Shop\" \/>\n<meta property=\"article:modified_time\" content=\"2026-04-10T00:53:27+00:00\" \/>\n<meta property=\"og:image\" content=\"https:\/\/www.smokershop.es\/wp-content\/uploads\/2023\/03\/WhatsApp-Image-2025-10-21-at-08.21.15.jpeg\" \/>\n\t<meta property=\"og:image:width\" content=\"864\" \/>\n\t<meta property=\"og:image:height\" content=\"1184\" \/>\n\t<meta property=\"og:image:type\" content=\"image\/jpeg\" \/>\n<meta name=\"twitter:card\" content=\"summary_large_image\" \/>\n<meta name=\"twitter:label1\" content=\"Tiempo de lectura\" \/>\n\t<meta name=\"twitter:data1\" content=\"2 minutos\" \/>\n<script type=\"application\/ld+json\" class=\"yoast-schema-graph\">{\"@context\":\"https:\\\/\\\/schema.org\",\"@graph\":[{\"@type\":\"WebPage\",\"@id\":\"https:\\\/\\\/www.smokershop.es\\\/index.php\\\/producto\\\/llenadora-de-conos\\\/\",\"url\":\"https:\\\/\\\/www.smokershop.es\\\/index.php\\\/producto\\\/llenadora-de-conos\\\/\",\"name\":\"LLENADORA DE CONOS - The Smoker&#039;s Shop\",\"isPartOf\":{\"@id\":\"https:\\\/\\\/www.smokershop.es\\\/#website\"},\"primaryImageOfPage\":{\"@id\":\"https:\\\/\\\/www.smokershop.es\\\/index.php\\\/producto\\\/llenadora-de-conos\\\/#primaryimage\"},\"image\":{\"@id\":\"https:\\\/\\\/www.smokershop.es\\\/index.php\\\/producto\\\/llenadora-de-conos\\\/#primaryimage\"},\"thumbnailUrl\":\"https:\\\/\\\/www.smokershop.es\\\/wp-content\\\/uploads\\\/2023\\\/03\\\/WhatsApp-Image-2025-10-21-at-08.21.15.jpeg\",\"datePublished\":\"2025-10-21T18:22:51+00:00\",\"dateModified\":\"2026-04-10T00:53:27+00:00\",\"description\":\"LLENADORA DE CONOS una herramienta \u00fatil y practica con la que podr\u00e1s rellenar asta 25 conos, de tama\u00f1o Slim o King Size, de forma f\u00e1cil y c\u00f3moda\",\"breadcrumb\":{\"@id\":\"https:\\\/\\\/www.smokershop.es\\\/index.php\\\/producto\\\/llenadora-de-conos\\\/#breadcrumb\"},\"inLanguage\":\"es\",\"potentialAction\":[{\"@type\":\"ReadAction\",\"target\":[\"https:\\\/\\\/www.smokershop.es\\\/index.php\\\/producto\\\/llenadora-de-conos\\\/\"]}]},{\"@type\":\"ImageObject\",\"inLanguage\":\"es\",\"@id\":\"https:\\\/\\\/www.smokershop.es\\\/index.php\\\/producto\\\/llenadora-de-conos\\\/#primaryimage\",\"url\":\"https:\\\/\\\/www.smokershop.es\\\/wp-content\\\/uploads\\\/2023\\\/03\\\/WhatsApp-Image-2025-10-21-at-08.21.15.jpeg\",\"contentUrl\":\"https:\\\/\\\/www.smokershop.es\\\/wp-content\\\/uploads\\\/2023\\\/03\\\/WhatsApp-Image-2025-10-21-at-08.21.15.jpeg\",\"width\":864,\"height\":1184,\"caption\":\"RELLENADORA DE CONOS\"},{\"@type\":\"BreadcrumbList\",\"@id\":\"https:\\\/\\\/www.smokershop.es\\\/index.php\\\/producto\\\/llenadora-de-conos\\\/#breadcrumb\",\"itemListElement\":[{\"@type\":\"ListItem\",\"position\":1,\"name\":\"Portada\",\"item\":\"https:\\\/\\\/www.smokershop.es\\\/\"},{\"@type\":\"ListItem\",\"position\":2,\"name\":\"The Shop\",\"item\":\"https:\\\/\\\/www.smokershop.es\\\/index.php\\\/shop\\\/\"},{\"@type\":\"ListItem\",\"position\":3,\"name\":\"LLENADORA DE CONOS\"}]},{\"@type\":\"WebSite\",\"@id\":\"https:\\\/\\\/www.smokershop.es\\\/#website\",\"url\":\"https:\\\/\\\/www.smokershop.es\\\/\",\"name\":\"The Smoker&#039;s Shop\",\"description\":\"Todo para los fumadores\",\"publisher\":{\"@id\":\"https:\\\/\\\/www.smokershop.es\\\/#organization\"},\"potentialAction\":[{\"@type\":\"SearchAction\",\"target\":{\"@type\":\"EntryPoint\",\"urlTemplate\":\"https:\\\/\\\/www.smokershop.es\\\/?s={search_term_string}\"},\"query-input\":{\"@type\":\"PropertyValueSpecification\",\"valueRequired\":true,\"valueName\":\"search_term_string\"}}],\"inLanguage\":\"es\"},{\"@type\":\"Organization\",\"@id\":\"https:\\\/\\\/www.smokershop.es\\\/#organization\",\"name\":\"The Smoker&#039;s Shop\",\"url\":\"https:\\\/\\\/www.smokershop.es\\\/\",\"logo\":{\"@type\":\"ImageObject\",\"inLanguage\":\"es\",\"@id\":\"https:\\\/\\\/www.smokershop.es\\\/#\\\/schema\\\/logo\\\/image\\\/\",\"url\":\"https:\\\/\\\/www.smokershop.es\\\/wp-content\\\/uploads\\\/2023\\\/10\\\/smokershop-logo.png\",\"contentUrl\":\"https:\\\/\\\/www.smokershop.es\\\/wp-content\\\/uploads\\\/2023\\\/10\\\/smokershop-logo.png\",\"width\":1711,\"height\":752,\"caption\":\"The Smoker&#039;s Shop\"},\"image\":{\"@id\":\"https:\\\/\\\/www.smokershop.es\\\/#\\\/schema\\\/logo\\\/image\\\/\"},\"sameAs\":[\"https:\\\/\\\/www.instagram.com\\\/thesmokersshopofficial\"]}]}<\/script>\n<!-- \/ Yoast SEO plugin. -->","yoast_head_json":{"title":"LLENADORA DE CONOS - The Smoker&#039;s Shop","description":"LLENADORA DE CONOS una herramienta \u00fatil y practica con la que podr\u00e1s rellenar asta 25 conos, de tama\u00f1o Slim o King Size, de forma f\u00e1cil y c\u00f3moda","robots":{"index":"index","follow":"follow","max-snippet":"max-snippet:-1","max-image-preview":"max-image-preview:large","max-video-preview":"max-video-preview:-1"},"canonical":"https:\/\/www.smokershop.es\/index.php\/producto\/llenadora-de-conos\/","og_locale":"es_ES","og_type":"article","og_title":"LLENADORA DE CONOS - The Smoker&#039;s Shop","og_description":"LLENADORA DE CONOS una herramienta \u00fatil y practica con la que podr\u00e1s rellenar asta 25 conos, de tama\u00f1o Slim o King Size, de forma f\u00e1cil y c\u00f3moda","og_url":"https:\/\/www.smokershop.es\/index.php\/producto\/llenadora-de-conos\/","og_site_name":"The Smoker&#039;s Shop","article_modified_time":"2026-04-10T00:53:27+00:00","og_image":[{"width":864,"height":1184,"url":"https:\/\/www.smokershop.es\/wp-content\/uploads\/2023\/03\/WhatsApp-Image-2025-10-21-at-08.21.15.jpeg","type":"image\/jpeg"}],"twitter_card":"summary_large_image","twitter_misc":{"Tiempo de lectura":"2 minutos"},"schema":{"@context":"https:\/\/schema.org","@graph":[{"@type":"WebPage","@id":"https:\/\/www.smokershop.es\/index.php\/producto\/llenadora-de-conos\/","url":"https:\/\/www.smokershop.es\/index.php\/producto\/llenadora-de-conos\/","name":"LLENADORA DE CONOS - The Smoker&#039;s Shop","isPartOf":{"@id":"https:\/\/www.smokershop.es\/#website"},"primaryImageOfPage":{"@id":"https:\/\/www.smokershop.es\/index.php\/producto\/llenadora-de-conos\/#primaryimage"},"image":{"@id":"https:\/\/www.smokershop.es\/index.php\/producto\/llenadora-de-conos\/#primaryimage"},"thumbnailUrl":"https:\/\/www.smokershop.es\/wp-content\/uploads\/2023\/03\/WhatsApp-Image-2025-10-21-at-08.21.15.jpeg","datePublished":"2025-10-21T18:22:51+00:00","dateModified":"2026-04-10T00:53:27+00:00","description":"LLENADORA DE CONOS una herramienta \u00fatil y practica con la que podr\u00e1s rellenar asta 25 conos, de tama\u00f1o Slim o King Size, de forma f\u00e1cil y c\u00f3moda","breadcrumb":{"@id":"https:\/\/www.smokershop.es\/index.php\/producto\/llenadora-de-conos\/#breadcrumb"},"inLanguage":"es","potentialAction":[{"@type":"ReadAction","target":["https:\/\/www.smokershop.es\/index.php\/producto\/llenadora-de-conos\/"]}]},{"@type":"ImageObject","inLanguage":"es","@id":"https:\/\/www.smokershop.es\/index.php\/producto\/llenadora-de-conos\/#primaryimage","url":"https:\/\/www.smokershop.es\/wp-content\/uploads\/2023\/03\/WhatsApp-Image-2025-10-21-at-08.21.15.jpeg","contentUrl":"https:\/\/www.smokershop.es\/wp-content\/uploads\/2023\/03\/WhatsApp-Image-2025-10-21-at-08.21.15.jpeg","width":864,"height":1184,"caption":"RELLENADORA DE CONOS"},{"@type":"BreadcrumbList","@id":"https:\/\/www.smokershop.es\/index.php\/producto\/llenadora-de-conos\/#breadcrumb","itemListElement":[{"@type":"ListItem","position":1,"name":"Portada","item":"https:\/\/www.smokershop.es\/"},{"@type":"ListItem","position":2,"name":"The Shop","item":"https:\/\/www.smokershop.es\/index.php\/shop\/"},{"@type":"ListItem","position":3,"name":"LLENADORA DE CONOS"}]},{"@type":"WebSite","@id":"https:\/\/www.smokershop.es\/#website","url":"https:\/\/www.smokershop.es\/","name":"The Smoker&#039;s Shop","description":"Todo para los fumadores","publisher":{"@id":"https:\/\/www.smokershop.es\/#organization"},"potentialAction":[{"@type":"SearchAction","target":{"@type":"EntryPoint","urlTemplate":"https:\/\/www.smokershop.es\/?s={search_term_string}"},"query-input":{"@type":"PropertyValueSpecification","valueRequired":true,"valueName":"search_term_string"}}],"inLanguage":"es"},{"@type":"Organization","@id":"https:\/\/www.smokershop.es\/#organization","name":"The Smoker&#039;s Shop","url":"https:\/\/www.smokershop.es\/","logo":{"@type":"ImageObject","inLanguage":"es","@id":"https:\/\/www.smokershop.es\/#\/schema\/logo\/image\/","url":"https:\/\/www.smokershop.es\/wp-content\/uploads\/2023\/10\/smokershop-logo.png","contentUrl":"https:\/\/www.smokershop.es\/wp-content\/uploads\/2023\/10\/smokershop-logo.png","width":1711,"height":752,"caption":"The Smoker&#039;s Shop"},"image":{"@id":"https:\/\/www.smokershop.es\/#\/schema\/logo\/image\/"},"sameAs":["https:\/\/www.instagram.com\/thesmokersshopofficial"]}]}},"_links":{"self":[{"href":"https:\/\/www.smokershop.es\/index.php\/wp-json\/wp\/v2\/product\/3410","targetHints":{"allow":["GET"]}}],"collection":[{"href":"https:\/\/www.smokershop.es\/index.php\/wp-json\/wp\/v2\/product"}],"about":[{"href":"https:\/\/www.smokershop.es\/index.php\/wp-json\/wp\/v2\/types\/product"}],"wp:featuredmedia":[{"embeddable":true,"href":"https:\/\/www.smokershop.es\/index.php\/wp-json\/wp\/v2\/media\/3407"}],"wp:attachment":[{"href":"https:\/\/www.smokershop.es\/index.php\/wp-json\/wp\/v2\/media?parent=3410"}],"wp:term":[{"taxonomy":"product_brand","embeddable":true,"href":"https:\/\/www.smokershop.es\/index.php\/wp-json\/wp\/v2\/product_brand?post=3410"},{"taxonomy":"product_cat","embeddable":true,"href":"https:\/\/www.smokershop.es\/index.php\/wp-json\/wp\/v2\/product_cat?post=3410"},{"taxonomy":"product_tag","embeddable":true,"href":"https:\/\/www.smokershop.es\/index.php\/wp-json\/wp\/v2\/product_tag?post=3410"}],"curies":[{"name":"wp","href":"https:\/\/api.w.org\/{rel}","templated":true}]}}