{"id":3412,"date":"2022-10-21T20:30:10","date_gmt":"2022-10-21T18:30:10","guid":{"rendered":"https:\/\/www.smokershop.es\/?post_type=product&#038;p=3412"},"modified":"2026-01-27T12:38:10","modified_gmt":"2026-01-27T11:38:10","slug":"raw-parchment-100-hojas-8x8cm","status":"publish","type":"product","link":"https:\/\/www.smokershop.es\/index.php\/producto\/raw-parchment-100-hojas-8x8cm\/","title":{"rendered":"RAW PARCHMENT 100 HOJAS 8x8cm"},"content":{"rendered":"<p>RAW PARCHMENT 100 HOJAS 8x8cm<\/p>\n<p data-start=\"218\" data-end=\"601\">Protege lo que fumas con estilo y seguridad. Las hojas de Raw Parchment son la soluci\u00f3n ideal para manipular, almacenar o prensar tus extractos sin preocuparte por residuos no deseados. Fabricadas sin blanqueadores ni productos qu\u00edmicos, estas hojas antiadherentes est\u00e1n dise\u00f1adas especialmente para los fumadores m\u00e1s exigentes que valoran la pureza de sus concentrados.<\/p>\n<p data-start=\"850\" data-end=\"986\">\u00a0100% natural, libre de t\u00f3xicos y respetuoso con tus h\u00e1bitos. Porque cuando se trata de tus extracciones, solo lo mejor es suficiente.<\/p>\n","protected":false},"excerpt":{"rendered":"<ul>\n<li data-start=\"218\" data-end=\"601\">100 hojas pre-cortadas de 8&#215;8 cm<\/li>\n<li data-start=\"218\" data-end=\"601\">Papel parchment sin aditivos ni siliconas<\/li>\n<li data-start=\"729\" data-end=\"776\">\u00a0Antiadherente, resistente al calor moderado, ideal para extracciones, dabs y m\u00e1s<\/li>\n<li data-start=\"821\" data-end=\"848\">Producto original de RAW\u00ae<\/li>\n<\/ul>\n","protected":false},"featured_media":3483,"template":"","meta":{"_joinchat":[]},"product_brand":[],"product_cat":[54],"product_tag":[],"class_list":{"0":"post-3412","1":"product","2":"type-product","3":"status-publish","4":"has-post-thumbnail","6":"product_cat-pipas-bangers-herramientas","8":"first","9":"instock","10":"taxable","11":"shipping-taxable","12":"purchasable","13":"product-type-simple"},"yoast_head":"<!-- This site is optimized with the Yoast SEO plugin v27.4 - https:\/\/yoast.com\/product\/yoast-seo-wordpress\/ -->\n<title>RAW PARCHMENT 100 HOJAS 8x8cm - The Smoker&#039;s Shop<\/title>\n<meta name=\"description\" content=\"RAW PARCHMENT 100 HOJAS 8x8cm hojas antiadherentes dise\u00f1adas para manipular, almacenar o prensar tus extractos sin preocuparte por residuos no deseados.\" \/>\n<meta name=\"robots\" content=\"index, follow, max-snippet:-1, max-image-preview:large, max-video-preview:-1\" \/>\n<link rel=\"canonical\" href=\"https:\/\/www.smokershop.es\/index.php\/producto\/raw-parchment-100-hojas-8x8cm\/\" \/>\n<meta property=\"og:locale\" content=\"es_ES\" \/>\n<meta property=\"og:type\" content=\"article\" \/>\n<meta property=\"og:title\" content=\"RAW PARCHMENT 100 HOJAS 8x8cm - The Smoker&#039;s Shop\" \/>\n<meta property=\"og:description\" content=\"RAW PARCHMENT 100 HOJAS 8x8cm hojas antiadherentes dise\u00f1adas para manipular, almacenar o prensar tus extractos sin preocuparte por residuos no deseados.\" \/>\n<meta property=\"og:url\" content=\"https:\/\/www.smokershop.es\/index.php\/producto\/raw-parchment-100-hojas-8x8cm\/\" \/>\n<meta property=\"og:site_name\" content=\"The Smoker&#039;s Shop\" \/>\n<meta property=\"article:modified_time\" content=\"2026-01-27T11:38:10+00:00\" \/>\n<meta property=\"og:image\" content=\"https:\/\/www.smokershop.es\/wp-content\/uploads\/2022\/10\/RAW-PARCHMENT.jpg\" \/>\n\t<meta property=\"og:image:width\" content=\"1350\" \/>\n\t<meta property=\"og:image:height\" content=\"1350\" \/>\n\t<meta property=\"og:image:type\" content=\"image\/jpeg\" \/>\n<meta name=\"twitter:card\" content=\"summary_large_image\" \/>\n<meta name=\"twitter:label1\" content=\"Tiempo de lectura\" \/>\n\t<meta name=\"twitter:data1\" content=\"1 minuto\" \/>\n<script type=\"application\/ld+json\" class=\"yoast-schema-graph\">{\"@context\":\"https:\\\/\\\/schema.org\",\"@graph\":[{\"@type\":\"WebPage\",\"@id\":\"https:\\\/\\\/www.smokershop.es\\\/index.php\\\/producto\\\/raw-parchment-100-hojas-8x8cm\\\/\",\"url\":\"https:\\\/\\\/www.smokershop.es\\\/index.php\\\/producto\\\/raw-parchment-100-hojas-8x8cm\\\/\",\"name\":\"RAW PARCHMENT 100 HOJAS 8x8cm - The Smoker&#039;s Shop\",\"isPartOf\":{\"@id\":\"https:\\\/\\\/www.smokershop.es\\\/#website\"},\"primaryImageOfPage\":{\"@id\":\"https:\\\/\\\/www.smokershop.es\\\/index.php\\\/producto\\\/raw-parchment-100-hojas-8x8cm\\\/#primaryimage\"},\"image\":{\"@id\":\"https:\\\/\\\/www.smokershop.es\\\/index.php\\\/producto\\\/raw-parchment-100-hojas-8x8cm\\\/#primaryimage\"},\"thumbnailUrl\":\"https:\\\/\\\/www.smokershop.es\\\/wp-content\\\/uploads\\\/2022\\\/10\\\/RAW-PARCHMENT.jpg\",\"datePublished\":\"2022-10-21T18:30:10+00:00\",\"dateModified\":\"2026-01-27T11:38:10+00:00\",\"description\":\"RAW PARCHMENT 100 HOJAS 8x8cm hojas antiadherentes dise\u00f1adas para manipular, almacenar o prensar tus extractos sin preocuparte por residuos no deseados.\",\"breadcrumb\":{\"@id\":\"https:\\\/\\\/www.smokershop.es\\\/index.php\\\/producto\\\/raw-parchment-100-hojas-8x8cm\\\/#breadcrumb\"},\"inLanguage\":\"es\",\"potentialAction\":[{\"@type\":\"ReadAction\",\"target\":[\"https:\\\/\\\/www.smokershop.es\\\/index.php\\\/producto\\\/raw-parchment-100-hojas-8x8cm\\\/\"]}]},{\"@type\":\"ImageObject\",\"inLanguage\":\"es\",\"@id\":\"https:\\\/\\\/www.smokershop.es\\\/index.php\\\/producto\\\/raw-parchment-100-hojas-8x8cm\\\/#primaryimage\",\"url\":\"https:\\\/\\\/www.smokershop.es\\\/wp-content\\\/uploads\\\/2022\\\/10\\\/RAW-PARCHMENT.jpg\",\"contentUrl\":\"https:\\\/\\\/www.smokershop.es\\\/wp-content\\\/uploads\\\/2022\\\/10\\\/RAW-PARCHMENT.jpg\",\"width\":1350,\"height\":1350,\"caption\":\"RAW PARCHMENT X100\"},{\"@type\":\"BreadcrumbList\",\"@id\":\"https:\\\/\\\/www.smokershop.es\\\/index.php\\\/producto\\\/raw-parchment-100-hojas-8x8cm\\\/#breadcrumb\",\"itemListElement\":[{\"@type\":\"ListItem\",\"position\":1,\"name\":\"Portada\",\"item\":\"https:\\\/\\\/www.smokershop.es\\\/\"},{\"@type\":\"ListItem\",\"position\":2,\"name\":\"The Shop\",\"item\":\"https:\\\/\\\/www.smokershop.es\\\/index.php\\\/shop\\\/\"},{\"@type\":\"ListItem\",\"position\":3,\"name\":\"RAW PARCHMENT 100 HOJAS 8x8cm\"}]},{\"@type\":\"WebSite\",\"@id\":\"https:\\\/\\\/www.smokershop.es\\\/#website\",\"url\":\"https:\\\/\\\/www.smokershop.es\\\/\",\"name\":\"The Smoker&#039;s Shop\",\"description\":\"Todo para los fumadores\",\"publisher\":{\"@id\":\"https:\\\/\\\/www.smokershop.es\\\/#organization\"},\"potentialAction\":[{\"@type\":\"SearchAction\",\"target\":{\"@type\":\"EntryPoint\",\"urlTemplate\":\"https:\\\/\\\/www.smokershop.es\\\/?s={search_term_string}\"},\"query-input\":{\"@type\":\"PropertyValueSpecification\",\"valueRequired\":true,\"valueName\":\"search_term_string\"}}],\"inLanguage\":\"es\"},{\"@type\":\"Organization\",\"@id\":\"https:\\\/\\\/www.smokershop.es\\\/#organization\",\"name\":\"The Smoker&#039;s Shop\",\"url\":\"https:\\\/\\\/www.smokershop.es\\\/\",\"logo\":{\"@type\":\"ImageObject\",\"inLanguage\":\"es\",\"@id\":\"https:\\\/\\\/www.smokershop.es\\\/#\\\/schema\\\/logo\\\/image\\\/\",\"url\":\"https:\\\/\\\/www.smokershop.es\\\/wp-content\\\/uploads\\\/2023\\\/10\\\/smokershop-logo.png\",\"contentUrl\":\"https:\\\/\\\/www.smokershop.es\\\/wp-content\\\/uploads\\\/2023\\\/10\\\/smokershop-logo.png\",\"width\":1711,\"height\":752,\"caption\":\"The Smoker&#039;s Shop\"},\"image\":{\"@id\":\"https:\\\/\\\/www.smokershop.es\\\/#\\\/schema\\\/logo\\\/image\\\/\"},\"sameAs\":[\"https:\\\/\\\/www.instagram.com\\\/thesmokersshopofficial\"]}]}<\/script>\n<!-- \/ Yoast SEO plugin. -->","yoast_head_json":{"title":"RAW PARCHMENT 100 HOJAS 8x8cm - The Smoker&#039;s Shop","description":"RAW PARCHMENT 100 HOJAS 8x8cm hojas antiadherentes dise\u00f1adas para manipular, almacenar o prensar tus extractos sin preocuparte por residuos no deseados.","robots":{"index":"index","follow":"follow","max-snippet":"max-snippet:-1","max-image-preview":"max-image-preview:large","max-video-preview":"max-video-preview:-1"},"canonical":"https:\/\/www.smokershop.es\/index.php\/producto\/raw-parchment-100-hojas-8x8cm\/","og_locale":"es_ES","og_type":"article","og_title":"RAW PARCHMENT 100 HOJAS 8x8cm - The Smoker&#039;s Shop","og_description":"RAW PARCHMENT 100 HOJAS 8x8cm hojas antiadherentes dise\u00f1adas para manipular, almacenar o prensar tus extractos sin preocuparte por residuos no deseados.","og_url":"https:\/\/www.smokershop.es\/index.php\/producto\/raw-parchment-100-hojas-8x8cm\/","og_site_name":"The Smoker&#039;s Shop","article_modified_time":"2026-01-27T11:38:10+00:00","og_image":[{"width":1350,"height":1350,"url":"https:\/\/www.smokershop.es\/wp-content\/uploads\/2022\/10\/RAW-PARCHMENT.jpg","type":"image\/jpeg"}],"twitter_card":"summary_large_image","twitter_misc":{"Tiempo de lectura":"1 minuto"},"schema":{"@context":"https:\/\/schema.org","@graph":[{"@type":"WebPage","@id":"https:\/\/www.smokershop.es\/index.php\/producto\/raw-parchment-100-hojas-8x8cm\/","url":"https:\/\/www.smokershop.es\/index.php\/producto\/raw-parchment-100-hojas-8x8cm\/","name":"RAW PARCHMENT 100 HOJAS 8x8cm - The Smoker&#039;s Shop","isPartOf":{"@id":"https:\/\/www.smokershop.es\/#website"},"primaryImageOfPage":{"@id":"https:\/\/www.smokershop.es\/index.php\/producto\/raw-parchment-100-hojas-8x8cm\/#primaryimage"},"image":{"@id":"https:\/\/www.smokershop.es\/index.php\/producto\/raw-parchment-100-hojas-8x8cm\/#primaryimage"},"thumbnailUrl":"https:\/\/www.smokershop.es\/wp-content\/uploads\/2022\/10\/RAW-PARCHMENT.jpg","datePublished":"2022-10-21T18:30:10+00:00","dateModified":"2026-01-27T11:38:10+00:00","description":"RAW PARCHMENT 100 HOJAS 8x8cm hojas antiadherentes dise\u00f1adas para manipular, almacenar o prensar tus extractos sin preocuparte por residuos no deseados.","breadcrumb":{"@id":"https:\/\/www.smokershop.es\/index.php\/producto\/raw-parchment-100-hojas-8x8cm\/#breadcrumb"},"inLanguage":"es","potentialAction":[{"@type":"ReadAction","target":["https:\/\/www.smokershop.es\/index.php\/producto\/raw-parchment-100-hojas-8x8cm\/"]}]},{"@type":"ImageObject","inLanguage":"es","@id":"https:\/\/www.smokershop.es\/index.php\/producto\/raw-parchment-100-hojas-8x8cm\/#primaryimage","url":"https:\/\/www.smokershop.es\/wp-content\/uploads\/2022\/10\/RAW-PARCHMENT.jpg","contentUrl":"https:\/\/www.smokershop.es\/wp-content\/uploads\/2022\/10\/RAW-PARCHMENT.jpg","width":1350,"height":1350,"caption":"RAW PARCHMENT X100"},{"@type":"BreadcrumbList","@id":"https:\/\/www.smokershop.es\/index.php\/producto\/raw-parchment-100-hojas-8x8cm\/#breadcrumb","itemListElement":[{"@type":"ListItem","position":1,"name":"Portada","item":"https:\/\/www.smokershop.es\/"},{"@type":"ListItem","position":2,"name":"The Shop","item":"https:\/\/www.smokershop.es\/index.php\/shop\/"},{"@type":"ListItem","position":3,"name":"RAW PARCHMENT 100 HOJAS 8x8cm"}]},{"@type":"WebSite","@id":"https:\/\/www.smokershop.es\/#website","url":"https:\/\/www.smokershop.es\/","name":"The Smoker&#039;s Shop","description":"Todo para los fumadores","publisher":{"@id":"https:\/\/www.smokershop.es\/#organization"},"potentialAction":[{"@type":"SearchAction","target":{"@type":"EntryPoint","urlTemplate":"https:\/\/www.smokershop.es\/?s={search_term_string}"},"query-input":{"@type":"PropertyValueSpecification","valueRequired":true,"valueName":"search_term_string"}}],"inLanguage":"es"},{"@type":"Organization","@id":"https:\/\/www.smokershop.es\/#organization","name":"The Smoker&#039;s Shop","url":"https:\/\/www.smokershop.es\/","logo":{"@type":"ImageObject","inLanguage":"es","@id":"https:\/\/www.smokershop.es\/#\/schema\/logo\/image\/","url":"https:\/\/www.smokershop.es\/wp-content\/uploads\/2023\/10\/smokershop-logo.png","contentUrl":"https:\/\/www.smokershop.es\/wp-content\/uploads\/2023\/10\/smokershop-logo.png","width":1711,"height":752,"caption":"The Smoker&#039;s Shop"},"image":{"@id":"https:\/\/www.smokershop.es\/#\/schema\/logo\/image\/"},"sameAs":["https:\/\/www.instagram.com\/thesmokersshopofficial"]}]}},"_links":{"self":[{"href":"https:\/\/www.smokershop.es\/index.php\/wp-json\/wp\/v2\/product\/3412","targetHints":{"allow":["GET"]}}],"collection":[{"href":"https:\/\/www.smokershop.es\/index.php\/wp-json\/wp\/v2\/product"}],"about":[{"href":"https:\/\/www.smokershop.es\/index.php\/wp-json\/wp\/v2\/types\/product"}],"wp:featuredmedia":[{"embeddable":true,"href":"https:\/\/www.smokershop.es\/index.php\/wp-json\/wp\/v2\/media\/3483"}],"wp:attachment":[{"href":"https:\/\/www.smokershop.es\/index.php\/wp-json\/wp\/v2\/media?parent=3412"}],"wp:term":[{"taxonomy":"product_brand","embeddable":true,"href":"https:\/\/www.smokershop.es\/index.php\/wp-json\/wp\/v2\/product_brand?post=3412"},{"taxonomy":"product_cat","embeddable":true,"href":"https:\/\/www.smokershop.es\/index.php\/wp-json\/wp\/v2\/product_cat?post=3412"},{"taxonomy":"product_tag","embeddable":true,"href":"https:\/\/www.smokershop.es\/index.php\/wp-json\/wp\/v2\/product_tag?post=3412"}],"curies":[{"name":"wp","href":"https:\/\/api.w.org\/{rel}","templated":true}]}}