{"id":3505,"date":"2025-11-04T20:13:27","date_gmt":"2025-11-04T19:13:27","guid":{"rendered":"https:\/\/www.smokershop.es\/?post_type=product&#038;p=3505"},"modified":"2026-03-02T20:52:14","modified_gmt":"2026-03-02T19:52:14","slug":"monkey-regular-brown","status":"publish","type":"product","link":"https:\/\/www.smokershop.es\/index.php\/producto\/monkey-regular-brown\/","title":{"rendered":"MONKEY REGULAR BROWN"},"content":{"rendered":"<p>MONKEY REGULAR BROWN<\/p>\n<p data-start=\"234\" data-end=\"531\">Descubre la experiencia aut\u00e9ntica con MONKEY REGULAR BROWN, el papel de liar ideal para quienes buscan calidad, naturalidad y una combusti\u00f3n perfecta. Fabricado con fibras vegetales sin blanquear, su color marr\u00f3n natural demuestra que no contiene aditivos qu\u00edmicos ni procesos de blanqueo.<\/p>\n<p data-start=\"234\" data-end=\"531\">Librillo de papel de 68 mm X 36 mm, con 60 hojas, sin blanquear 100% natural. Combusti\u00f3n lenta y uniforme, perfecta para disfrutar al m\u00e1ximo cada mezcla. Ideal para quienes prefieren un sabor puro y una experiencia suave.<\/p>\n","protected":false},"excerpt":{"rendered":"<ul>\n<li>Librillo de papel marr\u00f3n de 68 mm X 36 mm, con 60 hojas por librillo.<\/li>\n<li>Papel 100% natural, sin adictivos, ni colorantes y de combusti\u00f3n lenta y uniforme.<\/li>\n<\/ul>\n<p>&nbsp;<\/p>\n<p>&nbsp;<\/p>\n<ul>\n<li>Para profesionales 50 unidades por caja.<\/li>\n<\/ul>\n","protected":false},"featured_media":3525,"template":"","meta":{"_joinchat":[]},"product_brand":[],"product_cat":[44,40],"product_tag":[],"class_list":{"0":"post-3505","1":"product","2":"type-product","3":"status-publish","4":"has-post-thumbnail","6":"product_cat-otros","7":"product_cat-papel-de-fumar","9":"first","10":"outofstock","11":"taxable","12":"shipping-taxable","13":"purchasable","14":"product-type-simple"},"yoast_head":"<!-- This site is optimized with the Yoast SEO plugin v27.2 - https:\/\/yoast.com\/product\/yoast-seo-wordpress\/ -->\n<title>MONKEY REGULAR BROWN - The Smoker&#039;s Shop<\/title>\n<meta name=\"description\" content=\"MONKEY REGULAR BROWN Librillo de papel de 68 mm X 36 mm, marr\u00f3n, 100% natural, sin colorantes ni aditivos, de combusti\u00f3n lenta con 60 hojas por librillo.\" \/>\n<meta name=\"robots\" content=\"index, follow, max-snippet:-1, max-image-preview:large, max-video-preview:-1\" \/>\n<link rel=\"canonical\" href=\"https:\/\/www.smokershop.es\/index.php\/producto\/monkey-regular-brown\/\" \/>\n<meta property=\"og:locale\" content=\"es_ES\" \/>\n<meta property=\"og:type\" content=\"article\" \/>\n<meta property=\"og:title\" content=\"MONKEY REGULAR BROWN - The Smoker&#039;s Shop\" \/>\n<meta property=\"og:description\" content=\"MONKEY REGULAR BROWN Librillo de papel de 68 mm X 36 mm, marr\u00f3n, 100% natural, sin colorantes ni aditivos, de combusti\u00f3n lenta con 60 hojas por librillo.\" \/>\n<meta property=\"og:url\" content=\"https:\/\/www.smokershop.es\/index.php\/producto\/monkey-regular-brown\/\" \/>\n<meta property=\"og:site_name\" content=\"The Smoker&#039;s Shop\" \/>\n<meta property=\"article:modified_time\" content=\"2026-03-02T19:52:14+00:00\" \/>\n<meta property=\"og:image\" content=\"https:\/\/www.smokershop.es\/wp-content\/uploads\/2025\/11\/BROWN.jpg\" \/>\n\t<meta property=\"og:image:width\" content=\"1350\" \/>\n\t<meta property=\"og:image:height\" content=\"1350\" \/>\n\t<meta property=\"og:image:type\" content=\"image\/jpeg\" \/>\n<meta name=\"twitter:card\" content=\"summary_large_image\" \/>\n<meta name=\"twitter:label1\" content=\"Tiempo de lectura\" \/>\n\t<meta name=\"twitter:data1\" content=\"1 minuto\" \/>\n<script type=\"application\/ld+json\" class=\"yoast-schema-graph\">{\"@context\":\"https:\/\/schema.org\",\"@graph\":[{\"@type\":\"WebPage\",\"@id\":\"https:\/\/www.smokershop.es\/index.php\/producto\/monkey-regular-brown\/\",\"url\":\"https:\/\/www.smokershop.es\/index.php\/producto\/monkey-regular-brown\/\",\"name\":\"MONKEY REGULAR BROWN - The Smoker&#039;s Shop\",\"isPartOf\":{\"@id\":\"https:\/\/www.smokershop.es\/#website\"},\"primaryImageOfPage\":{\"@id\":\"https:\/\/www.smokershop.es\/index.php\/producto\/monkey-regular-brown\/#primaryimage\"},\"image\":{\"@id\":\"https:\/\/www.smokershop.es\/index.php\/producto\/monkey-regular-brown\/#primaryimage\"},\"thumbnailUrl\":\"https:\/\/www.smokershop.es\/wp-content\/uploads\/2025\/11\/BROWN.jpg\",\"datePublished\":\"2025-11-04T19:13:27+00:00\",\"dateModified\":\"2026-03-02T19:52:14+00:00\",\"description\":\"MONKEY REGULAR BROWN Librillo de papel de 68 mm X 36 mm, marr\u00f3n, 100% natural, sin colorantes ni aditivos, de combusti\u00f3n lenta con 60 hojas por librillo.\",\"breadcrumb\":{\"@id\":\"https:\/\/www.smokershop.es\/index.php\/producto\/monkey-regular-brown\/#breadcrumb\"},\"inLanguage\":\"es\",\"potentialAction\":[{\"@type\":\"ReadAction\",\"target\":[\"https:\/\/www.smokershop.es\/index.php\/producto\/monkey-regular-brown\/\"]}]},{\"@type\":\"ImageObject\",\"inLanguage\":\"es\",\"@id\":\"https:\/\/www.smokershop.es\/index.php\/producto\/monkey-regular-brown\/#primaryimage\",\"url\":\"https:\/\/www.smokershop.es\/wp-content\/uploads\/2025\/11\/BROWN.jpg\",\"contentUrl\":\"https:\/\/www.smokershop.es\/wp-content\/uploads\/2025\/11\/BROWN.jpg\",\"width\":1350,\"height\":1350,\"caption\":\"MONKEY REGULAR BROWN\"},{\"@type\":\"BreadcrumbList\",\"@id\":\"https:\/\/www.smokershop.es\/index.php\/producto\/monkey-regular-brown\/#breadcrumb\",\"itemListElement\":[{\"@type\":\"ListItem\",\"position\":1,\"name\":\"Portada\",\"item\":\"https:\/\/www.smokershop.es\/\"},{\"@type\":\"ListItem\",\"position\":2,\"name\":\"The Shop\",\"item\":\"https:\/\/www.smokershop.es\/index.php\/shop\/\"},{\"@type\":\"ListItem\",\"position\":3,\"name\":\"MONKEY REGULAR BROWN\"}]},{\"@type\":\"WebSite\",\"@id\":\"https:\/\/www.smokershop.es\/#website\",\"url\":\"https:\/\/www.smokershop.es\/\",\"name\":\"The Smoker&#039;s Shop\",\"description\":\"Todo para los fumadores\",\"publisher\":{\"@id\":\"https:\/\/www.smokershop.es\/#organization\"},\"potentialAction\":[{\"@type\":\"SearchAction\",\"target\":{\"@type\":\"EntryPoint\",\"urlTemplate\":\"https:\/\/www.smokershop.es\/?s={search_term_string}\"},\"query-input\":{\"@type\":\"PropertyValueSpecification\",\"valueRequired\":true,\"valueName\":\"search_term_string\"}}],\"inLanguage\":\"es\"},{\"@type\":\"Organization\",\"@id\":\"https:\/\/www.smokershop.es\/#organization\",\"name\":\"The Smoker&#039;s Shop\",\"url\":\"https:\/\/www.smokershop.es\/\",\"logo\":{\"@type\":\"ImageObject\",\"inLanguage\":\"es\",\"@id\":\"https:\/\/www.smokershop.es\/#\/schema\/logo\/image\/\",\"url\":\"https:\/\/www.smokershop.es\/wp-content\/uploads\/2023\/10\/smokershop-logo.png\",\"contentUrl\":\"https:\/\/www.smokershop.es\/wp-content\/uploads\/2023\/10\/smokershop-logo.png\",\"width\":1711,\"height\":752,\"caption\":\"The Smoker&#039;s Shop\"},\"image\":{\"@id\":\"https:\/\/www.smokershop.es\/#\/schema\/logo\/image\/\"},\"sameAs\":[\"https:\/\/www.instagram.com\/thesmokersshopofficial\"]}]}<\/script>\n<!-- \/ Yoast SEO plugin. -->","yoast_head_json":{"title":"MONKEY REGULAR BROWN - The Smoker&#039;s Shop","description":"MONKEY REGULAR BROWN Librillo de papel de 68 mm X 36 mm, marr\u00f3n, 100% natural, sin colorantes ni aditivos, de combusti\u00f3n lenta con 60 hojas por librillo.","robots":{"index":"index","follow":"follow","max-snippet":"max-snippet:-1","max-image-preview":"max-image-preview:large","max-video-preview":"max-video-preview:-1"},"canonical":"https:\/\/www.smokershop.es\/index.php\/producto\/monkey-regular-brown\/","og_locale":"es_ES","og_type":"article","og_title":"MONKEY REGULAR BROWN - The Smoker&#039;s Shop","og_description":"MONKEY REGULAR BROWN Librillo de papel de 68 mm X 36 mm, marr\u00f3n, 100% natural, sin colorantes ni aditivos, de combusti\u00f3n lenta con 60 hojas por librillo.","og_url":"https:\/\/www.smokershop.es\/index.php\/producto\/monkey-regular-brown\/","og_site_name":"The Smoker&#039;s Shop","article_modified_time":"2026-03-02T19:52:14+00:00","og_image":[{"width":1350,"height":1350,"url":"https:\/\/www.smokershop.es\/wp-content\/uploads\/2025\/11\/BROWN.jpg","type":"image\/jpeg"}],"twitter_card":"summary_large_image","twitter_misc":{"Tiempo de lectura":"1 minuto"},"schema":{"@context":"https:\/\/schema.org","@graph":[{"@type":"WebPage","@id":"https:\/\/www.smokershop.es\/index.php\/producto\/monkey-regular-brown\/","url":"https:\/\/www.smokershop.es\/index.php\/producto\/monkey-regular-brown\/","name":"MONKEY REGULAR BROWN - The Smoker&#039;s Shop","isPartOf":{"@id":"https:\/\/www.smokershop.es\/#website"},"primaryImageOfPage":{"@id":"https:\/\/www.smokershop.es\/index.php\/producto\/monkey-regular-brown\/#primaryimage"},"image":{"@id":"https:\/\/www.smokershop.es\/index.php\/producto\/monkey-regular-brown\/#primaryimage"},"thumbnailUrl":"https:\/\/www.smokershop.es\/wp-content\/uploads\/2025\/11\/BROWN.jpg","datePublished":"2025-11-04T19:13:27+00:00","dateModified":"2026-03-02T19:52:14+00:00","description":"MONKEY REGULAR BROWN Librillo de papel de 68 mm X 36 mm, marr\u00f3n, 100% natural, sin colorantes ni aditivos, de combusti\u00f3n lenta con 60 hojas por librillo.","breadcrumb":{"@id":"https:\/\/www.smokershop.es\/index.php\/producto\/monkey-regular-brown\/#breadcrumb"},"inLanguage":"es","potentialAction":[{"@type":"ReadAction","target":["https:\/\/www.smokershop.es\/index.php\/producto\/monkey-regular-brown\/"]}]},{"@type":"ImageObject","inLanguage":"es","@id":"https:\/\/www.smokershop.es\/index.php\/producto\/monkey-regular-brown\/#primaryimage","url":"https:\/\/www.smokershop.es\/wp-content\/uploads\/2025\/11\/BROWN.jpg","contentUrl":"https:\/\/www.smokershop.es\/wp-content\/uploads\/2025\/11\/BROWN.jpg","width":1350,"height":1350,"caption":"MONKEY REGULAR BROWN"},{"@type":"BreadcrumbList","@id":"https:\/\/www.smokershop.es\/index.php\/producto\/monkey-regular-brown\/#breadcrumb","itemListElement":[{"@type":"ListItem","position":1,"name":"Portada","item":"https:\/\/www.smokershop.es\/"},{"@type":"ListItem","position":2,"name":"The Shop","item":"https:\/\/www.smokershop.es\/index.php\/shop\/"},{"@type":"ListItem","position":3,"name":"MONKEY REGULAR BROWN"}]},{"@type":"WebSite","@id":"https:\/\/www.smokershop.es\/#website","url":"https:\/\/www.smokershop.es\/","name":"The Smoker&#039;s Shop","description":"Todo para los fumadores","publisher":{"@id":"https:\/\/www.smokershop.es\/#organization"},"potentialAction":[{"@type":"SearchAction","target":{"@type":"EntryPoint","urlTemplate":"https:\/\/www.smokershop.es\/?s={search_term_string}"},"query-input":{"@type":"PropertyValueSpecification","valueRequired":true,"valueName":"search_term_string"}}],"inLanguage":"es"},{"@type":"Organization","@id":"https:\/\/www.smokershop.es\/#organization","name":"The Smoker&#039;s Shop","url":"https:\/\/www.smokershop.es\/","logo":{"@type":"ImageObject","inLanguage":"es","@id":"https:\/\/www.smokershop.es\/#\/schema\/logo\/image\/","url":"https:\/\/www.smokershop.es\/wp-content\/uploads\/2023\/10\/smokershop-logo.png","contentUrl":"https:\/\/www.smokershop.es\/wp-content\/uploads\/2023\/10\/smokershop-logo.png","width":1711,"height":752,"caption":"The Smoker&#039;s Shop"},"image":{"@id":"https:\/\/www.smokershop.es\/#\/schema\/logo\/image\/"},"sameAs":["https:\/\/www.instagram.com\/thesmokersshopofficial"]}]}},"_links":{"self":[{"href":"https:\/\/www.smokershop.es\/index.php\/wp-json\/wp\/v2\/product\/3505","targetHints":{"allow":["GET"]}}],"collection":[{"href":"https:\/\/www.smokershop.es\/index.php\/wp-json\/wp\/v2\/product"}],"about":[{"href":"https:\/\/www.smokershop.es\/index.php\/wp-json\/wp\/v2\/types\/product"}],"wp:featuredmedia":[{"embeddable":true,"href":"https:\/\/www.smokershop.es\/index.php\/wp-json\/wp\/v2\/media\/3525"}],"wp:attachment":[{"href":"https:\/\/www.smokershop.es\/index.php\/wp-json\/wp\/v2\/media?parent=3505"}],"wp:term":[{"taxonomy":"product_brand","embeddable":true,"href":"https:\/\/www.smokershop.es\/index.php\/wp-json\/wp\/v2\/product_brand?post=3505"},{"taxonomy":"product_cat","embeddable":true,"href":"https:\/\/www.smokershop.es\/index.php\/wp-json\/wp\/v2\/product_cat?post=3505"},{"taxonomy":"product_tag","embeddable":true,"href":"https:\/\/www.smokershop.es\/index.php\/wp-json\/wp\/v2\/product_tag?post=3505"}],"curies":[{"name":"wp","href":"https:\/\/api.w.org\/{rel}","templated":true}]}}