{"id":3515,"date":"2025-11-10T14:27:57","date_gmt":"2025-11-10T13:27:57","guid":{"rendered":"https:\/\/www.smokershop.es\/?post_type=product&#038;p=3515"},"modified":"2026-04-15T20:05:41","modified_gmt":"2026-04-15T18:05:41","slug":"bong-bho-pyxis-18cm","status":"publish","type":"product","link":"https:\/\/www.smokershop.es\/index.php\/producto\/bong-bho-pyxis-18cm\/","title":{"rendered":"BONG BHO PYXIS 18CM"},"content":{"rendered":"<p>BONG BHO PYXIS 18CM<\/p>\n<p data-start=\"221\" data-end=\"435\">El BHO PYXIS 18CM es el bong ideal para quienes buscan potencia, estilo y practicidad en un solo dispositivo. Su tama\u00f1o compacto lo hace perfecto para el uso diario, sin sacrificar calidad ni rendimiento.<\/p>\n<p data-start=\"437\" data-end=\"762\">Fabricado en vidrio borosilicato de alta resistencia, el PYXIS garantiza una fumada limpia, fresca y con el sabor m\u00e1s puro de tus extracciones o hierbas favoritas. Su dise\u00f1o ergon\u00f3mico facilita el agarre y la limpieza, mientras que su percolador interno mejora la filtraci\u00f3n y enfriamiento del humo para una experiencia m\u00e1s suave.<\/p>\n<p data-start=\"1142\" data-end=\"1311\">Compacto, funcional y con una est\u00e9tica impecable, es la elecci\u00f3n perfecta para quienes disfrutan de una fumada intensa, pura y con estilo.<\/p>\n<p data-start=\"1142\" data-end=\"1311\">Incluye banger de 14mm.<\/p>\n","protected":false},"excerpt":{"rendered":"<ul>\n<li>Altura: 18\u00a0cm.<\/li>\n<li>Di\u00e1metro del tubo: 65\/51 mm.<\/li>\n<li>Di\u00e1metro de la base: 75\u00a0mm.<\/li>\n<li>Tama\u00f1o de la junta: 14 mm.<\/li>\n<li>Espesor: 5 mm.<\/li>\n<li>Incluye banger de 14mm.<\/li>\n<\/ul>\n<ul>\n<li><strong>\u2b07\ufe0f PRECIOS MAYORISTA PARA PROFESIONALES \u2b07\ufe0f<\/strong><\/li>\n<\/ul>\n<p style=\"padding-left: 160px;\"><strong><a href=\"https:\/\/www.smokershop.es\/index.php\/register\/\" target=\"_blank\" rel=\"noopener\">\ud83d\udc49 REGISTRATE AQUI \ud83d\udc48<\/a><\/strong><\/p>\n","protected":false},"featured_media":3606,"template":"","meta":{"_joinchat":[]},"product_brand":[],"product_cat":[54],"product_tag":[],"class_list":{"0":"post-3515","1":"product","2":"type-product","3":"status-publish","4":"has-post-thumbnail","6":"product_cat-pipas-bangers-herramientas","8":"first","9":"instock","10":"taxable","11":"shipping-taxable","12":"purchasable","13":"product-type-simple"},"yoast_head":"<!-- This site is optimized with the Yoast SEO plugin v27.4 - https:\/\/yoast.com\/product\/yoast-seo-wordpress\/ -->\n<title>BONG BHO PYXIS 18CM - The Smoker&#039;s Shop<\/title>\n<meta name=\"description\" content=\"BONG BHO PYXIS 18CM bong de vidrio borosilicato, dise\u00f1o ergon\u00f3mico, percolador interno mejora la filtraci\u00f3n y enfriamiento del humo, compacto y moderno.\" \/>\n<meta name=\"robots\" content=\"index, follow, max-snippet:-1, max-image-preview:large, max-video-preview:-1\" \/>\n<link rel=\"canonical\" href=\"https:\/\/www.smokershop.es\/index.php\/producto\/bong-bho-pyxis-18cm\/\" \/>\n<meta property=\"og:locale\" content=\"es_ES\" \/>\n<meta property=\"og:type\" content=\"article\" \/>\n<meta property=\"og:title\" content=\"BONG BHO PYXIS 18CM - The Smoker&#039;s Shop\" \/>\n<meta property=\"og:description\" content=\"BONG BHO PYXIS 18CM bong de vidrio borosilicato, dise\u00f1o ergon\u00f3mico, percolador interno mejora la filtraci\u00f3n y enfriamiento del humo, compacto y moderno.\" \/>\n<meta property=\"og:url\" content=\"https:\/\/www.smokershop.es\/index.php\/producto\/bong-bho-pyxis-18cm\/\" \/>\n<meta property=\"og:site_name\" content=\"The Smoker&#039;s Shop\" \/>\n<meta property=\"article:modified_time\" content=\"2026-04-15T18:05:41+00:00\" \/>\n<meta property=\"og:image\" content=\"https:\/\/www.smokershop.es\/wp-content\/uploads\/2025\/11\/WhatsApp-Image-2025-11-07-at-15.29.15-1.jpeg\" \/>\n\t<meta property=\"og:image:width\" content=\"1350\" \/>\n\t<meta property=\"og:image:height\" content=\"1350\" \/>\n\t<meta property=\"og:image:type\" content=\"image\/jpeg\" \/>\n<meta name=\"twitter:card\" content=\"summary_large_image\" \/>\n<meta name=\"twitter:label1\" content=\"Tiempo de lectura\" \/>\n\t<meta name=\"twitter:data1\" content=\"1 minuto\" \/>\n<script type=\"application\/ld+json\" class=\"yoast-schema-graph\">{\"@context\":\"https:\\\/\\\/schema.org\",\"@graph\":[{\"@type\":\"WebPage\",\"@id\":\"https:\\\/\\\/www.smokershop.es\\\/index.php\\\/producto\\\/bong-bho-pyxis-18cm\\\/\",\"url\":\"https:\\\/\\\/www.smokershop.es\\\/index.php\\\/producto\\\/bong-bho-pyxis-18cm\\\/\",\"name\":\"BONG BHO PYXIS 18CM - The Smoker&#039;s Shop\",\"isPartOf\":{\"@id\":\"https:\\\/\\\/www.smokershop.es\\\/#website\"},\"primaryImageOfPage\":{\"@id\":\"https:\\\/\\\/www.smokershop.es\\\/index.php\\\/producto\\\/bong-bho-pyxis-18cm\\\/#primaryimage\"},\"image\":{\"@id\":\"https:\\\/\\\/www.smokershop.es\\\/index.php\\\/producto\\\/bong-bho-pyxis-18cm\\\/#primaryimage\"},\"thumbnailUrl\":\"https:\\\/\\\/www.smokershop.es\\\/wp-content\\\/uploads\\\/2025\\\/11\\\/WhatsApp-Image-2025-11-07-at-15.29.15-1.jpeg\",\"datePublished\":\"2025-11-10T13:27:57+00:00\",\"dateModified\":\"2026-04-15T18:05:41+00:00\",\"description\":\"BONG BHO PYXIS 18CM bong de vidrio borosilicato, dise\u00f1o ergon\u00f3mico, percolador interno mejora la filtraci\u00f3n y enfriamiento del humo, compacto y moderno.\",\"breadcrumb\":{\"@id\":\"https:\\\/\\\/www.smokershop.es\\\/index.php\\\/producto\\\/bong-bho-pyxis-18cm\\\/#breadcrumb\"},\"inLanguage\":\"es\",\"potentialAction\":[{\"@type\":\"ReadAction\",\"target\":[\"https:\\\/\\\/www.smokershop.es\\\/index.php\\\/producto\\\/bong-bho-pyxis-18cm\\\/\"]}]},{\"@type\":\"ImageObject\",\"inLanguage\":\"es\",\"@id\":\"https:\\\/\\\/www.smokershop.es\\\/index.php\\\/producto\\\/bong-bho-pyxis-18cm\\\/#primaryimage\",\"url\":\"https:\\\/\\\/www.smokershop.es\\\/wp-content\\\/uploads\\\/2025\\\/11\\\/WhatsApp-Image-2025-11-07-at-15.29.15-1.jpeg\",\"contentUrl\":\"https:\\\/\\\/www.smokershop.es\\\/wp-content\\\/uploads\\\/2025\\\/11\\\/WhatsApp-Image-2025-11-07-at-15.29.15-1.jpeg\",\"width\":1350,\"height\":1350,\"caption\":\"BONG BHO PYXIS 18CM\"},{\"@type\":\"BreadcrumbList\",\"@id\":\"https:\\\/\\\/www.smokershop.es\\\/index.php\\\/producto\\\/bong-bho-pyxis-18cm\\\/#breadcrumb\",\"itemListElement\":[{\"@type\":\"ListItem\",\"position\":1,\"name\":\"Portada\",\"item\":\"https:\\\/\\\/www.smokershop.es\\\/\"},{\"@type\":\"ListItem\",\"position\":2,\"name\":\"The Shop\",\"item\":\"https:\\\/\\\/www.smokershop.es\\\/index.php\\\/shop\\\/\"},{\"@type\":\"ListItem\",\"position\":3,\"name\":\"BONG BHO PYXIS 18CM\"}]},{\"@type\":\"WebSite\",\"@id\":\"https:\\\/\\\/www.smokershop.es\\\/#website\",\"url\":\"https:\\\/\\\/www.smokershop.es\\\/\",\"name\":\"The Smoker&#039;s Shop\",\"description\":\"Todo para los fumadores\",\"publisher\":{\"@id\":\"https:\\\/\\\/www.smokershop.es\\\/#organization\"},\"potentialAction\":[{\"@type\":\"SearchAction\",\"target\":{\"@type\":\"EntryPoint\",\"urlTemplate\":\"https:\\\/\\\/www.smokershop.es\\\/?s={search_term_string}\"},\"query-input\":{\"@type\":\"PropertyValueSpecification\",\"valueRequired\":true,\"valueName\":\"search_term_string\"}}],\"inLanguage\":\"es\"},{\"@type\":\"Organization\",\"@id\":\"https:\\\/\\\/www.smokershop.es\\\/#organization\",\"name\":\"The Smoker&#039;s Shop\",\"url\":\"https:\\\/\\\/www.smokershop.es\\\/\",\"logo\":{\"@type\":\"ImageObject\",\"inLanguage\":\"es\",\"@id\":\"https:\\\/\\\/www.smokershop.es\\\/#\\\/schema\\\/logo\\\/image\\\/\",\"url\":\"https:\\\/\\\/www.smokershop.es\\\/wp-content\\\/uploads\\\/2023\\\/10\\\/smokershop-logo.png\",\"contentUrl\":\"https:\\\/\\\/www.smokershop.es\\\/wp-content\\\/uploads\\\/2023\\\/10\\\/smokershop-logo.png\",\"width\":1711,\"height\":752,\"caption\":\"The Smoker&#039;s Shop\"},\"image\":{\"@id\":\"https:\\\/\\\/www.smokershop.es\\\/#\\\/schema\\\/logo\\\/image\\\/\"},\"sameAs\":[\"https:\\\/\\\/www.instagram.com\\\/thesmokersshopofficial\"]}]}<\/script>\n<!-- \/ Yoast SEO plugin. -->","yoast_head_json":{"title":"BONG BHO PYXIS 18CM - The Smoker&#039;s Shop","description":"BONG BHO PYXIS 18CM bong de vidrio borosilicato, dise\u00f1o ergon\u00f3mico, percolador interno mejora la filtraci\u00f3n y enfriamiento del humo, compacto y moderno.","robots":{"index":"index","follow":"follow","max-snippet":"max-snippet:-1","max-image-preview":"max-image-preview:large","max-video-preview":"max-video-preview:-1"},"canonical":"https:\/\/www.smokershop.es\/index.php\/producto\/bong-bho-pyxis-18cm\/","og_locale":"es_ES","og_type":"article","og_title":"BONG BHO PYXIS 18CM - The Smoker&#039;s Shop","og_description":"BONG BHO PYXIS 18CM bong de vidrio borosilicato, dise\u00f1o ergon\u00f3mico, percolador interno mejora la filtraci\u00f3n y enfriamiento del humo, compacto y moderno.","og_url":"https:\/\/www.smokershop.es\/index.php\/producto\/bong-bho-pyxis-18cm\/","og_site_name":"The Smoker&#039;s Shop","article_modified_time":"2026-04-15T18:05:41+00:00","og_image":[{"width":1350,"height":1350,"url":"https:\/\/www.smokershop.es\/wp-content\/uploads\/2025\/11\/WhatsApp-Image-2025-11-07-at-15.29.15-1.jpeg","type":"image\/jpeg"}],"twitter_card":"summary_large_image","twitter_misc":{"Tiempo de lectura":"1 minuto"},"schema":{"@context":"https:\/\/schema.org","@graph":[{"@type":"WebPage","@id":"https:\/\/www.smokershop.es\/index.php\/producto\/bong-bho-pyxis-18cm\/","url":"https:\/\/www.smokershop.es\/index.php\/producto\/bong-bho-pyxis-18cm\/","name":"BONG BHO PYXIS 18CM - The Smoker&#039;s Shop","isPartOf":{"@id":"https:\/\/www.smokershop.es\/#website"},"primaryImageOfPage":{"@id":"https:\/\/www.smokershop.es\/index.php\/producto\/bong-bho-pyxis-18cm\/#primaryimage"},"image":{"@id":"https:\/\/www.smokershop.es\/index.php\/producto\/bong-bho-pyxis-18cm\/#primaryimage"},"thumbnailUrl":"https:\/\/www.smokershop.es\/wp-content\/uploads\/2025\/11\/WhatsApp-Image-2025-11-07-at-15.29.15-1.jpeg","datePublished":"2025-11-10T13:27:57+00:00","dateModified":"2026-04-15T18:05:41+00:00","description":"BONG BHO PYXIS 18CM bong de vidrio borosilicato, dise\u00f1o ergon\u00f3mico, percolador interno mejora la filtraci\u00f3n y enfriamiento del humo, compacto y moderno.","breadcrumb":{"@id":"https:\/\/www.smokershop.es\/index.php\/producto\/bong-bho-pyxis-18cm\/#breadcrumb"},"inLanguage":"es","potentialAction":[{"@type":"ReadAction","target":["https:\/\/www.smokershop.es\/index.php\/producto\/bong-bho-pyxis-18cm\/"]}]},{"@type":"ImageObject","inLanguage":"es","@id":"https:\/\/www.smokershop.es\/index.php\/producto\/bong-bho-pyxis-18cm\/#primaryimage","url":"https:\/\/www.smokershop.es\/wp-content\/uploads\/2025\/11\/WhatsApp-Image-2025-11-07-at-15.29.15-1.jpeg","contentUrl":"https:\/\/www.smokershop.es\/wp-content\/uploads\/2025\/11\/WhatsApp-Image-2025-11-07-at-15.29.15-1.jpeg","width":1350,"height":1350,"caption":"BONG BHO PYXIS 18CM"},{"@type":"BreadcrumbList","@id":"https:\/\/www.smokershop.es\/index.php\/producto\/bong-bho-pyxis-18cm\/#breadcrumb","itemListElement":[{"@type":"ListItem","position":1,"name":"Portada","item":"https:\/\/www.smokershop.es\/"},{"@type":"ListItem","position":2,"name":"The Shop","item":"https:\/\/www.smokershop.es\/index.php\/shop\/"},{"@type":"ListItem","position":3,"name":"BONG BHO PYXIS 18CM"}]},{"@type":"WebSite","@id":"https:\/\/www.smokershop.es\/#website","url":"https:\/\/www.smokershop.es\/","name":"The Smoker&#039;s Shop","description":"Todo para los fumadores","publisher":{"@id":"https:\/\/www.smokershop.es\/#organization"},"potentialAction":[{"@type":"SearchAction","target":{"@type":"EntryPoint","urlTemplate":"https:\/\/www.smokershop.es\/?s={search_term_string}"},"query-input":{"@type":"PropertyValueSpecification","valueRequired":true,"valueName":"search_term_string"}}],"inLanguage":"es"},{"@type":"Organization","@id":"https:\/\/www.smokershop.es\/#organization","name":"The Smoker&#039;s Shop","url":"https:\/\/www.smokershop.es\/","logo":{"@type":"ImageObject","inLanguage":"es","@id":"https:\/\/www.smokershop.es\/#\/schema\/logo\/image\/","url":"https:\/\/www.smokershop.es\/wp-content\/uploads\/2023\/10\/smokershop-logo.png","contentUrl":"https:\/\/www.smokershop.es\/wp-content\/uploads\/2023\/10\/smokershop-logo.png","width":1711,"height":752,"caption":"The Smoker&#039;s Shop"},"image":{"@id":"https:\/\/www.smokershop.es\/#\/schema\/logo\/image\/"},"sameAs":["https:\/\/www.instagram.com\/thesmokersshopofficial"]}]}},"_links":{"self":[{"href":"https:\/\/www.smokershop.es\/index.php\/wp-json\/wp\/v2\/product\/3515","targetHints":{"allow":["GET"]}}],"collection":[{"href":"https:\/\/www.smokershop.es\/index.php\/wp-json\/wp\/v2\/product"}],"about":[{"href":"https:\/\/www.smokershop.es\/index.php\/wp-json\/wp\/v2\/types\/product"}],"wp:featuredmedia":[{"embeddable":true,"href":"https:\/\/www.smokershop.es\/index.php\/wp-json\/wp\/v2\/media\/3606"}],"wp:attachment":[{"href":"https:\/\/www.smokershop.es\/index.php\/wp-json\/wp\/v2\/media?parent=3515"}],"wp:term":[{"taxonomy":"product_brand","embeddable":true,"href":"https:\/\/www.smokershop.es\/index.php\/wp-json\/wp\/v2\/product_brand?post=3515"},{"taxonomy":"product_cat","embeddable":true,"href":"https:\/\/www.smokershop.es\/index.php\/wp-json\/wp\/v2\/product_cat?post=3515"},{"taxonomy":"product_tag","embeddable":true,"href":"https:\/\/www.smokershop.es\/index.php\/wp-json\/wp\/v2\/product_tag?post=3515"}],"curies":[{"name":"wp","href":"https:\/\/api.w.org\/{rel}","templated":true}]}}