{"id":355,"date":"2023-03-09T16:07:08","date_gmt":"2023-03-09T15:07:08","guid":{"rendered":"https:\/\/www.smokershop.es\/?post_type=product&#038;p=355"},"modified":"2025-06-19T20:02:05","modified_gmt":"2025-06-19T18:02:05","slug":"boquillas-raw-tips-classic","status":"publish","type":"product","link":"https:\/\/www.smokershop.es\/index.php\/producto\/boquillas-raw-tips-classic\/","title":{"rendered":"BOQUILLAS RAW TIPS CLASSIC"},"content":{"rendered":"<div class=\"page\" title=\"Page 10\">\n<div class=\"layoutArea\">\n<div class=\"column\">\n<p>BOQUILLAS RAW TIPS CLASSIC<\/p>\n<p>Dise\u00f1o cl\u00e1sico: Las boquillas Classic Original tienen un dise\u00f1o ic\u00f3nico y reconocible de Raw.<\/p>\n<p>Material de alta calidad: Estas boquillas est\u00e1n fabricadas con papel de fibra de c\u00e1\u00f1amo sin blanquear de alta calidad. El papel sin refinar proporciona una experiencia de fumar m\u00e1s pura y no altera el sabor de las hierbas secas.<\/p>\n<p>Filtro de protecci\u00f3n: Las boquillas Classic Original est\u00e1n dise\u00f1adas para actuar como un filtro, evitando que las part\u00edculas de hierba se inhalen directamente. Esto ayuda a filtrar y enfriar el humo, proporcionando una fumada m\u00e1s suave y menos irritante para la garganta.<\/p>\n<p>Tama\u00f1o universal: Estas boquillas tienen un tama\u00f1o universal que se adapta a la mayor\u00eda de los cigarrillos y conos de papel de fumar. Puedes insertar la boquilla en el extremo del cigarrillo o cono para tener un agarre firme y evitar que los dedos se quemen. F\u00e1cil de usar:<\/p>\n<p>Las boquillas Classic Original son muy f\u00e1ciles de usar. Simplemente coloca la boquilla en el extremo del cigarrillo o cono, asegur\u00e1ndote de que est\u00e9 bien insertada. Luego, puedes sujetar la boquilla mientras fumas para una experiencia m\u00e1s c\u00f3moda y segura. Respetuosas con el medio ambiente:<\/p>\n<p>Las boquillas Classic Original de Raw est\u00e1n hechas de materiales naturales y son biodegradables, lo que las convierte en una opci\u00f3n m\u00e1s respetuosa con el medio ambiente en comparaci\u00f3n con las boquillas de pl\u00e1stico convencionales.<\/p>\n<p>Boquillas Raw Classic<\/p>\n<p>Todos los productos de papel Raw est\u00e1n libres de blanqueantes y aditivos artificiales. Son 100% veganos y de la mejor calidad.<\/p>\n<p>\u00bfY quieres conocer lo \u00faltimo de Raw? aqu\u00ed podr\u00e1s encontrar Raw Black.<\/p>\n<p>&nbsp;<\/p>\n<p>&nbsp;<\/p>\n<\/div>\n<\/div>\n<\/div>\n","protected":false},"excerpt":{"rendered":"<div class=\"page\" title=\"Page 10\">\n<div class=\"layoutArea\">\n<div class=\"column\">\n<ul>\n<li>60 x 15 mm.<\/li>\n<li>Cada librillo de boquillas contiene 50 filtros.<\/li>\n<li>50 unidades por caja.<\/li>\n<\/ul>\n<ul>\n<li style=\"list-style-type: none;\"><\/li>\n<\/ul>\n<\/div>\n<\/div>\n<\/div>\n","protected":false},"featured_media":1042,"template":"","meta":{"_joinchat":[]},"product_brand":[],"product_cat":[43],"product_tag":[],"class_list":{"0":"post-355","1":"product","2":"type-product","3":"status-publish","4":"has-post-thumbnail","6":"product_cat-filtros-tips","8":"first","9":"instock","10":"taxable","11":"shipping-taxable","12":"purchasable","13":"product-type-simple"},"yoast_head":"<!-- This site is optimized with the Yoast SEO plugin v27.4 - https:\/\/yoast.com\/product\/yoast-seo-wordpress\/ -->\n<title>BOQUILLAS RAW TIPS CLASSIC - The Smoker&#039;s Shop<\/title>\n<meta name=\"description\" content=\"BOQUILLAS RAW TIPS CLASSIC son accesorios esenciales para fumar de manera c\u00f3moda y segura. Completamente natural, libres de aditivos y 100% veganos.\" \/>\n<meta name=\"robots\" content=\"index, follow, max-snippet:-1, max-image-preview:large, max-video-preview:-1\" \/>\n<link rel=\"canonical\" href=\"https:\/\/www.smokershop.es\/index.php\/producto\/boquillas-raw-tips-classic\/\" \/>\n<meta property=\"og:locale\" content=\"es_ES\" \/>\n<meta property=\"og:type\" content=\"article\" \/>\n<meta property=\"og:title\" content=\"BOQUILLAS RAW TIPS CLASSIC - The Smoker&#039;s Shop\" \/>\n<meta property=\"og:description\" content=\"BOQUILLAS RAW TIPS CLASSIC son accesorios esenciales para fumar de manera c\u00f3moda y segura. Completamente natural, libres de aditivos y 100% veganos.\" \/>\n<meta property=\"og:url\" content=\"https:\/\/www.smokershop.es\/index.php\/producto\/boquillas-raw-tips-classic\/\" \/>\n<meta property=\"og:site_name\" content=\"The Smoker&#039;s Shop\" \/>\n<meta property=\"article:modified_time\" content=\"2025-06-19T18:02:05+00:00\" \/>\n<meta property=\"og:image\" content=\"https:\/\/www.smokershop.es\/wp-content\/uploads\/2023\/03\/raw-tips-classic.jpg\" \/>\n\t<meta property=\"og:image:width\" content=\"1000\" \/>\n\t<meta property=\"og:image:height\" content=\"1000\" \/>\n\t<meta property=\"og:image:type\" content=\"image\/jpeg\" \/>\n<meta name=\"twitter:card\" content=\"summary_large_image\" \/>\n<meta name=\"twitter:label1\" content=\"Tiempo de lectura\" \/>\n\t<meta name=\"twitter:data1\" content=\"2 minutos\" \/>\n<script type=\"application\/ld+json\" class=\"yoast-schema-graph\">{\"@context\":\"https:\\\/\\\/schema.org\",\"@graph\":[{\"@type\":\"WebPage\",\"@id\":\"https:\\\/\\\/www.smokershop.es\\\/index.php\\\/producto\\\/boquillas-raw-tips-classic\\\/\",\"url\":\"https:\\\/\\\/www.smokershop.es\\\/index.php\\\/producto\\\/boquillas-raw-tips-classic\\\/\",\"name\":\"BOQUILLAS RAW TIPS CLASSIC - The Smoker&#039;s Shop\",\"isPartOf\":{\"@id\":\"https:\\\/\\\/www.smokershop.es\\\/#website\"},\"primaryImageOfPage\":{\"@id\":\"https:\\\/\\\/www.smokershop.es\\\/index.php\\\/producto\\\/boquillas-raw-tips-classic\\\/#primaryimage\"},\"image\":{\"@id\":\"https:\\\/\\\/www.smokershop.es\\\/index.php\\\/producto\\\/boquillas-raw-tips-classic\\\/#primaryimage\"},\"thumbnailUrl\":\"https:\\\/\\\/www.smokershop.es\\\/wp-content\\\/uploads\\\/2023\\\/03\\\/raw-tips-classic.jpg\",\"datePublished\":\"2023-03-09T15:07:08+00:00\",\"dateModified\":\"2025-06-19T18:02:05+00:00\",\"description\":\"BOQUILLAS RAW TIPS CLASSIC son accesorios esenciales para fumar de manera c\u00f3moda y segura. Completamente natural, libres de aditivos y 100% veganos.\",\"breadcrumb\":{\"@id\":\"https:\\\/\\\/www.smokershop.es\\\/index.php\\\/producto\\\/boquillas-raw-tips-classic\\\/#breadcrumb\"},\"inLanguage\":\"es\",\"potentialAction\":[{\"@type\":\"ReadAction\",\"target\":[\"https:\\\/\\\/www.smokershop.es\\\/index.php\\\/producto\\\/boquillas-raw-tips-classic\\\/\"]}]},{\"@type\":\"ImageObject\",\"inLanguage\":\"es\",\"@id\":\"https:\\\/\\\/www.smokershop.es\\\/index.php\\\/producto\\\/boquillas-raw-tips-classic\\\/#primaryimage\",\"url\":\"https:\\\/\\\/www.smokershop.es\\\/wp-content\\\/uploads\\\/2023\\\/03\\\/raw-tips-classic.jpg\",\"contentUrl\":\"https:\\\/\\\/www.smokershop.es\\\/wp-content\\\/uploads\\\/2023\\\/03\\\/raw-tips-classic.jpg\",\"width\":1000,\"height\":1000},{\"@type\":\"BreadcrumbList\",\"@id\":\"https:\\\/\\\/www.smokershop.es\\\/index.php\\\/producto\\\/boquillas-raw-tips-classic\\\/#breadcrumb\",\"itemListElement\":[{\"@type\":\"ListItem\",\"position\":1,\"name\":\"Portada\",\"item\":\"https:\\\/\\\/www.smokershop.es\\\/\"},{\"@type\":\"ListItem\",\"position\":2,\"name\":\"The Shop\",\"item\":\"https:\\\/\\\/www.smokershop.es\\\/index.php\\\/shop\\\/\"},{\"@type\":\"ListItem\",\"position\":3,\"name\":\"BOQUILLAS RAW TIPS CLASSIC\"}]},{\"@type\":\"WebSite\",\"@id\":\"https:\\\/\\\/www.smokershop.es\\\/#website\",\"url\":\"https:\\\/\\\/www.smokershop.es\\\/\",\"name\":\"The Smoker&#039;s Shop\",\"description\":\"Todo para los fumadores\",\"publisher\":{\"@id\":\"https:\\\/\\\/www.smokershop.es\\\/#organization\"},\"potentialAction\":[{\"@type\":\"SearchAction\",\"target\":{\"@type\":\"EntryPoint\",\"urlTemplate\":\"https:\\\/\\\/www.smokershop.es\\\/?s={search_term_string}\"},\"query-input\":{\"@type\":\"PropertyValueSpecification\",\"valueRequired\":true,\"valueName\":\"search_term_string\"}}],\"inLanguage\":\"es\"},{\"@type\":\"Organization\",\"@id\":\"https:\\\/\\\/www.smokershop.es\\\/#organization\",\"name\":\"The Smoker&#039;s Shop\",\"url\":\"https:\\\/\\\/www.smokershop.es\\\/\",\"logo\":{\"@type\":\"ImageObject\",\"inLanguage\":\"es\",\"@id\":\"https:\\\/\\\/www.smokershop.es\\\/#\\\/schema\\\/logo\\\/image\\\/\",\"url\":\"https:\\\/\\\/www.smokershop.es\\\/wp-content\\\/uploads\\\/2023\\\/10\\\/smokershop-logo.png\",\"contentUrl\":\"https:\\\/\\\/www.smokershop.es\\\/wp-content\\\/uploads\\\/2023\\\/10\\\/smokershop-logo.png\",\"width\":1711,\"height\":752,\"caption\":\"The Smoker&#039;s Shop\"},\"image\":{\"@id\":\"https:\\\/\\\/www.smokershop.es\\\/#\\\/schema\\\/logo\\\/image\\\/\"},\"sameAs\":[\"https:\\\/\\\/www.instagram.com\\\/thesmokersshopofficial\"]}]}<\/script>\n<!-- \/ Yoast SEO plugin. -->","yoast_head_json":{"title":"BOQUILLAS RAW TIPS CLASSIC - The Smoker&#039;s Shop","description":"BOQUILLAS RAW TIPS CLASSIC son accesorios esenciales para fumar de manera c\u00f3moda y segura. Completamente natural, libres de aditivos y 100% veganos.","robots":{"index":"index","follow":"follow","max-snippet":"max-snippet:-1","max-image-preview":"max-image-preview:large","max-video-preview":"max-video-preview:-1"},"canonical":"https:\/\/www.smokershop.es\/index.php\/producto\/boquillas-raw-tips-classic\/","og_locale":"es_ES","og_type":"article","og_title":"BOQUILLAS RAW TIPS CLASSIC - The Smoker&#039;s Shop","og_description":"BOQUILLAS RAW TIPS CLASSIC son accesorios esenciales para fumar de manera c\u00f3moda y segura. Completamente natural, libres de aditivos y 100% veganos.","og_url":"https:\/\/www.smokershop.es\/index.php\/producto\/boquillas-raw-tips-classic\/","og_site_name":"The Smoker&#039;s Shop","article_modified_time":"2025-06-19T18:02:05+00:00","og_image":[{"width":1000,"height":1000,"url":"https:\/\/www.smokershop.es\/wp-content\/uploads\/2023\/03\/raw-tips-classic.jpg","type":"image\/jpeg"}],"twitter_card":"summary_large_image","twitter_misc":{"Tiempo de lectura":"2 minutos"},"schema":{"@context":"https:\/\/schema.org","@graph":[{"@type":"WebPage","@id":"https:\/\/www.smokershop.es\/index.php\/producto\/boquillas-raw-tips-classic\/","url":"https:\/\/www.smokershop.es\/index.php\/producto\/boquillas-raw-tips-classic\/","name":"BOQUILLAS RAW TIPS CLASSIC - The Smoker&#039;s Shop","isPartOf":{"@id":"https:\/\/www.smokershop.es\/#website"},"primaryImageOfPage":{"@id":"https:\/\/www.smokershop.es\/index.php\/producto\/boquillas-raw-tips-classic\/#primaryimage"},"image":{"@id":"https:\/\/www.smokershop.es\/index.php\/producto\/boquillas-raw-tips-classic\/#primaryimage"},"thumbnailUrl":"https:\/\/www.smokershop.es\/wp-content\/uploads\/2023\/03\/raw-tips-classic.jpg","datePublished":"2023-03-09T15:07:08+00:00","dateModified":"2025-06-19T18:02:05+00:00","description":"BOQUILLAS RAW TIPS CLASSIC son accesorios esenciales para fumar de manera c\u00f3moda y segura. Completamente natural, libres de aditivos y 100% veganos.","breadcrumb":{"@id":"https:\/\/www.smokershop.es\/index.php\/producto\/boquillas-raw-tips-classic\/#breadcrumb"},"inLanguage":"es","potentialAction":[{"@type":"ReadAction","target":["https:\/\/www.smokershop.es\/index.php\/producto\/boquillas-raw-tips-classic\/"]}]},{"@type":"ImageObject","inLanguage":"es","@id":"https:\/\/www.smokershop.es\/index.php\/producto\/boquillas-raw-tips-classic\/#primaryimage","url":"https:\/\/www.smokershop.es\/wp-content\/uploads\/2023\/03\/raw-tips-classic.jpg","contentUrl":"https:\/\/www.smokershop.es\/wp-content\/uploads\/2023\/03\/raw-tips-classic.jpg","width":1000,"height":1000},{"@type":"BreadcrumbList","@id":"https:\/\/www.smokershop.es\/index.php\/producto\/boquillas-raw-tips-classic\/#breadcrumb","itemListElement":[{"@type":"ListItem","position":1,"name":"Portada","item":"https:\/\/www.smokershop.es\/"},{"@type":"ListItem","position":2,"name":"The Shop","item":"https:\/\/www.smokershop.es\/index.php\/shop\/"},{"@type":"ListItem","position":3,"name":"BOQUILLAS RAW TIPS CLASSIC"}]},{"@type":"WebSite","@id":"https:\/\/www.smokershop.es\/#website","url":"https:\/\/www.smokershop.es\/","name":"The Smoker&#039;s Shop","description":"Todo para los fumadores","publisher":{"@id":"https:\/\/www.smokershop.es\/#organization"},"potentialAction":[{"@type":"SearchAction","target":{"@type":"EntryPoint","urlTemplate":"https:\/\/www.smokershop.es\/?s={search_term_string}"},"query-input":{"@type":"PropertyValueSpecification","valueRequired":true,"valueName":"search_term_string"}}],"inLanguage":"es"},{"@type":"Organization","@id":"https:\/\/www.smokershop.es\/#organization","name":"The Smoker&#039;s Shop","url":"https:\/\/www.smokershop.es\/","logo":{"@type":"ImageObject","inLanguage":"es","@id":"https:\/\/www.smokershop.es\/#\/schema\/logo\/image\/","url":"https:\/\/www.smokershop.es\/wp-content\/uploads\/2023\/10\/smokershop-logo.png","contentUrl":"https:\/\/www.smokershop.es\/wp-content\/uploads\/2023\/10\/smokershop-logo.png","width":1711,"height":752,"caption":"The Smoker&#039;s Shop"},"image":{"@id":"https:\/\/www.smokershop.es\/#\/schema\/logo\/image\/"},"sameAs":["https:\/\/www.instagram.com\/thesmokersshopofficial"]}]}},"_links":{"self":[{"href":"https:\/\/www.smokershop.es\/index.php\/wp-json\/wp\/v2\/product\/355","targetHints":{"allow":["GET"]}}],"collection":[{"href":"https:\/\/www.smokershop.es\/index.php\/wp-json\/wp\/v2\/product"}],"about":[{"href":"https:\/\/www.smokershop.es\/index.php\/wp-json\/wp\/v2\/types\/product"}],"wp:featuredmedia":[{"embeddable":true,"href":"https:\/\/www.smokershop.es\/index.php\/wp-json\/wp\/v2\/media\/1042"}],"wp:attachment":[{"href":"https:\/\/www.smokershop.es\/index.php\/wp-json\/wp\/v2\/media?parent=355"}],"wp:term":[{"taxonomy":"product_brand","embeddable":true,"href":"https:\/\/www.smokershop.es\/index.php\/wp-json\/wp\/v2\/product_brand?post=355"},{"taxonomy":"product_cat","embeddable":true,"href":"https:\/\/www.smokershop.es\/index.php\/wp-json\/wp\/v2\/product_cat?post=355"},{"taxonomy":"product_tag","embeddable":true,"href":"https:\/\/www.smokershop.es\/index.php\/wp-json\/wp\/v2\/product_tag?post=355"}],"curies":[{"name":"wp","href":"https:\/\/api.w.org\/{rel}","templated":true}]}}