{"id":3608,"date":"2025-11-11T14:05:47","date_gmt":"2025-11-11T13:05:47","guid":{"rendered":"https:\/\/www.smokershop.es\/?post_type=product&#038;p=3608"},"modified":"2026-04-10T02:11:30","modified_gmt":"2026-04-10T00:11:30","slug":"raw-ethereal-cono","status":"publish","type":"product","link":"https:\/\/www.smokershop.es\/index.php\/producto\/raw-ethereal-cono\/","title":{"rendered":"RAW ETHEREAL CONO"},"content":{"rendered":"<p>RAW ETHEREAL CONO<\/p>\n<p>Los Raw Ethereal Conos representan la m\u00e1xima expresi\u00f3n de pureza y suavidad que caracteriza a RAW. \u00a0Cada paquete contiene 6 conos pre-enrollados, listos para disfrutar con la calidad y naturalidad que los amantes del buen humo esperan.<\/p>\n<p data-start=\"519\" data-end=\"726\">Fabricados con papel ultra delgado, transl\u00facido y 100% natural, los Raw Ethereal ofrecen una combusti\u00f3n pareja y una experiencia limpia, permitiendo saborear al m\u00e1ximo la esencia de tu mezcla favorita.<\/p>\n<p data-start=\"519\" data-end=\"726\">Su Papel ultrafino, casi invisible, garantiza una combusti\u00f3n m\u00e1s lenta y uniforme. Es 100% vegano, sin blanqueadores, sin aditivos ni qu\u00edmicos. Est\u00e1n\u00a0dise\u00f1ados para realzar el sabor natural de tus hierbas.<\/p>\n<p data-start=\"1220\" data-end=\"1411\">EL Raw Ethereal Cono es perfecto para fumadores exigentes que buscan una experiencia premium, natural y sin complicaciones.<\/p>\n","protected":false},"excerpt":{"rendered":"<ul>\n<li>Conos pre enrollados del papel Raw Ethereal, el m\u00e1s fino de la marca, 100% natural y de gran calidad.<\/li>\n<li>Cada paquete contiene 6 conos 1 1\/4 pre enrollados.<\/li>\n<\/ul>\n<ul>\n<li><em>FORMATO PRO -&gt; DISPLAY x32<\/em><\/li>\n<li><strong>\u2b07\ufe0f PRECIOS MAYORISTA PARA PROFESIONALES \u2b07\ufe0f<\/strong><\/li>\n<\/ul>\n<p style=\"padding-left: 160px;\"><strong><a href=\"https:\/\/www.smokershop.es\/index.php\/register\/\" target=\"_blank\" rel=\"noopener\">\ud83d\udc49 REGISTRATE AQUI \ud83d\udc48<\/a><\/strong><\/p>\n<p>&nbsp;<\/p>\n","protected":false},"featured_media":3610,"template":"","meta":{"_joinchat":[]},"product_brand":[],"product_cat":[45,40],"product_tag":[],"class_list":{"0":"post-3608","1":"product","2":"type-product","3":"status-publish","4":"has-post-thumbnail","6":"product_cat-conos","7":"product_cat-papel-de-fumar","9":"first","10":"instock","11":"taxable","12":"shipping-taxable","13":"purchasable","14":"product-type-simple"},"yoast_head":"<!-- This site is optimized with the Yoast SEO plugin v27.2 - https:\/\/yoast.com\/product\/yoast-seo-wordpress\/ -->\n<title>RAW ETHEREAL CONO - The Smoker&#039;s Shop<\/title>\n<meta name=\"description\" content=\"RAW ETHEREAL CONO 6 conos pre enrollados del papel m\u00e1s fino de Raw, 100% natural, de combusti\u00f3n lenta, garantiza disfrutar del m\u00e1ximo sabor de tus mezclas.\" \/>\n<meta name=\"robots\" content=\"index, follow, max-snippet:-1, max-image-preview:large, max-video-preview:-1\" \/>\n<link rel=\"canonical\" href=\"https:\/\/www.smokershop.es\/index.php\/producto\/raw-ethereal-cono\/\" \/>\n<meta property=\"og:locale\" content=\"es_ES\" \/>\n<meta property=\"og:type\" content=\"article\" \/>\n<meta property=\"og:title\" content=\"RAW ETHEREAL CONO - The Smoker&#039;s Shop\" \/>\n<meta property=\"og:description\" content=\"RAW ETHEREAL CONO 6 conos pre enrollados del papel m\u00e1s fino de Raw, 100% natural, de combusti\u00f3n lenta, garantiza disfrutar del m\u00e1ximo sabor de tus mezclas.\" \/>\n<meta property=\"og:url\" content=\"https:\/\/www.smokershop.es\/index.php\/producto\/raw-ethereal-cono\/\" \/>\n<meta property=\"og:site_name\" content=\"The Smoker&#039;s Shop\" \/>\n<meta property=\"article:modified_time\" content=\"2026-04-10T00:11:30+00:00\" \/>\n<meta property=\"og:image\" content=\"https:\/\/www.smokershop.es\/wp-content\/uploads\/2025\/11\/Raw-Ethereal-Cono-6pk-32-Display.png\" \/>\n\t<meta property=\"og:image:width\" content=\"624\" \/>\n\t<meta property=\"og:image:height\" content=\"524\" \/>\n\t<meta property=\"og:image:type\" content=\"image\/png\" \/>\n<meta name=\"twitter:card\" content=\"summary_large_image\" \/>\n<meta name=\"twitter:label1\" content=\"Tiempo de lectura\" \/>\n\t<meta name=\"twitter:data1\" content=\"1 minuto\" \/>\n<script type=\"application\/ld+json\" class=\"yoast-schema-graph\">{\"@context\":\"https:\/\/schema.org\",\"@graph\":[{\"@type\":\"WebPage\",\"@id\":\"https:\/\/www.smokershop.es\/index.php\/producto\/raw-ethereal-cono\/\",\"url\":\"https:\/\/www.smokershop.es\/index.php\/producto\/raw-ethereal-cono\/\",\"name\":\"RAW ETHEREAL CONO - The Smoker&#039;s Shop\",\"isPartOf\":{\"@id\":\"https:\/\/www.smokershop.es\/#website\"},\"primaryImageOfPage\":{\"@id\":\"https:\/\/www.smokershop.es\/index.php\/producto\/raw-ethereal-cono\/#primaryimage\"},\"image\":{\"@id\":\"https:\/\/www.smokershop.es\/index.php\/producto\/raw-ethereal-cono\/#primaryimage\"},\"thumbnailUrl\":\"https:\/\/www.smokershop.es\/wp-content\/uploads\/2025\/11\/Raw-Ethereal-Cono-6pk-32-Display.png\",\"datePublished\":\"2025-11-11T13:05:47+00:00\",\"dateModified\":\"2026-04-10T00:11:30+00:00\",\"description\":\"RAW ETHEREAL CONO 6 conos pre enrollados del papel m\u00e1s fino de Raw, 100% natural, de combusti\u00f3n lenta, garantiza disfrutar del m\u00e1ximo sabor de tus mezclas.\",\"breadcrumb\":{\"@id\":\"https:\/\/www.smokershop.es\/index.php\/producto\/raw-ethereal-cono\/#breadcrumb\"},\"inLanguage\":\"es\",\"potentialAction\":[{\"@type\":\"ReadAction\",\"target\":[\"https:\/\/www.smokershop.es\/index.php\/producto\/raw-ethereal-cono\/\"]}]},{\"@type\":\"ImageObject\",\"inLanguage\":\"es\",\"@id\":\"https:\/\/www.smokershop.es\/index.php\/producto\/raw-ethereal-cono\/#primaryimage\",\"url\":\"https:\/\/www.smokershop.es\/wp-content\/uploads\/2025\/11\/Raw-Ethereal-Cono-6pk-32-Display.png\",\"contentUrl\":\"https:\/\/www.smokershop.es\/wp-content\/uploads\/2025\/11\/Raw-Ethereal-Cono-6pk-32-Display.png\",\"width\":624,\"height\":524,\"caption\":\"RAW ETHEREAL CONO\"},{\"@type\":\"BreadcrumbList\",\"@id\":\"https:\/\/www.smokershop.es\/index.php\/producto\/raw-ethereal-cono\/#breadcrumb\",\"itemListElement\":[{\"@type\":\"ListItem\",\"position\":1,\"name\":\"Portada\",\"item\":\"https:\/\/www.smokershop.es\/\"},{\"@type\":\"ListItem\",\"position\":2,\"name\":\"The Shop\",\"item\":\"https:\/\/www.smokershop.es\/index.php\/shop\/\"},{\"@type\":\"ListItem\",\"position\":3,\"name\":\"RAW ETHEREAL CONO\"}]},{\"@type\":\"WebSite\",\"@id\":\"https:\/\/www.smokershop.es\/#website\",\"url\":\"https:\/\/www.smokershop.es\/\",\"name\":\"The Smoker&#039;s Shop\",\"description\":\"Todo para los fumadores\",\"publisher\":{\"@id\":\"https:\/\/www.smokershop.es\/#organization\"},\"potentialAction\":[{\"@type\":\"SearchAction\",\"target\":{\"@type\":\"EntryPoint\",\"urlTemplate\":\"https:\/\/www.smokershop.es\/?s={search_term_string}\"},\"query-input\":{\"@type\":\"PropertyValueSpecification\",\"valueRequired\":true,\"valueName\":\"search_term_string\"}}],\"inLanguage\":\"es\"},{\"@type\":\"Organization\",\"@id\":\"https:\/\/www.smokershop.es\/#organization\",\"name\":\"The Smoker&#039;s Shop\",\"url\":\"https:\/\/www.smokershop.es\/\",\"logo\":{\"@type\":\"ImageObject\",\"inLanguage\":\"es\",\"@id\":\"https:\/\/www.smokershop.es\/#\/schema\/logo\/image\/\",\"url\":\"https:\/\/www.smokershop.es\/wp-content\/uploads\/2023\/10\/smokershop-logo.png\",\"contentUrl\":\"https:\/\/www.smokershop.es\/wp-content\/uploads\/2023\/10\/smokershop-logo.png\",\"width\":1711,\"height\":752,\"caption\":\"The Smoker&#039;s Shop\"},\"image\":{\"@id\":\"https:\/\/www.smokershop.es\/#\/schema\/logo\/image\/\"},\"sameAs\":[\"https:\/\/www.instagram.com\/thesmokersshopofficial\"]}]}<\/script>\n<!-- \/ Yoast SEO plugin. -->","yoast_head_json":{"title":"RAW ETHEREAL CONO - The Smoker&#039;s Shop","description":"RAW ETHEREAL CONO 6 conos pre enrollados del papel m\u00e1s fino de Raw, 100% natural, de combusti\u00f3n lenta, garantiza disfrutar del m\u00e1ximo sabor de tus mezclas.","robots":{"index":"index","follow":"follow","max-snippet":"max-snippet:-1","max-image-preview":"max-image-preview:large","max-video-preview":"max-video-preview:-1"},"canonical":"https:\/\/www.smokershop.es\/index.php\/producto\/raw-ethereal-cono\/","og_locale":"es_ES","og_type":"article","og_title":"RAW ETHEREAL CONO - The Smoker&#039;s Shop","og_description":"RAW ETHEREAL CONO 6 conos pre enrollados del papel m\u00e1s fino de Raw, 100% natural, de combusti\u00f3n lenta, garantiza disfrutar del m\u00e1ximo sabor de tus mezclas.","og_url":"https:\/\/www.smokershop.es\/index.php\/producto\/raw-ethereal-cono\/","og_site_name":"The Smoker&#039;s Shop","article_modified_time":"2026-04-10T00:11:30+00:00","og_image":[{"width":624,"height":524,"url":"https:\/\/www.smokershop.es\/wp-content\/uploads\/2025\/11\/Raw-Ethereal-Cono-6pk-32-Display.png","type":"image\/png"}],"twitter_card":"summary_large_image","twitter_misc":{"Tiempo de lectura":"1 minuto"},"schema":{"@context":"https:\/\/schema.org","@graph":[{"@type":"WebPage","@id":"https:\/\/www.smokershop.es\/index.php\/producto\/raw-ethereal-cono\/","url":"https:\/\/www.smokershop.es\/index.php\/producto\/raw-ethereal-cono\/","name":"RAW ETHEREAL CONO - The Smoker&#039;s Shop","isPartOf":{"@id":"https:\/\/www.smokershop.es\/#website"},"primaryImageOfPage":{"@id":"https:\/\/www.smokershop.es\/index.php\/producto\/raw-ethereal-cono\/#primaryimage"},"image":{"@id":"https:\/\/www.smokershop.es\/index.php\/producto\/raw-ethereal-cono\/#primaryimage"},"thumbnailUrl":"https:\/\/www.smokershop.es\/wp-content\/uploads\/2025\/11\/Raw-Ethereal-Cono-6pk-32-Display.png","datePublished":"2025-11-11T13:05:47+00:00","dateModified":"2026-04-10T00:11:30+00:00","description":"RAW ETHEREAL CONO 6 conos pre enrollados del papel m\u00e1s fino de Raw, 100% natural, de combusti\u00f3n lenta, garantiza disfrutar del m\u00e1ximo sabor de tus mezclas.","breadcrumb":{"@id":"https:\/\/www.smokershop.es\/index.php\/producto\/raw-ethereal-cono\/#breadcrumb"},"inLanguage":"es","potentialAction":[{"@type":"ReadAction","target":["https:\/\/www.smokershop.es\/index.php\/producto\/raw-ethereal-cono\/"]}]},{"@type":"ImageObject","inLanguage":"es","@id":"https:\/\/www.smokershop.es\/index.php\/producto\/raw-ethereal-cono\/#primaryimage","url":"https:\/\/www.smokershop.es\/wp-content\/uploads\/2025\/11\/Raw-Ethereal-Cono-6pk-32-Display.png","contentUrl":"https:\/\/www.smokershop.es\/wp-content\/uploads\/2025\/11\/Raw-Ethereal-Cono-6pk-32-Display.png","width":624,"height":524,"caption":"RAW ETHEREAL CONO"},{"@type":"BreadcrumbList","@id":"https:\/\/www.smokershop.es\/index.php\/producto\/raw-ethereal-cono\/#breadcrumb","itemListElement":[{"@type":"ListItem","position":1,"name":"Portada","item":"https:\/\/www.smokershop.es\/"},{"@type":"ListItem","position":2,"name":"The Shop","item":"https:\/\/www.smokershop.es\/index.php\/shop\/"},{"@type":"ListItem","position":3,"name":"RAW ETHEREAL CONO"}]},{"@type":"WebSite","@id":"https:\/\/www.smokershop.es\/#website","url":"https:\/\/www.smokershop.es\/","name":"The Smoker&#039;s Shop","description":"Todo para los fumadores","publisher":{"@id":"https:\/\/www.smokershop.es\/#organization"},"potentialAction":[{"@type":"SearchAction","target":{"@type":"EntryPoint","urlTemplate":"https:\/\/www.smokershop.es\/?s={search_term_string}"},"query-input":{"@type":"PropertyValueSpecification","valueRequired":true,"valueName":"search_term_string"}}],"inLanguage":"es"},{"@type":"Organization","@id":"https:\/\/www.smokershop.es\/#organization","name":"The Smoker&#039;s Shop","url":"https:\/\/www.smokershop.es\/","logo":{"@type":"ImageObject","inLanguage":"es","@id":"https:\/\/www.smokershop.es\/#\/schema\/logo\/image\/","url":"https:\/\/www.smokershop.es\/wp-content\/uploads\/2023\/10\/smokershop-logo.png","contentUrl":"https:\/\/www.smokershop.es\/wp-content\/uploads\/2023\/10\/smokershop-logo.png","width":1711,"height":752,"caption":"The Smoker&#039;s Shop"},"image":{"@id":"https:\/\/www.smokershop.es\/#\/schema\/logo\/image\/"},"sameAs":["https:\/\/www.instagram.com\/thesmokersshopofficial"]}]}},"_links":{"self":[{"href":"https:\/\/www.smokershop.es\/index.php\/wp-json\/wp\/v2\/product\/3608","targetHints":{"allow":["GET"]}}],"collection":[{"href":"https:\/\/www.smokershop.es\/index.php\/wp-json\/wp\/v2\/product"}],"about":[{"href":"https:\/\/www.smokershop.es\/index.php\/wp-json\/wp\/v2\/types\/product"}],"wp:featuredmedia":[{"embeddable":true,"href":"https:\/\/www.smokershop.es\/index.php\/wp-json\/wp\/v2\/media\/3610"}],"wp:attachment":[{"href":"https:\/\/www.smokershop.es\/index.php\/wp-json\/wp\/v2\/media?parent=3608"}],"wp:term":[{"taxonomy":"product_brand","embeddable":true,"href":"https:\/\/www.smokershop.es\/index.php\/wp-json\/wp\/v2\/product_brand?post=3608"},{"taxonomy":"product_cat","embeddable":true,"href":"https:\/\/www.smokershop.es\/index.php\/wp-json\/wp\/v2\/product_cat?post=3608"},{"taxonomy":"product_tag","embeddable":true,"href":"https:\/\/www.smokershop.es\/index.php\/wp-json\/wp\/v2\/product_tag?post=3608"}],"curies":[{"name":"wp","href":"https:\/\/api.w.org\/{rel}","templated":true}]}}