{"id":3613,"date":"2025-11-11T14:24:27","date_gmt":"2025-11-11T13:24:27","guid":{"rendered":"https:\/\/www.smokershop.es\/?post_type=product&#038;p=3613"},"modified":"2026-04-15T20:04:57","modified_gmt":"2026-04-15T18:04:57","slug":"bong-cold-smoke-volans-30cm","status":"publish","type":"product","link":"https:\/\/www.smokershop.es\/index.php\/producto\/bong-cold-smoke-volans-30cm\/","title":{"rendered":"BONG COLD SMOKE VOLANS 30CM"},"content":{"rendered":"<p data-start=\"215\" data-end=\"572\">El Bong Cold Smoke Volans 30cm de altura combina estilo, funcionalidad y calidad en cada calada. Fabricado en vidrio de borosilicato de alta resistencia, este modelo ofrece una experiencia de filtrado suave y limpia, ideal para quienes buscan disfrutar al m\u00e1ximo de sus hierbas favoritas.<\/p>\n<p data-start=\"574\" data-end=\"845\">Su dise\u00f1o compacto pero robusto lo convierte en una pieza perfecta tanto para uso diario como para destacar en tu colecci\u00f3n. El sistema de difusor percolador garantiza una filtraci\u00f3n eficiente del humo, proporcionando una inhalaci\u00f3n fresca, densa y sin impurezas.<\/p>\n<p data-start=\"1282\" data-end=\"1539\">Perfecto para fumadores que buscan una <strong data-start=\"1321\" data-end=\"1373\">c<\/strong>ombinaci\u00f3n de estilo, durabilidad y rendimiento, el Bong Cold Smoke Volans 30cm eleva cada sesi\u00f3n a otro nivel. Ideal tanto para principiantes como para expertos que valoran la pureza del humo y el dise\u00f1o premium.<\/p>\n","protected":false},"excerpt":{"rendered":"<ul>\n<li>Altura: 30 cm.<\/li>\n<li>Di\u00e1metro del tubo: 51\u00a0mm.<\/li>\n<li>Di\u00e1metro de la base: 125\u00a0mm.<\/li>\n<li>Tama\u00f1o de la junta: 19 mm.<\/li>\n<li>Espesor: 5 mm.<\/li>\n<li>Incluye\u00a0banger de 14 mm.<\/li>\n<\/ul>\n<ul>\n<li><strong>\u2b07\ufe0f PRECIOS MAYORISTA PARA PROFESIONALES \u2b07\ufe0f<\/strong><\/li>\n<\/ul>\n<p style=\"padding-left: 160px;\"><strong><a href=\"https:\/\/www.smokershop.es\/index.php\/register\/\" target=\"_blank\" rel=\"noopener\">\ud83d\udc49 REGISTRATE AQUI \ud83d\udc48<\/a><\/strong><\/p>\n","protected":false},"featured_media":3614,"template":"","meta":{"_joinchat":[]},"product_brand":[],"product_cat":[54],"product_tag":[],"class_list":{"0":"post-3613","1":"product","2":"type-product","3":"status-publish","4":"has-post-thumbnail","6":"product_cat-pipas-bangers-herramientas","8":"first","9":"instock","10":"taxable","11":"shipping-taxable","12":"purchasable","13":"product-type-simple"},"yoast_head":"<!-- This site is optimized with the Yoast SEO plugin v27.4 - https:\/\/yoast.com\/product\/yoast-seo-wordpress\/ -->\n<title>BONG COLD SMOKE VOLANS 30CM - The Smoker&#039;s Shop<\/title>\n<meta name=\"description\" content=\"BONG COLD SMOKE VOLANS 30CM bong de vidrio borosilicato, dise\u00f1o ergon\u00f3mico, con percolador interno que mejora la filtraci\u00f3n y enfriamiento del humo.\" \/>\n<meta name=\"robots\" content=\"index, follow, max-snippet:-1, max-image-preview:large, max-video-preview:-1\" \/>\n<link rel=\"canonical\" href=\"https:\/\/www.smokershop.es\/index.php\/producto\/bong-cold-smoke-volans-30cm\/\" \/>\n<meta property=\"og:locale\" content=\"es_ES\" \/>\n<meta property=\"og:type\" content=\"article\" \/>\n<meta property=\"og:title\" content=\"BONG COLD SMOKE VOLANS 30CM - The Smoker&#039;s Shop\" \/>\n<meta property=\"og:description\" content=\"BONG COLD SMOKE VOLANS 30CM bong de vidrio borosilicato, dise\u00f1o ergon\u00f3mico, con percolador interno que mejora la filtraci\u00f3n y enfriamiento del humo.\" \/>\n<meta property=\"og:url\" content=\"https:\/\/www.smokershop.es\/index.php\/producto\/bong-cold-smoke-volans-30cm\/\" \/>\n<meta property=\"og:site_name\" content=\"The Smoker&#039;s Shop\" \/>\n<meta property=\"article:modified_time\" content=\"2026-04-15T18:04:57+00:00\" \/>\n<meta property=\"og:image\" content=\"https:\/\/www.smokershop.es\/wp-content\/uploads\/2025\/11\/SuperSmoker_Bong_Cold_Smoke_Volcans_blanco_PBO.026-30.jpg\" \/>\n\t<meta property=\"og:image:width\" content=\"570\" \/>\n\t<meta property=\"og:image:height\" content=\"570\" \/>\n\t<meta property=\"og:image:type\" content=\"image\/jpeg\" \/>\n<meta name=\"twitter:card\" content=\"summary_large_image\" \/>\n<meta name=\"twitter:label1\" content=\"Tiempo de lectura\" \/>\n\t<meta name=\"twitter:data1\" content=\"1 minuto\" \/>\n<script type=\"application\/ld+json\" class=\"yoast-schema-graph\">{\"@context\":\"https:\\\/\\\/schema.org\",\"@graph\":[{\"@type\":\"WebPage\",\"@id\":\"https:\\\/\\\/www.smokershop.es\\\/index.php\\\/producto\\\/bong-cold-smoke-volans-30cm\\\/\",\"url\":\"https:\\\/\\\/www.smokershop.es\\\/index.php\\\/producto\\\/bong-cold-smoke-volans-30cm\\\/\",\"name\":\"BONG COLD SMOKE VOLANS 30CM - The Smoker&#039;s Shop\",\"isPartOf\":{\"@id\":\"https:\\\/\\\/www.smokershop.es\\\/#website\"},\"primaryImageOfPage\":{\"@id\":\"https:\\\/\\\/www.smokershop.es\\\/index.php\\\/producto\\\/bong-cold-smoke-volans-30cm\\\/#primaryimage\"},\"image\":{\"@id\":\"https:\\\/\\\/www.smokershop.es\\\/index.php\\\/producto\\\/bong-cold-smoke-volans-30cm\\\/#primaryimage\"},\"thumbnailUrl\":\"https:\\\/\\\/www.smokershop.es\\\/wp-content\\\/uploads\\\/2025\\\/11\\\/SuperSmoker_Bong_Cold_Smoke_Volcans_blanco_PBO.026-30.jpg\",\"datePublished\":\"2025-11-11T13:24:27+00:00\",\"dateModified\":\"2026-04-15T18:04:57+00:00\",\"description\":\"BONG COLD SMOKE VOLANS 30CM bong de vidrio borosilicato, dise\u00f1o ergon\u00f3mico, con percolador interno que mejora la filtraci\u00f3n y enfriamiento del humo.\",\"breadcrumb\":{\"@id\":\"https:\\\/\\\/www.smokershop.es\\\/index.php\\\/producto\\\/bong-cold-smoke-volans-30cm\\\/#breadcrumb\"},\"inLanguage\":\"es\",\"potentialAction\":[{\"@type\":\"ReadAction\",\"target\":[\"https:\\\/\\\/www.smokershop.es\\\/index.php\\\/producto\\\/bong-cold-smoke-volans-30cm\\\/\"]}]},{\"@type\":\"ImageObject\",\"inLanguage\":\"es\",\"@id\":\"https:\\\/\\\/www.smokershop.es\\\/index.php\\\/producto\\\/bong-cold-smoke-volans-30cm\\\/#primaryimage\",\"url\":\"https:\\\/\\\/www.smokershop.es\\\/wp-content\\\/uploads\\\/2025\\\/11\\\/SuperSmoker_Bong_Cold_Smoke_Volcans_blanco_PBO.026-30.jpg\",\"contentUrl\":\"https:\\\/\\\/www.smokershop.es\\\/wp-content\\\/uploads\\\/2025\\\/11\\\/SuperSmoker_Bong_Cold_Smoke_Volcans_blanco_PBO.026-30.jpg\",\"width\":570,\"height\":570,\"caption\":\"BONG COLD SMOKE VOLANS 30CM\"},{\"@type\":\"BreadcrumbList\",\"@id\":\"https:\\\/\\\/www.smokershop.es\\\/index.php\\\/producto\\\/bong-cold-smoke-volans-30cm\\\/#breadcrumb\",\"itemListElement\":[{\"@type\":\"ListItem\",\"position\":1,\"name\":\"Portada\",\"item\":\"https:\\\/\\\/www.smokershop.es\\\/\"},{\"@type\":\"ListItem\",\"position\":2,\"name\":\"The Shop\",\"item\":\"https:\\\/\\\/www.smokershop.es\\\/index.php\\\/shop\\\/\"},{\"@type\":\"ListItem\",\"position\":3,\"name\":\"BONG COLD SMOKE VOLANS 30CM\"}]},{\"@type\":\"WebSite\",\"@id\":\"https:\\\/\\\/www.smokershop.es\\\/#website\",\"url\":\"https:\\\/\\\/www.smokershop.es\\\/\",\"name\":\"The Smoker&#039;s Shop\",\"description\":\"Todo para los fumadores\",\"publisher\":{\"@id\":\"https:\\\/\\\/www.smokershop.es\\\/#organization\"},\"potentialAction\":[{\"@type\":\"SearchAction\",\"target\":{\"@type\":\"EntryPoint\",\"urlTemplate\":\"https:\\\/\\\/www.smokershop.es\\\/?s={search_term_string}\"},\"query-input\":{\"@type\":\"PropertyValueSpecification\",\"valueRequired\":true,\"valueName\":\"search_term_string\"}}],\"inLanguage\":\"es\"},{\"@type\":\"Organization\",\"@id\":\"https:\\\/\\\/www.smokershop.es\\\/#organization\",\"name\":\"The Smoker&#039;s Shop\",\"url\":\"https:\\\/\\\/www.smokershop.es\\\/\",\"logo\":{\"@type\":\"ImageObject\",\"inLanguage\":\"es\",\"@id\":\"https:\\\/\\\/www.smokershop.es\\\/#\\\/schema\\\/logo\\\/image\\\/\",\"url\":\"https:\\\/\\\/www.smokershop.es\\\/wp-content\\\/uploads\\\/2023\\\/10\\\/smokershop-logo.png\",\"contentUrl\":\"https:\\\/\\\/www.smokershop.es\\\/wp-content\\\/uploads\\\/2023\\\/10\\\/smokershop-logo.png\",\"width\":1711,\"height\":752,\"caption\":\"The Smoker&#039;s Shop\"},\"image\":{\"@id\":\"https:\\\/\\\/www.smokershop.es\\\/#\\\/schema\\\/logo\\\/image\\\/\"},\"sameAs\":[\"https:\\\/\\\/www.instagram.com\\\/thesmokersshopofficial\"]}]}<\/script>\n<!-- \/ Yoast SEO plugin. -->","yoast_head_json":{"title":"BONG COLD SMOKE VOLANS 30CM - The Smoker&#039;s Shop","description":"BONG COLD SMOKE VOLANS 30CM bong de vidrio borosilicato, dise\u00f1o ergon\u00f3mico, con percolador interno que mejora la filtraci\u00f3n y enfriamiento del humo.","robots":{"index":"index","follow":"follow","max-snippet":"max-snippet:-1","max-image-preview":"max-image-preview:large","max-video-preview":"max-video-preview:-1"},"canonical":"https:\/\/www.smokershop.es\/index.php\/producto\/bong-cold-smoke-volans-30cm\/","og_locale":"es_ES","og_type":"article","og_title":"BONG COLD SMOKE VOLANS 30CM - The Smoker&#039;s Shop","og_description":"BONG COLD SMOKE VOLANS 30CM bong de vidrio borosilicato, dise\u00f1o ergon\u00f3mico, con percolador interno que mejora la filtraci\u00f3n y enfriamiento del humo.","og_url":"https:\/\/www.smokershop.es\/index.php\/producto\/bong-cold-smoke-volans-30cm\/","og_site_name":"The Smoker&#039;s Shop","article_modified_time":"2026-04-15T18:04:57+00:00","og_image":[{"width":570,"height":570,"url":"https:\/\/www.smokershop.es\/wp-content\/uploads\/2025\/11\/SuperSmoker_Bong_Cold_Smoke_Volcans_blanco_PBO.026-30.jpg","type":"image\/jpeg"}],"twitter_card":"summary_large_image","twitter_misc":{"Tiempo de lectura":"1 minuto"},"schema":{"@context":"https:\/\/schema.org","@graph":[{"@type":"WebPage","@id":"https:\/\/www.smokershop.es\/index.php\/producto\/bong-cold-smoke-volans-30cm\/","url":"https:\/\/www.smokershop.es\/index.php\/producto\/bong-cold-smoke-volans-30cm\/","name":"BONG COLD SMOKE VOLANS 30CM - The Smoker&#039;s Shop","isPartOf":{"@id":"https:\/\/www.smokershop.es\/#website"},"primaryImageOfPage":{"@id":"https:\/\/www.smokershop.es\/index.php\/producto\/bong-cold-smoke-volans-30cm\/#primaryimage"},"image":{"@id":"https:\/\/www.smokershop.es\/index.php\/producto\/bong-cold-smoke-volans-30cm\/#primaryimage"},"thumbnailUrl":"https:\/\/www.smokershop.es\/wp-content\/uploads\/2025\/11\/SuperSmoker_Bong_Cold_Smoke_Volcans_blanco_PBO.026-30.jpg","datePublished":"2025-11-11T13:24:27+00:00","dateModified":"2026-04-15T18:04:57+00:00","description":"BONG COLD SMOKE VOLANS 30CM bong de vidrio borosilicato, dise\u00f1o ergon\u00f3mico, con percolador interno que mejora la filtraci\u00f3n y enfriamiento del humo.","breadcrumb":{"@id":"https:\/\/www.smokershop.es\/index.php\/producto\/bong-cold-smoke-volans-30cm\/#breadcrumb"},"inLanguage":"es","potentialAction":[{"@type":"ReadAction","target":["https:\/\/www.smokershop.es\/index.php\/producto\/bong-cold-smoke-volans-30cm\/"]}]},{"@type":"ImageObject","inLanguage":"es","@id":"https:\/\/www.smokershop.es\/index.php\/producto\/bong-cold-smoke-volans-30cm\/#primaryimage","url":"https:\/\/www.smokershop.es\/wp-content\/uploads\/2025\/11\/SuperSmoker_Bong_Cold_Smoke_Volcans_blanco_PBO.026-30.jpg","contentUrl":"https:\/\/www.smokershop.es\/wp-content\/uploads\/2025\/11\/SuperSmoker_Bong_Cold_Smoke_Volcans_blanco_PBO.026-30.jpg","width":570,"height":570,"caption":"BONG COLD SMOKE VOLANS 30CM"},{"@type":"BreadcrumbList","@id":"https:\/\/www.smokershop.es\/index.php\/producto\/bong-cold-smoke-volans-30cm\/#breadcrumb","itemListElement":[{"@type":"ListItem","position":1,"name":"Portada","item":"https:\/\/www.smokershop.es\/"},{"@type":"ListItem","position":2,"name":"The Shop","item":"https:\/\/www.smokershop.es\/index.php\/shop\/"},{"@type":"ListItem","position":3,"name":"BONG COLD SMOKE VOLANS 30CM"}]},{"@type":"WebSite","@id":"https:\/\/www.smokershop.es\/#website","url":"https:\/\/www.smokershop.es\/","name":"The Smoker&#039;s Shop","description":"Todo para los fumadores","publisher":{"@id":"https:\/\/www.smokershop.es\/#organization"},"potentialAction":[{"@type":"SearchAction","target":{"@type":"EntryPoint","urlTemplate":"https:\/\/www.smokershop.es\/?s={search_term_string}"},"query-input":{"@type":"PropertyValueSpecification","valueRequired":true,"valueName":"search_term_string"}}],"inLanguage":"es"},{"@type":"Organization","@id":"https:\/\/www.smokershop.es\/#organization","name":"The Smoker&#039;s Shop","url":"https:\/\/www.smokershop.es\/","logo":{"@type":"ImageObject","inLanguage":"es","@id":"https:\/\/www.smokershop.es\/#\/schema\/logo\/image\/","url":"https:\/\/www.smokershop.es\/wp-content\/uploads\/2023\/10\/smokershop-logo.png","contentUrl":"https:\/\/www.smokershop.es\/wp-content\/uploads\/2023\/10\/smokershop-logo.png","width":1711,"height":752,"caption":"The Smoker&#039;s Shop"},"image":{"@id":"https:\/\/www.smokershop.es\/#\/schema\/logo\/image\/"},"sameAs":["https:\/\/www.instagram.com\/thesmokersshopofficial"]}]}},"_links":{"self":[{"href":"https:\/\/www.smokershop.es\/index.php\/wp-json\/wp\/v2\/product\/3613","targetHints":{"allow":["GET"]}}],"collection":[{"href":"https:\/\/www.smokershop.es\/index.php\/wp-json\/wp\/v2\/product"}],"about":[{"href":"https:\/\/www.smokershop.es\/index.php\/wp-json\/wp\/v2\/types\/product"}],"wp:featuredmedia":[{"embeddable":true,"href":"https:\/\/www.smokershop.es\/index.php\/wp-json\/wp\/v2\/media\/3614"}],"wp:attachment":[{"href":"https:\/\/www.smokershop.es\/index.php\/wp-json\/wp\/v2\/media?parent=3613"}],"wp:term":[{"taxonomy":"product_brand","embeddable":true,"href":"https:\/\/www.smokershop.es\/index.php\/wp-json\/wp\/v2\/product_brand?post=3613"},{"taxonomy":"product_cat","embeddable":true,"href":"https:\/\/www.smokershop.es\/index.php\/wp-json\/wp\/v2\/product_cat?post=3613"},{"taxonomy":"product_tag","embeddable":true,"href":"https:\/\/www.smokershop.es\/index.php\/wp-json\/wp\/v2\/product_tag?post=3613"}],"curies":[{"name":"wp","href":"https:\/\/api.w.org\/{rel}","templated":true}]}}