{"id":3616,"date":"2025-11-12T14:14:34","date_gmt":"2025-11-12T13:14:34","guid":{"rendered":"https:\/\/www.smokershop.es\/?post_type=product&#038;p=3616"},"modified":"2026-04-10T02:06:15","modified_gmt":"2026-04-10T00:06:15","slug":"jays-hemp-wraps","status":"publish","type":"product","link":"https:\/\/www.smokershop.es\/index.php\/producto\/jays-hemp-wraps\/","title":{"rendered":"JAYS HEMP WRAPS"},"content":{"rendered":"<p data-start=\"232\" data-end=\"559\">Dale un toque premium a tus sesiones con Jays Hemp Wraps, los wraps de c\u00e1\u00f1amo 100% natural sin perder ese placer de liar a tu estilo. Libres de nicotina y aditivos, est\u00e1n elaborados con c\u00e1\u00f1amo prensado de alta calidad para ofrecer una combusti\u00f3n lenta, uniforme y con un sabor limpio y aut\u00e9ntico.<\/p>\n<p data-start=\"561\" data-end=\"823\">Cada pack contiene 2 wraps listos para usar, frescos, flexibles y f\u00e1ciles de manejar, con una textura suave y resistente para un liado perfecto. Disponibles en una amplia variedad de sabores,\u00a0 mezclas dulces y afrutadas, para que elijas el que mejor combine con tu hierba favorita.<\/p>\n<p data-start=\"1101\" data-end=\"1287\">Perfectos para quienes buscan una alternativa m\u00e1s natural al blunt tradicional. Con Jays Hemp Wraps, disfruta de una experiencia m\u00e1s pura, m\u00e1s sabrosa y totalmente libre de tabaco.<\/p>\n","protected":false},"excerpt":{"rendered":"<ul>\n<li>Papel Blunt de c\u00e1\u00f1amo 100% natural, flexibles, frescos y f\u00e1ciles de liar.<\/li>\n<li>Disponibles en una amplia variedad de sabores.<\/li>\n<li>Cada envase contiene 2 conos.<\/li>\n<\/ul>\n<ul>\n<li><em>FORMATO PRO -&gt; DISPLAY x24<\/em><\/li>\n<li><strong>\u2b07\ufe0f PRECIOS MAYORISTA PARA PROFESIONALES \u2b07\ufe0f<\/strong><\/li>\n<\/ul>\n<p style=\"padding-left: 160px;\"><strong><a href=\"https:\/\/www.smokershop.es\/index.php\/register\/\" target=\"_blank\" rel=\"noopener\">\ud83d\udc49 REGISTRATE AQUI \ud83d\udc48<\/a><\/strong><\/p>\n<p>&nbsp;<\/p>\n","protected":false},"featured_media":3666,"template":"","meta":{"_joinchat":[]},"product_brand":[],"product_cat":[44,40],"product_tag":[],"class_list":{"0":"post-3616","1":"product","2":"type-product","3":"status-publish","4":"has-post-thumbnail","6":"product_cat-otros","7":"product_cat-papel-de-fumar","9":"first","10":"instock","11":"taxable","12":"shipping-taxable","13":"purchasable","14":"product-type-variable"},"yoast_head":"<!-- This site is optimized with the Yoast SEO plugin v27.4 - https:\/\/yoast.com\/product\/yoast-seo-wordpress\/ -->\n<title>JAYS HEMP WRAPS - The Smoker&#039;s Shop<\/title>\n<meta name=\"description\" content=\"JAYS HEMP WRAPS los wraps de c\u00e1\u00f1amo 100% natural, listos para usar, frescos, flexibles y f\u00e1ciles de manejar y con una amplia variedad de sabores.\" \/>\n<meta name=\"robots\" content=\"index, follow, max-snippet:-1, max-image-preview:large, max-video-preview:-1\" \/>\n<link rel=\"canonical\" href=\"https:\/\/www.smokershop.es\/index.php\/producto\/jays-hemp-wraps\/\" \/>\n<meta property=\"og:locale\" content=\"es_ES\" \/>\n<meta property=\"og:type\" content=\"article\" \/>\n<meta property=\"og:title\" content=\"JAYS HEMP WRAPS - The Smoker&#039;s Shop\" \/>\n<meta property=\"og:description\" content=\"JAYS HEMP WRAPS los wraps de c\u00e1\u00f1amo 100% natural, listos para usar, frescos, flexibles y f\u00e1ciles de manejar y con una amplia variedad de sabores.\" \/>\n<meta property=\"og:url\" content=\"https:\/\/www.smokershop.es\/index.php\/producto\/jays-hemp-wraps\/\" \/>\n<meta property=\"og:site_name\" content=\"The Smoker&#039;s Shop\" \/>\n<meta property=\"article:modified_time\" content=\"2026-04-10T00:06:15+00:00\" \/>\n<meta property=\"og:image\" content=\"https:\/\/www.smokershop.es\/wp-content\/uploads\/2025\/11\/jays-flavour-web.jpg\" \/>\n\t<meta property=\"og:image:width\" content=\"1350\" \/>\n\t<meta property=\"og:image:height\" content=\"1350\" \/>\n\t<meta property=\"og:image:type\" content=\"image\/jpeg\" \/>\n<meta name=\"twitter:card\" content=\"summary_large_image\" \/>\n<meta name=\"twitter:label1\" content=\"Tiempo de lectura\" \/>\n\t<meta name=\"twitter:data1\" content=\"1 minuto\" \/>\n<script type=\"application\/ld+json\" class=\"yoast-schema-graph\">{\"@context\":\"https:\\\/\\\/schema.org\",\"@graph\":[{\"@type\":\"WebPage\",\"@id\":\"https:\\\/\\\/www.smokershop.es\\\/index.php\\\/producto\\\/jays-hemp-wraps\\\/\",\"url\":\"https:\\\/\\\/www.smokershop.es\\\/index.php\\\/producto\\\/jays-hemp-wraps\\\/\",\"name\":\"JAYS HEMP WRAPS - The Smoker&#039;s Shop\",\"isPartOf\":{\"@id\":\"https:\\\/\\\/www.smokershop.es\\\/#website\"},\"primaryImageOfPage\":{\"@id\":\"https:\\\/\\\/www.smokershop.es\\\/index.php\\\/producto\\\/jays-hemp-wraps\\\/#primaryimage\"},\"image\":{\"@id\":\"https:\\\/\\\/www.smokershop.es\\\/index.php\\\/producto\\\/jays-hemp-wraps\\\/#primaryimage\"},\"thumbnailUrl\":\"https:\\\/\\\/www.smokershop.es\\\/wp-content\\\/uploads\\\/2025\\\/11\\\/jays-flavour-web.jpg\",\"datePublished\":\"2025-11-12T13:14:34+00:00\",\"dateModified\":\"2026-04-10T00:06:15+00:00\",\"description\":\"JAYS HEMP WRAPS los wraps de c\u00e1\u00f1amo 100% natural, listos para usar, frescos, flexibles y f\u00e1ciles de manejar y con una amplia variedad de sabores.\",\"breadcrumb\":{\"@id\":\"https:\\\/\\\/www.smokershop.es\\\/index.php\\\/producto\\\/jays-hemp-wraps\\\/#breadcrumb\"},\"inLanguage\":\"es\",\"potentialAction\":[{\"@type\":\"ReadAction\",\"target\":[\"https:\\\/\\\/www.smokershop.es\\\/index.php\\\/producto\\\/jays-hemp-wraps\\\/\"]}]},{\"@type\":\"ImageObject\",\"inLanguage\":\"es\",\"@id\":\"https:\\\/\\\/www.smokershop.es\\\/index.php\\\/producto\\\/jays-hemp-wraps\\\/#primaryimage\",\"url\":\"https:\\\/\\\/www.smokershop.es\\\/wp-content\\\/uploads\\\/2025\\\/11\\\/jays-flavour-web.jpg\",\"contentUrl\":\"https:\\\/\\\/www.smokershop.es\\\/wp-content\\\/uploads\\\/2025\\\/11\\\/jays-flavour-web.jpg\",\"width\":1350,\"height\":1350,\"caption\":\"JAYS HEMP WRAPS\"},{\"@type\":\"BreadcrumbList\",\"@id\":\"https:\\\/\\\/www.smokershop.es\\\/index.php\\\/producto\\\/jays-hemp-wraps\\\/#breadcrumb\",\"itemListElement\":[{\"@type\":\"ListItem\",\"position\":1,\"name\":\"Portada\",\"item\":\"https:\\\/\\\/www.smokershop.es\\\/\"},{\"@type\":\"ListItem\",\"position\":2,\"name\":\"The Shop\",\"item\":\"https:\\\/\\\/www.smokershop.es\\\/index.php\\\/shop\\\/\"},{\"@type\":\"ListItem\",\"position\":3,\"name\":\"JAYS HEMP WRAPS\"}]},{\"@type\":\"WebSite\",\"@id\":\"https:\\\/\\\/www.smokershop.es\\\/#website\",\"url\":\"https:\\\/\\\/www.smokershop.es\\\/\",\"name\":\"The Smoker&#039;s Shop\",\"description\":\"Todo para los fumadores\",\"publisher\":{\"@id\":\"https:\\\/\\\/www.smokershop.es\\\/#organization\"},\"potentialAction\":[{\"@type\":\"SearchAction\",\"target\":{\"@type\":\"EntryPoint\",\"urlTemplate\":\"https:\\\/\\\/www.smokershop.es\\\/?s={search_term_string}\"},\"query-input\":{\"@type\":\"PropertyValueSpecification\",\"valueRequired\":true,\"valueName\":\"search_term_string\"}}],\"inLanguage\":\"es\"},{\"@type\":\"Organization\",\"@id\":\"https:\\\/\\\/www.smokershop.es\\\/#organization\",\"name\":\"The Smoker&#039;s Shop\",\"url\":\"https:\\\/\\\/www.smokershop.es\\\/\",\"logo\":{\"@type\":\"ImageObject\",\"inLanguage\":\"es\",\"@id\":\"https:\\\/\\\/www.smokershop.es\\\/#\\\/schema\\\/logo\\\/image\\\/\",\"url\":\"https:\\\/\\\/www.smokershop.es\\\/wp-content\\\/uploads\\\/2023\\\/10\\\/smokershop-logo.png\",\"contentUrl\":\"https:\\\/\\\/www.smokershop.es\\\/wp-content\\\/uploads\\\/2023\\\/10\\\/smokershop-logo.png\",\"width\":1711,\"height\":752,\"caption\":\"The Smoker&#039;s Shop\"},\"image\":{\"@id\":\"https:\\\/\\\/www.smokershop.es\\\/#\\\/schema\\\/logo\\\/image\\\/\"},\"sameAs\":[\"https:\\\/\\\/www.instagram.com\\\/thesmokersshopofficial\"]}]}<\/script>\n<!-- \/ Yoast SEO plugin. -->","yoast_head_json":{"title":"JAYS HEMP WRAPS - The Smoker&#039;s Shop","description":"JAYS HEMP WRAPS los wraps de c\u00e1\u00f1amo 100% natural, listos para usar, frescos, flexibles y f\u00e1ciles de manejar y con una amplia variedad de sabores.","robots":{"index":"index","follow":"follow","max-snippet":"max-snippet:-1","max-image-preview":"max-image-preview:large","max-video-preview":"max-video-preview:-1"},"canonical":"https:\/\/www.smokershop.es\/index.php\/producto\/jays-hemp-wraps\/","og_locale":"es_ES","og_type":"article","og_title":"JAYS HEMP WRAPS - The Smoker&#039;s Shop","og_description":"JAYS HEMP WRAPS los wraps de c\u00e1\u00f1amo 100% natural, listos para usar, frescos, flexibles y f\u00e1ciles de manejar y con una amplia variedad de sabores.","og_url":"https:\/\/www.smokershop.es\/index.php\/producto\/jays-hemp-wraps\/","og_site_name":"The Smoker&#039;s Shop","article_modified_time":"2026-04-10T00:06:15+00:00","og_image":[{"width":1350,"height":1350,"url":"https:\/\/www.smokershop.es\/wp-content\/uploads\/2025\/11\/jays-flavour-web.jpg","type":"image\/jpeg"}],"twitter_card":"summary_large_image","twitter_misc":{"Tiempo de lectura":"1 minuto"},"schema":{"@context":"https:\/\/schema.org","@graph":[{"@type":"WebPage","@id":"https:\/\/www.smokershop.es\/index.php\/producto\/jays-hemp-wraps\/","url":"https:\/\/www.smokershop.es\/index.php\/producto\/jays-hemp-wraps\/","name":"JAYS HEMP WRAPS - The Smoker&#039;s Shop","isPartOf":{"@id":"https:\/\/www.smokershop.es\/#website"},"primaryImageOfPage":{"@id":"https:\/\/www.smokershop.es\/index.php\/producto\/jays-hemp-wraps\/#primaryimage"},"image":{"@id":"https:\/\/www.smokershop.es\/index.php\/producto\/jays-hemp-wraps\/#primaryimage"},"thumbnailUrl":"https:\/\/www.smokershop.es\/wp-content\/uploads\/2025\/11\/jays-flavour-web.jpg","datePublished":"2025-11-12T13:14:34+00:00","dateModified":"2026-04-10T00:06:15+00:00","description":"JAYS HEMP WRAPS los wraps de c\u00e1\u00f1amo 100% natural, listos para usar, frescos, flexibles y f\u00e1ciles de manejar y con una amplia variedad de sabores.","breadcrumb":{"@id":"https:\/\/www.smokershop.es\/index.php\/producto\/jays-hemp-wraps\/#breadcrumb"},"inLanguage":"es","potentialAction":[{"@type":"ReadAction","target":["https:\/\/www.smokershop.es\/index.php\/producto\/jays-hemp-wraps\/"]}]},{"@type":"ImageObject","inLanguage":"es","@id":"https:\/\/www.smokershop.es\/index.php\/producto\/jays-hemp-wraps\/#primaryimage","url":"https:\/\/www.smokershop.es\/wp-content\/uploads\/2025\/11\/jays-flavour-web.jpg","contentUrl":"https:\/\/www.smokershop.es\/wp-content\/uploads\/2025\/11\/jays-flavour-web.jpg","width":1350,"height":1350,"caption":"JAYS HEMP WRAPS"},{"@type":"BreadcrumbList","@id":"https:\/\/www.smokershop.es\/index.php\/producto\/jays-hemp-wraps\/#breadcrumb","itemListElement":[{"@type":"ListItem","position":1,"name":"Portada","item":"https:\/\/www.smokershop.es\/"},{"@type":"ListItem","position":2,"name":"The Shop","item":"https:\/\/www.smokershop.es\/index.php\/shop\/"},{"@type":"ListItem","position":3,"name":"JAYS HEMP WRAPS"}]},{"@type":"WebSite","@id":"https:\/\/www.smokershop.es\/#website","url":"https:\/\/www.smokershop.es\/","name":"The Smoker&#039;s Shop","description":"Todo para los fumadores","publisher":{"@id":"https:\/\/www.smokershop.es\/#organization"},"potentialAction":[{"@type":"SearchAction","target":{"@type":"EntryPoint","urlTemplate":"https:\/\/www.smokershop.es\/?s={search_term_string}"},"query-input":{"@type":"PropertyValueSpecification","valueRequired":true,"valueName":"search_term_string"}}],"inLanguage":"es"},{"@type":"Organization","@id":"https:\/\/www.smokershop.es\/#organization","name":"The Smoker&#039;s Shop","url":"https:\/\/www.smokershop.es\/","logo":{"@type":"ImageObject","inLanguage":"es","@id":"https:\/\/www.smokershop.es\/#\/schema\/logo\/image\/","url":"https:\/\/www.smokershop.es\/wp-content\/uploads\/2023\/10\/smokershop-logo.png","contentUrl":"https:\/\/www.smokershop.es\/wp-content\/uploads\/2023\/10\/smokershop-logo.png","width":1711,"height":752,"caption":"The Smoker&#039;s Shop"},"image":{"@id":"https:\/\/www.smokershop.es\/#\/schema\/logo\/image\/"},"sameAs":["https:\/\/www.instagram.com\/thesmokersshopofficial"]}]}},"_links":{"self":[{"href":"https:\/\/www.smokershop.es\/index.php\/wp-json\/wp\/v2\/product\/3616","targetHints":{"allow":["GET"]}}],"collection":[{"href":"https:\/\/www.smokershop.es\/index.php\/wp-json\/wp\/v2\/product"}],"about":[{"href":"https:\/\/www.smokershop.es\/index.php\/wp-json\/wp\/v2\/types\/product"}],"wp:featuredmedia":[{"embeddable":true,"href":"https:\/\/www.smokershop.es\/index.php\/wp-json\/wp\/v2\/media\/3666"}],"wp:attachment":[{"href":"https:\/\/www.smokershop.es\/index.php\/wp-json\/wp\/v2\/media?parent=3616"}],"wp:term":[{"taxonomy":"product_brand","embeddable":true,"href":"https:\/\/www.smokershop.es\/index.php\/wp-json\/wp\/v2\/product_brand?post=3616"},{"taxonomy":"product_cat","embeddable":true,"href":"https:\/\/www.smokershop.es\/index.php\/wp-json\/wp\/v2\/product_cat?post=3616"},{"taxonomy":"product_tag","embeddable":true,"href":"https:\/\/www.smokershop.es\/index.php\/wp-json\/wp\/v2\/product_tag?post=3616"}],"curies":[{"name":"wp","href":"https:\/\/api.w.org\/{rel}","templated":true}]}}