{"id":3685,"date":"2025-11-17T14:48:59","date_gmt":"2025-11-17T13:48:59","guid":{"rendered":"https:\/\/www.smokershop.es\/?post_type=product&#038;p=3685"},"modified":"2026-04-10T02:40:55","modified_gmt":"2026-04-10T00:40:55","slug":"dr-whisk3rz-king-size-tips","status":"publish","type":"product","link":"https:\/\/www.smokershop.es\/index.php\/producto\/dr-whisk3rz-king-size-tips\/","title":{"rendered":"DR. WHISK3RZ KING SIZE + TIPS"},"content":{"rendered":"<p>DR. WHISK3RZ KING SIZE + TIPS DR.<\/p>\n<p data-start=\"270\" data-end=\"545\">Descubre por fin toda la parafernalia del Dr. Whisk3rz que llega para convertirse en tus nuevos favoritos. Dise\u00f1ados con la divertida imagen de personaje Dr. Wisk3rs y un c\u00f3digo de autenticidad, perfectos para quienes valoran una experiencia de fumado suave, uniforme y sin sabores a\u00f1adidos, estos papeles King Size combinan materiales de primera calidad con un estilo \u00fanico.<\/p>\n<p data-start=\"547\" data-end=\"788\">Fabricados con fibras naturales y una goma vegetal ultra fina, garantizan una combusti\u00f3n equilibrada que resalta el sabor original de tu mezcla, sin blanqueantes ni colorantes qu\u00edmicos ni presencia de OGM. Su textura ligera facilita el liado, incluso para quienes buscan un acabado firme y profesional.<\/p>\n<p>El pack DR. WHISK3RZ KING SIZE + TIPS contiene un librillo de papel tama\u00f1o King Size, rosa, con 50 hojas. Tambi\u00e9n 50 filtros de cart\u00f3n troquelados tanto en horizontal como en vertical, para facilitar su uso y mejorar su filtrado. Y cuenta con un peque\u00f1o bastoncillo de bamb\u00fa para prensar tus cigarrillos.<\/p>\n<p>&nbsp;<\/p>\n","protected":false},"excerpt":{"rendered":"<ul>\n<li>Pack que incluye un librillo de 50 papeles rosas de tama\u00f1o king size, 100% natural sin aditivos ni colorantes qu\u00edmicos y de combusti\u00f3n lenta y uniforme.<\/li>\n<li>50 filtros de cart\u00f3n rosa troquelados, para facilitar su uso y mejorar su filtrado,de 55 x 25 mm.<\/li>\n<li>Palito de bamb\u00fa incluido en el pack para prensar los cigarrillos.<\/li>\n<li>Cierre imantado \ud83e\uddf2<\/li>\n<\/ul>\n<p>&nbsp;<\/p>\n<ul>\n<li><em>FORMATO PRO -&gt; DISPLAY x24<\/em><\/li>\n<li><strong>\u2b07\ufe0f PRECIOS MAYORISTA PARA PROFESIONALES \u2b07\ufe0f<\/strong><\/li>\n<\/ul>\n<p style=\"padding-left: 160px;\"><strong><a href=\"https:\/\/www.smokershop.es\/index.php\/register\/\" target=\"_blank\" rel=\"noopener\">\ud83d\udc49 REGISTRATE AQUI \ud83d\udc48<\/a><\/strong><\/p>\n<p>&nbsp;<\/p>\n<p>&nbsp;<\/p>\n<p>&nbsp;<\/p>\n<p>&nbsp;<\/p>\n","protected":false},"featured_media":3712,"template":"","meta":{"_joinchat":[]},"product_brand":[],"product_cat":[40,42,66],"product_tag":[],"class_list":{"0":"post-3685","1":"product","2":"type-product","3":"status-publish","4":"has-post-thumbnail","6":"product_cat-papel-de-fumar","7":"product_cat-papel-king-size","8":"product_cat-papel-king-size-tips-papel-king-size","10":"first","11":"instock","12":"taxable","13":"shipping-taxable","14":"purchasable","15":"product-type-simple"},"yoast_head":"<!-- This site is optimized with the Yoast SEO plugin v27.4 - https:\/\/yoast.com\/product\/yoast-seo-wordpress\/ -->\n<title>DR. WHISK3RZ KING SIZE + TIPS - The Smoker&#039;s Shop<\/title>\n<meta name=\"description\" content=\"DR. WHISK3RZ KING SIZE + TIPS librillo de 50 hojas rosas de tama\u00f1o king size, 50 filtros de cart\u00f3n rosa troquelados y un bastoncillo de bamb\u00fa para prensar.\" \/>\n<meta name=\"robots\" content=\"index, follow, max-snippet:-1, max-image-preview:large, max-video-preview:-1\" \/>\n<link rel=\"canonical\" href=\"https:\/\/www.smokershop.es\/index.php\/producto\/dr-whisk3rz-king-size-tips\/\" \/>\n<meta property=\"og:locale\" content=\"es_ES\" \/>\n<meta property=\"og:type\" content=\"article\" \/>\n<meta property=\"og:title\" content=\"DR. WHISK3RZ KING SIZE + TIPS - The Smoker&#039;s Shop\" \/>\n<meta property=\"og:description\" content=\"DR. WHISK3RZ KING SIZE + TIPS librillo de 50 hojas rosas de tama\u00f1o king size, 50 filtros de cart\u00f3n rosa troquelados y un bastoncillo de bamb\u00fa para prensar.\" \/>\n<meta property=\"og:url\" content=\"https:\/\/www.smokershop.es\/index.php\/producto\/dr-whisk3rz-king-size-tips\/\" \/>\n<meta property=\"og:site_name\" content=\"The Smoker&#039;s Shop\" \/>\n<meta property=\"article:modified_time\" content=\"2026-04-10T00:40:55+00:00\" \/>\n<meta property=\"og:image\" content=\"https:\/\/www.smokershop.es\/wp-content\/uploads\/2025\/11\/papel-de-fumar-g-rollz-drwhiskerz-tips-2.jpg\" \/>\n\t<meta property=\"og:image:width\" content=\"600\" \/>\n\t<meta property=\"og:image:height\" content=\"600\" \/>\n\t<meta property=\"og:image:type\" content=\"image\/jpeg\" \/>\n<meta name=\"twitter:card\" content=\"summary_large_image\" \/>\n<meta name=\"twitter:label1\" content=\"Tiempo de lectura\" \/>\n\t<meta name=\"twitter:data1\" content=\"1 minuto\" \/>\n<script type=\"application\/ld+json\" class=\"yoast-schema-graph\">{\"@context\":\"https:\\\/\\\/schema.org\",\"@graph\":[{\"@type\":\"WebPage\",\"@id\":\"https:\\\/\\\/www.smokershop.es\\\/index.php\\\/producto\\\/dr-whisk3rz-king-size-tips\\\/\",\"url\":\"https:\\\/\\\/www.smokershop.es\\\/index.php\\\/producto\\\/dr-whisk3rz-king-size-tips\\\/\",\"name\":\"DR. WHISK3RZ KING SIZE + TIPS - The Smoker&#039;s Shop\",\"isPartOf\":{\"@id\":\"https:\\\/\\\/www.smokershop.es\\\/#website\"},\"primaryImageOfPage\":{\"@id\":\"https:\\\/\\\/www.smokershop.es\\\/index.php\\\/producto\\\/dr-whisk3rz-king-size-tips\\\/#primaryimage\"},\"image\":{\"@id\":\"https:\\\/\\\/www.smokershop.es\\\/index.php\\\/producto\\\/dr-whisk3rz-king-size-tips\\\/#primaryimage\"},\"thumbnailUrl\":\"https:\\\/\\\/www.smokershop.es\\\/wp-content\\\/uploads\\\/2025\\\/11\\\/papel-de-fumar-g-rollz-drwhiskerz-tips-2.jpg\",\"datePublished\":\"2025-11-17T13:48:59+00:00\",\"dateModified\":\"2026-04-10T00:40:55+00:00\",\"description\":\"DR. WHISK3RZ KING SIZE + TIPS librillo de 50 hojas rosas de tama\u00f1o king size, 50 filtros de cart\u00f3n rosa troquelados y un bastoncillo de bamb\u00fa para prensar.\",\"breadcrumb\":{\"@id\":\"https:\\\/\\\/www.smokershop.es\\\/index.php\\\/producto\\\/dr-whisk3rz-king-size-tips\\\/#breadcrumb\"},\"inLanguage\":\"es\",\"potentialAction\":[{\"@type\":\"ReadAction\",\"target\":[\"https:\\\/\\\/www.smokershop.es\\\/index.php\\\/producto\\\/dr-whisk3rz-king-size-tips\\\/\"]}]},{\"@type\":\"ImageObject\",\"inLanguage\":\"es\",\"@id\":\"https:\\\/\\\/www.smokershop.es\\\/index.php\\\/producto\\\/dr-whisk3rz-king-size-tips\\\/#primaryimage\",\"url\":\"https:\\\/\\\/www.smokershop.es\\\/wp-content\\\/uploads\\\/2025\\\/11\\\/papel-de-fumar-g-rollz-drwhiskerz-tips-2.jpg\",\"contentUrl\":\"https:\\\/\\\/www.smokershop.es\\\/wp-content\\\/uploads\\\/2025\\\/11\\\/papel-de-fumar-g-rollz-drwhiskerz-tips-2.jpg\",\"width\":600,\"height\":600,\"caption\":\"DR. WHISK3RZ KING SIXE + TIPS\"},{\"@type\":\"BreadcrumbList\",\"@id\":\"https:\\\/\\\/www.smokershop.es\\\/index.php\\\/producto\\\/dr-whisk3rz-king-size-tips\\\/#breadcrumb\",\"itemListElement\":[{\"@type\":\"ListItem\",\"position\":1,\"name\":\"Portada\",\"item\":\"https:\\\/\\\/www.smokershop.es\\\/\"},{\"@type\":\"ListItem\",\"position\":2,\"name\":\"The Shop\",\"item\":\"https:\\\/\\\/www.smokershop.es\\\/index.php\\\/shop\\\/\"},{\"@type\":\"ListItem\",\"position\":3,\"name\":\"DR. WHISK3RZ KING SIZE + TIPS\"}]},{\"@type\":\"WebSite\",\"@id\":\"https:\\\/\\\/www.smokershop.es\\\/#website\",\"url\":\"https:\\\/\\\/www.smokershop.es\\\/\",\"name\":\"The Smoker&#039;s Shop\",\"description\":\"Todo para los fumadores\",\"publisher\":{\"@id\":\"https:\\\/\\\/www.smokershop.es\\\/#organization\"},\"potentialAction\":[{\"@type\":\"SearchAction\",\"target\":{\"@type\":\"EntryPoint\",\"urlTemplate\":\"https:\\\/\\\/www.smokershop.es\\\/?s={search_term_string}\"},\"query-input\":{\"@type\":\"PropertyValueSpecification\",\"valueRequired\":true,\"valueName\":\"search_term_string\"}}],\"inLanguage\":\"es\"},{\"@type\":\"Organization\",\"@id\":\"https:\\\/\\\/www.smokershop.es\\\/#organization\",\"name\":\"The Smoker&#039;s Shop\",\"url\":\"https:\\\/\\\/www.smokershop.es\\\/\",\"logo\":{\"@type\":\"ImageObject\",\"inLanguage\":\"es\",\"@id\":\"https:\\\/\\\/www.smokershop.es\\\/#\\\/schema\\\/logo\\\/image\\\/\",\"url\":\"https:\\\/\\\/www.smokershop.es\\\/wp-content\\\/uploads\\\/2023\\\/10\\\/smokershop-logo.png\",\"contentUrl\":\"https:\\\/\\\/www.smokershop.es\\\/wp-content\\\/uploads\\\/2023\\\/10\\\/smokershop-logo.png\",\"width\":1711,\"height\":752,\"caption\":\"The Smoker&#039;s Shop\"},\"image\":{\"@id\":\"https:\\\/\\\/www.smokershop.es\\\/#\\\/schema\\\/logo\\\/image\\\/\"},\"sameAs\":[\"https:\\\/\\\/www.instagram.com\\\/thesmokersshopofficial\"]}]}<\/script>\n<!-- \/ Yoast SEO plugin. -->","yoast_head_json":{"title":"DR. WHISK3RZ KING SIZE + TIPS - The Smoker&#039;s Shop","description":"DR. WHISK3RZ KING SIZE + TIPS librillo de 50 hojas rosas de tama\u00f1o king size, 50 filtros de cart\u00f3n rosa troquelados y un bastoncillo de bamb\u00fa para prensar.","robots":{"index":"index","follow":"follow","max-snippet":"max-snippet:-1","max-image-preview":"max-image-preview:large","max-video-preview":"max-video-preview:-1"},"canonical":"https:\/\/www.smokershop.es\/index.php\/producto\/dr-whisk3rz-king-size-tips\/","og_locale":"es_ES","og_type":"article","og_title":"DR. WHISK3RZ KING SIZE + TIPS - The Smoker&#039;s Shop","og_description":"DR. WHISK3RZ KING SIZE + TIPS librillo de 50 hojas rosas de tama\u00f1o king size, 50 filtros de cart\u00f3n rosa troquelados y un bastoncillo de bamb\u00fa para prensar.","og_url":"https:\/\/www.smokershop.es\/index.php\/producto\/dr-whisk3rz-king-size-tips\/","og_site_name":"The Smoker&#039;s Shop","article_modified_time":"2026-04-10T00:40:55+00:00","og_image":[{"width":600,"height":600,"url":"https:\/\/www.smokershop.es\/wp-content\/uploads\/2025\/11\/papel-de-fumar-g-rollz-drwhiskerz-tips-2.jpg","type":"image\/jpeg"}],"twitter_card":"summary_large_image","twitter_misc":{"Tiempo de lectura":"1 minuto"},"schema":{"@context":"https:\/\/schema.org","@graph":[{"@type":"WebPage","@id":"https:\/\/www.smokershop.es\/index.php\/producto\/dr-whisk3rz-king-size-tips\/","url":"https:\/\/www.smokershop.es\/index.php\/producto\/dr-whisk3rz-king-size-tips\/","name":"DR. WHISK3RZ KING SIZE + TIPS - The Smoker&#039;s Shop","isPartOf":{"@id":"https:\/\/www.smokershop.es\/#website"},"primaryImageOfPage":{"@id":"https:\/\/www.smokershop.es\/index.php\/producto\/dr-whisk3rz-king-size-tips\/#primaryimage"},"image":{"@id":"https:\/\/www.smokershop.es\/index.php\/producto\/dr-whisk3rz-king-size-tips\/#primaryimage"},"thumbnailUrl":"https:\/\/www.smokershop.es\/wp-content\/uploads\/2025\/11\/papel-de-fumar-g-rollz-drwhiskerz-tips-2.jpg","datePublished":"2025-11-17T13:48:59+00:00","dateModified":"2026-04-10T00:40:55+00:00","description":"DR. WHISK3RZ KING SIZE + TIPS librillo de 50 hojas rosas de tama\u00f1o king size, 50 filtros de cart\u00f3n rosa troquelados y un bastoncillo de bamb\u00fa para prensar.","breadcrumb":{"@id":"https:\/\/www.smokershop.es\/index.php\/producto\/dr-whisk3rz-king-size-tips\/#breadcrumb"},"inLanguage":"es","potentialAction":[{"@type":"ReadAction","target":["https:\/\/www.smokershop.es\/index.php\/producto\/dr-whisk3rz-king-size-tips\/"]}]},{"@type":"ImageObject","inLanguage":"es","@id":"https:\/\/www.smokershop.es\/index.php\/producto\/dr-whisk3rz-king-size-tips\/#primaryimage","url":"https:\/\/www.smokershop.es\/wp-content\/uploads\/2025\/11\/papel-de-fumar-g-rollz-drwhiskerz-tips-2.jpg","contentUrl":"https:\/\/www.smokershop.es\/wp-content\/uploads\/2025\/11\/papel-de-fumar-g-rollz-drwhiskerz-tips-2.jpg","width":600,"height":600,"caption":"DR. WHISK3RZ KING SIXE + TIPS"},{"@type":"BreadcrumbList","@id":"https:\/\/www.smokershop.es\/index.php\/producto\/dr-whisk3rz-king-size-tips\/#breadcrumb","itemListElement":[{"@type":"ListItem","position":1,"name":"Portada","item":"https:\/\/www.smokershop.es\/"},{"@type":"ListItem","position":2,"name":"The Shop","item":"https:\/\/www.smokershop.es\/index.php\/shop\/"},{"@type":"ListItem","position":3,"name":"DR. WHISK3RZ KING SIZE + TIPS"}]},{"@type":"WebSite","@id":"https:\/\/www.smokershop.es\/#website","url":"https:\/\/www.smokershop.es\/","name":"The Smoker&#039;s Shop","description":"Todo para los fumadores","publisher":{"@id":"https:\/\/www.smokershop.es\/#organization"},"potentialAction":[{"@type":"SearchAction","target":{"@type":"EntryPoint","urlTemplate":"https:\/\/www.smokershop.es\/?s={search_term_string}"},"query-input":{"@type":"PropertyValueSpecification","valueRequired":true,"valueName":"search_term_string"}}],"inLanguage":"es"},{"@type":"Organization","@id":"https:\/\/www.smokershop.es\/#organization","name":"The Smoker&#039;s Shop","url":"https:\/\/www.smokershop.es\/","logo":{"@type":"ImageObject","inLanguage":"es","@id":"https:\/\/www.smokershop.es\/#\/schema\/logo\/image\/","url":"https:\/\/www.smokershop.es\/wp-content\/uploads\/2023\/10\/smokershop-logo.png","contentUrl":"https:\/\/www.smokershop.es\/wp-content\/uploads\/2023\/10\/smokershop-logo.png","width":1711,"height":752,"caption":"The Smoker&#039;s Shop"},"image":{"@id":"https:\/\/www.smokershop.es\/#\/schema\/logo\/image\/"},"sameAs":["https:\/\/www.instagram.com\/thesmokersshopofficial"]}]}},"_links":{"self":[{"href":"https:\/\/www.smokershop.es\/index.php\/wp-json\/wp\/v2\/product\/3685","targetHints":{"allow":["GET"]}}],"collection":[{"href":"https:\/\/www.smokershop.es\/index.php\/wp-json\/wp\/v2\/product"}],"about":[{"href":"https:\/\/www.smokershop.es\/index.php\/wp-json\/wp\/v2\/types\/product"}],"wp:featuredmedia":[{"embeddable":true,"href":"https:\/\/www.smokershop.es\/index.php\/wp-json\/wp\/v2\/media\/3712"}],"wp:attachment":[{"href":"https:\/\/www.smokershop.es\/index.php\/wp-json\/wp\/v2\/media?parent=3685"}],"wp:term":[{"taxonomy":"product_brand","embeddable":true,"href":"https:\/\/www.smokershop.es\/index.php\/wp-json\/wp\/v2\/product_brand?post=3685"},{"taxonomy":"product_cat","embeddable":true,"href":"https:\/\/www.smokershop.es\/index.php\/wp-json\/wp\/v2\/product_cat?post=3685"},{"taxonomy":"product_tag","embeddable":true,"href":"https:\/\/www.smokershop.es\/index.php\/wp-json\/wp\/v2\/product_tag?post=3685"}],"curies":[{"name":"wp","href":"https:\/\/api.w.org\/{rel}","templated":true}]}}