{"id":376,"date":"2023-03-09T16:23:36","date_gmt":"2023-03-09T15:23:36","guid":{"rendered":"https:\/\/www.smokershop.es\/?post_type=product&#038;p=376"},"modified":"2025-04-10T11:29:07","modified_gmt":"2025-04-10T09:29:07","slug":"mechero-clipper-de-diseno","status":"publish","type":"product","link":"https:\/\/www.smokershop.es\/index.php\/producto\/mechero-clipper-de-diseno\/","title":{"rendered":"MECHERO CLIPPER DE DISE\u00d1O"},"content":{"rendered":"<div class=\"page\" title=\"Page 12\">\n<div class=\"section\">\n<div class=\"layoutArea\">\n<div class=\"column\">\n<p>MECHERO CLIPPER DE DISE\u00d1O<\/p>\n<p>Mechero Clipper es sin\u00f3nimo de fiabilidad y este modelo no es una excepci\u00f3n. El primer mechero Clipper se fabric\u00f3 en 1971, y ahora el nivel de producci\u00f3n mundial es de alrededor de 450 millones de unidades al a\u00f1o. Una de las caracter\u00edsticas de los mecheros Clipper que los hace originales es el sistema de pedernal extra\u00edble que anima a liar sus propios cigarrillos.<\/p>\n<p>El mechero verdaderamente recargable n\u00famero 1 del mundo &#8211; gas y piedra. 3000 encendidas por recarga, ahora con dise\u00f1os originales y exclusivos.<\/p>\n<p>Fabricante l\u00edder desde 1959<\/p>\n<p>* El env\u00edo de los dise\u00f1os ser\u00e1 aleatorio en funci\u00f3n de las colecciones disponibles en la tienda en ese momento. La foto es una muestra.<\/p>\n<p>&nbsp;<\/p>\n<p>&nbsp;<\/p>\n<\/div>\n<\/div>\n<\/div>\n<\/div>\n","protected":false},"excerpt":{"rendered":"<div class=\"page\" title=\"Page 12\">\n<div class=\"section\">\n<div class=\"layoutArea\">\n<ul>\n<li>7,4 x 1,6 cm (Clipper Classic).<\/li>\n<li>Varios modelos<\/li>\n<li>El env\u00edo de los modelos ser\u00e1 aleatorio seg\u00fan las colecciones que se encuentren disponibles en la tienda, la foto que aparece es una muestra.<\/li>\n<li>48 unidades por caja<\/li>\n<\/ul>\n<\/div>\n<\/div>\n<\/div>\n","protected":false},"featured_media":1330,"template":"","meta":{"_joinchat":[]},"product_brand":[],"product_cat":[46],"product_tag":[],"class_list":{"0":"post-376","1":"product","2":"type-product","3":"status-publish","4":"has-post-thumbnail","6":"product_cat-mecheros-packs-y-sopletes","8":"first","9":"instock","10":"taxable","11":"shipping-taxable","12":"purchasable","13":"product-type-simple"},"yoast_head":"<!-- This site is optimized with the Yoast SEO plugin v27.4 - https:\/\/yoast.com\/product\/yoast-seo-wordpress\/ -->\n<title>MECHERO CLIPPER DE DISE\u00d1O - The Smoker&#039;s Shop<\/title>\n<meta name=\"description\" content=\"MECHERO CLIPPER DE DISE\u00d1O el cl\u00e1sico mechero Clipper con dise\u00f1os divertidos que se env\u00edan aleatoriamente. Tama\u00f1o del mechero st\u00e1ndar.\" \/>\n<meta name=\"robots\" content=\"index, follow, max-snippet:-1, max-image-preview:large, max-video-preview:-1\" \/>\n<link rel=\"canonical\" href=\"https:\/\/www.smokershop.es\/index.php\/producto\/mechero-clipper-de-diseno\/\" \/>\n<meta property=\"og:locale\" content=\"es_ES\" \/>\n<meta property=\"og:type\" content=\"article\" \/>\n<meta property=\"og:title\" content=\"MECHERO CLIPPER DE DISE\u00d1O - The Smoker&#039;s Shop\" \/>\n<meta property=\"og:description\" content=\"MECHERO CLIPPER DE DISE\u00d1O el cl\u00e1sico mechero Clipper con dise\u00f1os divertidos que se env\u00edan aleatoriamente. Tama\u00f1o del mechero st\u00e1ndar.\" \/>\n<meta property=\"og:url\" content=\"https:\/\/www.smokershop.es\/index.php\/producto\/mechero-clipper-de-diseno\/\" \/>\n<meta property=\"og:site_name\" content=\"The Smoker&#039;s Shop\" \/>\n<meta property=\"article:modified_time\" content=\"2025-04-10T09:29:07+00:00\" \/>\n<meta property=\"og:image\" content=\"https:\/\/www.smokershop.es\/wp-content\/uploads\/2023\/03\/mechero-clipper-diseno.jpg\" \/>\n\t<meta property=\"og:image:width\" content=\"600\" \/>\n\t<meta property=\"og:image:height\" content=\"600\" \/>\n\t<meta property=\"og:image:type\" content=\"image\/jpeg\" \/>\n<meta name=\"twitter:card\" content=\"summary_large_image\" \/>\n<meta name=\"twitter:label1\" content=\"Tiempo de lectura\" \/>\n\t<meta name=\"twitter:data1\" content=\"1 minuto\" \/>\n<script type=\"application\/ld+json\" class=\"yoast-schema-graph\">{\"@context\":\"https:\\\/\\\/schema.org\",\"@graph\":[{\"@type\":\"WebPage\",\"@id\":\"https:\\\/\\\/www.smokershop.es\\\/index.php\\\/producto\\\/mechero-clipper-de-diseno\\\/\",\"url\":\"https:\\\/\\\/www.smokershop.es\\\/index.php\\\/producto\\\/mechero-clipper-de-diseno\\\/\",\"name\":\"MECHERO CLIPPER DE DISE\u00d1O - The Smoker&#039;s Shop\",\"isPartOf\":{\"@id\":\"https:\\\/\\\/www.smokershop.es\\\/#website\"},\"primaryImageOfPage\":{\"@id\":\"https:\\\/\\\/www.smokershop.es\\\/index.php\\\/producto\\\/mechero-clipper-de-diseno\\\/#primaryimage\"},\"image\":{\"@id\":\"https:\\\/\\\/www.smokershop.es\\\/index.php\\\/producto\\\/mechero-clipper-de-diseno\\\/#primaryimage\"},\"thumbnailUrl\":\"https:\\\/\\\/www.smokershop.es\\\/wp-content\\\/uploads\\\/2023\\\/03\\\/mechero-clipper-diseno.jpg\",\"datePublished\":\"2023-03-09T15:23:36+00:00\",\"dateModified\":\"2025-04-10T09:29:07+00:00\",\"description\":\"MECHERO CLIPPER DE DISE\u00d1O el cl\u00e1sico mechero Clipper con dise\u00f1os divertidos que se env\u00edan aleatoriamente. Tama\u00f1o del mechero st\u00e1ndar.\",\"breadcrumb\":{\"@id\":\"https:\\\/\\\/www.smokershop.es\\\/index.php\\\/producto\\\/mechero-clipper-de-diseno\\\/#breadcrumb\"},\"inLanguage\":\"es\",\"potentialAction\":[{\"@type\":\"ReadAction\",\"target\":[\"https:\\\/\\\/www.smokershop.es\\\/index.php\\\/producto\\\/mechero-clipper-de-diseno\\\/\"]}]},{\"@type\":\"ImageObject\",\"inLanguage\":\"es\",\"@id\":\"https:\\\/\\\/www.smokershop.es\\\/index.php\\\/producto\\\/mechero-clipper-de-diseno\\\/#primaryimage\",\"url\":\"https:\\\/\\\/www.smokershop.es\\\/wp-content\\\/uploads\\\/2023\\\/03\\\/mechero-clipper-diseno.jpg\",\"contentUrl\":\"https:\\\/\\\/www.smokershop.es\\\/wp-content\\\/uploads\\\/2023\\\/03\\\/mechero-clipper-diseno.jpg\",\"width\":600,\"height\":600},{\"@type\":\"BreadcrumbList\",\"@id\":\"https:\\\/\\\/www.smokershop.es\\\/index.php\\\/producto\\\/mechero-clipper-de-diseno\\\/#breadcrumb\",\"itemListElement\":[{\"@type\":\"ListItem\",\"position\":1,\"name\":\"Portada\",\"item\":\"https:\\\/\\\/www.smokershop.es\\\/\"},{\"@type\":\"ListItem\",\"position\":2,\"name\":\"The Shop\",\"item\":\"https:\\\/\\\/www.smokershop.es\\\/index.php\\\/shop\\\/\"},{\"@type\":\"ListItem\",\"position\":3,\"name\":\"MECHERO CLIPPER DE DISE\u00d1O\"}]},{\"@type\":\"WebSite\",\"@id\":\"https:\\\/\\\/www.smokershop.es\\\/#website\",\"url\":\"https:\\\/\\\/www.smokershop.es\\\/\",\"name\":\"The Smoker&#039;s Shop\",\"description\":\"Todo para los fumadores\",\"publisher\":{\"@id\":\"https:\\\/\\\/www.smokershop.es\\\/#organization\"},\"potentialAction\":[{\"@type\":\"SearchAction\",\"target\":{\"@type\":\"EntryPoint\",\"urlTemplate\":\"https:\\\/\\\/www.smokershop.es\\\/?s={search_term_string}\"},\"query-input\":{\"@type\":\"PropertyValueSpecification\",\"valueRequired\":true,\"valueName\":\"search_term_string\"}}],\"inLanguage\":\"es\"},{\"@type\":\"Organization\",\"@id\":\"https:\\\/\\\/www.smokershop.es\\\/#organization\",\"name\":\"The Smoker&#039;s Shop\",\"url\":\"https:\\\/\\\/www.smokershop.es\\\/\",\"logo\":{\"@type\":\"ImageObject\",\"inLanguage\":\"es\",\"@id\":\"https:\\\/\\\/www.smokershop.es\\\/#\\\/schema\\\/logo\\\/image\\\/\",\"url\":\"https:\\\/\\\/www.smokershop.es\\\/wp-content\\\/uploads\\\/2023\\\/10\\\/smokershop-logo.png\",\"contentUrl\":\"https:\\\/\\\/www.smokershop.es\\\/wp-content\\\/uploads\\\/2023\\\/10\\\/smokershop-logo.png\",\"width\":1711,\"height\":752,\"caption\":\"The Smoker&#039;s Shop\"},\"image\":{\"@id\":\"https:\\\/\\\/www.smokershop.es\\\/#\\\/schema\\\/logo\\\/image\\\/\"},\"sameAs\":[\"https:\\\/\\\/www.instagram.com\\\/thesmokersshopofficial\"]}]}<\/script>\n<!-- \/ Yoast SEO plugin. -->","yoast_head_json":{"title":"MECHERO CLIPPER DE DISE\u00d1O - The Smoker&#039;s Shop","description":"MECHERO CLIPPER DE DISE\u00d1O el cl\u00e1sico mechero Clipper con dise\u00f1os divertidos que se env\u00edan aleatoriamente. Tama\u00f1o del mechero st\u00e1ndar.","robots":{"index":"index","follow":"follow","max-snippet":"max-snippet:-1","max-image-preview":"max-image-preview:large","max-video-preview":"max-video-preview:-1"},"canonical":"https:\/\/www.smokershop.es\/index.php\/producto\/mechero-clipper-de-diseno\/","og_locale":"es_ES","og_type":"article","og_title":"MECHERO CLIPPER DE DISE\u00d1O - The Smoker&#039;s Shop","og_description":"MECHERO CLIPPER DE DISE\u00d1O el cl\u00e1sico mechero Clipper con dise\u00f1os divertidos que se env\u00edan aleatoriamente. Tama\u00f1o del mechero st\u00e1ndar.","og_url":"https:\/\/www.smokershop.es\/index.php\/producto\/mechero-clipper-de-diseno\/","og_site_name":"The Smoker&#039;s Shop","article_modified_time":"2025-04-10T09:29:07+00:00","og_image":[{"width":600,"height":600,"url":"https:\/\/www.smokershop.es\/wp-content\/uploads\/2023\/03\/mechero-clipper-diseno.jpg","type":"image\/jpeg"}],"twitter_card":"summary_large_image","twitter_misc":{"Tiempo de lectura":"1 minuto"},"schema":{"@context":"https:\/\/schema.org","@graph":[{"@type":"WebPage","@id":"https:\/\/www.smokershop.es\/index.php\/producto\/mechero-clipper-de-diseno\/","url":"https:\/\/www.smokershop.es\/index.php\/producto\/mechero-clipper-de-diseno\/","name":"MECHERO CLIPPER DE DISE\u00d1O - The Smoker&#039;s Shop","isPartOf":{"@id":"https:\/\/www.smokershop.es\/#website"},"primaryImageOfPage":{"@id":"https:\/\/www.smokershop.es\/index.php\/producto\/mechero-clipper-de-diseno\/#primaryimage"},"image":{"@id":"https:\/\/www.smokershop.es\/index.php\/producto\/mechero-clipper-de-diseno\/#primaryimage"},"thumbnailUrl":"https:\/\/www.smokershop.es\/wp-content\/uploads\/2023\/03\/mechero-clipper-diseno.jpg","datePublished":"2023-03-09T15:23:36+00:00","dateModified":"2025-04-10T09:29:07+00:00","description":"MECHERO CLIPPER DE DISE\u00d1O el cl\u00e1sico mechero Clipper con dise\u00f1os divertidos que se env\u00edan aleatoriamente. Tama\u00f1o del mechero st\u00e1ndar.","breadcrumb":{"@id":"https:\/\/www.smokershop.es\/index.php\/producto\/mechero-clipper-de-diseno\/#breadcrumb"},"inLanguage":"es","potentialAction":[{"@type":"ReadAction","target":["https:\/\/www.smokershop.es\/index.php\/producto\/mechero-clipper-de-diseno\/"]}]},{"@type":"ImageObject","inLanguage":"es","@id":"https:\/\/www.smokershop.es\/index.php\/producto\/mechero-clipper-de-diseno\/#primaryimage","url":"https:\/\/www.smokershop.es\/wp-content\/uploads\/2023\/03\/mechero-clipper-diseno.jpg","contentUrl":"https:\/\/www.smokershop.es\/wp-content\/uploads\/2023\/03\/mechero-clipper-diseno.jpg","width":600,"height":600},{"@type":"BreadcrumbList","@id":"https:\/\/www.smokershop.es\/index.php\/producto\/mechero-clipper-de-diseno\/#breadcrumb","itemListElement":[{"@type":"ListItem","position":1,"name":"Portada","item":"https:\/\/www.smokershop.es\/"},{"@type":"ListItem","position":2,"name":"The Shop","item":"https:\/\/www.smokershop.es\/index.php\/shop\/"},{"@type":"ListItem","position":3,"name":"MECHERO CLIPPER DE DISE\u00d1O"}]},{"@type":"WebSite","@id":"https:\/\/www.smokershop.es\/#website","url":"https:\/\/www.smokershop.es\/","name":"The Smoker&#039;s Shop","description":"Todo para los fumadores","publisher":{"@id":"https:\/\/www.smokershop.es\/#organization"},"potentialAction":[{"@type":"SearchAction","target":{"@type":"EntryPoint","urlTemplate":"https:\/\/www.smokershop.es\/?s={search_term_string}"},"query-input":{"@type":"PropertyValueSpecification","valueRequired":true,"valueName":"search_term_string"}}],"inLanguage":"es"},{"@type":"Organization","@id":"https:\/\/www.smokershop.es\/#organization","name":"The Smoker&#039;s Shop","url":"https:\/\/www.smokershop.es\/","logo":{"@type":"ImageObject","inLanguage":"es","@id":"https:\/\/www.smokershop.es\/#\/schema\/logo\/image\/","url":"https:\/\/www.smokershop.es\/wp-content\/uploads\/2023\/10\/smokershop-logo.png","contentUrl":"https:\/\/www.smokershop.es\/wp-content\/uploads\/2023\/10\/smokershop-logo.png","width":1711,"height":752,"caption":"The Smoker&#039;s Shop"},"image":{"@id":"https:\/\/www.smokershop.es\/#\/schema\/logo\/image\/"},"sameAs":["https:\/\/www.instagram.com\/thesmokersshopofficial"]}]}},"_links":{"self":[{"href":"https:\/\/www.smokershop.es\/index.php\/wp-json\/wp\/v2\/product\/376","targetHints":{"allow":["GET"]}}],"collection":[{"href":"https:\/\/www.smokershop.es\/index.php\/wp-json\/wp\/v2\/product"}],"about":[{"href":"https:\/\/www.smokershop.es\/index.php\/wp-json\/wp\/v2\/types\/product"}],"wp:featuredmedia":[{"embeddable":true,"href":"https:\/\/www.smokershop.es\/index.php\/wp-json\/wp\/v2\/media\/1330"}],"wp:attachment":[{"href":"https:\/\/www.smokershop.es\/index.php\/wp-json\/wp\/v2\/media?parent=376"}],"wp:term":[{"taxonomy":"product_brand","embeddable":true,"href":"https:\/\/www.smokershop.es\/index.php\/wp-json\/wp\/v2\/product_brand?post=376"},{"taxonomy":"product_cat","embeddable":true,"href":"https:\/\/www.smokershop.es\/index.php\/wp-json\/wp\/v2\/product_cat?post=376"},{"taxonomy":"product_tag","embeddable":true,"href":"https:\/\/www.smokershop.es\/index.php\/wp-json\/wp\/v2\/product_tag?post=376"}],"curies":[{"name":"wp","href":"https:\/\/api.w.org\/{rel}","templated":true}]}}