{"id":3820,"date":"2026-01-19T14:13:43","date_gmt":"2026-01-19T13:13:43","guid":{"rendered":"https:\/\/www.smokershop.es\/?post_type=product&#038;p=3820"},"modified":"2026-04-10T01:49:41","modified_gmt":"2026-04-09T23:49:41","slug":"monkey-filter-billionaire-gold","status":"publish","type":"product","link":"https:\/\/www.smokershop.es\/index.php\/producto\/monkey-filter-billionaire-gold\/","title":{"rendered":"MONKEY FILTER BILLIONAIRE GOLD"},"content":{"rendered":"<p class=\"isSelectedEnd\">Monkey Filter Billionaire Gold es el nuevo filtro que completa la colecci\u00f3n premium Billionaire de Monkey King.<\/p>\n<p class=\"isSelectedEnd\">Fabricado con materiales de alta calidad, el Billionaire Gold ofrece una filtraci\u00f3n suave y equilibrada, ayudando a reducir impurezas sin alterar el sabor aut\u00e9ntico de tus flores gracias a su dise\u00f1o. 130g de cart\u00f3n blanco troquelado, que facilita su uso y mejora el filtrado, adem\u00e1s son 100% naturales. Ideales para fumadores exigentes que valoran calidad y est\u00e9tica.<\/p>\n<p>Con Monkey Filter Billionaire Gold, fumar se convierte en una experiencia exclusiva. Eleva tu ritual diario y marca la diferencia con un filtro que refleja personalidad y car\u00e1cter.<\/p>\n","protected":false},"excerpt":{"rendered":"<ul>\n<li>Librillo de 50 filtros de cart\u00f3n de 60 mm X 20 mm y 130g, blancos, troquelados lo que mejora su filtrado y facilita su uso.<\/li>\n<li>Colecci\u00f3n Monkey King Billionaire Gold.<\/li>\n<\/ul>\n<p>&nbsp;<\/p>\n<ul>\n<li><em>FORMATO PRO\u00a0 -&gt; DISPLAY x50<\/em><\/li>\n<li><strong>\u2b07\ufe0f PRECIOS MAYORISTA PARA PROFESIONALES \u2b07\ufe0f<\/strong><\/li>\n<\/ul>\n<p style=\"padding-left: 160px;\"><strong><a href=\"https:\/\/www.smokershop.es\/index.php\/register\/\" target=\"_blank\" rel=\"noopener\">\ud83d\udc49 REGISTRATE AQUI \ud83d\udc48<\/a><\/strong><\/p>\n<ul>\n<li>Para profesionales 50 unidades por caja.<\/li>\n<\/ul>\n<p>&nbsp;<\/p>\n","protected":false},"featured_media":3834,"template":"","meta":{"_joinchat":[]},"product_brand":[],"product_cat":[43],"product_tag":[],"class_list":{"0":"post-3820","1":"product","2":"type-product","3":"status-publish","4":"has-post-thumbnail","6":"product_cat-filtros-tips","8":"first","9":"instock","10":"taxable","11":"shipping-taxable","12":"purchasable","13":"product-type-simple"},"yoast_head":"<!-- This site is optimized with the Yoast SEO plugin v27.4 - https:\/\/yoast.com\/product\/yoast-seo-wordpress\/ -->\n<title>MONKEY FILTER BILLIONAIRE GOLD - The Smoker&#039;s Shop<\/title>\n<meta name=\"description\" content=\"MONKEY FILTER BILLIONAIRE GOLD librillo de la gama Billionaire Gold, con 50 filtros de cart\u00f3n blanco troquelado, que mejora el filtrado y facilita su uso.\" \/>\n<meta name=\"robots\" content=\"index, follow, max-snippet:-1, max-image-preview:large, max-video-preview:-1\" \/>\n<link rel=\"canonical\" href=\"https:\/\/www.smokershop.es\/index.php\/producto\/monkey-filter-billionaire-gold\/\" \/>\n<meta property=\"og:locale\" content=\"es_ES\" \/>\n<meta property=\"og:type\" content=\"article\" \/>\n<meta property=\"og:title\" content=\"MONKEY FILTER BILLIONAIRE GOLD - The Smoker&#039;s Shop\" \/>\n<meta property=\"og:description\" content=\"MONKEY FILTER BILLIONAIRE GOLD librillo de la gama Billionaire Gold, con 50 filtros de cart\u00f3n blanco troquelado, que mejora el filtrado y facilita su uso.\" \/>\n<meta property=\"og:url\" content=\"https:\/\/www.smokershop.es\/index.php\/producto\/monkey-filter-billionaire-gold\/\" \/>\n<meta property=\"og:site_name\" content=\"The Smoker&#039;s Shop\" \/>\n<meta property=\"article:modified_time\" content=\"2026-04-09T23:49:41+00:00\" \/>\n<meta property=\"og:image\" content=\"https:\/\/www.smokershop.es\/wp-content\/uploads\/2026\/01\/tips-billionaire.jpg\" \/>\n\t<meta property=\"og:image:width\" content=\"1350\" \/>\n\t<meta property=\"og:image:height\" content=\"1350\" \/>\n\t<meta property=\"og:image:type\" content=\"image\/jpeg\" \/>\n<meta name=\"twitter:card\" content=\"summary_large_image\" \/>\n<meta name=\"twitter:label1\" content=\"Tiempo de lectura\" \/>\n\t<meta name=\"twitter:data1\" content=\"1 minuto\" \/>\n<script type=\"application\/ld+json\" class=\"yoast-schema-graph\">{\"@context\":\"https:\\\/\\\/schema.org\",\"@graph\":[{\"@type\":\"WebPage\",\"@id\":\"https:\\\/\\\/www.smokershop.es\\\/index.php\\\/producto\\\/monkey-filter-billionaire-gold\\\/\",\"url\":\"https:\\\/\\\/www.smokershop.es\\\/index.php\\\/producto\\\/monkey-filter-billionaire-gold\\\/\",\"name\":\"MONKEY FILTER BILLIONAIRE GOLD - The Smoker&#039;s Shop\",\"isPartOf\":{\"@id\":\"https:\\\/\\\/www.smokershop.es\\\/#website\"},\"primaryImageOfPage\":{\"@id\":\"https:\\\/\\\/www.smokershop.es\\\/index.php\\\/producto\\\/monkey-filter-billionaire-gold\\\/#primaryimage\"},\"image\":{\"@id\":\"https:\\\/\\\/www.smokershop.es\\\/index.php\\\/producto\\\/monkey-filter-billionaire-gold\\\/#primaryimage\"},\"thumbnailUrl\":\"https:\\\/\\\/www.smokershop.es\\\/wp-content\\\/uploads\\\/2026\\\/01\\\/tips-billionaire.jpg\",\"datePublished\":\"2026-01-19T13:13:43+00:00\",\"dateModified\":\"2026-04-09T23:49:41+00:00\",\"description\":\"MONKEY FILTER BILLIONAIRE GOLD librillo de la gama Billionaire Gold, con 50 filtros de cart\u00f3n blanco troquelado, que mejora el filtrado y facilita su uso.\",\"breadcrumb\":{\"@id\":\"https:\\\/\\\/www.smokershop.es\\\/index.php\\\/producto\\\/monkey-filter-billionaire-gold\\\/#breadcrumb\"},\"inLanguage\":\"es\",\"potentialAction\":[{\"@type\":\"ReadAction\",\"target\":[\"https:\\\/\\\/www.smokershop.es\\\/index.php\\\/producto\\\/monkey-filter-billionaire-gold\\\/\"]}]},{\"@type\":\"ImageObject\",\"inLanguage\":\"es\",\"@id\":\"https:\\\/\\\/www.smokershop.es\\\/index.php\\\/producto\\\/monkey-filter-billionaire-gold\\\/#primaryimage\",\"url\":\"https:\\\/\\\/www.smokershop.es\\\/wp-content\\\/uploads\\\/2026\\\/01\\\/tips-billionaire.jpg\",\"contentUrl\":\"https:\\\/\\\/www.smokershop.es\\\/wp-content\\\/uploads\\\/2026\\\/01\\\/tips-billionaire.jpg\",\"width\":1350,\"height\":1350,\"caption\":\"MONKEY KING TIPS BILLIONAIRE GOLD\"},{\"@type\":\"BreadcrumbList\",\"@id\":\"https:\\\/\\\/www.smokershop.es\\\/index.php\\\/producto\\\/monkey-filter-billionaire-gold\\\/#breadcrumb\",\"itemListElement\":[{\"@type\":\"ListItem\",\"position\":1,\"name\":\"Portada\",\"item\":\"https:\\\/\\\/www.smokershop.es\\\/\"},{\"@type\":\"ListItem\",\"position\":2,\"name\":\"The Shop\",\"item\":\"https:\\\/\\\/www.smokershop.es\\\/index.php\\\/shop\\\/\"},{\"@type\":\"ListItem\",\"position\":3,\"name\":\"MONKEY FILTER BILLIONAIRE GOLD\"}]},{\"@type\":\"WebSite\",\"@id\":\"https:\\\/\\\/www.smokershop.es\\\/#website\",\"url\":\"https:\\\/\\\/www.smokershop.es\\\/\",\"name\":\"The Smoker&#039;s Shop\",\"description\":\"Todo para los fumadores\",\"publisher\":{\"@id\":\"https:\\\/\\\/www.smokershop.es\\\/#organization\"},\"potentialAction\":[{\"@type\":\"SearchAction\",\"target\":{\"@type\":\"EntryPoint\",\"urlTemplate\":\"https:\\\/\\\/www.smokershop.es\\\/?s={search_term_string}\"},\"query-input\":{\"@type\":\"PropertyValueSpecification\",\"valueRequired\":true,\"valueName\":\"search_term_string\"}}],\"inLanguage\":\"es\"},{\"@type\":\"Organization\",\"@id\":\"https:\\\/\\\/www.smokershop.es\\\/#organization\",\"name\":\"The Smoker&#039;s Shop\",\"url\":\"https:\\\/\\\/www.smokershop.es\\\/\",\"logo\":{\"@type\":\"ImageObject\",\"inLanguage\":\"es\",\"@id\":\"https:\\\/\\\/www.smokershop.es\\\/#\\\/schema\\\/logo\\\/image\\\/\",\"url\":\"https:\\\/\\\/www.smokershop.es\\\/wp-content\\\/uploads\\\/2023\\\/10\\\/smokershop-logo.png\",\"contentUrl\":\"https:\\\/\\\/www.smokershop.es\\\/wp-content\\\/uploads\\\/2023\\\/10\\\/smokershop-logo.png\",\"width\":1711,\"height\":752,\"caption\":\"The Smoker&#039;s Shop\"},\"image\":{\"@id\":\"https:\\\/\\\/www.smokershop.es\\\/#\\\/schema\\\/logo\\\/image\\\/\"},\"sameAs\":[\"https:\\\/\\\/www.instagram.com\\\/thesmokersshopofficial\"]}]}<\/script>\n<!-- \/ Yoast SEO plugin. -->","yoast_head_json":{"title":"MONKEY FILTER BILLIONAIRE GOLD - The Smoker&#039;s Shop","description":"MONKEY FILTER BILLIONAIRE GOLD librillo de la gama Billionaire Gold, con 50 filtros de cart\u00f3n blanco troquelado, que mejora el filtrado y facilita su uso.","robots":{"index":"index","follow":"follow","max-snippet":"max-snippet:-1","max-image-preview":"max-image-preview:large","max-video-preview":"max-video-preview:-1"},"canonical":"https:\/\/www.smokershop.es\/index.php\/producto\/monkey-filter-billionaire-gold\/","og_locale":"es_ES","og_type":"article","og_title":"MONKEY FILTER BILLIONAIRE GOLD - The Smoker&#039;s Shop","og_description":"MONKEY FILTER BILLIONAIRE GOLD librillo de la gama Billionaire Gold, con 50 filtros de cart\u00f3n blanco troquelado, que mejora el filtrado y facilita su uso.","og_url":"https:\/\/www.smokershop.es\/index.php\/producto\/monkey-filter-billionaire-gold\/","og_site_name":"The Smoker&#039;s Shop","article_modified_time":"2026-04-09T23:49:41+00:00","og_image":[{"width":1350,"height":1350,"url":"https:\/\/www.smokershop.es\/wp-content\/uploads\/2026\/01\/tips-billionaire.jpg","type":"image\/jpeg"}],"twitter_card":"summary_large_image","twitter_misc":{"Tiempo de lectura":"1 minuto"},"schema":{"@context":"https:\/\/schema.org","@graph":[{"@type":"WebPage","@id":"https:\/\/www.smokershop.es\/index.php\/producto\/monkey-filter-billionaire-gold\/","url":"https:\/\/www.smokershop.es\/index.php\/producto\/monkey-filter-billionaire-gold\/","name":"MONKEY FILTER BILLIONAIRE GOLD - The Smoker&#039;s Shop","isPartOf":{"@id":"https:\/\/www.smokershop.es\/#website"},"primaryImageOfPage":{"@id":"https:\/\/www.smokershop.es\/index.php\/producto\/monkey-filter-billionaire-gold\/#primaryimage"},"image":{"@id":"https:\/\/www.smokershop.es\/index.php\/producto\/monkey-filter-billionaire-gold\/#primaryimage"},"thumbnailUrl":"https:\/\/www.smokershop.es\/wp-content\/uploads\/2026\/01\/tips-billionaire.jpg","datePublished":"2026-01-19T13:13:43+00:00","dateModified":"2026-04-09T23:49:41+00:00","description":"MONKEY FILTER BILLIONAIRE GOLD librillo de la gama Billionaire Gold, con 50 filtros de cart\u00f3n blanco troquelado, que mejora el filtrado y facilita su uso.","breadcrumb":{"@id":"https:\/\/www.smokershop.es\/index.php\/producto\/monkey-filter-billionaire-gold\/#breadcrumb"},"inLanguage":"es","potentialAction":[{"@type":"ReadAction","target":["https:\/\/www.smokershop.es\/index.php\/producto\/monkey-filter-billionaire-gold\/"]}]},{"@type":"ImageObject","inLanguage":"es","@id":"https:\/\/www.smokershop.es\/index.php\/producto\/monkey-filter-billionaire-gold\/#primaryimage","url":"https:\/\/www.smokershop.es\/wp-content\/uploads\/2026\/01\/tips-billionaire.jpg","contentUrl":"https:\/\/www.smokershop.es\/wp-content\/uploads\/2026\/01\/tips-billionaire.jpg","width":1350,"height":1350,"caption":"MONKEY KING TIPS BILLIONAIRE GOLD"},{"@type":"BreadcrumbList","@id":"https:\/\/www.smokershop.es\/index.php\/producto\/monkey-filter-billionaire-gold\/#breadcrumb","itemListElement":[{"@type":"ListItem","position":1,"name":"Portada","item":"https:\/\/www.smokershop.es\/"},{"@type":"ListItem","position":2,"name":"The Shop","item":"https:\/\/www.smokershop.es\/index.php\/shop\/"},{"@type":"ListItem","position":3,"name":"MONKEY FILTER BILLIONAIRE GOLD"}]},{"@type":"WebSite","@id":"https:\/\/www.smokershop.es\/#website","url":"https:\/\/www.smokershop.es\/","name":"The Smoker&#039;s Shop","description":"Todo para los fumadores","publisher":{"@id":"https:\/\/www.smokershop.es\/#organization"},"potentialAction":[{"@type":"SearchAction","target":{"@type":"EntryPoint","urlTemplate":"https:\/\/www.smokershop.es\/?s={search_term_string}"},"query-input":{"@type":"PropertyValueSpecification","valueRequired":true,"valueName":"search_term_string"}}],"inLanguage":"es"},{"@type":"Organization","@id":"https:\/\/www.smokershop.es\/#organization","name":"The Smoker&#039;s Shop","url":"https:\/\/www.smokershop.es\/","logo":{"@type":"ImageObject","inLanguage":"es","@id":"https:\/\/www.smokershop.es\/#\/schema\/logo\/image\/","url":"https:\/\/www.smokershop.es\/wp-content\/uploads\/2023\/10\/smokershop-logo.png","contentUrl":"https:\/\/www.smokershop.es\/wp-content\/uploads\/2023\/10\/smokershop-logo.png","width":1711,"height":752,"caption":"The Smoker&#039;s Shop"},"image":{"@id":"https:\/\/www.smokershop.es\/#\/schema\/logo\/image\/"},"sameAs":["https:\/\/www.instagram.com\/thesmokersshopofficial"]}]}},"_links":{"self":[{"href":"https:\/\/www.smokershop.es\/index.php\/wp-json\/wp\/v2\/product\/3820","targetHints":{"allow":["GET"]}}],"collection":[{"href":"https:\/\/www.smokershop.es\/index.php\/wp-json\/wp\/v2\/product"}],"about":[{"href":"https:\/\/www.smokershop.es\/index.php\/wp-json\/wp\/v2\/types\/product"}],"wp:featuredmedia":[{"embeddable":true,"href":"https:\/\/www.smokershop.es\/index.php\/wp-json\/wp\/v2\/media\/3834"}],"wp:attachment":[{"href":"https:\/\/www.smokershop.es\/index.php\/wp-json\/wp\/v2\/media?parent=3820"}],"wp:term":[{"taxonomy":"product_brand","embeddable":true,"href":"https:\/\/www.smokershop.es\/index.php\/wp-json\/wp\/v2\/product_brand?post=3820"},{"taxonomy":"product_cat","embeddable":true,"href":"https:\/\/www.smokershop.es\/index.php\/wp-json\/wp\/v2\/product_cat?post=3820"},{"taxonomy":"product_tag","embeddable":true,"href":"https:\/\/www.smokershop.es\/index.php\/wp-json\/wp\/v2\/product_tag?post=3820"}],"curies":[{"name":"wp","href":"https:\/\/api.w.org\/{rel}","templated":true}]}}