{"id":3843,"date":"2026-02-03T20:00:00","date_gmt":"2026-02-03T19:00:00","guid":{"rendered":"https:\/\/www.smokershop.es\/?post_type=product&#038;p=3843"},"modified":"2026-04-10T01:22:34","modified_gmt":"2026-04-09T23:22:34","slug":"clipper-metalico","status":"publish","type":"product","link":"https:\/\/www.smokershop.es\/index.php\/producto\/clipper-metalico\/","title":{"rendered":"CLIPPER METALICO"},"content":{"rendered":"<p data-start=\"172\" data-end=\"475\">CLIPPER METALICO<\/p>\n<p data-start=\"172\" data-end=\"475\">El Clipper Met\u00e1lico es mucho m\u00e1s que un mechero: es un accesorio premium pensado para fumadores exigentes que valoran el dise\u00f1o, la durabilidad y la funcionalidad. Fabricado en metal de alta calidad, con su cuerpo met\u00e1lico resistente y duradero, ofrece un tacto s\u00f3lido y una est\u00e9tica elegante que destaca frente a los modelos convencionales.<\/p>\n<p data-start=\"477\" data-end=\"736\">Como todo Clipper aut\u00e9ntico, es recargable, ecol\u00f3gico y cuenta con su cl\u00e1sico sistema de pedernal extra\u00edble, ideal para liar con comodidad. Su llama es estable y segura, perfecta tanto para uso diario como para llevar contigo en cualquier ocasi\u00f3n.<\/p>\n<p data-start=\"951\" data-end=\"1047\">Un mechero pensado para quienes cuidan cada detalle.<\/p>\n","protected":false},"excerpt":{"rendered":"<ul>\n<li data-start=\"772\" data-end=\"811\">\u00a0Cuerpo met\u00e1lico resistente y duradero<\/li>\n<li data-start=\"812\" data-end=\"841\">\n<p data-start=\"814\" data-end=\"841\">Recargable con gas butano<\/p>\n<\/li>\n<li data-start=\"842\" data-end=\"888\">\n<p data-start=\"844\" data-end=\"888\">Pedernal extra\u00edble para facilitar el liado<\/p>\n<\/li>\n<li data-start=\"889\" data-end=\"918\">\n<p data-start=\"891\" data-end=\"918\">Dise\u00f1o elegante y premium<\/p>\n<\/li>\n<li data-start=\"919\" data-end=\"949\">\n<p data-start=\"921\" data-end=\"949\">Llama fiable y consistente<\/p>\n<\/li>\n<\/ul>\n<p>&nbsp;<\/p>\n<ul>\n<li><strong>\u2b07\ufe0f PRECIOS MAYORISTA PARA PROFESIONALES \u2b07\ufe0f<\/strong>\n<ul>\n<li style=\"list-style-type: none;\">\n<ul>\n<li style=\"list-style-type: none;\">\n<ul>\n<li><strong><a href=\"https:\/\/www.smokershop.es\/index.php\/register\/\" target=\"_blank\" rel=\"noopener\">\ud83d\udc49 REGISTRATE AQUI \ud83d\udc48<\/a><\/strong><\/li>\n<\/ul>\n<\/li>\n<\/ul>\n<\/li>\n<\/ul>\n<\/li>\n<\/ul>\n","protected":false},"featured_media":3851,"template":"","meta":{"_joinchat":[]},"product_brand":[],"product_cat":[46],"product_tag":[],"class_list":{"0":"post-3843","1":"product","2":"type-product","3":"status-publish","4":"has-post-thumbnail","6":"product_cat-mecheros-packs-y-sopletes","8":"first","9":"instock","10":"taxable","11":"shipping-taxable","12":"purchasable","13":"product-type-variable"},"yoast_head":"<!-- This site is optimized with the Yoast SEO plugin v27.4 - https:\/\/yoast.com\/product\/yoast-seo-wordpress\/ -->\n<title>CLIPPER METALICO - The Smoker&#039;s Shop<\/title>\n<meta name=\"description\" content=\"CLIPPER METALICO combina dise\u00f1o, durabilidad y funcionalidad, su cuerpo met\u00e1lico resistente y duradero ofrece una est\u00e9tica elegante y unica.\" \/>\n<meta name=\"robots\" content=\"index, follow, max-snippet:-1, max-image-preview:large, max-video-preview:-1\" \/>\n<link rel=\"canonical\" href=\"https:\/\/www.smokershop.es\/index.php\/producto\/clipper-metalico\/\" \/>\n<meta property=\"og:locale\" content=\"es_ES\" \/>\n<meta property=\"og:type\" content=\"article\" \/>\n<meta property=\"og:title\" content=\"CLIPPER METALICO - The Smoker&#039;s Shop\" \/>\n<meta property=\"og:description\" content=\"CLIPPER METALICO combina dise\u00f1o, durabilidad y funcionalidad, su cuerpo met\u00e1lico resistente y duradero ofrece una est\u00e9tica elegante y unica.\" \/>\n<meta property=\"og:url\" content=\"https:\/\/www.smokershop.es\/index.php\/producto\/clipper-metalico\/\" \/>\n<meta property=\"og:site_name\" content=\"The Smoker&#039;s Shop\" \/>\n<meta property=\"article:modified_time\" content=\"2026-04-09T23:22:34+00:00\" \/>\n<meta property=\"og:image\" content=\"https:\/\/www.smokershop.es\/wp-content\/uploads\/2026\/02\/WhatsApp-Image-2026-02-02-at-20.29.57.jpeg\" \/>\n\t<meta property=\"og:image:width\" content=\"1350\" \/>\n\t<meta property=\"og:image:height\" content=\"1350\" \/>\n\t<meta property=\"og:image:type\" content=\"image\/jpeg\" \/>\n<meta name=\"twitter:card\" content=\"summary_large_image\" \/>\n<meta name=\"twitter:label1\" content=\"Tiempo de lectura\" \/>\n\t<meta name=\"twitter:data1\" content=\"1 minuto\" \/>\n<script type=\"application\/ld+json\" class=\"yoast-schema-graph\">{\"@context\":\"https:\\\/\\\/schema.org\",\"@graph\":[{\"@type\":\"WebPage\",\"@id\":\"https:\\\/\\\/www.smokershop.es\\\/index.php\\\/producto\\\/clipper-metalico\\\/\",\"url\":\"https:\\\/\\\/www.smokershop.es\\\/index.php\\\/producto\\\/clipper-metalico\\\/\",\"name\":\"CLIPPER METALICO - The Smoker&#039;s Shop\",\"isPartOf\":{\"@id\":\"https:\\\/\\\/www.smokershop.es\\\/#website\"},\"primaryImageOfPage\":{\"@id\":\"https:\\\/\\\/www.smokershop.es\\\/index.php\\\/producto\\\/clipper-metalico\\\/#primaryimage\"},\"image\":{\"@id\":\"https:\\\/\\\/www.smokershop.es\\\/index.php\\\/producto\\\/clipper-metalico\\\/#primaryimage\"},\"thumbnailUrl\":\"https:\\\/\\\/www.smokershop.es\\\/wp-content\\\/uploads\\\/2026\\\/02\\\/WhatsApp-Image-2026-02-02-at-20.29.57.jpeg\",\"datePublished\":\"2026-02-03T19:00:00+00:00\",\"dateModified\":\"2026-04-09T23:22:34+00:00\",\"description\":\"CLIPPER METALICO combina dise\u00f1o, durabilidad y funcionalidad, su cuerpo met\u00e1lico resistente y duradero ofrece una est\u00e9tica elegante y unica.\",\"breadcrumb\":{\"@id\":\"https:\\\/\\\/www.smokershop.es\\\/index.php\\\/producto\\\/clipper-metalico\\\/#breadcrumb\"},\"inLanguage\":\"es\",\"potentialAction\":[{\"@type\":\"ReadAction\",\"target\":[\"https:\\\/\\\/www.smokershop.es\\\/index.php\\\/producto\\\/clipper-metalico\\\/\"]}]},{\"@type\":\"ImageObject\",\"inLanguage\":\"es\",\"@id\":\"https:\\\/\\\/www.smokershop.es\\\/index.php\\\/producto\\\/clipper-metalico\\\/#primaryimage\",\"url\":\"https:\\\/\\\/www.smokershop.es\\\/wp-content\\\/uploads\\\/2026\\\/02\\\/WhatsApp-Image-2026-02-02-at-20.29.57.jpeg\",\"contentUrl\":\"https:\\\/\\\/www.smokershop.es\\\/wp-content\\\/uploads\\\/2026\\\/02\\\/WhatsApp-Image-2026-02-02-at-20.29.57.jpeg\",\"width\":1350,\"height\":1350,\"caption\":\"CLIPPER METALICO PLATEADO\"},{\"@type\":\"BreadcrumbList\",\"@id\":\"https:\\\/\\\/www.smokershop.es\\\/index.php\\\/producto\\\/clipper-metalico\\\/#breadcrumb\",\"itemListElement\":[{\"@type\":\"ListItem\",\"position\":1,\"name\":\"Portada\",\"item\":\"https:\\\/\\\/www.smokershop.es\\\/\"},{\"@type\":\"ListItem\",\"position\":2,\"name\":\"The Shop\",\"item\":\"https:\\\/\\\/www.smokershop.es\\\/index.php\\\/shop\\\/\"},{\"@type\":\"ListItem\",\"position\":3,\"name\":\"CLIPPER METALICO\"}]},{\"@type\":\"WebSite\",\"@id\":\"https:\\\/\\\/www.smokershop.es\\\/#website\",\"url\":\"https:\\\/\\\/www.smokershop.es\\\/\",\"name\":\"The Smoker&#039;s Shop\",\"description\":\"Todo para los fumadores\",\"publisher\":{\"@id\":\"https:\\\/\\\/www.smokershop.es\\\/#organization\"},\"potentialAction\":[{\"@type\":\"SearchAction\",\"target\":{\"@type\":\"EntryPoint\",\"urlTemplate\":\"https:\\\/\\\/www.smokershop.es\\\/?s={search_term_string}\"},\"query-input\":{\"@type\":\"PropertyValueSpecification\",\"valueRequired\":true,\"valueName\":\"search_term_string\"}}],\"inLanguage\":\"es\"},{\"@type\":\"Organization\",\"@id\":\"https:\\\/\\\/www.smokershop.es\\\/#organization\",\"name\":\"The Smoker&#039;s Shop\",\"url\":\"https:\\\/\\\/www.smokershop.es\\\/\",\"logo\":{\"@type\":\"ImageObject\",\"inLanguage\":\"es\",\"@id\":\"https:\\\/\\\/www.smokershop.es\\\/#\\\/schema\\\/logo\\\/image\\\/\",\"url\":\"https:\\\/\\\/www.smokershop.es\\\/wp-content\\\/uploads\\\/2023\\\/10\\\/smokershop-logo.png\",\"contentUrl\":\"https:\\\/\\\/www.smokershop.es\\\/wp-content\\\/uploads\\\/2023\\\/10\\\/smokershop-logo.png\",\"width\":1711,\"height\":752,\"caption\":\"The Smoker&#039;s Shop\"},\"image\":{\"@id\":\"https:\\\/\\\/www.smokershop.es\\\/#\\\/schema\\\/logo\\\/image\\\/\"},\"sameAs\":[\"https:\\\/\\\/www.instagram.com\\\/thesmokersshopofficial\"]}]}<\/script>\n<!-- \/ Yoast SEO plugin. -->","yoast_head_json":{"title":"CLIPPER METALICO - The Smoker&#039;s Shop","description":"CLIPPER METALICO combina dise\u00f1o, durabilidad y funcionalidad, su cuerpo met\u00e1lico resistente y duradero ofrece una est\u00e9tica elegante y unica.","robots":{"index":"index","follow":"follow","max-snippet":"max-snippet:-1","max-image-preview":"max-image-preview:large","max-video-preview":"max-video-preview:-1"},"canonical":"https:\/\/www.smokershop.es\/index.php\/producto\/clipper-metalico\/","og_locale":"es_ES","og_type":"article","og_title":"CLIPPER METALICO - The Smoker&#039;s Shop","og_description":"CLIPPER METALICO combina dise\u00f1o, durabilidad y funcionalidad, su cuerpo met\u00e1lico resistente y duradero ofrece una est\u00e9tica elegante y unica.","og_url":"https:\/\/www.smokershop.es\/index.php\/producto\/clipper-metalico\/","og_site_name":"The Smoker&#039;s Shop","article_modified_time":"2026-04-09T23:22:34+00:00","og_image":[{"width":1350,"height":1350,"url":"https:\/\/www.smokershop.es\/wp-content\/uploads\/2026\/02\/WhatsApp-Image-2026-02-02-at-20.29.57.jpeg","type":"image\/jpeg"}],"twitter_card":"summary_large_image","twitter_misc":{"Tiempo de lectura":"1 minuto"},"schema":{"@context":"https:\/\/schema.org","@graph":[{"@type":"WebPage","@id":"https:\/\/www.smokershop.es\/index.php\/producto\/clipper-metalico\/","url":"https:\/\/www.smokershop.es\/index.php\/producto\/clipper-metalico\/","name":"CLIPPER METALICO - The Smoker&#039;s Shop","isPartOf":{"@id":"https:\/\/www.smokershop.es\/#website"},"primaryImageOfPage":{"@id":"https:\/\/www.smokershop.es\/index.php\/producto\/clipper-metalico\/#primaryimage"},"image":{"@id":"https:\/\/www.smokershop.es\/index.php\/producto\/clipper-metalico\/#primaryimage"},"thumbnailUrl":"https:\/\/www.smokershop.es\/wp-content\/uploads\/2026\/02\/WhatsApp-Image-2026-02-02-at-20.29.57.jpeg","datePublished":"2026-02-03T19:00:00+00:00","dateModified":"2026-04-09T23:22:34+00:00","description":"CLIPPER METALICO combina dise\u00f1o, durabilidad y funcionalidad, su cuerpo met\u00e1lico resistente y duradero ofrece una est\u00e9tica elegante y unica.","breadcrumb":{"@id":"https:\/\/www.smokershop.es\/index.php\/producto\/clipper-metalico\/#breadcrumb"},"inLanguage":"es","potentialAction":[{"@type":"ReadAction","target":["https:\/\/www.smokershop.es\/index.php\/producto\/clipper-metalico\/"]}]},{"@type":"ImageObject","inLanguage":"es","@id":"https:\/\/www.smokershop.es\/index.php\/producto\/clipper-metalico\/#primaryimage","url":"https:\/\/www.smokershop.es\/wp-content\/uploads\/2026\/02\/WhatsApp-Image-2026-02-02-at-20.29.57.jpeg","contentUrl":"https:\/\/www.smokershop.es\/wp-content\/uploads\/2026\/02\/WhatsApp-Image-2026-02-02-at-20.29.57.jpeg","width":1350,"height":1350,"caption":"CLIPPER METALICO PLATEADO"},{"@type":"BreadcrumbList","@id":"https:\/\/www.smokershop.es\/index.php\/producto\/clipper-metalico\/#breadcrumb","itemListElement":[{"@type":"ListItem","position":1,"name":"Portada","item":"https:\/\/www.smokershop.es\/"},{"@type":"ListItem","position":2,"name":"The Shop","item":"https:\/\/www.smokershop.es\/index.php\/shop\/"},{"@type":"ListItem","position":3,"name":"CLIPPER METALICO"}]},{"@type":"WebSite","@id":"https:\/\/www.smokershop.es\/#website","url":"https:\/\/www.smokershop.es\/","name":"The Smoker&#039;s Shop","description":"Todo para los fumadores","publisher":{"@id":"https:\/\/www.smokershop.es\/#organization"},"potentialAction":[{"@type":"SearchAction","target":{"@type":"EntryPoint","urlTemplate":"https:\/\/www.smokershop.es\/?s={search_term_string}"},"query-input":{"@type":"PropertyValueSpecification","valueRequired":true,"valueName":"search_term_string"}}],"inLanguage":"es"},{"@type":"Organization","@id":"https:\/\/www.smokershop.es\/#organization","name":"The Smoker&#039;s Shop","url":"https:\/\/www.smokershop.es\/","logo":{"@type":"ImageObject","inLanguage":"es","@id":"https:\/\/www.smokershop.es\/#\/schema\/logo\/image\/","url":"https:\/\/www.smokershop.es\/wp-content\/uploads\/2023\/10\/smokershop-logo.png","contentUrl":"https:\/\/www.smokershop.es\/wp-content\/uploads\/2023\/10\/smokershop-logo.png","width":1711,"height":752,"caption":"The Smoker&#039;s Shop"},"image":{"@id":"https:\/\/www.smokershop.es\/#\/schema\/logo\/image\/"},"sameAs":["https:\/\/www.instagram.com\/thesmokersshopofficial"]}]}},"_links":{"self":[{"href":"https:\/\/www.smokershop.es\/index.php\/wp-json\/wp\/v2\/product\/3843","targetHints":{"allow":["GET"]}}],"collection":[{"href":"https:\/\/www.smokershop.es\/index.php\/wp-json\/wp\/v2\/product"}],"about":[{"href":"https:\/\/www.smokershop.es\/index.php\/wp-json\/wp\/v2\/types\/product"}],"wp:featuredmedia":[{"embeddable":true,"href":"https:\/\/www.smokershop.es\/index.php\/wp-json\/wp\/v2\/media\/3851"}],"wp:attachment":[{"href":"https:\/\/www.smokershop.es\/index.php\/wp-json\/wp\/v2\/media?parent=3843"}],"wp:term":[{"taxonomy":"product_brand","embeddable":true,"href":"https:\/\/www.smokershop.es\/index.php\/wp-json\/wp\/v2\/product_brand?post=3843"},{"taxonomy":"product_cat","embeddable":true,"href":"https:\/\/www.smokershop.es\/index.php\/wp-json\/wp\/v2\/product_cat?post=3843"},{"taxonomy":"product_tag","embeddable":true,"href":"https:\/\/www.smokershop.es\/index.php\/wp-json\/wp\/v2\/product_tag?post=3843"}],"curies":[{"name":"wp","href":"https:\/\/api.w.org\/{rel}","templated":true}]}}