{"id":3854,"date":"2026-02-03T20:28:07","date_gmt":"2026-02-03T19:28:07","guid":{"rendered":"https:\/\/www.smokershop.es\/?post_type=product&#038;p=3854"},"modified":"2026-04-10T16:11:53","modified_gmt":"2026-04-10T14:11:53","slug":"clipper-soplete","status":"publish","type":"product","link":"https:\/\/www.smokershop.es\/index.php\/producto\/clipper-soplete\/","title":{"rendered":"CLIPPER SOPLETE"},"content":{"rendered":"<p data-start=\"172\" data-end=\"444\">El Clipper Soplete est\u00e1 dise\u00f1ado para quienes buscan m\u00e1xima potencia y control en cada encendido. Gracias a su llama tipo soplete (jet flame), ofrece un fuego intenso, estable y resistente al viento, ideal para exteriores, pipas o bong, ya que garantiza un un encendido r\u00e1pido y uniforme.<\/p>\n<p data-start=\"446\" data-end=\"676\">Mantiene la calidad caracter\u00edstica de Clipper, es recargable, duradero y c\u00f3modo de usar. Su dise\u00f1o ergon\u00f3mico permite un agarre firme, mientras que su sistema de encendido garantiza fiabilidad incluso en condiciones exigentes.<\/p>\n<p data-start=\"879\" data-end=\"1007\">Un mechero pensado para fumadores que no se conforman con lo b\u00e1sico.<\/p>\n","protected":false},"excerpt":{"rendered":"<ul>\n<li data-start=\"710\" data-end=\"761\">\n<p data-start=\"712\" data-end=\"761\">Llama tipo soplete (jet flame) de alta potencia<\/p>\n<\/li>\n<li data-start=\"710\" data-end=\"761\">Resistente al viento<\/li>\n<li data-start=\"787\" data-end=\"816\">\n<p data-start=\"789\" data-end=\"816\">Recargable con gas butano<\/p>\n<\/li>\n<li data-start=\"817\" data-end=\"847\">\n<p data-start=\"819\" data-end=\"847\">Encendido r\u00e1pido y preciso<\/p>\n<\/li>\n<li data-start=\"850\" data-end=\"877\">Dise\u00f1o pr\u00e1ctico y robusto<\/li>\n<\/ul>\n<ul>\n<li><strong>\u2b07\ufe0f PRECIOS MAYORISTA PARA PROFESIONALES \u2b07\ufe0f<\/strong><\/li>\n<\/ul>\n<p style=\"padding-left: 200px;\"><strong><a href=\"https:\/\/www.smokershop.es\/index.php\/register\/\" target=\"_blank\" rel=\"noopener\">\ud83d\udc49 REGISTRATE AQUI \ud83d\udc48<\/a><\/strong><\/p>\n<p>&nbsp;<\/p>\n","protected":false},"featured_media":3835,"template":"","meta":{"_joinchat":[]},"product_brand":[],"product_cat":[46],"product_tag":[],"class_list":{"0":"post-3854","1":"product","2":"type-product","3":"status-publish","4":"has-post-thumbnail","6":"product_cat-mecheros-packs-y-sopletes","8":"first","9":"instock","10":"taxable","11":"shipping-taxable","12":"purchasable","13":"product-type-simple"},"yoast_head":"<!-- This site is optimized with the Yoast SEO plugin v27.4 - https:\/\/yoast.com\/product\/yoast-seo-wordpress\/ -->\n<title>CLIPPER SOPLETE - The Smoker&#039;s Shop<\/title>\n<meta name=\"description\" content=\"CLIPPER SOPLETE llama tipo soplete, recargable, duradero y c\u00f3modo de usar gracias a su dise\u00f1o ergon\u00f3mico que permite un agarre firme.\" \/>\n<meta name=\"robots\" content=\"index, follow, max-snippet:-1, max-image-preview:large, max-video-preview:-1\" \/>\n<link rel=\"canonical\" href=\"https:\/\/www.smokershop.es\/index.php\/producto\/clipper-soplete\/\" \/>\n<meta property=\"og:locale\" content=\"es_ES\" \/>\n<meta property=\"og:type\" content=\"article\" \/>\n<meta property=\"og:title\" content=\"CLIPPER SOPLETE - The Smoker&#039;s Shop\" \/>\n<meta property=\"og:description\" content=\"CLIPPER SOPLETE llama tipo soplete, recargable, duradero y c\u00f3modo de usar gracias a su dise\u00f1o ergon\u00f3mico que permite un agarre firme.\" \/>\n<meta property=\"og:url\" content=\"https:\/\/www.smokershop.es\/index.php\/producto\/clipper-soplete\/\" \/>\n<meta property=\"og:site_name\" content=\"The Smoker&#039;s Shop\" \/>\n<meta property=\"article:modified_time\" content=\"2026-04-10T14:11:53+00:00\" \/>\n<meta property=\"og:image\" content=\"https:\/\/www.smokershop.es\/wp-content\/uploads\/2026\/01\/clipper-soplete.jpg\" \/>\n\t<meta property=\"og:image:width\" content=\"1350\" \/>\n\t<meta property=\"og:image:height\" content=\"1350\" \/>\n\t<meta property=\"og:image:type\" content=\"image\/jpeg\" \/>\n<meta name=\"twitter:card\" content=\"summary_large_image\" \/>\n<meta name=\"twitter:label1\" content=\"Tiempo de lectura\" \/>\n\t<meta name=\"twitter:data1\" content=\"1 minuto\" \/>\n<script type=\"application\/ld+json\" class=\"yoast-schema-graph\">{\"@context\":\"https:\\\/\\\/schema.org\",\"@graph\":[{\"@type\":\"WebPage\",\"@id\":\"https:\\\/\\\/www.smokershop.es\\\/index.php\\\/producto\\\/clipper-soplete\\\/\",\"url\":\"https:\\\/\\\/www.smokershop.es\\\/index.php\\\/producto\\\/clipper-soplete\\\/\",\"name\":\"CLIPPER SOPLETE - The Smoker&#039;s Shop\",\"isPartOf\":{\"@id\":\"https:\\\/\\\/www.smokershop.es\\\/#website\"},\"primaryImageOfPage\":{\"@id\":\"https:\\\/\\\/www.smokershop.es\\\/index.php\\\/producto\\\/clipper-soplete\\\/#primaryimage\"},\"image\":{\"@id\":\"https:\\\/\\\/www.smokershop.es\\\/index.php\\\/producto\\\/clipper-soplete\\\/#primaryimage\"},\"thumbnailUrl\":\"https:\\\/\\\/www.smokershop.es\\\/wp-content\\\/uploads\\\/2026\\\/01\\\/clipper-soplete.jpg\",\"datePublished\":\"2026-02-03T19:28:07+00:00\",\"dateModified\":\"2026-04-10T14:11:53+00:00\",\"description\":\"CLIPPER SOPLETE llama tipo soplete, recargable, duradero y c\u00f3modo de usar gracias a su dise\u00f1o ergon\u00f3mico que permite un agarre firme.\",\"breadcrumb\":{\"@id\":\"https:\\\/\\\/www.smokershop.es\\\/index.php\\\/producto\\\/clipper-soplete\\\/#breadcrumb\"},\"inLanguage\":\"es\",\"potentialAction\":[{\"@type\":\"ReadAction\",\"target\":[\"https:\\\/\\\/www.smokershop.es\\\/index.php\\\/producto\\\/clipper-soplete\\\/\"]}]},{\"@type\":\"ImageObject\",\"inLanguage\":\"es\",\"@id\":\"https:\\\/\\\/www.smokershop.es\\\/index.php\\\/producto\\\/clipper-soplete\\\/#primaryimage\",\"url\":\"https:\\\/\\\/www.smokershop.es\\\/wp-content\\\/uploads\\\/2026\\\/01\\\/clipper-soplete.jpg\",\"contentUrl\":\"https:\\\/\\\/www.smokershop.es\\\/wp-content\\\/uploads\\\/2026\\\/01\\\/clipper-soplete.jpg\",\"width\":1350,\"height\":1350,\"caption\":\"CLIPPER SOPLETE\"},{\"@type\":\"BreadcrumbList\",\"@id\":\"https:\\\/\\\/www.smokershop.es\\\/index.php\\\/producto\\\/clipper-soplete\\\/#breadcrumb\",\"itemListElement\":[{\"@type\":\"ListItem\",\"position\":1,\"name\":\"Portada\",\"item\":\"https:\\\/\\\/www.smokershop.es\\\/\"},{\"@type\":\"ListItem\",\"position\":2,\"name\":\"The Shop\",\"item\":\"https:\\\/\\\/www.smokershop.es\\\/index.php\\\/shop\\\/\"},{\"@type\":\"ListItem\",\"position\":3,\"name\":\"CLIPPER SOPLETE\"}]},{\"@type\":\"WebSite\",\"@id\":\"https:\\\/\\\/www.smokershop.es\\\/#website\",\"url\":\"https:\\\/\\\/www.smokershop.es\\\/\",\"name\":\"The Smoker&#039;s Shop\",\"description\":\"Todo para los fumadores\",\"publisher\":{\"@id\":\"https:\\\/\\\/www.smokershop.es\\\/#organization\"},\"potentialAction\":[{\"@type\":\"SearchAction\",\"target\":{\"@type\":\"EntryPoint\",\"urlTemplate\":\"https:\\\/\\\/www.smokershop.es\\\/?s={search_term_string}\"},\"query-input\":{\"@type\":\"PropertyValueSpecification\",\"valueRequired\":true,\"valueName\":\"search_term_string\"}}],\"inLanguage\":\"es\"},{\"@type\":\"Organization\",\"@id\":\"https:\\\/\\\/www.smokershop.es\\\/#organization\",\"name\":\"The Smoker&#039;s Shop\",\"url\":\"https:\\\/\\\/www.smokershop.es\\\/\",\"logo\":{\"@type\":\"ImageObject\",\"inLanguage\":\"es\",\"@id\":\"https:\\\/\\\/www.smokershop.es\\\/#\\\/schema\\\/logo\\\/image\\\/\",\"url\":\"https:\\\/\\\/www.smokershop.es\\\/wp-content\\\/uploads\\\/2023\\\/10\\\/smokershop-logo.png\",\"contentUrl\":\"https:\\\/\\\/www.smokershop.es\\\/wp-content\\\/uploads\\\/2023\\\/10\\\/smokershop-logo.png\",\"width\":1711,\"height\":752,\"caption\":\"The Smoker&#039;s Shop\"},\"image\":{\"@id\":\"https:\\\/\\\/www.smokershop.es\\\/#\\\/schema\\\/logo\\\/image\\\/\"},\"sameAs\":[\"https:\\\/\\\/www.instagram.com\\\/thesmokersshopofficial\"]}]}<\/script>\n<!-- \/ Yoast SEO plugin. -->","yoast_head_json":{"title":"CLIPPER SOPLETE - The Smoker&#039;s Shop","description":"CLIPPER SOPLETE llama tipo soplete, recargable, duradero y c\u00f3modo de usar gracias a su dise\u00f1o ergon\u00f3mico que permite un agarre firme.","robots":{"index":"index","follow":"follow","max-snippet":"max-snippet:-1","max-image-preview":"max-image-preview:large","max-video-preview":"max-video-preview:-1"},"canonical":"https:\/\/www.smokershop.es\/index.php\/producto\/clipper-soplete\/","og_locale":"es_ES","og_type":"article","og_title":"CLIPPER SOPLETE - The Smoker&#039;s Shop","og_description":"CLIPPER SOPLETE llama tipo soplete, recargable, duradero y c\u00f3modo de usar gracias a su dise\u00f1o ergon\u00f3mico que permite un agarre firme.","og_url":"https:\/\/www.smokershop.es\/index.php\/producto\/clipper-soplete\/","og_site_name":"The Smoker&#039;s Shop","article_modified_time":"2026-04-10T14:11:53+00:00","og_image":[{"width":1350,"height":1350,"url":"https:\/\/www.smokershop.es\/wp-content\/uploads\/2026\/01\/clipper-soplete.jpg","type":"image\/jpeg"}],"twitter_card":"summary_large_image","twitter_misc":{"Tiempo de lectura":"1 minuto"},"schema":{"@context":"https:\/\/schema.org","@graph":[{"@type":"WebPage","@id":"https:\/\/www.smokershop.es\/index.php\/producto\/clipper-soplete\/","url":"https:\/\/www.smokershop.es\/index.php\/producto\/clipper-soplete\/","name":"CLIPPER SOPLETE - The Smoker&#039;s Shop","isPartOf":{"@id":"https:\/\/www.smokershop.es\/#website"},"primaryImageOfPage":{"@id":"https:\/\/www.smokershop.es\/index.php\/producto\/clipper-soplete\/#primaryimage"},"image":{"@id":"https:\/\/www.smokershop.es\/index.php\/producto\/clipper-soplete\/#primaryimage"},"thumbnailUrl":"https:\/\/www.smokershop.es\/wp-content\/uploads\/2026\/01\/clipper-soplete.jpg","datePublished":"2026-02-03T19:28:07+00:00","dateModified":"2026-04-10T14:11:53+00:00","description":"CLIPPER SOPLETE llama tipo soplete, recargable, duradero y c\u00f3modo de usar gracias a su dise\u00f1o ergon\u00f3mico que permite un agarre firme.","breadcrumb":{"@id":"https:\/\/www.smokershop.es\/index.php\/producto\/clipper-soplete\/#breadcrumb"},"inLanguage":"es","potentialAction":[{"@type":"ReadAction","target":["https:\/\/www.smokershop.es\/index.php\/producto\/clipper-soplete\/"]}]},{"@type":"ImageObject","inLanguage":"es","@id":"https:\/\/www.smokershop.es\/index.php\/producto\/clipper-soplete\/#primaryimage","url":"https:\/\/www.smokershop.es\/wp-content\/uploads\/2026\/01\/clipper-soplete.jpg","contentUrl":"https:\/\/www.smokershop.es\/wp-content\/uploads\/2026\/01\/clipper-soplete.jpg","width":1350,"height":1350,"caption":"CLIPPER SOPLETE"},{"@type":"BreadcrumbList","@id":"https:\/\/www.smokershop.es\/index.php\/producto\/clipper-soplete\/#breadcrumb","itemListElement":[{"@type":"ListItem","position":1,"name":"Portada","item":"https:\/\/www.smokershop.es\/"},{"@type":"ListItem","position":2,"name":"The Shop","item":"https:\/\/www.smokershop.es\/index.php\/shop\/"},{"@type":"ListItem","position":3,"name":"CLIPPER SOPLETE"}]},{"@type":"WebSite","@id":"https:\/\/www.smokershop.es\/#website","url":"https:\/\/www.smokershop.es\/","name":"The Smoker&#039;s Shop","description":"Todo para los fumadores","publisher":{"@id":"https:\/\/www.smokershop.es\/#organization"},"potentialAction":[{"@type":"SearchAction","target":{"@type":"EntryPoint","urlTemplate":"https:\/\/www.smokershop.es\/?s={search_term_string}"},"query-input":{"@type":"PropertyValueSpecification","valueRequired":true,"valueName":"search_term_string"}}],"inLanguage":"es"},{"@type":"Organization","@id":"https:\/\/www.smokershop.es\/#organization","name":"The Smoker&#039;s Shop","url":"https:\/\/www.smokershop.es\/","logo":{"@type":"ImageObject","inLanguage":"es","@id":"https:\/\/www.smokershop.es\/#\/schema\/logo\/image\/","url":"https:\/\/www.smokershop.es\/wp-content\/uploads\/2023\/10\/smokershop-logo.png","contentUrl":"https:\/\/www.smokershop.es\/wp-content\/uploads\/2023\/10\/smokershop-logo.png","width":1711,"height":752,"caption":"The Smoker&#039;s Shop"},"image":{"@id":"https:\/\/www.smokershop.es\/#\/schema\/logo\/image\/"},"sameAs":["https:\/\/www.instagram.com\/thesmokersshopofficial"]}]}},"_links":{"self":[{"href":"https:\/\/www.smokershop.es\/index.php\/wp-json\/wp\/v2\/product\/3854","targetHints":{"allow":["GET"]}}],"collection":[{"href":"https:\/\/www.smokershop.es\/index.php\/wp-json\/wp\/v2\/product"}],"about":[{"href":"https:\/\/www.smokershop.es\/index.php\/wp-json\/wp\/v2\/types\/product"}],"wp:featuredmedia":[{"embeddable":true,"href":"https:\/\/www.smokershop.es\/index.php\/wp-json\/wp\/v2\/media\/3835"}],"wp:attachment":[{"href":"https:\/\/www.smokershop.es\/index.php\/wp-json\/wp\/v2\/media?parent=3854"}],"wp:term":[{"taxonomy":"product_brand","embeddable":true,"href":"https:\/\/www.smokershop.es\/index.php\/wp-json\/wp\/v2\/product_brand?post=3854"},{"taxonomy":"product_cat","embeddable":true,"href":"https:\/\/www.smokershop.es\/index.php\/wp-json\/wp\/v2\/product_cat?post=3854"},{"taxonomy":"product_tag","embeddable":true,"href":"https:\/\/www.smokershop.es\/index.php\/wp-json\/wp\/v2\/product_tag?post=3854"}],"curies":[{"name":"wp","href":"https:\/\/api.w.org\/{rel}","templated":true}]}}