{"id":3855,"date":"2026-03-18T12:56:47","date_gmt":"2026-03-18T11:56:47","guid":{"rendered":"https:\/\/www.smokershop.es\/?post_type=product&#038;p=3855"},"modified":"2026-04-10T01:21:31","modified_gmt":"2026-04-09T23:21:31","slug":"elements-ultra-thin-rice-papers","status":"publish","type":"product","link":"https:\/\/www.smokershop.es\/index.php\/producto\/elements-ultra-thin-rice-papers\/","title":{"rendered":"ELEMENTS ULTRA THIN RICE PAPERS"},"content":{"rendered":"<p data-start=\"166\" data-end=\"473\">Los Elements Ultra Thin Rice Papers est\u00e1n dise\u00f1ados para fumadores que buscan la m\u00e1xima naturalidad y una experiencia limpia. Fabricados con papel de arroz ultrafino, ofrecen una combusti\u00f3n lenta y uniforme, permitiendo disfrutar al m\u00e1ximo del sabor sin interferencias.<\/p>\n<p data-start=\"475\" data-end=\"711\">Gracias a su extrema finura, estos papeles proporcionan una sensaci\u00f3n ligera y suave en cada calada.<\/p>\n","protected":false},"excerpt":{"rendered":"<ul>\n<li data-start=\"745\" data-end=\"777\">\n<p data-start=\"747\" data-end=\"777\">Papel de arroz ultrafino king size.<\/p>\n<\/li>\n<li data-start=\"778\" data-end=\"809\">\n<p data-start=\"780\" data-end=\"809\">Combusti\u00f3n lenta y uniforme<\/p>\n<\/li>\n<li data-start=\"810\" data-end=\"850\">\n<p data-start=\"812\" data-end=\"850\">Goma natural de az\u00facar, sin qu\u00edmicos<\/p>\n<\/li>\n<li data-start=\"851\" data-end=\"872\">\n<p data-start=\"853\" data-end=\"872\">Sin sabor a\u00f1adido<\/p>\n<\/li>\n<li data-start=\"853\" data-end=\"872\">M\u00e1xima pureza y ligereza<\/li>\n<\/ul>\n<p>&nbsp;<\/p>\n<ul>\n<li><em>FORMATO PRO -&gt; DISPLAY x50<\/em><\/li>\n<li><strong>\u2b07\ufe0f PRECIOS MAYORISTA PARA PROFESIONALES \u2b07\ufe0f<\/strong>\n<ul>\n<li style=\"list-style-type: none;\">\n<ul>\n<li style=\"list-style-type: none;\">\n<ul>\n<li><strong><a href=\"https:\/\/www.smokershop.es\/index.php\/register\/\" target=\"_blank\" rel=\"noopener\">\ud83d\udc49 REGISTRATE AQUI \ud83d\udc48<\/a><\/strong><\/li>\n<\/ul>\n<\/li>\n<\/ul>\n<\/li>\n<\/ul>\n<\/li>\n<\/ul>\n","protected":false},"featured_media":3883,"template":"","meta":{"_joinchat":[]},"product_brand":[],"product_cat":[74,40,42],"product_tag":[],"class_list":{"0":"post-3855","1":"product","2":"type-product","3":"status-publish","4":"has-post-thumbnail","6":"product_cat-king-size","7":"product_cat-papel-de-fumar","8":"product_cat-papel-king-size","10":"first","11":"instock","12":"taxable","13":"shipping-taxable","14":"purchasable","15":"product-type-simple"},"yoast_head":"<!-- This site is optimized with the Yoast SEO plugin v27.4 - https:\/\/yoast.com\/product\/yoast-seo-wordpress\/ -->\n<title>ELEMENTS ULTRA THIN RICE PAPERS - The Smoker&#039;s Shop<\/title>\n<meta name=\"description\" content=\"ELEMENTS ULTRA THIN RICE PAPERS fabricados con papel de arroz ultrafino, ofrecen una combusti\u00f3n lenta y uniforme, m\u00e1ximo del sabor sin interferencias.\" \/>\n<meta name=\"robots\" content=\"index, follow, max-snippet:-1, max-image-preview:large, max-video-preview:-1\" \/>\n<link rel=\"canonical\" href=\"https:\/\/www.smokershop.es\/index.php\/producto\/elements-ultra-thin-rice-papers\/\" \/>\n<meta property=\"og:locale\" content=\"es_ES\" \/>\n<meta property=\"og:type\" content=\"article\" \/>\n<meta property=\"og:title\" content=\"ELEMENTS ULTRA THIN RICE PAPERS - The Smoker&#039;s Shop\" \/>\n<meta property=\"og:description\" content=\"ELEMENTS ULTRA THIN RICE PAPERS fabricados con papel de arroz ultrafino, ofrecen una combusti\u00f3n lenta y uniforme, m\u00e1ximo del sabor sin interferencias.\" \/>\n<meta property=\"og:url\" content=\"https:\/\/www.smokershop.es\/index.php\/producto\/elements-ultra-thin-rice-papers\/\" \/>\n<meta property=\"og:site_name\" content=\"The Smoker&#039;s Shop\" \/>\n<meta property=\"article:modified_time\" content=\"2026-04-09T23:21:31+00:00\" \/>\n<meta property=\"og:image\" content=\"https:\/\/www.smokershop.es\/wp-content\/uploads\/2026\/03\/EEMENT.jpg\" \/>\n\t<meta property=\"og:image:width\" content=\"1200\" \/>\n\t<meta property=\"og:image:height\" content=\"1200\" \/>\n\t<meta property=\"og:image:type\" content=\"image\/jpeg\" \/>\n<meta name=\"twitter:card\" content=\"summary_large_image\" \/>\n<meta name=\"twitter:label1\" content=\"Tiempo de lectura\" \/>\n\t<meta name=\"twitter:data1\" content=\"1 minuto\" \/>\n<script type=\"application\/ld+json\" class=\"yoast-schema-graph\">{\"@context\":\"https:\\\/\\\/schema.org\",\"@graph\":[{\"@type\":\"WebPage\",\"@id\":\"https:\\\/\\\/www.smokershop.es\\\/index.php\\\/producto\\\/elements-ultra-thin-rice-papers\\\/\",\"url\":\"https:\\\/\\\/www.smokershop.es\\\/index.php\\\/producto\\\/elements-ultra-thin-rice-papers\\\/\",\"name\":\"ELEMENTS ULTRA THIN RICE PAPERS - The Smoker&#039;s Shop\",\"isPartOf\":{\"@id\":\"https:\\\/\\\/www.smokershop.es\\\/#website\"},\"primaryImageOfPage\":{\"@id\":\"https:\\\/\\\/www.smokershop.es\\\/index.php\\\/producto\\\/elements-ultra-thin-rice-papers\\\/#primaryimage\"},\"image\":{\"@id\":\"https:\\\/\\\/www.smokershop.es\\\/index.php\\\/producto\\\/elements-ultra-thin-rice-papers\\\/#primaryimage\"},\"thumbnailUrl\":\"https:\\\/\\\/www.smokershop.es\\\/wp-content\\\/uploads\\\/2026\\\/03\\\/EEMENT.jpg\",\"datePublished\":\"2026-03-18T11:56:47+00:00\",\"dateModified\":\"2026-04-09T23:21:31+00:00\",\"description\":\"ELEMENTS ULTRA THIN RICE PAPERS fabricados con papel de arroz ultrafino, ofrecen una combusti\u00f3n lenta y uniforme, m\u00e1ximo del sabor sin interferencias.\",\"breadcrumb\":{\"@id\":\"https:\\\/\\\/www.smokershop.es\\\/index.php\\\/producto\\\/elements-ultra-thin-rice-papers\\\/#breadcrumb\"},\"inLanguage\":\"es\",\"potentialAction\":[{\"@type\":\"ReadAction\",\"target\":[\"https:\\\/\\\/www.smokershop.es\\\/index.php\\\/producto\\\/elements-ultra-thin-rice-papers\\\/\"]}]},{\"@type\":\"ImageObject\",\"inLanguage\":\"es\",\"@id\":\"https:\\\/\\\/www.smokershop.es\\\/index.php\\\/producto\\\/elements-ultra-thin-rice-papers\\\/#primaryimage\",\"url\":\"https:\\\/\\\/www.smokershop.es\\\/wp-content\\\/uploads\\\/2026\\\/03\\\/EEMENT.jpg\",\"contentUrl\":\"https:\\\/\\\/www.smokershop.es\\\/wp-content\\\/uploads\\\/2026\\\/03\\\/EEMENT.jpg\",\"width\":1200,\"height\":1200,\"caption\":\"ELEMENTS ULTRA THIN RICE PAPERS\"},{\"@type\":\"BreadcrumbList\",\"@id\":\"https:\\\/\\\/www.smokershop.es\\\/index.php\\\/producto\\\/elements-ultra-thin-rice-papers\\\/#breadcrumb\",\"itemListElement\":[{\"@type\":\"ListItem\",\"position\":1,\"name\":\"Portada\",\"item\":\"https:\\\/\\\/www.smokershop.es\\\/\"},{\"@type\":\"ListItem\",\"position\":2,\"name\":\"The Shop\",\"item\":\"https:\\\/\\\/www.smokershop.es\\\/index.php\\\/shop\\\/\"},{\"@type\":\"ListItem\",\"position\":3,\"name\":\"ELEMENTS ULTRA THIN RICE PAPERS\"}]},{\"@type\":\"WebSite\",\"@id\":\"https:\\\/\\\/www.smokershop.es\\\/#website\",\"url\":\"https:\\\/\\\/www.smokershop.es\\\/\",\"name\":\"The Smoker&#039;s Shop\",\"description\":\"Todo para los fumadores\",\"publisher\":{\"@id\":\"https:\\\/\\\/www.smokershop.es\\\/#organization\"},\"potentialAction\":[{\"@type\":\"SearchAction\",\"target\":{\"@type\":\"EntryPoint\",\"urlTemplate\":\"https:\\\/\\\/www.smokershop.es\\\/?s={search_term_string}\"},\"query-input\":{\"@type\":\"PropertyValueSpecification\",\"valueRequired\":true,\"valueName\":\"search_term_string\"}}],\"inLanguage\":\"es\"},{\"@type\":\"Organization\",\"@id\":\"https:\\\/\\\/www.smokershop.es\\\/#organization\",\"name\":\"The Smoker&#039;s Shop\",\"url\":\"https:\\\/\\\/www.smokershop.es\\\/\",\"logo\":{\"@type\":\"ImageObject\",\"inLanguage\":\"es\",\"@id\":\"https:\\\/\\\/www.smokershop.es\\\/#\\\/schema\\\/logo\\\/image\\\/\",\"url\":\"https:\\\/\\\/www.smokershop.es\\\/wp-content\\\/uploads\\\/2023\\\/10\\\/smokershop-logo.png\",\"contentUrl\":\"https:\\\/\\\/www.smokershop.es\\\/wp-content\\\/uploads\\\/2023\\\/10\\\/smokershop-logo.png\",\"width\":1711,\"height\":752,\"caption\":\"The Smoker&#039;s Shop\"},\"image\":{\"@id\":\"https:\\\/\\\/www.smokershop.es\\\/#\\\/schema\\\/logo\\\/image\\\/\"},\"sameAs\":[\"https:\\\/\\\/www.instagram.com\\\/thesmokersshopofficial\"]}]}<\/script>\n<!-- \/ Yoast SEO plugin. -->","yoast_head_json":{"title":"ELEMENTS ULTRA THIN RICE PAPERS - The Smoker&#039;s Shop","description":"ELEMENTS ULTRA THIN RICE PAPERS fabricados con papel de arroz ultrafino, ofrecen una combusti\u00f3n lenta y uniforme, m\u00e1ximo del sabor sin interferencias.","robots":{"index":"index","follow":"follow","max-snippet":"max-snippet:-1","max-image-preview":"max-image-preview:large","max-video-preview":"max-video-preview:-1"},"canonical":"https:\/\/www.smokershop.es\/index.php\/producto\/elements-ultra-thin-rice-papers\/","og_locale":"es_ES","og_type":"article","og_title":"ELEMENTS ULTRA THIN RICE PAPERS - The Smoker&#039;s Shop","og_description":"ELEMENTS ULTRA THIN RICE PAPERS fabricados con papel de arroz ultrafino, ofrecen una combusti\u00f3n lenta y uniforme, m\u00e1ximo del sabor sin interferencias.","og_url":"https:\/\/www.smokershop.es\/index.php\/producto\/elements-ultra-thin-rice-papers\/","og_site_name":"The Smoker&#039;s Shop","article_modified_time":"2026-04-09T23:21:31+00:00","og_image":[{"width":1200,"height":1200,"url":"https:\/\/www.smokershop.es\/wp-content\/uploads\/2026\/03\/EEMENT.jpg","type":"image\/jpeg"}],"twitter_card":"summary_large_image","twitter_misc":{"Tiempo de lectura":"1 minuto"},"schema":{"@context":"https:\/\/schema.org","@graph":[{"@type":"WebPage","@id":"https:\/\/www.smokershop.es\/index.php\/producto\/elements-ultra-thin-rice-papers\/","url":"https:\/\/www.smokershop.es\/index.php\/producto\/elements-ultra-thin-rice-papers\/","name":"ELEMENTS ULTRA THIN RICE PAPERS - The Smoker&#039;s Shop","isPartOf":{"@id":"https:\/\/www.smokershop.es\/#website"},"primaryImageOfPage":{"@id":"https:\/\/www.smokershop.es\/index.php\/producto\/elements-ultra-thin-rice-papers\/#primaryimage"},"image":{"@id":"https:\/\/www.smokershop.es\/index.php\/producto\/elements-ultra-thin-rice-papers\/#primaryimage"},"thumbnailUrl":"https:\/\/www.smokershop.es\/wp-content\/uploads\/2026\/03\/EEMENT.jpg","datePublished":"2026-03-18T11:56:47+00:00","dateModified":"2026-04-09T23:21:31+00:00","description":"ELEMENTS ULTRA THIN RICE PAPERS fabricados con papel de arroz ultrafino, ofrecen una combusti\u00f3n lenta y uniforme, m\u00e1ximo del sabor sin interferencias.","breadcrumb":{"@id":"https:\/\/www.smokershop.es\/index.php\/producto\/elements-ultra-thin-rice-papers\/#breadcrumb"},"inLanguage":"es","potentialAction":[{"@type":"ReadAction","target":["https:\/\/www.smokershop.es\/index.php\/producto\/elements-ultra-thin-rice-papers\/"]}]},{"@type":"ImageObject","inLanguage":"es","@id":"https:\/\/www.smokershop.es\/index.php\/producto\/elements-ultra-thin-rice-papers\/#primaryimage","url":"https:\/\/www.smokershop.es\/wp-content\/uploads\/2026\/03\/EEMENT.jpg","contentUrl":"https:\/\/www.smokershop.es\/wp-content\/uploads\/2026\/03\/EEMENT.jpg","width":1200,"height":1200,"caption":"ELEMENTS ULTRA THIN RICE PAPERS"},{"@type":"BreadcrumbList","@id":"https:\/\/www.smokershop.es\/index.php\/producto\/elements-ultra-thin-rice-papers\/#breadcrumb","itemListElement":[{"@type":"ListItem","position":1,"name":"Portada","item":"https:\/\/www.smokershop.es\/"},{"@type":"ListItem","position":2,"name":"The Shop","item":"https:\/\/www.smokershop.es\/index.php\/shop\/"},{"@type":"ListItem","position":3,"name":"ELEMENTS ULTRA THIN RICE PAPERS"}]},{"@type":"WebSite","@id":"https:\/\/www.smokershop.es\/#website","url":"https:\/\/www.smokershop.es\/","name":"The Smoker&#039;s Shop","description":"Todo para los fumadores","publisher":{"@id":"https:\/\/www.smokershop.es\/#organization"},"potentialAction":[{"@type":"SearchAction","target":{"@type":"EntryPoint","urlTemplate":"https:\/\/www.smokershop.es\/?s={search_term_string}"},"query-input":{"@type":"PropertyValueSpecification","valueRequired":true,"valueName":"search_term_string"}}],"inLanguage":"es"},{"@type":"Organization","@id":"https:\/\/www.smokershop.es\/#organization","name":"The Smoker&#039;s Shop","url":"https:\/\/www.smokershop.es\/","logo":{"@type":"ImageObject","inLanguage":"es","@id":"https:\/\/www.smokershop.es\/#\/schema\/logo\/image\/","url":"https:\/\/www.smokershop.es\/wp-content\/uploads\/2023\/10\/smokershop-logo.png","contentUrl":"https:\/\/www.smokershop.es\/wp-content\/uploads\/2023\/10\/smokershop-logo.png","width":1711,"height":752,"caption":"The Smoker&#039;s Shop"},"image":{"@id":"https:\/\/www.smokershop.es\/#\/schema\/logo\/image\/"},"sameAs":["https:\/\/www.instagram.com\/thesmokersshopofficial"]}]}},"_links":{"self":[{"href":"https:\/\/www.smokershop.es\/index.php\/wp-json\/wp\/v2\/product\/3855","targetHints":{"allow":["GET"]}}],"collection":[{"href":"https:\/\/www.smokershop.es\/index.php\/wp-json\/wp\/v2\/product"}],"about":[{"href":"https:\/\/www.smokershop.es\/index.php\/wp-json\/wp\/v2\/types\/product"}],"wp:featuredmedia":[{"embeddable":true,"href":"https:\/\/www.smokershop.es\/index.php\/wp-json\/wp\/v2\/media\/3883"}],"wp:attachment":[{"href":"https:\/\/www.smokershop.es\/index.php\/wp-json\/wp\/v2\/media?parent=3855"}],"wp:term":[{"taxonomy":"product_brand","embeddable":true,"href":"https:\/\/www.smokershop.es\/index.php\/wp-json\/wp\/v2\/product_brand?post=3855"},{"taxonomy":"product_cat","embeddable":true,"href":"https:\/\/www.smokershop.es\/index.php\/wp-json\/wp\/v2\/product_cat?post=3855"},{"taxonomy":"product_tag","embeddable":true,"href":"https:\/\/www.smokershop.es\/index.php\/wp-json\/wp\/v2\/product_tag?post=3855"}],"curies":[{"name":"wp","href":"https:\/\/api.w.org\/{rel}","templated":true}]}}