{"id":3904,"date":"2026-04-07T13:39:42","date_gmt":"2026-04-07T11:39:42","guid":{"rendered":"https:\/\/www.smokershop.es\/?post_type=product&#038;p=3904"},"modified":"2026-04-07T13:39:43","modified_gmt":"2026-04-07T11:39:43","slug":"monkey-billionaire-pink-xl","status":"publish","type":"product","link":"https:\/\/www.smokershop.es\/index.php\/producto\/monkey-billionaire-pink-xl\/","title":{"rendered":"MONKEY BILLIONAIRE PINK XL"},"content":{"rendered":"<p data-start=\"253\" data-end=\"576\">MONKEY BILLIONAIRE PINK XL<\/p>\n<p data-start=\"253\" data-end=\"576\">Descubre la nueva colecci\u00f3n Monkey Billionaire Pink XL la elecci\u00f3n de los fumadores que buscan lujo, calidad y personalidad en cada calada. Ahora m\u00e1s largo, perfecto para todos aquellos fumadores a los que el king size les sabia a poco.<\/p>\n<p data-start=\"253\" data-end=\"576\">El Monkey Billionaire Pink XL, es la elecci\u00f3n de los fumadores que buscan lujo, calidad y personalidad en cada calada.<br data-start=\"407\" data-end=\"410\" \/>El papel m\u00e1s fino de Monkey King, ahora rosa y con un tama\u00f1o extra largo, 130 mm X 44 mm, en un pack imantado que incluye filtros troquelados para facilitar y mejorar el filtrado, con un dise\u00f1o exclusivo y llamativo, que no te dejara indiferente.<\/p>\n<p data-start=\"253\" data-end=\"576\">\u00a0Con materiales de primera y un acabado dorado espectacular, el pack Billionaire Pink XL no solo destaca por su apariencia elegante, sino tambi\u00e9n por su rendimiento superior.<\/p>\n<p data-start=\"253\" data-end=\"576\">\u00a0Brillante, sofisticado y pensado para destacar. Disfruta de una experiencia de fumada m\u00e1s limpia, intensa y placentera, gracias a su finura y calidad. Es perfecto para quienes buscan diferenciarse con estilo y clase.<\/p>\n","protected":false},"excerpt":{"rendered":"<ul>\n<li>Nuevo Pack Monkey Billonaire Pink XL imantado con un dise\u00f1o exclusivo y llamativo.<\/li>\n<li>32 hojas de papel extra largo rosa, 130 mm X 44 mm, marr\u00f3n ultrafino, el m\u00e1s fino de la marca.<\/li>\n<li>16 filtros dobles troquelados, para facilitar y mejorar el filtrado.<\/li>\n<\/ul>\n<p>&nbsp;<\/p>\n<ul>\n<li>Para profesionales 24 unidades por caja.<\/li>\n<\/ul>\n","protected":false},"featured_media":3907,"template":"","meta":{"_joinchat":[]},"product_brand":[],"product_cat":[40,42,66],"product_tag":[],"class_list":{"0":"post-3904","1":"product","2":"type-product","3":"status-publish","4":"has-post-thumbnail","6":"product_cat-papel-de-fumar","7":"product_cat-papel-king-size","8":"product_cat-papel-king-size-tips-papel-king-size","10":"first","11":"instock","12":"taxable","13":"shipping-taxable","14":"purchasable","15":"product-type-simple"},"yoast_head":"<!-- This site is optimized with the Yoast SEO plugin v27.2 - https:\/\/yoast.com\/product\/yoast-seo-wordpress\/ -->\n<title>MONKEY BILLIONAIRE PINK XL - The Smoker&#039;s Shop<\/title>\n<meta name=\"description\" content=\"MONKEY BILLIONAIRE PINK XL pack imantado que cuenta con 32 papeles rosas de 130 mm X 44 mm, ultrafinos y 16 filtros dobles, con un dise\u00f1o exclusivo.\" \/>\n<meta name=\"robots\" content=\"index, follow, max-snippet:-1, max-image-preview:large, max-video-preview:-1\" \/>\n<link rel=\"canonical\" href=\"https:\/\/www.smokershop.es\/index.php\/producto\/monkey-billionaire-pink-xl\/\" \/>\n<meta property=\"og:locale\" content=\"es_ES\" \/>\n<meta property=\"og:type\" content=\"article\" \/>\n<meta property=\"og:title\" content=\"MONKEY BILLIONAIRE PINK XL - The Smoker&#039;s Shop\" \/>\n<meta property=\"og:description\" content=\"MONKEY BILLIONAIRE PINK XL pack imantado que cuenta con 32 papeles rosas de 130 mm X 44 mm, ultrafinos y 16 filtros dobles, con un dise\u00f1o exclusivo.\" \/>\n<meta property=\"og:url\" content=\"https:\/\/www.smokershop.es\/index.php\/producto\/monkey-billionaire-pink-xl\/\" \/>\n<meta property=\"og:site_name\" content=\"The Smoker&#039;s Shop\" \/>\n<meta property=\"article:modified_time\" content=\"2026-04-07T11:39:43+00:00\" \/>\n<meta property=\"og:image\" content=\"https:\/\/www.smokershop.es\/wp-content\/uploads\/2026\/04\/MPCPTMPINKXL-scaled.jpg\" \/>\n\t<meta property=\"og:image:width\" content=\"1798\" \/>\n\t<meta property=\"og:image:height\" content=\"2560\" \/>\n\t<meta property=\"og:image:type\" content=\"image\/jpeg\" \/>\n<meta name=\"twitter:card\" content=\"summary_large_image\" \/>\n<meta name=\"twitter:label1\" content=\"Tiempo de lectura\" \/>\n\t<meta name=\"twitter:data1\" content=\"1 minuto\" \/>\n<script type=\"application\/ld+json\" class=\"yoast-schema-graph\">{\"@context\":\"https:\/\/schema.org\",\"@graph\":[{\"@type\":\"WebPage\",\"@id\":\"https:\/\/www.smokershop.es\/index.php\/producto\/monkey-billionaire-pink-xl\/\",\"url\":\"https:\/\/www.smokershop.es\/index.php\/producto\/monkey-billionaire-pink-xl\/\",\"name\":\"MONKEY BILLIONAIRE PINK XL - The Smoker&#039;s Shop\",\"isPartOf\":{\"@id\":\"https:\/\/www.smokershop.es\/#website\"},\"primaryImageOfPage\":{\"@id\":\"https:\/\/www.smokershop.es\/index.php\/producto\/monkey-billionaire-pink-xl\/#primaryimage\"},\"image\":{\"@id\":\"https:\/\/www.smokershop.es\/index.php\/producto\/monkey-billionaire-pink-xl\/#primaryimage\"},\"thumbnailUrl\":\"https:\/\/www.smokershop.es\/wp-content\/uploads\/2026\/04\/MPCPTMPINKXL-scaled.jpg\",\"datePublished\":\"2026-04-07T11:39:42+00:00\",\"dateModified\":\"2026-04-07T11:39:43+00:00\",\"description\":\"MONKEY BILLIONAIRE PINK XL pack imantado que cuenta con 32 papeles rosas de 130 mm X 44 mm, ultrafinos y 16 filtros dobles, con un dise\u00f1o exclusivo.\",\"breadcrumb\":{\"@id\":\"https:\/\/www.smokershop.es\/index.php\/producto\/monkey-billionaire-pink-xl\/#breadcrumb\"},\"inLanguage\":\"es\",\"potentialAction\":[{\"@type\":\"ReadAction\",\"target\":[\"https:\/\/www.smokershop.es\/index.php\/producto\/monkey-billionaire-pink-xl\/\"]}]},{\"@type\":\"ImageObject\",\"inLanguage\":\"es\",\"@id\":\"https:\/\/www.smokershop.es\/index.php\/producto\/monkey-billionaire-pink-xl\/#primaryimage\",\"url\":\"https:\/\/www.smokershop.es\/wp-content\/uploads\/2026\/04\/MPCPTMPINKXL-scaled.jpg\",\"contentUrl\":\"https:\/\/www.smokershop.es\/wp-content\/uploads\/2026\/04\/MPCPTMPINKXL-scaled.jpg\",\"width\":1798,\"height\":2560,\"caption\":\"MONKEY BILLIONAIRE PINK XL\"},{\"@type\":\"BreadcrumbList\",\"@id\":\"https:\/\/www.smokershop.es\/index.php\/producto\/monkey-billionaire-pink-xl\/#breadcrumb\",\"itemListElement\":[{\"@type\":\"ListItem\",\"position\":1,\"name\":\"Portada\",\"item\":\"https:\/\/www.smokershop.es\/\"},{\"@type\":\"ListItem\",\"position\":2,\"name\":\"The Shop\",\"item\":\"https:\/\/www.smokershop.es\/index.php\/shop\/\"},{\"@type\":\"ListItem\",\"position\":3,\"name\":\"MONKEY BILLIONAIRE PINK XL\"}]},{\"@type\":\"WebSite\",\"@id\":\"https:\/\/www.smokershop.es\/#website\",\"url\":\"https:\/\/www.smokershop.es\/\",\"name\":\"The Smoker&#039;s Shop\",\"description\":\"Todo para los fumadores\",\"publisher\":{\"@id\":\"https:\/\/www.smokershop.es\/#organization\"},\"potentialAction\":[{\"@type\":\"SearchAction\",\"target\":{\"@type\":\"EntryPoint\",\"urlTemplate\":\"https:\/\/www.smokershop.es\/?s={search_term_string}\"},\"query-input\":{\"@type\":\"PropertyValueSpecification\",\"valueRequired\":true,\"valueName\":\"search_term_string\"}}],\"inLanguage\":\"es\"},{\"@type\":\"Organization\",\"@id\":\"https:\/\/www.smokershop.es\/#organization\",\"name\":\"The Smoker&#039;s Shop\",\"url\":\"https:\/\/www.smokershop.es\/\",\"logo\":{\"@type\":\"ImageObject\",\"inLanguage\":\"es\",\"@id\":\"https:\/\/www.smokershop.es\/#\/schema\/logo\/image\/\",\"url\":\"https:\/\/www.smokershop.es\/wp-content\/uploads\/2023\/10\/smokershop-logo.png\",\"contentUrl\":\"https:\/\/www.smokershop.es\/wp-content\/uploads\/2023\/10\/smokershop-logo.png\",\"width\":1711,\"height\":752,\"caption\":\"The Smoker&#039;s Shop\"},\"image\":{\"@id\":\"https:\/\/www.smokershop.es\/#\/schema\/logo\/image\/\"},\"sameAs\":[\"https:\/\/www.instagram.com\/thesmokersshopofficial\"]}]}<\/script>\n<!-- \/ Yoast SEO plugin. -->","yoast_head_json":{"title":"MONKEY BILLIONAIRE PINK XL - The Smoker&#039;s Shop","description":"MONKEY BILLIONAIRE PINK XL pack imantado que cuenta con 32 papeles rosas de 130 mm X 44 mm, ultrafinos y 16 filtros dobles, con un dise\u00f1o exclusivo.","robots":{"index":"index","follow":"follow","max-snippet":"max-snippet:-1","max-image-preview":"max-image-preview:large","max-video-preview":"max-video-preview:-1"},"canonical":"https:\/\/www.smokershop.es\/index.php\/producto\/monkey-billionaire-pink-xl\/","og_locale":"es_ES","og_type":"article","og_title":"MONKEY BILLIONAIRE PINK XL - The Smoker&#039;s Shop","og_description":"MONKEY BILLIONAIRE PINK XL pack imantado que cuenta con 32 papeles rosas de 130 mm X 44 mm, ultrafinos y 16 filtros dobles, con un dise\u00f1o exclusivo.","og_url":"https:\/\/www.smokershop.es\/index.php\/producto\/monkey-billionaire-pink-xl\/","og_site_name":"The Smoker&#039;s Shop","article_modified_time":"2026-04-07T11:39:43+00:00","og_image":[{"width":1798,"height":2560,"url":"https:\/\/www.smokershop.es\/wp-content\/uploads\/2026\/04\/MPCPTMPINKXL-scaled.jpg","type":"image\/jpeg"}],"twitter_card":"summary_large_image","twitter_misc":{"Tiempo de lectura":"1 minuto"},"schema":{"@context":"https:\/\/schema.org","@graph":[{"@type":"WebPage","@id":"https:\/\/www.smokershop.es\/index.php\/producto\/monkey-billionaire-pink-xl\/","url":"https:\/\/www.smokershop.es\/index.php\/producto\/monkey-billionaire-pink-xl\/","name":"MONKEY BILLIONAIRE PINK XL - The Smoker&#039;s Shop","isPartOf":{"@id":"https:\/\/www.smokershop.es\/#website"},"primaryImageOfPage":{"@id":"https:\/\/www.smokershop.es\/index.php\/producto\/monkey-billionaire-pink-xl\/#primaryimage"},"image":{"@id":"https:\/\/www.smokershop.es\/index.php\/producto\/monkey-billionaire-pink-xl\/#primaryimage"},"thumbnailUrl":"https:\/\/www.smokershop.es\/wp-content\/uploads\/2026\/04\/MPCPTMPINKXL-scaled.jpg","datePublished":"2026-04-07T11:39:42+00:00","dateModified":"2026-04-07T11:39:43+00:00","description":"MONKEY BILLIONAIRE PINK XL pack imantado que cuenta con 32 papeles rosas de 130 mm X 44 mm, ultrafinos y 16 filtros dobles, con un dise\u00f1o exclusivo.","breadcrumb":{"@id":"https:\/\/www.smokershop.es\/index.php\/producto\/monkey-billionaire-pink-xl\/#breadcrumb"},"inLanguage":"es","potentialAction":[{"@type":"ReadAction","target":["https:\/\/www.smokershop.es\/index.php\/producto\/monkey-billionaire-pink-xl\/"]}]},{"@type":"ImageObject","inLanguage":"es","@id":"https:\/\/www.smokershop.es\/index.php\/producto\/monkey-billionaire-pink-xl\/#primaryimage","url":"https:\/\/www.smokershop.es\/wp-content\/uploads\/2026\/04\/MPCPTMPINKXL-scaled.jpg","contentUrl":"https:\/\/www.smokershop.es\/wp-content\/uploads\/2026\/04\/MPCPTMPINKXL-scaled.jpg","width":1798,"height":2560,"caption":"MONKEY BILLIONAIRE PINK XL"},{"@type":"BreadcrumbList","@id":"https:\/\/www.smokershop.es\/index.php\/producto\/monkey-billionaire-pink-xl\/#breadcrumb","itemListElement":[{"@type":"ListItem","position":1,"name":"Portada","item":"https:\/\/www.smokershop.es\/"},{"@type":"ListItem","position":2,"name":"The Shop","item":"https:\/\/www.smokershop.es\/index.php\/shop\/"},{"@type":"ListItem","position":3,"name":"MONKEY BILLIONAIRE PINK XL"}]},{"@type":"WebSite","@id":"https:\/\/www.smokershop.es\/#website","url":"https:\/\/www.smokershop.es\/","name":"The Smoker&#039;s Shop","description":"Todo para los fumadores","publisher":{"@id":"https:\/\/www.smokershop.es\/#organization"},"potentialAction":[{"@type":"SearchAction","target":{"@type":"EntryPoint","urlTemplate":"https:\/\/www.smokershop.es\/?s={search_term_string}"},"query-input":{"@type":"PropertyValueSpecification","valueRequired":true,"valueName":"search_term_string"}}],"inLanguage":"es"},{"@type":"Organization","@id":"https:\/\/www.smokershop.es\/#organization","name":"The Smoker&#039;s Shop","url":"https:\/\/www.smokershop.es\/","logo":{"@type":"ImageObject","inLanguage":"es","@id":"https:\/\/www.smokershop.es\/#\/schema\/logo\/image\/","url":"https:\/\/www.smokershop.es\/wp-content\/uploads\/2023\/10\/smokershop-logo.png","contentUrl":"https:\/\/www.smokershop.es\/wp-content\/uploads\/2023\/10\/smokershop-logo.png","width":1711,"height":752,"caption":"The Smoker&#039;s Shop"},"image":{"@id":"https:\/\/www.smokershop.es\/#\/schema\/logo\/image\/"},"sameAs":["https:\/\/www.instagram.com\/thesmokersshopofficial"]}]}},"_links":{"self":[{"href":"https:\/\/www.smokershop.es\/index.php\/wp-json\/wp\/v2\/product\/3904","targetHints":{"allow":["GET"]}}],"collection":[{"href":"https:\/\/www.smokershop.es\/index.php\/wp-json\/wp\/v2\/product"}],"about":[{"href":"https:\/\/www.smokershop.es\/index.php\/wp-json\/wp\/v2\/types\/product"}],"wp:featuredmedia":[{"embeddable":true,"href":"https:\/\/www.smokershop.es\/index.php\/wp-json\/wp\/v2\/media\/3907"}],"wp:attachment":[{"href":"https:\/\/www.smokershop.es\/index.php\/wp-json\/wp\/v2\/media?parent=3904"}],"wp:term":[{"taxonomy":"product_brand","embeddable":true,"href":"https:\/\/www.smokershop.es\/index.php\/wp-json\/wp\/v2\/product_brand?post=3904"},{"taxonomy":"product_cat","embeddable":true,"href":"https:\/\/www.smokershop.es\/index.php\/wp-json\/wp\/v2\/product_cat?post=3904"},{"taxonomy":"product_tag","embeddable":true,"href":"https:\/\/www.smokershop.es\/index.php\/wp-json\/wp\/v2\/product_tag?post=3904"}],"curies":[{"name":"wp","href":"https:\/\/api.w.org\/{rel}","templated":true}]}}