{"id":3950,"date":"2026-05-04T14:12:29","date_gmt":"2026-05-04T12:12:29","guid":{"rendered":"https:\/\/www.smokershop.es\/?post_type=product&#038;p=3950"},"modified":"2026-05-08T15:39:11","modified_gmt":"2026-05-08T13:39:11","slug":"qnubu-papel-extracciones","status":"publish","type":"product","link":"https:\/\/www.smokershop.es\/index.php\/producto\/qnubu-papel-extracciones\/","title":{"rendered":"QNUBU PAPEL EXTRACCIONES"},"content":{"rendered":"<div class=\"relative basis-auto flex-col -mb-(--composer-overlap-px) pb-(--composer-overlap-px) [--composer-overlap-px:28px] grow flex\">\n<div class=\"flex flex-col text-sm\">\n<section class=\"text-token-text-primary w-full focus:outline-none [--shadow-height:45px] has-data-writing-block:pointer-events-none has-data-writing-block:-mt-(--shadow-height) has-data-writing-block:pt-(--shadow-height) [&amp;:has([data-writing-block])&gt;*]:pointer-events-auto [content-visibility:auto] supports-[content-visibility:auto]:[contain-intrinsic-size:auto_100lvh] R6Vx5W_threadScrollVars scroll-mb-[calc(var(--scroll-root-safe-area-inset-bottom,0px)+var(--thread-response-height))] scroll-mt-[calc(var(--header-height)+min(200px,max(70px,20svh)))]\" dir=\"auto\" data-turn-id=\"d21025d7-08d4-4b6f-95f7-41bab99b18ce\" data-testid=\"conversation-turn-6\" data-scroll-anchor=\"false\" data-turn=\"assistant\">\n<div class=\"text-base my-auto mx-auto pb-10 [--thread-content-margin:var(--thread-content-margin-xs,calc(var(--spacing)*4))] @w-sm\/main:[--thread-content-margin:var(--thread-content-margin-sm,calc(var(--spacing)*6))] @w-lg\/main:[--thread-content-margin:var(--thread-content-margin-lg,calc(var(--spacing)*16))] px-(--thread-content-margin)\">\n<div class=\"[--thread-content-max-width:40rem] @w-lg\/main:[--thread-content-max-width:48rem] mx-auto max-w-(--thread-content-max-width) flex-1 group\/turn-messages focus-visible:outline-hidden relative flex w-full min-w-0 flex-col agent-turn\">\n<div class=\"flex max-w-full flex-col gap-4 grow\">\n<div class=\"min-h-8 text-message relative flex w-full flex-col items-end gap-2 text-start break-words whitespace-normal outline-none keyboard-focused:focus-ring [.text-message+&amp;]:mt-1\" dir=\"auto\" tabindex=\"0\" data-message-author-role=\"assistant\" data-message-id=\"c254307c-6042-41b7-81c3-7d69684bb2ef\" data-turn-start-message=\"true\" data-message-model-slug=\"gpt-5-3\">\n<div class=\"flex w-full flex-col gap-1 empty:hidden\">\n<div class=\"markdown prose dark:prose-invert w-full wrap-break-word dark markdown-new-styling\">\n<p data-start=\"98\" data-end=\"173\"><strong data-start=\"98\" data-end=\"173\">Papel para Extracciones QNUBU 10&#215;10 cm \u2013 Precortado (Pack 100 unidades)<\/strong><\/p>\n<p data-start=\"175\" data-end=\"240\">M\u00e1xima protecci\u00f3n y comodidad para trabajar con tus extracciones.<\/p>\n<p data-start=\"242\" data-end=\"475\">El papel para extracciones <strong data-start=\"269\" data-end=\"278\">QNUBU<\/strong> est\u00e1 dise\u00f1ado para manipular, conservar y envolver sustancias pegajosas o delicadas sin que se adhieran. Gracias a su superficie antiadherente, permite un manejo limpio, preciso y sin desperdicio.<\/p>\n<p data-start=\"477\" data-end=\"495\">\ud83d\udca1 <strong data-start=\"480\" data-end=\"495\">Ideal para:<\/strong><\/p>\n<ul>\n<li>Manipulaci\u00f3n de extracciones y concentrados<\/li>\n<li>Envolver y conservar productos sensibles<\/li>\n<li>Evitar que el material se pegue a superficies<\/li>\n<li>Trabajo limpio y profesional en cualquier entorno<\/li>\n<\/ul>\n<p data-start=\"694\" data-end=\"717\">\ud83d\udce6 <strong data-start=\"697\" data-end=\"717\">Formato pr\u00e1ctico<\/strong><\/p>\n<ul data-start=\"718\" data-end=\"843\">\n<li data-section-id=\"19cs87r\" data-start=\"718\" data-end=\"741\">Medidas: 10 x 10 cm<\/li>\n<li data-section-id=\"1d8524q\" data-start=\"742\" data-end=\"780\">Hojas precortadas listas para usar<\/li>\n<li data-section-id=\"1l2bm5g\" data-start=\"781\" data-end=\"805\">Pack de 100 unidades<\/li>\n<li data-section-id=\"xdckvx\" data-start=\"806\" data-end=\"843\">F\u00e1cil almacenamiento y uso diario<\/li>\n<\/ul>\n<p data-start=\"845\" data-end=\"867\">\ud83d\ude80 <strong data-start=\"848\" data-end=\"867\">Ventajas clave:<\/strong><\/p>\n<ul data-start=\"868\" data-end=\"1028\">\n<li data-section-id=\"vfuvhg\" data-start=\"868\" data-end=\"912\">Superficie antiadherente de alta calidad<\/li>\n<li data-section-id=\"x9cxay\" data-start=\"913\" data-end=\"951\">Uso r\u00e1pido sin necesidad de cortar<\/li>\n<li data-section-id=\"1yk6zi5\" data-start=\"952\" data-end=\"983\">Reduce p\u00e9rdidas de producto<\/li>\n<li data-section-id=\"1uklcog\" data-start=\"984\" data-end=\"1028\">Perfecto para uso profesional o personal<\/li>\n<\/ul>\n<\/div>\n<\/div>\n<\/div>\n<\/div>\n<\/div>\n<\/div>\n<\/section>\n<\/div>\n<\/div>\n","protected":false},"excerpt":{"rendered":"<p data-start=\"98\" data-end=\"173\"><strong data-start=\"98\" data-end=\"173\">Papel para Extracciones QNUBU 10&#215;10 cm \u2013 Precortado (Pack 100 unidades)<\/strong><\/p>\n<p data-start=\"175\" data-end=\"240\">M\u00e1xima protecci\u00f3n y comodidad para trabajar con tus extracciones.<\/p>\n<p data-start=\"242\" data-end=\"475\">El papel para extracciones <strong data-start=\"269\" data-end=\"278\">QNUBU<\/strong> est\u00e1 dise\u00f1ado para manipular, conservar y envolver sustancias pegajosas o delicadas sin que se adhieran. Gracias a su superficie antiadherente, permite un manejo limpio, preciso y sin desperdicio.<\/p>\n<ul>\n<li style=\"list-style-type: none;\">\n<ul>\n<li><strong>\u2b07\ufe0f PRECIOS MAYORISTA PARA PROFESIONALES \u2b07\ufe0f<\/strong><\/li>\n<\/ul>\n<\/li>\n<\/ul>\n<p style=\"padding-left: 200px;\"><strong><a href=\"https:\/\/www.smokershop.es\/index.php\/register\/\" target=\"_blank\" rel=\"noopener\">\ud83d\udc49 REGISTRATE AQUI \ud83d\udc48<\/a><\/strong><\/p>\n","protected":false},"featured_media":3951,"template":"","meta":{"_joinchat":[]},"product_brand":[88],"product_cat":[44,40],"product_tag":[],"class_list":{"0":"post-3950","1":"product","2":"type-product","3":"status-publish","4":"has-post-thumbnail","6":"product_brand-qnubu","7":"product_cat-otros","8":"product_cat-papel-de-fumar","10":"first","11":"instock","12":"taxable","13":"shipping-taxable","14":"purchasable","15":"product-type-simple"},"yoast_head":"<!-- This site is optimized with the Yoast SEO plugin v27.4 - https:\/\/yoast.com\/product\/yoast-seo-wordpress\/ -->\n<title>QNUBU PAPEL EXTRACCIONES - The Smoker&#039;s Shop<\/title>\n<meta name=\"description\" content=\"Papel para Extracciones QNUBU 10x10 cm \u2013 Precortado (Pack 100 unidades)M\u00e1xima protecci\u00f3n y comodidad para trabajar con tus extracciones.El papel para extracciones QNUBU est\u00e1 dise\u00f1ado para manipular, conservar y envolver sustancias pegajosas o delicadas sin que se adhieran. Gracias a su superficie antiadherente, permite un manejo limpio, preciso y sin desperdicio.\" \/>\n<meta name=\"robots\" content=\"index, follow, max-snippet:-1, max-image-preview:large, max-video-preview:-1\" \/>\n<link rel=\"canonical\" href=\"https:\/\/www.smokershop.es\/index.php\/producto\/qnubu-papel-extracciones\/\" \/>\n<meta property=\"og:locale\" content=\"es_ES\" \/>\n<meta property=\"og:type\" content=\"article\" \/>\n<meta property=\"og:title\" content=\"QNUBU PAPEL EXTRACCIONES - The Smoker&#039;s Shop\" \/>\n<meta property=\"og:description\" content=\"Papel para Extracciones QNUBU 10x10 cm \u2013 Precortado (Pack 100 unidades)M\u00e1xima protecci\u00f3n y comodidad para trabajar con tus extracciones.El papel para extracciones QNUBU est\u00e1 dise\u00f1ado para manipular, conservar y envolver sustancias pegajosas o delicadas sin que se adhieran. Gracias a su superficie antiadherente, permite un manejo limpio, preciso y sin desperdicio.\" \/>\n<meta property=\"og:url\" content=\"https:\/\/www.smokershop.es\/index.php\/producto\/qnubu-papel-extracciones\/\" \/>\n<meta property=\"og:site_name\" content=\"The Smoker&#039;s Shop\" \/>\n<meta property=\"article:modified_time\" content=\"2026-05-08T13:39:11+00:00\" \/>\n<meta property=\"og:image\" content=\"https:\/\/www.smokershop.es\/wp-content\/uploads\/2026\/05\/QNUBU-PAPER.jpg\" \/>\n\t<meta property=\"og:image:width\" content=\"1350\" \/>\n\t<meta property=\"og:image:height\" content=\"1350\" \/>\n\t<meta property=\"og:image:type\" content=\"image\/jpeg\" \/>\n<meta name=\"twitter:card\" content=\"summary_large_image\" \/>\n<meta name=\"twitter:label1\" content=\"Tiempo de lectura\" \/>\n\t<meta name=\"twitter:data1\" content=\"1 minuto\" \/>\n<script type=\"application\/ld+json\" class=\"yoast-schema-graph\">{\"@context\":\"https:\\\/\\\/schema.org\",\"@graph\":[{\"@type\":\"WebPage\",\"@id\":\"https:\\\/\\\/www.smokershop.es\\\/index.php\\\/producto\\\/qnubu-papel-extracciones\\\/\",\"url\":\"https:\\\/\\\/www.smokershop.es\\\/index.php\\\/producto\\\/qnubu-papel-extracciones\\\/\",\"name\":\"QNUBU PAPEL EXTRACCIONES - The Smoker&#039;s Shop\",\"isPartOf\":{\"@id\":\"https:\\\/\\\/www.smokershop.es\\\/#website\"},\"primaryImageOfPage\":{\"@id\":\"https:\\\/\\\/www.smokershop.es\\\/index.php\\\/producto\\\/qnubu-papel-extracciones\\\/#primaryimage\"},\"image\":{\"@id\":\"https:\\\/\\\/www.smokershop.es\\\/index.php\\\/producto\\\/qnubu-papel-extracciones\\\/#primaryimage\"},\"thumbnailUrl\":\"https:\\\/\\\/www.smokershop.es\\\/wp-content\\\/uploads\\\/2026\\\/05\\\/QNUBU-PAPER.jpg\",\"datePublished\":\"2026-05-04T12:12:29+00:00\",\"dateModified\":\"2026-05-08T13:39:11+00:00\",\"description\":\"Papel para Extracciones QNUBU 10x10 cm \u2013 Precortado (Pack 100 unidades)M\u00e1xima protecci\u00f3n y comodidad para trabajar con tus extracciones.El papel para extracciones QNUBU est\u00e1 dise\u00f1ado para manipular, conservar y envolver sustancias pegajosas o delicadas sin que se adhieran. Gracias a su superficie antiadherente, permite un manejo limpio, preciso y sin desperdicio.\",\"breadcrumb\":{\"@id\":\"https:\\\/\\\/www.smokershop.es\\\/index.php\\\/producto\\\/qnubu-papel-extracciones\\\/#breadcrumb\"},\"inLanguage\":\"es\",\"potentialAction\":[{\"@type\":\"ReadAction\",\"target\":[\"https:\\\/\\\/www.smokershop.es\\\/index.php\\\/producto\\\/qnubu-papel-extracciones\\\/\"]}]},{\"@type\":\"ImageObject\",\"inLanguage\":\"es\",\"@id\":\"https:\\\/\\\/www.smokershop.es\\\/index.php\\\/producto\\\/qnubu-papel-extracciones\\\/#primaryimage\",\"url\":\"https:\\\/\\\/www.smokershop.es\\\/wp-content\\\/uploads\\\/2026\\\/05\\\/QNUBU-PAPER.jpg\",\"contentUrl\":\"https:\\\/\\\/www.smokershop.es\\\/wp-content\\\/uploads\\\/2026\\\/05\\\/QNUBU-PAPER.jpg\",\"width\":1350,\"height\":1350,\"caption\":\"QNUBU PAPER\"},{\"@type\":\"BreadcrumbList\",\"@id\":\"https:\\\/\\\/www.smokershop.es\\\/index.php\\\/producto\\\/qnubu-papel-extracciones\\\/#breadcrumb\",\"itemListElement\":[{\"@type\":\"ListItem\",\"position\":1,\"name\":\"Portada\",\"item\":\"https:\\\/\\\/www.smokershop.es\\\/\"},{\"@type\":\"ListItem\",\"position\":2,\"name\":\"The Shop\",\"item\":\"https:\\\/\\\/www.smokershop.es\\\/index.php\\\/shop\\\/\"},{\"@type\":\"ListItem\",\"position\":3,\"name\":\"QNUBU PAPEL EXTRACCIONES\"}]},{\"@type\":\"WebSite\",\"@id\":\"https:\\\/\\\/www.smokershop.es\\\/#website\",\"url\":\"https:\\\/\\\/www.smokershop.es\\\/\",\"name\":\"The Smoker&#039;s Shop\",\"description\":\"Todo para los fumadores\",\"publisher\":{\"@id\":\"https:\\\/\\\/www.smokershop.es\\\/#organization\"},\"potentialAction\":[{\"@type\":\"SearchAction\",\"target\":{\"@type\":\"EntryPoint\",\"urlTemplate\":\"https:\\\/\\\/www.smokershop.es\\\/?s={search_term_string}\"},\"query-input\":{\"@type\":\"PropertyValueSpecification\",\"valueRequired\":true,\"valueName\":\"search_term_string\"}}],\"inLanguage\":\"es\"},{\"@type\":\"Organization\",\"@id\":\"https:\\\/\\\/www.smokershop.es\\\/#organization\",\"name\":\"The Smoker&#039;s Shop\",\"url\":\"https:\\\/\\\/www.smokershop.es\\\/\",\"logo\":{\"@type\":\"ImageObject\",\"inLanguage\":\"es\",\"@id\":\"https:\\\/\\\/www.smokershop.es\\\/#\\\/schema\\\/logo\\\/image\\\/\",\"url\":\"https:\\\/\\\/www.smokershop.es\\\/wp-content\\\/uploads\\\/2023\\\/10\\\/smokershop-logo.png\",\"contentUrl\":\"https:\\\/\\\/www.smokershop.es\\\/wp-content\\\/uploads\\\/2023\\\/10\\\/smokershop-logo.png\",\"width\":1711,\"height\":752,\"caption\":\"The Smoker&#039;s Shop\"},\"image\":{\"@id\":\"https:\\\/\\\/www.smokershop.es\\\/#\\\/schema\\\/logo\\\/image\\\/\"},\"sameAs\":[\"https:\\\/\\\/www.instagram.com\\\/thesmokersshopofficial\"]}]}<\/script>\n<!-- \/ Yoast SEO plugin. -->","yoast_head_json":{"title":"QNUBU PAPEL EXTRACCIONES - The Smoker&#039;s Shop","description":"Papel para Extracciones QNUBU 10x10 cm \u2013 Precortado (Pack 100 unidades)M\u00e1xima protecci\u00f3n y comodidad para trabajar con tus extracciones.El papel para extracciones QNUBU est\u00e1 dise\u00f1ado para manipular, conservar y envolver sustancias pegajosas o delicadas sin que se adhieran. Gracias a su superficie antiadherente, permite un manejo limpio, preciso y sin desperdicio.","robots":{"index":"index","follow":"follow","max-snippet":"max-snippet:-1","max-image-preview":"max-image-preview:large","max-video-preview":"max-video-preview:-1"},"canonical":"https:\/\/www.smokershop.es\/index.php\/producto\/qnubu-papel-extracciones\/","og_locale":"es_ES","og_type":"article","og_title":"QNUBU PAPEL EXTRACCIONES - The Smoker&#039;s Shop","og_description":"Papel para Extracciones QNUBU 10x10 cm \u2013 Precortado (Pack 100 unidades)M\u00e1xima protecci\u00f3n y comodidad para trabajar con tus extracciones.El papel para extracciones QNUBU est\u00e1 dise\u00f1ado para manipular, conservar y envolver sustancias pegajosas o delicadas sin que se adhieran. Gracias a su superficie antiadherente, permite un manejo limpio, preciso y sin desperdicio.","og_url":"https:\/\/www.smokershop.es\/index.php\/producto\/qnubu-papel-extracciones\/","og_site_name":"The Smoker&#039;s Shop","article_modified_time":"2026-05-08T13:39:11+00:00","og_image":[{"width":1350,"height":1350,"url":"https:\/\/www.smokershop.es\/wp-content\/uploads\/2026\/05\/QNUBU-PAPER.jpg","type":"image\/jpeg"}],"twitter_card":"summary_large_image","twitter_misc":{"Tiempo de lectura":"1 minuto"},"schema":{"@context":"https:\/\/schema.org","@graph":[{"@type":"WebPage","@id":"https:\/\/www.smokershop.es\/index.php\/producto\/qnubu-papel-extracciones\/","url":"https:\/\/www.smokershop.es\/index.php\/producto\/qnubu-papel-extracciones\/","name":"QNUBU PAPEL EXTRACCIONES - The Smoker&#039;s Shop","isPartOf":{"@id":"https:\/\/www.smokershop.es\/#website"},"primaryImageOfPage":{"@id":"https:\/\/www.smokershop.es\/index.php\/producto\/qnubu-papel-extracciones\/#primaryimage"},"image":{"@id":"https:\/\/www.smokershop.es\/index.php\/producto\/qnubu-papel-extracciones\/#primaryimage"},"thumbnailUrl":"https:\/\/www.smokershop.es\/wp-content\/uploads\/2026\/05\/QNUBU-PAPER.jpg","datePublished":"2026-05-04T12:12:29+00:00","dateModified":"2026-05-08T13:39:11+00:00","description":"Papel para Extracciones QNUBU 10x10 cm \u2013 Precortado (Pack 100 unidades)M\u00e1xima protecci\u00f3n y comodidad para trabajar con tus extracciones.El papel para extracciones QNUBU est\u00e1 dise\u00f1ado para manipular, conservar y envolver sustancias pegajosas o delicadas sin que se adhieran. Gracias a su superficie antiadherente, permite un manejo limpio, preciso y sin desperdicio.","breadcrumb":{"@id":"https:\/\/www.smokershop.es\/index.php\/producto\/qnubu-papel-extracciones\/#breadcrumb"},"inLanguage":"es","potentialAction":[{"@type":"ReadAction","target":["https:\/\/www.smokershop.es\/index.php\/producto\/qnubu-papel-extracciones\/"]}]},{"@type":"ImageObject","inLanguage":"es","@id":"https:\/\/www.smokershop.es\/index.php\/producto\/qnubu-papel-extracciones\/#primaryimage","url":"https:\/\/www.smokershop.es\/wp-content\/uploads\/2026\/05\/QNUBU-PAPER.jpg","contentUrl":"https:\/\/www.smokershop.es\/wp-content\/uploads\/2026\/05\/QNUBU-PAPER.jpg","width":1350,"height":1350,"caption":"QNUBU PAPER"},{"@type":"BreadcrumbList","@id":"https:\/\/www.smokershop.es\/index.php\/producto\/qnubu-papel-extracciones\/#breadcrumb","itemListElement":[{"@type":"ListItem","position":1,"name":"Portada","item":"https:\/\/www.smokershop.es\/"},{"@type":"ListItem","position":2,"name":"The Shop","item":"https:\/\/www.smokershop.es\/index.php\/shop\/"},{"@type":"ListItem","position":3,"name":"QNUBU PAPEL EXTRACCIONES"}]},{"@type":"WebSite","@id":"https:\/\/www.smokershop.es\/#website","url":"https:\/\/www.smokershop.es\/","name":"The Smoker&#039;s Shop","description":"Todo para los fumadores","publisher":{"@id":"https:\/\/www.smokershop.es\/#organization"},"potentialAction":[{"@type":"SearchAction","target":{"@type":"EntryPoint","urlTemplate":"https:\/\/www.smokershop.es\/?s={search_term_string}"},"query-input":{"@type":"PropertyValueSpecification","valueRequired":true,"valueName":"search_term_string"}}],"inLanguage":"es"},{"@type":"Organization","@id":"https:\/\/www.smokershop.es\/#organization","name":"The Smoker&#039;s Shop","url":"https:\/\/www.smokershop.es\/","logo":{"@type":"ImageObject","inLanguage":"es","@id":"https:\/\/www.smokershop.es\/#\/schema\/logo\/image\/","url":"https:\/\/www.smokershop.es\/wp-content\/uploads\/2023\/10\/smokershop-logo.png","contentUrl":"https:\/\/www.smokershop.es\/wp-content\/uploads\/2023\/10\/smokershop-logo.png","width":1711,"height":752,"caption":"The Smoker&#039;s Shop"},"image":{"@id":"https:\/\/www.smokershop.es\/#\/schema\/logo\/image\/"},"sameAs":["https:\/\/www.instagram.com\/thesmokersshopofficial"]}]}},"_links":{"self":[{"href":"https:\/\/www.smokershop.es\/index.php\/wp-json\/wp\/v2\/product\/3950","targetHints":{"allow":["GET"]}}],"collection":[{"href":"https:\/\/www.smokershop.es\/index.php\/wp-json\/wp\/v2\/product"}],"about":[{"href":"https:\/\/www.smokershop.es\/index.php\/wp-json\/wp\/v2\/types\/product"}],"wp:featuredmedia":[{"embeddable":true,"href":"https:\/\/www.smokershop.es\/index.php\/wp-json\/wp\/v2\/media\/3951"}],"wp:attachment":[{"href":"https:\/\/www.smokershop.es\/index.php\/wp-json\/wp\/v2\/media?parent=3950"}],"wp:term":[{"taxonomy":"product_brand","embeddable":true,"href":"https:\/\/www.smokershop.es\/index.php\/wp-json\/wp\/v2\/product_brand?post=3950"},{"taxonomy":"product_cat","embeddable":true,"href":"https:\/\/www.smokershop.es\/index.php\/wp-json\/wp\/v2\/product_cat?post=3950"},{"taxonomy":"product_tag","embeddable":true,"href":"https:\/\/www.smokershop.es\/index.php\/wp-json\/wp\/v2\/product_tag?post=3950"}],"curies":[{"name":"wp","href":"https:\/\/api.w.org\/{rel}","templated":true}]}}