{"id":3981,"date":"2026-05-04T18:33:16","date_gmt":"2026-05-04T16:33:16","guid":{"rendered":"https:\/\/www.smokershop.es\/?post_type=product&#038;p=3981"},"modified":"2026-05-04T18:52:57","modified_gmt":"2026-05-04T16:52:57","slug":"pipa-de-cristal-calabera","status":"publish","type":"product","link":"https:\/\/www.smokershop.es\/index.php\/producto\/pipa-de-cristal-calabera\/","title":{"rendered":"PIPA DE CRISTAL CALAVERA"},"content":{"rendered":"<p data-start=\"90\" data-end=\"158\"><strong data-start=\"90\" data-end=\"158\">Pipa de Cristal Calavera con Sistema de Control de Aire \u2013 Dise\u00f1o Compacto<\/strong><\/p>\n<p data-start=\"160\" data-end=\"279\">Disfruta de una experiencia m\u00e1s controlada y c\u00f3moda con esta pipa de cristal dise\u00f1ada para un uso pr\u00e1ctico y eficiente.<\/p>\n<p data-start=\"281\" data-end=\"577\">Fabricada en vidrio resistente, esta pipa de 10cms destaca por su <strong data-start=\"338\" data-end=\"371\">dise\u00f1o ergon\u00f3mico y funcional<\/strong>, incorporando un <strong data-start=\"389\" data-end=\"422\">orificio lateral <\/strong>que permite regular el flujo de aire f\u00e1cilmente con el dedo. Esto ofrece un control total en cada uso, mejorando la intensidad y la limpieza de la calada.<\/p>\n<p data-start=\"579\" data-end=\"614\">\ud83d\udca1 <strong data-start=\"582\" data-end=\"614\">Caracter\u00edsticas principales:<\/strong><\/p>\n<ul data-start=\"615\" data-end=\"784\">\n<li data-section-id=\"x0hzn1\" data-start=\"615\" data-end=\"648\">Cristal resistente y duradero ( 10 cms )<\/li>\n<li data-section-id=\"tbwnik\" data-start=\"649\" data-end=\"691\">Dise\u00f1o compacto y f\u00e1cil de transportar<\/li>\n<li data-section-id=\"v11mm4\" data-start=\"692\" data-end=\"730\">Cazoleta integrada de f\u00e1cil acceso<\/li>\n<li data-section-id=\"1lty8nj\" data-start=\"731\" data-end=\"784\">Orificio lateral para control de aire con el dedo<\/li>\n<\/ul>\n<p data-start=\"786\" data-end=\"809\">\ud83d\udca8 <strong data-start=\"789\" data-end=\"809\">Ventajas de uso:<\/strong><\/p>\n<ul data-start=\"810\" data-end=\"1001\">\n<li data-section-id=\"1amn4gp\" data-start=\"810\" data-end=\"845\">Mejor control del flujo de aire<\/li>\n<li data-section-id=\"agdehl\" data-start=\"846\" data-end=\"881\">Caladas m\u00e1s suaves y eficientes<\/li>\n<li data-section-id=\"ve71bg\" data-start=\"882\" data-end=\"926\">Limpieza r\u00e1pida y mantenimiento sencillo<\/li>\n<li data-section-id=\"utcrbt\" data-start=\"927\" data-end=\"1001\">Uso intuitivo, ideal tanto para principiantes como usuarios habituales<\/li>\n<\/ul>\n<p data-start=\"1003\" data-end=\"1021\">\ud83d\udce6 <strong data-start=\"1006\" data-end=\"1021\">Ideal para:<\/strong><\/p>\n<ul data-start=\"1022\" data-end=\"1133\">\n<li data-section-id=\"n3jj9d\" data-start=\"1022\" data-end=\"1045\">Uso personal diario<\/li>\n<li data-section-id=\"7h6p1l\" data-start=\"1046\" data-end=\"1075\">Llevar contigo f\u00e1cilmente<\/li>\n<li data-section-id=\"1ngfw5e\" data-start=\"1076\" data-end=\"1133\">Disfrutar de una experiencia m\u00e1s precisa y controlada<\/li>\n<\/ul>\n<p data-start=\"1135\" data-end=\"1238\" data-is-last-node=\"\" data-is-only-node=\"\"><strong data-start=\"1135\" data-end=\"1168\">Sencilla, funcional y eficaz:<\/strong> una pipa pensada para quienes buscan control y comodidad en cada uso.<\/p>\n","protected":false},"excerpt":{"rendered":"<ul>\n<li>\n<p data-start=\"579\" data-end=\"614\">\ud83d\udca1 <strong data-start=\"582\" data-end=\"614\">Caracter\u00edsticas principales:<\/strong><\/p>\n<ul data-start=\"615\" data-end=\"784\">\n<li data-section-id=\"x0hzn1\" data-start=\"615\" data-end=\"648\">Cristal resistente y duradero ( 10 cms )<\/li>\n<li data-section-id=\"tbwnik\" data-start=\"649\" data-end=\"691\">Dise\u00f1o compacto y f\u00e1cil de transportar<\/li>\n<li data-section-id=\"v11mm4\" data-start=\"692\" data-end=\"730\">Cazoleta integrada de f\u00e1cil acceso<\/li>\n<li data-section-id=\"1lty8nj\" data-start=\"731\" data-end=\"784\">Orificio lateral para control de aire con el dedo<\/li>\n<\/ul>\n<\/li>\n<\/ul>\n<p>&nbsp;<\/p>\n<ul>\n<li><strong>\u2b07\ufe0f PRECIOS MAYORISTA PARA PROFESIONALES \u2b07\ufe0f<\/strong><\/li>\n<\/ul>\n<p style=\"padding-left: 160px;\"><strong><a href=\"https:\/\/www.smokershop.es\/index.php\/register\/\" target=\"_blank\" rel=\"noopener\">\ud83d\udc49 REGISTRATE AQUI \ud83d\udc48<\/a><\/strong><\/p>\n<p>&nbsp;<\/p>\n<p>&nbsp;<\/p>\n","protected":false},"featured_media":3982,"template":"","meta":{"_joinchat":[]},"product_brand":[],"product_cat":[54],"product_tag":[],"class_list":{"0":"post-3981","1":"product","2":"type-product","3":"status-publish","4":"has-post-thumbnail","6":"product_cat-pipas-bangers-herramientas","8":"first","9":"instock","10":"taxable","11":"shipping-taxable","12":"purchasable","13":"product-type-simple"},"yoast_head":"<!-- This site is optimized with the Yoast SEO plugin v27.4 - https:\/\/yoast.com\/product\/yoast-seo-wordpress\/ -->\n<title>PIPA DE CRISTAL CALAVERA - The Smoker&#039;s Shop<\/title>\n<meta name=\"description\" content=\"La PIPA DE CRISTAL CALABERA. 10cms disponible en 4 colores. Perfecta para disfrutar de tu mejores flores Pipa de Cristal Calavera con Sistema de Control de Aire \u2013 Dise\u00f1o CompactoDisfruta de una experiencia m\u00e1s controlada y c\u00f3moda con esta pipa de cristal dise\u00f1ada para un uso pr\u00e1ctico y eficiente\" \/>\n<meta name=\"robots\" content=\"index, follow, max-snippet:-1, max-image-preview:large, max-video-preview:-1\" \/>\n<link rel=\"canonical\" href=\"https:\/\/www.smokershop.es\/index.php\/producto\/pipa-de-cristal-calabera\/\" \/>\n<meta property=\"og:locale\" content=\"es_ES\" \/>\n<meta property=\"og:type\" content=\"article\" \/>\n<meta property=\"og:title\" content=\"PIPA DE CRISTAL CALAVERA - The Smoker&#039;s Shop\" \/>\n<meta property=\"og:description\" content=\"La PIPA DE CRISTAL CALABERA. 10cms disponible en 4 colores. Perfecta para disfrutar de tu mejores flores Pipa de Cristal Calavera con Sistema de Control de Aire \u2013 Dise\u00f1o CompactoDisfruta de una experiencia m\u00e1s controlada y c\u00f3moda con esta pipa de cristal dise\u00f1ada para un uso pr\u00e1ctico y eficiente\" \/>\n<meta property=\"og:url\" content=\"https:\/\/www.smokershop.es\/index.php\/producto\/pipa-de-cristal-calabera\/\" \/>\n<meta property=\"og:site_name\" content=\"The Smoker&#039;s Shop\" \/>\n<meta property=\"article:modified_time\" content=\"2026-05-04T16:52:57+00:00\" \/>\n<meta property=\"og:image\" content=\"https:\/\/www.smokershop.es\/wp-content\/uploads\/2026\/05\/PIPAS-CALABERA.jpg\" \/>\n\t<meta property=\"og:image:width\" content=\"1350\" \/>\n\t<meta property=\"og:image:height\" content=\"1350\" \/>\n\t<meta property=\"og:image:type\" content=\"image\/jpeg\" \/>\n<meta name=\"twitter:card\" content=\"summary_large_image\" \/>\n<meta name=\"twitter:label1\" content=\"Tiempo de lectura\" \/>\n\t<meta name=\"twitter:data1\" content=\"1 minuto\" \/>\n<script type=\"application\/ld+json\" class=\"yoast-schema-graph\">{\"@context\":\"https:\\\/\\\/schema.org\",\"@graph\":[{\"@type\":\"WebPage\",\"@id\":\"https:\\\/\\\/www.smokershop.es\\\/index.php\\\/producto\\\/pipa-de-cristal-calabera\\\/\",\"url\":\"https:\\\/\\\/www.smokershop.es\\\/index.php\\\/producto\\\/pipa-de-cristal-calabera\\\/\",\"name\":\"PIPA DE CRISTAL CALAVERA - The Smoker&#039;s Shop\",\"isPartOf\":{\"@id\":\"https:\\\/\\\/www.smokershop.es\\\/#website\"},\"primaryImageOfPage\":{\"@id\":\"https:\\\/\\\/www.smokershop.es\\\/index.php\\\/producto\\\/pipa-de-cristal-calabera\\\/#primaryimage\"},\"image\":{\"@id\":\"https:\\\/\\\/www.smokershop.es\\\/index.php\\\/producto\\\/pipa-de-cristal-calabera\\\/#primaryimage\"},\"thumbnailUrl\":\"https:\\\/\\\/www.smokershop.es\\\/wp-content\\\/uploads\\\/2026\\\/05\\\/PIPAS-CALABERA.jpg\",\"datePublished\":\"2026-05-04T16:33:16+00:00\",\"dateModified\":\"2026-05-04T16:52:57+00:00\",\"description\":\"La PIPA DE CRISTAL CALABERA. 10cms disponible en 4 colores. Perfecta para disfrutar de tu mejores flores Pipa de Cristal Calavera con Sistema de Control de Aire \u2013 Dise\u00f1o CompactoDisfruta de una experiencia m\u00e1s controlada y c\u00f3moda con esta pipa de cristal dise\u00f1ada para un uso pr\u00e1ctico y eficiente\",\"breadcrumb\":{\"@id\":\"https:\\\/\\\/www.smokershop.es\\\/index.php\\\/producto\\\/pipa-de-cristal-calabera\\\/#breadcrumb\"},\"inLanguage\":\"es\",\"potentialAction\":[{\"@type\":\"ReadAction\",\"target\":[\"https:\\\/\\\/www.smokershop.es\\\/index.php\\\/producto\\\/pipa-de-cristal-calabera\\\/\"]}]},{\"@type\":\"ImageObject\",\"inLanguage\":\"es\",\"@id\":\"https:\\\/\\\/www.smokershop.es\\\/index.php\\\/producto\\\/pipa-de-cristal-calabera\\\/#primaryimage\",\"url\":\"https:\\\/\\\/www.smokershop.es\\\/wp-content\\\/uploads\\\/2026\\\/05\\\/PIPAS-CALABERA.jpg\",\"contentUrl\":\"https:\\\/\\\/www.smokershop.es\\\/wp-content\\\/uploads\\\/2026\\\/05\\\/PIPAS-CALABERA.jpg\",\"width\":1350,\"height\":1350,\"caption\":\"PIPA CRISTA CALABERA\"},{\"@type\":\"BreadcrumbList\",\"@id\":\"https:\\\/\\\/www.smokershop.es\\\/index.php\\\/producto\\\/pipa-de-cristal-calabera\\\/#breadcrumb\",\"itemListElement\":[{\"@type\":\"ListItem\",\"position\":1,\"name\":\"Portada\",\"item\":\"https:\\\/\\\/www.smokershop.es\\\/\"},{\"@type\":\"ListItem\",\"position\":2,\"name\":\"The Shop\",\"item\":\"https:\\\/\\\/www.smokershop.es\\\/index.php\\\/shop\\\/\"},{\"@type\":\"ListItem\",\"position\":3,\"name\":\"PIPA DE CRISTAL CALAVERA\"}]},{\"@type\":\"WebSite\",\"@id\":\"https:\\\/\\\/www.smokershop.es\\\/#website\",\"url\":\"https:\\\/\\\/www.smokershop.es\\\/\",\"name\":\"The Smoker&#039;s Shop\",\"description\":\"Todo para los fumadores\",\"publisher\":{\"@id\":\"https:\\\/\\\/www.smokershop.es\\\/#organization\"},\"potentialAction\":[{\"@type\":\"SearchAction\",\"target\":{\"@type\":\"EntryPoint\",\"urlTemplate\":\"https:\\\/\\\/www.smokershop.es\\\/?s={search_term_string}\"},\"query-input\":{\"@type\":\"PropertyValueSpecification\",\"valueRequired\":true,\"valueName\":\"search_term_string\"}}],\"inLanguage\":\"es\"},{\"@type\":\"Organization\",\"@id\":\"https:\\\/\\\/www.smokershop.es\\\/#organization\",\"name\":\"The Smoker&#039;s Shop\",\"url\":\"https:\\\/\\\/www.smokershop.es\\\/\",\"logo\":{\"@type\":\"ImageObject\",\"inLanguage\":\"es\",\"@id\":\"https:\\\/\\\/www.smokershop.es\\\/#\\\/schema\\\/logo\\\/image\\\/\",\"url\":\"https:\\\/\\\/www.smokershop.es\\\/wp-content\\\/uploads\\\/2023\\\/10\\\/smokershop-logo.png\",\"contentUrl\":\"https:\\\/\\\/www.smokershop.es\\\/wp-content\\\/uploads\\\/2023\\\/10\\\/smokershop-logo.png\",\"width\":1711,\"height\":752,\"caption\":\"The Smoker&#039;s Shop\"},\"image\":{\"@id\":\"https:\\\/\\\/www.smokershop.es\\\/#\\\/schema\\\/logo\\\/image\\\/\"},\"sameAs\":[\"https:\\\/\\\/www.instagram.com\\\/thesmokersshopofficial\"]}]}<\/script>\n<!-- \/ Yoast SEO plugin. -->","yoast_head_json":{"title":"PIPA DE CRISTAL CALAVERA - The Smoker&#039;s Shop","description":"La PIPA DE CRISTAL CALABERA. 10cms disponible en 4 colores. Perfecta para disfrutar de tu mejores flores Pipa de Cristal Calavera con Sistema de Control de Aire \u2013 Dise\u00f1o CompactoDisfruta de una experiencia m\u00e1s controlada y c\u00f3moda con esta pipa de cristal dise\u00f1ada para un uso pr\u00e1ctico y eficiente","robots":{"index":"index","follow":"follow","max-snippet":"max-snippet:-1","max-image-preview":"max-image-preview:large","max-video-preview":"max-video-preview:-1"},"canonical":"https:\/\/www.smokershop.es\/index.php\/producto\/pipa-de-cristal-calabera\/","og_locale":"es_ES","og_type":"article","og_title":"PIPA DE CRISTAL CALAVERA - The Smoker&#039;s Shop","og_description":"La PIPA DE CRISTAL CALABERA. 10cms disponible en 4 colores. Perfecta para disfrutar de tu mejores flores Pipa de Cristal Calavera con Sistema de Control de Aire \u2013 Dise\u00f1o CompactoDisfruta de una experiencia m\u00e1s controlada y c\u00f3moda con esta pipa de cristal dise\u00f1ada para un uso pr\u00e1ctico y eficiente","og_url":"https:\/\/www.smokershop.es\/index.php\/producto\/pipa-de-cristal-calabera\/","og_site_name":"The Smoker&#039;s Shop","article_modified_time":"2026-05-04T16:52:57+00:00","og_image":[{"width":1350,"height":1350,"url":"https:\/\/www.smokershop.es\/wp-content\/uploads\/2026\/05\/PIPAS-CALABERA.jpg","type":"image\/jpeg"}],"twitter_card":"summary_large_image","twitter_misc":{"Tiempo de lectura":"1 minuto"},"schema":{"@context":"https:\/\/schema.org","@graph":[{"@type":"WebPage","@id":"https:\/\/www.smokershop.es\/index.php\/producto\/pipa-de-cristal-calabera\/","url":"https:\/\/www.smokershop.es\/index.php\/producto\/pipa-de-cristal-calabera\/","name":"PIPA DE CRISTAL CALAVERA - The Smoker&#039;s Shop","isPartOf":{"@id":"https:\/\/www.smokershop.es\/#website"},"primaryImageOfPage":{"@id":"https:\/\/www.smokershop.es\/index.php\/producto\/pipa-de-cristal-calabera\/#primaryimage"},"image":{"@id":"https:\/\/www.smokershop.es\/index.php\/producto\/pipa-de-cristal-calabera\/#primaryimage"},"thumbnailUrl":"https:\/\/www.smokershop.es\/wp-content\/uploads\/2026\/05\/PIPAS-CALABERA.jpg","datePublished":"2026-05-04T16:33:16+00:00","dateModified":"2026-05-04T16:52:57+00:00","description":"La PIPA DE CRISTAL CALABERA. 10cms disponible en 4 colores. Perfecta para disfrutar de tu mejores flores Pipa de Cristal Calavera con Sistema de Control de Aire \u2013 Dise\u00f1o CompactoDisfruta de una experiencia m\u00e1s controlada y c\u00f3moda con esta pipa de cristal dise\u00f1ada para un uso pr\u00e1ctico y eficiente","breadcrumb":{"@id":"https:\/\/www.smokershop.es\/index.php\/producto\/pipa-de-cristal-calabera\/#breadcrumb"},"inLanguage":"es","potentialAction":[{"@type":"ReadAction","target":["https:\/\/www.smokershop.es\/index.php\/producto\/pipa-de-cristal-calabera\/"]}]},{"@type":"ImageObject","inLanguage":"es","@id":"https:\/\/www.smokershop.es\/index.php\/producto\/pipa-de-cristal-calabera\/#primaryimage","url":"https:\/\/www.smokershop.es\/wp-content\/uploads\/2026\/05\/PIPAS-CALABERA.jpg","contentUrl":"https:\/\/www.smokershop.es\/wp-content\/uploads\/2026\/05\/PIPAS-CALABERA.jpg","width":1350,"height":1350,"caption":"PIPA CRISTA CALABERA"},{"@type":"BreadcrumbList","@id":"https:\/\/www.smokershop.es\/index.php\/producto\/pipa-de-cristal-calabera\/#breadcrumb","itemListElement":[{"@type":"ListItem","position":1,"name":"Portada","item":"https:\/\/www.smokershop.es\/"},{"@type":"ListItem","position":2,"name":"The Shop","item":"https:\/\/www.smokershop.es\/index.php\/shop\/"},{"@type":"ListItem","position":3,"name":"PIPA DE CRISTAL CALAVERA"}]},{"@type":"WebSite","@id":"https:\/\/www.smokershop.es\/#website","url":"https:\/\/www.smokershop.es\/","name":"The Smoker&#039;s Shop","description":"Todo para los fumadores","publisher":{"@id":"https:\/\/www.smokershop.es\/#organization"},"potentialAction":[{"@type":"SearchAction","target":{"@type":"EntryPoint","urlTemplate":"https:\/\/www.smokershop.es\/?s={search_term_string}"},"query-input":{"@type":"PropertyValueSpecification","valueRequired":true,"valueName":"search_term_string"}}],"inLanguage":"es"},{"@type":"Organization","@id":"https:\/\/www.smokershop.es\/#organization","name":"The Smoker&#039;s Shop","url":"https:\/\/www.smokershop.es\/","logo":{"@type":"ImageObject","inLanguage":"es","@id":"https:\/\/www.smokershop.es\/#\/schema\/logo\/image\/","url":"https:\/\/www.smokershop.es\/wp-content\/uploads\/2023\/10\/smokershop-logo.png","contentUrl":"https:\/\/www.smokershop.es\/wp-content\/uploads\/2023\/10\/smokershop-logo.png","width":1711,"height":752,"caption":"The Smoker&#039;s Shop"},"image":{"@id":"https:\/\/www.smokershop.es\/#\/schema\/logo\/image\/"},"sameAs":["https:\/\/www.instagram.com\/thesmokersshopofficial"]}]}},"_links":{"self":[{"href":"https:\/\/www.smokershop.es\/index.php\/wp-json\/wp\/v2\/product\/3981","targetHints":{"allow":["GET"]}}],"collection":[{"href":"https:\/\/www.smokershop.es\/index.php\/wp-json\/wp\/v2\/product"}],"about":[{"href":"https:\/\/www.smokershop.es\/index.php\/wp-json\/wp\/v2\/types\/product"}],"wp:featuredmedia":[{"embeddable":true,"href":"https:\/\/www.smokershop.es\/index.php\/wp-json\/wp\/v2\/media\/3982"}],"wp:attachment":[{"href":"https:\/\/www.smokershop.es\/index.php\/wp-json\/wp\/v2\/media?parent=3981"}],"wp:term":[{"taxonomy":"product_brand","embeddable":true,"href":"https:\/\/www.smokershop.es\/index.php\/wp-json\/wp\/v2\/product_brand?post=3981"},{"taxonomy":"product_cat","embeddable":true,"href":"https:\/\/www.smokershop.es\/index.php\/wp-json\/wp\/v2\/product_cat?post=3981"},{"taxonomy":"product_tag","embeddable":true,"href":"https:\/\/www.smokershop.es\/index.php\/wp-json\/wp\/v2\/product_tag?post=3981"}],"curies":[{"name":"wp","href":"https:\/\/api.w.org\/{rel}","templated":true}]}}