{"id":4019,"date":"2026-05-06T00:34:35","date_gmt":"2026-05-05T22:34:35","guid":{"rendered":"https:\/\/www.smokershop.es\/?post_type=product&#038;p=4019"},"modified":"2026-05-12T02:45:13","modified_gmt":"2026-05-12T00:45:13","slug":"ventilador-ona-breeze-system","status":"publish","type":"product","link":"https:\/\/www.smokershop.es\/index.php\/producto\/ventilador-ona-breeze-system\/","title":{"rendered":"VENTILADOR ONA BREEZE SYSTEM"},"content":{"rendered":"<p data-start=\"117\" data-end=\"184\"><strong data-start=\"117\" data-end=\"184\">ONA Breeze \u2013 Sistema de Difusi\u00f3n de Gel Neutralizador de Olores<\/strong><\/p>\n<p data-start=\"186\" data-end=\"473\">El <strong data-start=\"189\" data-end=\"203\">ONA Breeze<\/strong> es la soluci\u00f3n profesional para la <strong data-start=\"239\" data-end=\"274\">neutralizaci\u00f3n eficaz de olores<\/strong> en espacios interiores. Dise\u00f1ado para maximizar el rendimiento del gel ONA, este sistema de ventilaci\u00f3n activa distribuye el producto de forma homog\u00e9nea, garantizando resultados r\u00e1pidos y duraderos.<\/p>\n<p data-start=\"475\" data-end=\"668\">Compatible con los formatos de gel ONA m\u00e1s utilizados, el ONA Breeze convierte cualquier ambiente en un espacio limpio y fresco, sin enmascarar olores, sino <strong data-start=\"632\" data-end=\"667\">elimin\u00e1ndolos de manera natural<\/strong>.<\/p>\n<p data-start=\"670\" data-end=\"702\"><strong data-start=\"670\" data-end=\"702\">Caracter\u00edsticas principales:<\/strong><\/p>\n<ul data-start=\"703\" data-end=\"1000\">\n<li data-section-id=\"129np8z\" data-start=\"703\" data-end=\"758\">Sistema de difusi\u00f3n activa con ventilador integrado<\/li>\n<li data-section-id=\"1ji02uc\" data-start=\"759\" data-end=\"811\">Distribuci\u00f3n uniforme del gel ONA en el ambiente<\/li>\n<li data-section-id=\"u35aoh\" data-start=\"812\" data-end=\"862\">Interruptor de encendido\/apagado f\u00e1cil de usar<\/li>\n<li data-section-id=\"1ut4nmh\" data-start=\"863\" data-end=\"911\">Compatible con distintos formatos de gel ONA<\/li>\n<li data-section-id=\"1602snf\" data-start=\"912\" data-end=\"939\">Bajo consumo energ\u00e9tico<\/li>\n<li data-section-id=\"3thczz\" data-start=\"940\" data-end=\"969\">Funcionamiento silencioso<\/li>\n<li data-section-id=\"1nrne4t\" data-start=\"970\" data-end=\"1000\">Dise\u00f1o compacto y pr\u00e1ctico<\/li>\n<\/ul>\n<p data-start=\"1002\" data-end=\"1031\"><strong data-start=\"1002\" data-end=\"1031\">Ventajas para el usuario:<\/strong><\/p>\n<ul data-start=\"1032\" data-end=\"1239\">\n<li data-section-id=\"r039zc\" data-start=\"1032\" data-end=\"1080\">Neutraliza olores de forma r\u00e1pida y efectiva<\/li>\n<li data-section-id=\"8w27zf\" data-start=\"1081\" data-end=\"1136\">Ideal para espacios cerrados o con poca ventilaci\u00f3n<\/li>\n<li data-section-id=\"1x2dgxu\" data-start=\"1137\" data-end=\"1195\">Mejora la experiencia del cliente en el punto de venta<\/li>\n<li data-section-id=\"1sg5jrl\" data-start=\"1196\" data-end=\"1239\">Uso sencillo: colocar, encender y listo<\/li>\n<\/ul>\n<p data-start=\"1241\" data-end=\"1270\"><strong data-start=\"1241\" data-end=\"1270\">Ventajas para tu negocio:<\/strong><\/p>\n<ul data-start=\"1271\" data-end=\"1456\">\n<li data-section-id=\"s25ini\" data-start=\"1271\" data-end=\"1324\">Producto de <strong data-start=\"1285\" data-end=\"1302\">alta rotaci\u00f3n<\/strong> y demanda constante<\/li>\n<li data-section-id=\"zp8i0u\" data-start=\"1325\" data-end=\"1370\">Perfecto para venta cruzada con geles ONA<\/li>\n<li data-section-id=\"eczqug\" data-start=\"1371\" data-end=\"1407\">Formato atractivo para mostrador<\/li>\n<li data-section-id=\"1ttkw1h\" data-start=\"1408\" data-end=\"1456\">Soluci\u00f3n profesional para clientes exigentes<\/li>\n<\/ul>\n<p data-start=\"1458\" data-end=\"1650\">El <strong data-start=\"1461\" data-end=\"1475\">ONA Breeze<\/strong> es el complemento imprescindible para potenciar al m\u00e1ximo el rendimiento del gel ONA, ofreciendo una soluci\u00f3n pr\u00e1ctica, discreta y altamente eficaz para el control de olores.<\/p>\n","protected":false},"excerpt":{"rendered":"<p data-start=\"670\" data-end=\"702\"><strong data-start=\"670\" data-end=\"702\">Caracter\u00edsticas principales:<\/strong><\/p>\n<ul data-start=\"703\" data-end=\"1000\">\n<li data-section-id=\"129np8z\" data-start=\"703\" data-end=\"758\">Sistema de difusi\u00f3n activa con ventilador integrado<\/li>\n<li data-section-id=\"1ji02uc\" data-start=\"759\" data-end=\"811\">Distribuci\u00f3n uniforme del gel ONA en el ambiente<\/li>\n<li data-section-id=\"u35aoh\" data-start=\"812\" data-end=\"862\">Interruptor de encendido\/apagado f\u00e1cil de usar<\/li>\n<li data-section-id=\"1ut4nmh\" data-start=\"863\" data-end=\"911\">Compatible con distintos formatos de gel ONA<\/li>\n<li data-section-id=\"1602snf\" data-start=\"912\" data-end=\"939\">Bajo consumo energ\u00e9tico<\/li>\n<li data-section-id=\"3thczz\" data-start=\"940\" data-end=\"969\">Funcionamiento silencioso<\/li>\n<li data-section-id=\"1nrne4t\" data-start=\"970\" data-end=\"1000\">Dise\u00f1o compacto y pr\u00e1ctico<\/li>\n<\/ul>\n<ul>\n<li style=\"list-style-type: none;\">\n<ul>\n<li><strong>\u2b07\ufe0f PRECIOS MAYORISTA PARA PROFESIONALES \u2b07\ufe0f<\/strong><\/li>\n<\/ul>\n<\/li>\n<\/ul>\n<p style=\"padding-left: 200px;\"><strong><a href=\"https:\/\/www.smokershop.es\/index.php\/register\/\" target=\"_blank\" rel=\"noopener\">\ud83d\udc49 REGISTRATE AQUI \ud83d\udc48<\/a><\/strong><\/p>\n","protected":false},"featured_media":4163,"template":"","meta":{"_joinchat":[]},"product_brand":[78],"product_cat":[53],"product_tag":[],"class_list":{"0":"post-4019","1":"product","2":"type-product","3":"status-publish","4":"has-post-thumbnail","6":"product_brand-ona","7":"product_cat-limpiadores","9":"first","10":"instock","11":"taxable","12":"shipping-taxable","13":"purchasable","14":"product-type-simple"},"yoast_head":"<!-- This site is optimized with the Yoast SEO plugin v27.4 - https:\/\/yoast.com\/product\/yoast-seo-wordpress\/ -->\n<title>VENTILADOR ONA BREEZE SYSTEM - The Smoker&#039;s Shop<\/title>\n<meta name=\"description\" content=\"ONA Breeze \u2013 Sistema de Difusi\u00f3n de Gel Neutralizador de OloresEl ONA Breeze es la soluci\u00f3n profesional para la neutralizaci\u00f3n eficaz de olores en espacios interiores. Dise\u00f1ado para maximizar el rendimiento del gel ONA, este sistema de ventilaci\u00f3n activa distribuye el producto de forma homog\u00e9nea, garantizando resultados r\u00e1pidos y duraderos.\" \/>\n<meta name=\"robots\" content=\"index, follow, max-snippet:-1, max-image-preview:large, max-video-preview:-1\" \/>\n<link rel=\"canonical\" href=\"https:\/\/www.smokershop.es\/index.php\/producto\/ventilador-ona-breeze-system\/\" \/>\n<meta property=\"og:locale\" content=\"es_ES\" \/>\n<meta property=\"og:type\" content=\"article\" \/>\n<meta property=\"og:title\" content=\"VENTILADOR ONA BREEZE SYSTEM - The Smoker&#039;s Shop\" \/>\n<meta property=\"og:description\" content=\"ONA Breeze \u2013 Sistema de Difusi\u00f3n de Gel Neutralizador de OloresEl ONA Breeze es la soluci\u00f3n profesional para la neutralizaci\u00f3n eficaz de olores en espacios interiores. Dise\u00f1ado para maximizar el rendimiento del gel ONA, este sistema de ventilaci\u00f3n activa distribuye el producto de forma homog\u00e9nea, garantizando resultados r\u00e1pidos y duraderos.\" \/>\n<meta property=\"og:url\" content=\"https:\/\/www.smokershop.es\/index.php\/producto\/ventilador-ona-breeze-system\/\" \/>\n<meta property=\"og:site_name\" content=\"The Smoker&#039;s Shop\" \/>\n<meta property=\"article:modified_time\" content=\"2026-05-12T00:45:13+00:00\" \/>\n<meta property=\"og:image\" content=\"https:\/\/www.smokershop.es\/wp-content\/uploads\/2026\/05\/5B185A20-DADC-43AA-8268-611F41DA52D2.png\" \/>\n\t<meta property=\"og:image:width\" content=\"1254\" \/>\n\t<meta property=\"og:image:height\" content=\"1254\" \/>\n\t<meta property=\"og:image:type\" content=\"image\/png\" \/>\n<meta name=\"twitter:card\" content=\"summary_large_image\" \/>\n<meta name=\"twitter:label1\" content=\"Tiempo de lectura\" \/>\n\t<meta name=\"twitter:data1\" content=\"2 minutos\" \/>\n<script type=\"application\/ld+json\" class=\"yoast-schema-graph\">{\"@context\":\"https:\\\/\\\/schema.org\",\"@graph\":[{\"@type\":\"WebPage\",\"@id\":\"https:\\\/\\\/www.smokershop.es\\\/index.php\\\/producto\\\/ventilador-ona-breeze-system\\\/\",\"url\":\"https:\\\/\\\/www.smokershop.es\\\/index.php\\\/producto\\\/ventilador-ona-breeze-system\\\/\",\"name\":\"VENTILADOR ONA BREEZE SYSTEM - The Smoker&#039;s Shop\",\"isPartOf\":{\"@id\":\"https:\\\/\\\/www.smokershop.es\\\/#website\"},\"primaryImageOfPage\":{\"@id\":\"https:\\\/\\\/www.smokershop.es\\\/index.php\\\/producto\\\/ventilador-ona-breeze-system\\\/#primaryimage\"},\"image\":{\"@id\":\"https:\\\/\\\/www.smokershop.es\\\/index.php\\\/producto\\\/ventilador-ona-breeze-system\\\/#primaryimage\"},\"thumbnailUrl\":\"https:\\\/\\\/www.smokershop.es\\\/wp-content\\\/uploads\\\/2026\\\/05\\\/5B185A20-DADC-43AA-8268-611F41DA52D2.png\",\"datePublished\":\"2026-05-05T22:34:35+00:00\",\"dateModified\":\"2026-05-12T00:45:13+00:00\",\"description\":\"ONA Breeze \u2013 Sistema de Difusi\u00f3n de Gel Neutralizador de OloresEl ONA Breeze es la soluci\u00f3n profesional para la neutralizaci\u00f3n eficaz de olores en espacios interiores. Dise\u00f1ado para maximizar el rendimiento del gel ONA, este sistema de ventilaci\u00f3n activa distribuye el producto de forma homog\u00e9nea, garantizando resultados r\u00e1pidos y duraderos.\",\"breadcrumb\":{\"@id\":\"https:\\\/\\\/www.smokershop.es\\\/index.php\\\/producto\\\/ventilador-ona-breeze-system\\\/#breadcrumb\"},\"inLanguage\":\"es\",\"potentialAction\":[{\"@type\":\"ReadAction\",\"target\":[\"https:\\\/\\\/www.smokershop.es\\\/index.php\\\/producto\\\/ventilador-ona-breeze-system\\\/\"]}]},{\"@type\":\"ImageObject\",\"inLanguage\":\"es\",\"@id\":\"https:\\\/\\\/www.smokershop.es\\\/index.php\\\/producto\\\/ventilador-ona-breeze-system\\\/#primaryimage\",\"url\":\"https:\\\/\\\/www.smokershop.es\\\/wp-content\\\/uploads\\\/2026\\\/05\\\/5B185A20-DADC-43AA-8268-611F41DA52D2.png\",\"contentUrl\":\"https:\\\/\\\/www.smokershop.es\\\/wp-content\\\/uploads\\\/2026\\\/05\\\/5B185A20-DADC-43AA-8268-611F41DA52D2.png\",\"width\":1254,\"height\":1254},{\"@type\":\"BreadcrumbList\",\"@id\":\"https:\\\/\\\/www.smokershop.es\\\/index.php\\\/producto\\\/ventilador-ona-breeze-system\\\/#breadcrumb\",\"itemListElement\":[{\"@type\":\"ListItem\",\"position\":1,\"name\":\"Portada\",\"item\":\"https:\\\/\\\/www.smokershop.es\\\/\"},{\"@type\":\"ListItem\",\"position\":2,\"name\":\"The Shop\",\"item\":\"https:\\\/\\\/www.smokershop.es\\\/index.php\\\/shop\\\/\"},{\"@type\":\"ListItem\",\"position\":3,\"name\":\"VENTILADOR ONA BREEZE SYSTEM\"}]},{\"@type\":\"WebSite\",\"@id\":\"https:\\\/\\\/www.smokershop.es\\\/#website\",\"url\":\"https:\\\/\\\/www.smokershop.es\\\/\",\"name\":\"The Smoker&#039;s Shop\",\"description\":\"Todo para los fumadores\",\"publisher\":{\"@id\":\"https:\\\/\\\/www.smokershop.es\\\/#organization\"},\"potentialAction\":[{\"@type\":\"SearchAction\",\"target\":{\"@type\":\"EntryPoint\",\"urlTemplate\":\"https:\\\/\\\/www.smokershop.es\\\/?s={search_term_string}\"},\"query-input\":{\"@type\":\"PropertyValueSpecification\",\"valueRequired\":true,\"valueName\":\"search_term_string\"}}],\"inLanguage\":\"es\"},{\"@type\":\"Organization\",\"@id\":\"https:\\\/\\\/www.smokershop.es\\\/#organization\",\"name\":\"The Smoker&#039;s Shop\",\"url\":\"https:\\\/\\\/www.smokershop.es\\\/\",\"logo\":{\"@type\":\"ImageObject\",\"inLanguage\":\"es\",\"@id\":\"https:\\\/\\\/www.smokershop.es\\\/#\\\/schema\\\/logo\\\/image\\\/\",\"url\":\"https:\\\/\\\/www.smokershop.es\\\/wp-content\\\/uploads\\\/2023\\\/10\\\/smokershop-logo.png\",\"contentUrl\":\"https:\\\/\\\/www.smokershop.es\\\/wp-content\\\/uploads\\\/2023\\\/10\\\/smokershop-logo.png\",\"width\":1711,\"height\":752,\"caption\":\"The Smoker&#039;s Shop\"},\"image\":{\"@id\":\"https:\\\/\\\/www.smokershop.es\\\/#\\\/schema\\\/logo\\\/image\\\/\"},\"sameAs\":[\"https:\\\/\\\/www.instagram.com\\\/thesmokersshopofficial\"]}]}<\/script>\n<!-- \/ Yoast SEO plugin. -->","yoast_head_json":{"title":"VENTILADOR ONA BREEZE SYSTEM - The Smoker&#039;s Shop","description":"ONA Breeze \u2013 Sistema de Difusi\u00f3n de Gel Neutralizador de OloresEl ONA Breeze es la soluci\u00f3n profesional para la neutralizaci\u00f3n eficaz de olores en espacios interiores. Dise\u00f1ado para maximizar el rendimiento del gel ONA, este sistema de ventilaci\u00f3n activa distribuye el producto de forma homog\u00e9nea, garantizando resultados r\u00e1pidos y duraderos.","robots":{"index":"index","follow":"follow","max-snippet":"max-snippet:-1","max-image-preview":"max-image-preview:large","max-video-preview":"max-video-preview:-1"},"canonical":"https:\/\/www.smokershop.es\/index.php\/producto\/ventilador-ona-breeze-system\/","og_locale":"es_ES","og_type":"article","og_title":"VENTILADOR ONA BREEZE SYSTEM - The Smoker&#039;s Shop","og_description":"ONA Breeze \u2013 Sistema de Difusi\u00f3n de Gel Neutralizador de OloresEl ONA Breeze es la soluci\u00f3n profesional para la neutralizaci\u00f3n eficaz de olores en espacios interiores. Dise\u00f1ado para maximizar el rendimiento del gel ONA, este sistema de ventilaci\u00f3n activa distribuye el producto de forma homog\u00e9nea, garantizando resultados r\u00e1pidos y duraderos.","og_url":"https:\/\/www.smokershop.es\/index.php\/producto\/ventilador-ona-breeze-system\/","og_site_name":"The Smoker&#039;s Shop","article_modified_time":"2026-05-12T00:45:13+00:00","og_image":[{"width":1254,"height":1254,"url":"https:\/\/www.smokershop.es\/wp-content\/uploads\/2026\/05\/5B185A20-DADC-43AA-8268-611F41DA52D2.png","type":"image\/png"}],"twitter_card":"summary_large_image","twitter_misc":{"Tiempo de lectura":"2 minutos"},"schema":{"@context":"https:\/\/schema.org","@graph":[{"@type":"WebPage","@id":"https:\/\/www.smokershop.es\/index.php\/producto\/ventilador-ona-breeze-system\/","url":"https:\/\/www.smokershop.es\/index.php\/producto\/ventilador-ona-breeze-system\/","name":"VENTILADOR ONA BREEZE SYSTEM - The Smoker&#039;s Shop","isPartOf":{"@id":"https:\/\/www.smokershop.es\/#website"},"primaryImageOfPage":{"@id":"https:\/\/www.smokershop.es\/index.php\/producto\/ventilador-ona-breeze-system\/#primaryimage"},"image":{"@id":"https:\/\/www.smokershop.es\/index.php\/producto\/ventilador-ona-breeze-system\/#primaryimage"},"thumbnailUrl":"https:\/\/www.smokershop.es\/wp-content\/uploads\/2026\/05\/5B185A20-DADC-43AA-8268-611F41DA52D2.png","datePublished":"2026-05-05T22:34:35+00:00","dateModified":"2026-05-12T00:45:13+00:00","description":"ONA Breeze \u2013 Sistema de Difusi\u00f3n de Gel Neutralizador de OloresEl ONA Breeze es la soluci\u00f3n profesional para la neutralizaci\u00f3n eficaz de olores en espacios interiores. Dise\u00f1ado para maximizar el rendimiento del gel ONA, este sistema de ventilaci\u00f3n activa distribuye el producto de forma homog\u00e9nea, garantizando resultados r\u00e1pidos y duraderos.","breadcrumb":{"@id":"https:\/\/www.smokershop.es\/index.php\/producto\/ventilador-ona-breeze-system\/#breadcrumb"},"inLanguage":"es","potentialAction":[{"@type":"ReadAction","target":["https:\/\/www.smokershop.es\/index.php\/producto\/ventilador-ona-breeze-system\/"]}]},{"@type":"ImageObject","inLanguage":"es","@id":"https:\/\/www.smokershop.es\/index.php\/producto\/ventilador-ona-breeze-system\/#primaryimage","url":"https:\/\/www.smokershop.es\/wp-content\/uploads\/2026\/05\/5B185A20-DADC-43AA-8268-611F41DA52D2.png","contentUrl":"https:\/\/www.smokershop.es\/wp-content\/uploads\/2026\/05\/5B185A20-DADC-43AA-8268-611F41DA52D2.png","width":1254,"height":1254},{"@type":"BreadcrumbList","@id":"https:\/\/www.smokershop.es\/index.php\/producto\/ventilador-ona-breeze-system\/#breadcrumb","itemListElement":[{"@type":"ListItem","position":1,"name":"Portada","item":"https:\/\/www.smokershop.es\/"},{"@type":"ListItem","position":2,"name":"The Shop","item":"https:\/\/www.smokershop.es\/index.php\/shop\/"},{"@type":"ListItem","position":3,"name":"VENTILADOR ONA BREEZE SYSTEM"}]},{"@type":"WebSite","@id":"https:\/\/www.smokershop.es\/#website","url":"https:\/\/www.smokershop.es\/","name":"The Smoker&#039;s Shop","description":"Todo para los fumadores","publisher":{"@id":"https:\/\/www.smokershop.es\/#organization"},"potentialAction":[{"@type":"SearchAction","target":{"@type":"EntryPoint","urlTemplate":"https:\/\/www.smokershop.es\/?s={search_term_string}"},"query-input":{"@type":"PropertyValueSpecification","valueRequired":true,"valueName":"search_term_string"}}],"inLanguage":"es"},{"@type":"Organization","@id":"https:\/\/www.smokershop.es\/#organization","name":"The Smoker&#039;s Shop","url":"https:\/\/www.smokershop.es\/","logo":{"@type":"ImageObject","inLanguage":"es","@id":"https:\/\/www.smokershop.es\/#\/schema\/logo\/image\/","url":"https:\/\/www.smokershop.es\/wp-content\/uploads\/2023\/10\/smokershop-logo.png","contentUrl":"https:\/\/www.smokershop.es\/wp-content\/uploads\/2023\/10\/smokershop-logo.png","width":1711,"height":752,"caption":"The Smoker&#039;s Shop"},"image":{"@id":"https:\/\/www.smokershop.es\/#\/schema\/logo\/image\/"},"sameAs":["https:\/\/www.instagram.com\/thesmokersshopofficial"]}]}},"_links":{"self":[{"href":"https:\/\/www.smokershop.es\/index.php\/wp-json\/wp\/v2\/product\/4019","targetHints":{"allow":["GET"]}}],"collection":[{"href":"https:\/\/www.smokershop.es\/index.php\/wp-json\/wp\/v2\/product"}],"about":[{"href":"https:\/\/www.smokershop.es\/index.php\/wp-json\/wp\/v2\/types\/product"}],"wp:featuredmedia":[{"embeddable":true,"href":"https:\/\/www.smokershop.es\/index.php\/wp-json\/wp\/v2\/media\/4163"}],"wp:attachment":[{"href":"https:\/\/www.smokershop.es\/index.php\/wp-json\/wp\/v2\/media?parent=4019"}],"wp:term":[{"taxonomy":"product_brand","embeddable":true,"href":"https:\/\/www.smokershop.es\/index.php\/wp-json\/wp\/v2\/product_brand?post=4019"},{"taxonomy":"product_cat","embeddable":true,"href":"https:\/\/www.smokershop.es\/index.php\/wp-json\/wp\/v2\/product_cat?post=4019"},{"taxonomy":"product_tag","embeddable":true,"href":"https:\/\/www.smokershop.es\/index.php\/wp-json\/wp\/v2\/product_tag?post=4019"}],"curies":[{"name":"wp","href":"https:\/\/api.w.org\/{rel}","templated":true}]}}