{"id":4034,"date":"2026-05-06T01:37:53","date_gmt":"2026-05-05T23:37:53","guid":{"rendered":"https:\/\/www.smokershop.es\/?post_type=product&#038;p=4034"},"modified":"2026-05-06T01:48:14","modified_gmt":"2026-05-05T23:48:14","slug":"monkey-king-gelato-king-size-slim-papel-con-aroma-en-librillo","status":"publish","type":"product","link":"https:\/\/www.smokershop.es\/index.php\/producto\/monkey-king-gelato-king-size-slim-papel-con-aroma-en-librillo\/","title":{"rendered":"PACK SMELL MONKEY GELATO"},"content":{"rendered":"<p data-start=\"534\" data-end=\"738\">El <strong data-start=\"537\" data-end=\"574\">Monkey King Gelato King Size Slim<\/strong> es un papel de liar premium que destaca por su innovador concepto <strong data-start=\"641\" data-end=\"660\">\u201cTouch &amp; Smell\u201d<\/strong>, donde el <strong data-start=\"671\" data-end=\"720\">aroma se encuentra en el librillo (packaging)<\/strong> y no en el papel.<\/p>\n<p data-start=\"740\" data-end=\"1013\">Al frotar el envase, se activa una fragancia agradable tipo <strong data-start=\"800\" data-end=\"810\">Gelato<\/strong>, creando una experiencia sensorial \u00fanica que capta la atenci\u00f3n del cliente en el punto de venta.<br data-start=\"907\" data-end=\"910\" \/>\ud83d\udc49 <strong data-start=\"913\" data-end=\"928\">Importante:<\/strong> el papel <strong data-start=\"938\" data-end=\"965\">no tiene sabor ni aroma<\/strong>, garantizando una experiencia limpia y natural.<\/p>\n<p data-start=\"1015\" data-end=\"1192\">Fabricado con materiales de alta calidad, este papel ultrafino ofrece una <strong data-start=\"1089\" data-end=\"1120\">combusti\u00f3n lenta y uniforme<\/strong>, ideal para quienes buscan rendimiento y est\u00e9tica en un mismo producto.<\/p>\n","protected":false},"excerpt":{"rendered":"<ul>\n<li>Papel King Size Slim, hecho con fibras naturales. De combustio\u0301n lenta y con goma ara\u0301biga 100% natural.<\/li>\n<li>Filtros marr\u00f3n de cart\u00f3n troquelados de 160 gr.<\/li>\n<li>Tama\u00f1o del papel 108 mm X 44 mm<\/li>\n<li>32 hojas por librillo y 32 filtros.<\/li>\n<li>Envase perfumado, con aroma a GELATO, para que frotes y limpies tus manos de otros olores.<\/li>\n<\/ul>\n<ul>\n<li style=\"list-style-type: none;\">\n<ul>\n<li><em>FORMATO PRO -&gt; DISPLAY 24x<\/em><\/li>\n<li><strong>\u2b07\ufe0f PRECIOS MAYORISTA PARA PROFESIONALES \u2b07\ufe0f<\/strong><\/li>\n<\/ul>\n<\/li>\n<\/ul>\n<p style=\"padding-left: 200px;\"><strong><a href=\"https:\/\/www.smokershop.es\/index.php\/register\/\" target=\"_blank\" rel=\"noopener\">\ud83d\udc49 REGISTRATE AQUI \ud83d\udc48<\/a><\/strong><\/p>\n","protected":false},"featured_media":4036,"template":"","meta":{"_joinchat":[]},"product_brand":[],"product_cat":[40,42,66],"product_tag":[],"class_list":{"0":"post-4034","1":"product","2":"type-product","3":"status-publish","4":"has-post-thumbnail","6":"product_cat-papel-de-fumar","7":"product_cat-papel-king-size","8":"product_cat-papel-king-size-tips-papel-king-size","10":"first","11":"instock","12":"taxable","13":"shipping-taxable","14":"purchasable","15":"product-type-simple"},"yoast_head":"<!-- This site is optimized with the Yoast SEO plugin v27.4 - https:\/\/yoast.com\/product\/yoast-seo-wordpress\/ -->\n<title>PACK SMELL MONKEY GELATO - The Smoker&#039;s Shop<\/title>\n<meta name=\"description\" content=\"Monkey King Gelato King Size Slim con efecto Touch &amp; Smell. El aroma est\u00e1 en el librillo, no en el papel. Alta rotaci\u00f3n. Env\u00edos 24\/48h.\" \/>\n<meta name=\"robots\" content=\"index, follow, max-snippet:-1, max-image-preview:large, max-video-preview:-1\" \/>\n<link rel=\"canonical\" href=\"https:\/\/www.smokershop.es\/index.php\/producto\/monkey-king-gelato-king-size-slim-papel-con-aroma-en-librillo\/\" \/>\n<meta property=\"og:locale\" content=\"es_ES\" \/>\n<meta property=\"og:type\" content=\"article\" \/>\n<meta property=\"og:title\" content=\"PACK SMELL MONKEY GELATO - The Smoker&#039;s Shop\" \/>\n<meta property=\"og:description\" content=\"Monkey King Gelato King Size Slim con efecto Touch &amp; Smell. El aroma est\u00e1 en el librillo, no en el papel. Alta rotaci\u00f3n. Env\u00edos 24\/48h.\" \/>\n<meta property=\"og:url\" content=\"https:\/\/www.smokershop.es\/index.php\/producto\/monkey-king-gelato-king-size-slim-papel-con-aroma-en-librillo\/\" \/>\n<meta property=\"og:site_name\" content=\"The Smoker&#039;s Shop\" \/>\n<meta property=\"article:modified_time\" content=\"2026-05-05T23:48:14+00:00\" \/>\n<meta property=\"og:image\" content=\"https:\/\/www.smokershop.es\/wp-content\/uploads\/2026\/05\/SMELL-GELATO-1.jpg\" \/>\n\t<meta property=\"og:image:width\" content=\"1350\" \/>\n\t<meta property=\"og:image:height\" content=\"1350\" \/>\n\t<meta property=\"og:image:type\" content=\"image\/jpeg\" \/>\n<meta name=\"twitter:card\" content=\"summary_large_image\" \/>\n<meta name=\"twitter:label1\" content=\"Tiempo de lectura\" \/>\n\t<meta name=\"twitter:data1\" content=\"1 minuto\" \/>\n<script type=\"application\/ld+json\" class=\"yoast-schema-graph\">{\"@context\":\"https:\\\/\\\/schema.org\",\"@graph\":[{\"@type\":\"WebPage\",\"@id\":\"https:\\\/\\\/www.smokershop.es\\\/index.php\\\/producto\\\/monkey-king-gelato-king-size-slim-papel-con-aroma-en-librillo\\\/\",\"url\":\"https:\\\/\\\/www.smokershop.es\\\/index.php\\\/producto\\\/monkey-king-gelato-king-size-slim-papel-con-aroma-en-librillo\\\/\",\"name\":\"PACK SMELL MONKEY GELATO - The Smoker&#039;s Shop\",\"isPartOf\":{\"@id\":\"https:\\\/\\\/www.smokershop.es\\\/#website\"},\"primaryImageOfPage\":{\"@id\":\"https:\\\/\\\/www.smokershop.es\\\/index.php\\\/producto\\\/monkey-king-gelato-king-size-slim-papel-con-aroma-en-librillo\\\/#primaryimage\"},\"image\":{\"@id\":\"https:\\\/\\\/www.smokershop.es\\\/index.php\\\/producto\\\/monkey-king-gelato-king-size-slim-papel-con-aroma-en-librillo\\\/#primaryimage\"},\"thumbnailUrl\":\"https:\\\/\\\/www.smokershop.es\\\/wp-content\\\/uploads\\\/2026\\\/05\\\/SMELL-GELATO-1.jpg\",\"datePublished\":\"2026-05-05T23:37:53+00:00\",\"dateModified\":\"2026-05-05T23:48:14+00:00\",\"description\":\"Monkey King Gelato King Size Slim con efecto Touch & Smell. El aroma est\u00e1 en el librillo, no en el papel. Alta rotaci\u00f3n. Env\u00edos 24\\\/48h.\",\"breadcrumb\":{\"@id\":\"https:\\\/\\\/www.smokershop.es\\\/index.php\\\/producto\\\/monkey-king-gelato-king-size-slim-papel-con-aroma-en-librillo\\\/#breadcrumb\"},\"inLanguage\":\"es\",\"potentialAction\":[{\"@type\":\"ReadAction\",\"target\":[\"https:\\\/\\\/www.smokershop.es\\\/index.php\\\/producto\\\/monkey-king-gelato-king-size-slim-papel-con-aroma-en-librillo\\\/\"]}]},{\"@type\":\"ImageObject\",\"inLanguage\":\"es\",\"@id\":\"https:\\\/\\\/www.smokershop.es\\\/index.php\\\/producto\\\/monkey-king-gelato-king-size-slim-papel-con-aroma-en-librillo\\\/#primaryimage\",\"url\":\"https:\\\/\\\/www.smokershop.es\\\/wp-content\\\/uploads\\\/2026\\\/05\\\/SMELL-GELATO-1.jpg\",\"contentUrl\":\"https:\\\/\\\/www.smokershop.es\\\/wp-content\\\/uploads\\\/2026\\\/05\\\/SMELL-GELATO-1.jpg\",\"width\":1350,\"height\":1350,\"caption\":\"MONKEY SMELL PACK GELATO\"},{\"@type\":\"BreadcrumbList\",\"@id\":\"https:\\\/\\\/www.smokershop.es\\\/index.php\\\/producto\\\/monkey-king-gelato-king-size-slim-papel-con-aroma-en-librillo\\\/#breadcrumb\",\"itemListElement\":[{\"@type\":\"ListItem\",\"position\":1,\"name\":\"Portada\",\"item\":\"https:\\\/\\\/www.smokershop.es\\\/\"},{\"@type\":\"ListItem\",\"position\":2,\"name\":\"The Shop\",\"item\":\"https:\\\/\\\/www.smokershop.es\\\/index.php\\\/shop\\\/\"},{\"@type\":\"ListItem\",\"position\":3,\"name\":\"PACK SMELL MONKEY GELATO\"}]},{\"@type\":\"WebSite\",\"@id\":\"https:\\\/\\\/www.smokershop.es\\\/#website\",\"url\":\"https:\\\/\\\/www.smokershop.es\\\/\",\"name\":\"The Smoker&#039;s Shop\",\"description\":\"Todo para los fumadores\",\"publisher\":{\"@id\":\"https:\\\/\\\/www.smokershop.es\\\/#organization\"},\"potentialAction\":[{\"@type\":\"SearchAction\",\"target\":{\"@type\":\"EntryPoint\",\"urlTemplate\":\"https:\\\/\\\/www.smokershop.es\\\/?s={search_term_string}\"},\"query-input\":{\"@type\":\"PropertyValueSpecification\",\"valueRequired\":true,\"valueName\":\"search_term_string\"}}],\"inLanguage\":\"es\"},{\"@type\":\"Organization\",\"@id\":\"https:\\\/\\\/www.smokershop.es\\\/#organization\",\"name\":\"The Smoker&#039;s Shop\",\"url\":\"https:\\\/\\\/www.smokershop.es\\\/\",\"logo\":{\"@type\":\"ImageObject\",\"inLanguage\":\"es\",\"@id\":\"https:\\\/\\\/www.smokershop.es\\\/#\\\/schema\\\/logo\\\/image\\\/\",\"url\":\"https:\\\/\\\/www.smokershop.es\\\/wp-content\\\/uploads\\\/2023\\\/10\\\/smokershop-logo.png\",\"contentUrl\":\"https:\\\/\\\/www.smokershop.es\\\/wp-content\\\/uploads\\\/2023\\\/10\\\/smokershop-logo.png\",\"width\":1711,\"height\":752,\"caption\":\"The Smoker&#039;s Shop\"},\"image\":{\"@id\":\"https:\\\/\\\/www.smokershop.es\\\/#\\\/schema\\\/logo\\\/image\\\/\"},\"sameAs\":[\"https:\\\/\\\/www.instagram.com\\\/thesmokersshopofficial\"]}]}<\/script>\n<!-- \/ Yoast SEO plugin. -->","yoast_head_json":{"title":"PACK SMELL MONKEY GELATO - The Smoker&#039;s Shop","description":"Monkey King Gelato King Size Slim con efecto Touch & Smell. El aroma est\u00e1 en el librillo, no en el papel. Alta rotaci\u00f3n. Env\u00edos 24\/48h.","robots":{"index":"index","follow":"follow","max-snippet":"max-snippet:-1","max-image-preview":"max-image-preview:large","max-video-preview":"max-video-preview:-1"},"canonical":"https:\/\/www.smokershop.es\/index.php\/producto\/monkey-king-gelato-king-size-slim-papel-con-aroma-en-librillo\/","og_locale":"es_ES","og_type":"article","og_title":"PACK SMELL MONKEY GELATO - The Smoker&#039;s Shop","og_description":"Monkey King Gelato King Size Slim con efecto Touch & Smell. El aroma est\u00e1 en el librillo, no en el papel. Alta rotaci\u00f3n. Env\u00edos 24\/48h.","og_url":"https:\/\/www.smokershop.es\/index.php\/producto\/monkey-king-gelato-king-size-slim-papel-con-aroma-en-librillo\/","og_site_name":"The Smoker&#039;s Shop","article_modified_time":"2026-05-05T23:48:14+00:00","og_image":[{"width":1350,"height":1350,"url":"https:\/\/www.smokershop.es\/wp-content\/uploads\/2026\/05\/SMELL-GELATO-1.jpg","type":"image\/jpeg"}],"twitter_card":"summary_large_image","twitter_misc":{"Tiempo de lectura":"1 minuto"},"schema":{"@context":"https:\/\/schema.org","@graph":[{"@type":"WebPage","@id":"https:\/\/www.smokershop.es\/index.php\/producto\/monkey-king-gelato-king-size-slim-papel-con-aroma-en-librillo\/","url":"https:\/\/www.smokershop.es\/index.php\/producto\/monkey-king-gelato-king-size-slim-papel-con-aroma-en-librillo\/","name":"PACK SMELL MONKEY GELATO - The Smoker&#039;s Shop","isPartOf":{"@id":"https:\/\/www.smokershop.es\/#website"},"primaryImageOfPage":{"@id":"https:\/\/www.smokershop.es\/index.php\/producto\/monkey-king-gelato-king-size-slim-papel-con-aroma-en-librillo\/#primaryimage"},"image":{"@id":"https:\/\/www.smokershop.es\/index.php\/producto\/monkey-king-gelato-king-size-slim-papel-con-aroma-en-librillo\/#primaryimage"},"thumbnailUrl":"https:\/\/www.smokershop.es\/wp-content\/uploads\/2026\/05\/SMELL-GELATO-1.jpg","datePublished":"2026-05-05T23:37:53+00:00","dateModified":"2026-05-05T23:48:14+00:00","description":"Monkey King Gelato King Size Slim con efecto Touch & Smell. El aroma est\u00e1 en el librillo, no en el papel. Alta rotaci\u00f3n. Env\u00edos 24\/48h.","breadcrumb":{"@id":"https:\/\/www.smokershop.es\/index.php\/producto\/monkey-king-gelato-king-size-slim-papel-con-aroma-en-librillo\/#breadcrumb"},"inLanguage":"es","potentialAction":[{"@type":"ReadAction","target":["https:\/\/www.smokershop.es\/index.php\/producto\/monkey-king-gelato-king-size-slim-papel-con-aroma-en-librillo\/"]}]},{"@type":"ImageObject","inLanguage":"es","@id":"https:\/\/www.smokershop.es\/index.php\/producto\/monkey-king-gelato-king-size-slim-papel-con-aroma-en-librillo\/#primaryimage","url":"https:\/\/www.smokershop.es\/wp-content\/uploads\/2026\/05\/SMELL-GELATO-1.jpg","contentUrl":"https:\/\/www.smokershop.es\/wp-content\/uploads\/2026\/05\/SMELL-GELATO-1.jpg","width":1350,"height":1350,"caption":"MONKEY SMELL PACK GELATO"},{"@type":"BreadcrumbList","@id":"https:\/\/www.smokershop.es\/index.php\/producto\/monkey-king-gelato-king-size-slim-papel-con-aroma-en-librillo\/#breadcrumb","itemListElement":[{"@type":"ListItem","position":1,"name":"Portada","item":"https:\/\/www.smokershop.es\/"},{"@type":"ListItem","position":2,"name":"The Shop","item":"https:\/\/www.smokershop.es\/index.php\/shop\/"},{"@type":"ListItem","position":3,"name":"PACK SMELL MONKEY GELATO"}]},{"@type":"WebSite","@id":"https:\/\/www.smokershop.es\/#website","url":"https:\/\/www.smokershop.es\/","name":"The Smoker&#039;s Shop","description":"Todo para los fumadores","publisher":{"@id":"https:\/\/www.smokershop.es\/#organization"},"potentialAction":[{"@type":"SearchAction","target":{"@type":"EntryPoint","urlTemplate":"https:\/\/www.smokershop.es\/?s={search_term_string}"},"query-input":{"@type":"PropertyValueSpecification","valueRequired":true,"valueName":"search_term_string"}}],"inLanguage":"es"},{"@type":"Organization","@id":"https:\/\/www.smokershop.es\/#organization","name":"The Smoker&#039;s Shop","url":"https:\/\/www.smokershop.es\/","logo":{"@type":"ImageObject","inLanguage":"es","@id":"https:\/\/www.smokershop.es\/#\/schema\/logo\/image\/","url":"https:\/\/www.smokershop.es\/wp-content\/uploads\/2023\/10\/smokershop-logo.png","contentUrl":"https:\/\/www.smokershop.es\/wp-content\/uploads\/2023\/10\/smokershop-logo.png","width":1711,"height":752,"caption":"The Smoker&#039;s Shop"},"image":{"@id":"https:\/\/www.smokershop.es\/#\/schema\/logo\/image\/"},"sameAs":["https:\/\/www.instagram.com\/thesmokersshopofficial"]}]}},"_links":{"self":[{"href":"https:\/\/www.smokershop.es\/index.php\/wp-json\/wp\/v2\/product\/4034","targetHints":{"allow":["GET"]}}],"collection":[{"href":"https:\/\/www.smokershop.es\/index.php\/wp-json\/wp\/v2\/product"}],"about":[{"href":"https:\/\/www.smokershop.es\/index.php\/wp-json\/wp\/v2\/types\/product"}],"wp:featuredmedia":[{"embeddable":true,"href":"https:\/\/www.smokershop.es\/index.php\/wp-json\/wp\/v2\/media\/4036"}],"wp:attachment":[{"href":"https:\/\/www.smokershop.es\/index.php\/wp-json\/wp\/v2\/media?parent=4034"}],"wp:term":[{"taxonomy":"product_brand","embeddable":true,"href":"https:\/\/www.smokershop.es\/index.php\/wp-json\/wp\/v2\/product_brand?post=4034"},{"taxonomy":"product_cat","embeddable":true,"href":"https:\/\/www.smokershop.es\/index.php\/wp-json\/wp\/v2\/product_cat?post=4034"},{"taxonomy":"product_tag","embeddable":true,"href":"https:\/\/www.smokershop.es\/index.php\/wp-json\/wp\/v2\/product_tag?post=4034"}],"curies":[{"name":"wp","href":"https:\/\/api.w.org\/{rel}","templated":true}]}}