{"id":4050,"date":"2026-05-06T12:59:47","date_gmt":"2026-05-06T10:59:47","guid":{"rendered":"https:\/\/www.smokershop.es\/?post_type=product&#038;p=4050"},"modified":"2026-05-06T13:13:05","modified_gmt":"2026-05-06T11:13:05","slug":"bolsas-zip-compostables-80x70-mm","status":"publish","type":"product","link":"https:\/\/www.smokershop.es\/index.php\/producto\/bolsas-zip-compostables-80x70-mm\/","title":{"rendered":"BOLSAS ZIP 100% COMPOSTABLE CAJA 1000UDS"},"content":{"rendered":"<h3 data-section-id=\"7fzr4t\" data-start=\"146\" data-end=\"212\">Bolsas Zip Compostables 80&#215;70 mm \u2013 Biodegradables y Ecol\u00f3gicas<\/h3>\n<p data-start=\"214\" data-end=\"498\">Las <strong data-start=\"218\" data-end=\"257\">bolsas zip compostables de 80&#215;70 mm<\/strong> son la alternativa sostenible perfecta a las bolsas de pl\u00e1stico tradicionales. Fabricadas con materiales <strong data-start=\"363\" data-end=\"401\">biodegradables y 100% compostables<\/strong>, estas bolsas ofrecen una soluci\u00f3n ecol\u00f3gica sin comprometer la funcionalidad ni la resistencia.<\/p>\n<p data-start=\"500\" data-end=\"691\">Gracias a su sistema de <strong data-start=\"524\" data-end=\"553\">cierre herm\u00e9tico tipo zip<\/strong>, garantizan una excelente conservaci\u00f3n del contenido, manteniendo la frescura y protegiendo frente a la humedad y contaminantes externos.<\/p>\n<p data-start=\"693\" data-end=\"979\">Estas bolsas est\u00e1n dise\u00f1adas para descomponerse de forma natural, formando parte de un <strong data-start=\"780\" data-end=\"801\">ciclo compostable<\/strong> que respeta el medio ambiente y reduce el impacto ecol\u00f3gico. Una opci\u00f3n ideal para negocios que buscan un packaging responsable y alineado con las nuevas exigencias del mercado.<\/p>\n<p data-start=\"981\" data-end=\"1168\">Su formato <strong data-start=\"992\" data-end=\"1004\">80&#215;70 mm<\/strong> es perfecto para m\u00faltiples usos: productos naturales, alimentaci\u00f3n, muestras, cosm\u00e9tica, o cualquier producto que requiera un envase pr\u00e1ctico, seguro y sostenible.<\/p>\n<p>&nbsp;<\/p>\n","protected":false},"excerpt":{"rendered":"<h3 data-section-id=\"u51wan\" data-start=\"1170\" data-end=\"1190\">Caracter\u00edsticas:<\/h3>\n<ul data-start=\"1191\" data-end=\"1451\">\n<li data-section-id=\"1x5ohb6\" data-start=\"1191\" data-end=\"1213\">Tama\u00f1o: <strong data-start=\"1201\" data-end=\"1213\">80&#215;70 mm<\/strong><\/li>\n<li data-section-id=\"91wbsc\" data-start=\"1214\" data-end=\"1257\">Material: <strong data-start=\"1226\" data-end=\"1257\">biodegradable y compostable<\/strong><\/li>\n<li data-section-id=\"mfzw2x\" data-start=\"1258\" data-end=\"1285\">Cierre herm\u00e9tico tipo zip<\/li>\n<li data-section-id=\"1gvbzan\" data-start=\"1286\" data-end=\"1304\">100% compostable<\/li>\n<li data-section-id=\"c6e9pz\" data-start=\"1305\" data-end=\"1339\">Respetuoso con el medio ambiente<\/li>\n<li data-section-id=\"sxr0cn\" data-start=\"1340\" data-end=\"1387\">Alternativa ecol\u00f3gica al pl\u00e1stico tradicional<\/li>\n<li data-section-id=\"pg2nef\" data-start=\"1388\" data-end=\"1422\">Buena resistencia y flexibilidad<\/li>\n<li data-section-id=\"l14zz2\" data-start=\"1423\" data-end=\"1451\">Ideal para uso profesional<\/li>\n<\/ul>\n<h3 data-section-id=\"8heyrw\" data-start=\"1453\" data-end=\"1466\">Ventajas:<\/h3>\n<ul data-start=\"1467\" data-end=\"1632\">\n<li data-section-id=\"62u6s9\" data-start=\"1467\" data-end=\"1498\">Reduce el impacto ambiental<\/li>\n<li data-section-id=\"18fhp59\" data-start=\"1499\" data-end=\"1544\">Mejora la imagen eco-friendly de tu marca<\/li>\n<li data-section-id=\"1yfah7j\" data-start=\"1545\" data-end=\"1594\">Cumple con tendencias sostenibles del mercado<\/li>\n<li data-section-id=\"y6olhn\" data-start=\"1595\" data-end=\"1632\">Packaging funcional + responsable<\/li>\n<\/ul>\n<ul>\n<li style=\"list-style-type: none;\">\n<ul>\n<li><em>FORMATO PRO -&gt;\u00a0 Caja de 1000x<\/em><\/li>\n<li><strong>\u2b07\ufe0f PRECIOS MAYORISTA PARA PROFESIONALES \u2b07\ufe0f<\/strong><\/li>\n<\/ul>\n<\/li>\n<\/ul>\n<p style=\"padding-left: 200px;\"><strong><a href=\"https:\/\/www.smokershop.es\/index.php\/register\/\" target=\"_blank\" rel=\"noopener\">\ud83d\udc49 REGISTRATE AQUI \ud83d\udc48<\/a><\/strong><\/p>\n","protected":false},"featured_media":4058,"template":"","meta":{"_joinchat":[]},"product_brand":[],"product_cat":[49,71],"product_tag":[],"class_list":{"0":"post-4050","1":"product","2":"type-product","3":"status-publish","4":"has-post-thumbnail","6":"product_cat-almacenamiento","7":"product_cat-bolsa-zip","9":"first","10":"instock","11":"taxable","12":"shipping-taxable","13":"purchasable","14":"product-type-simple"},"yoast_head":"<!-- This site is optimized with the Yoast SEO plugin v27.4 - https:\/\/yoast.com\/product\/yoast-seo-wordpress\/ -->\n<title>BOLSAS ZIP 100% COMPOSTABLE CAJA 1000UDS - The Smoker&#039;s Shop<\/title>\n<meta name=\"description\" content=\"Bolsas zip compostables 80x70 mm biodegradables. Packaging ecol\u00f3gico con cierre herm\u00e9tico, ideal para profesionales que buscan una alternativa sostenible y funcional.\" \/>\n<meta name=\"robots\" content=\"index, follow, max-snippet:-1, max-image-preview:large, max-video-preview:-1\" \/>\n<link rel=\"canonical\" href=\"https:\/\/www.smokershop.es\/index.php\/producto\/bolsas-zip-compostables-80x70-mm\/\" \/>\n<meta property=\"og:locale\" content=\"es_ES\" \/>\n<meta property=\"og:type\" content=\"article\" \/>\n<meta property=\"og:title\" content=\"BOLSAS ZIP 100% COMPOSTABLE CAJA 1000UDS - The Smoker&#039;s Shop\" \/>\n<meta property=\"og:description\" content=\"Bolsas zip compostables 80x70 mm biodegradables. Packaging ecol\u00f3gico con cierre herm\u00e9tico, ideal para profesionales que buscan una alternativa sostenible y funcional.\" \/>\n<meta property=\"og:url\" content=\"https:\/\/www.smokershop.es\/index.php\/producto\/bolsas-zip-compostables-80x70-mm\/\" \/>\n<meta property=\"og:site_name\" content=\"The Smoker&#039;s Shop\" \/>\n<meta property=\"article:modified_time\" content=\"2026-05-06T11:13:05+00:00\" \/>\n<meta property=\"og:image\" content=\"https:\/\/www.smokershop.es\/wp-content\/uploads\/2026\/05\/ZIP-BIO-1.jpg\" \/>\n\t<meta property=\"og:image:width\" content=\"1350\" \/>\n\t<meta property=\"og:image:height\" content=\"1350\" \/>\n\t<meta property=\"og:image:type\" content=\"image\/jpeg\" \/>\n<meta name=\"twitter:card\" content=\"summary_large_image\" \/>\n<meta name=\"twitter:label1\" content=\"Tiempo de lectura\" \/>\n\t<meta name=\"twitter:data1\" content=\"1 minuto\" \/>\n<script type=\"application\/ld+json\" class=\"yoast-schema-graph\">{\"@context\":\"https:\\\/\\\/schema.org\",\"@graph\":[{\"@type\":\"WebPage\",\"@id\":\"https:\\\/\\\/www.smokershop.es\\\/index.php\\\/producto\\\/bolsas-zip-compostables-80x70-mm\\\/\",\"url\":\"https:\\\/\\\/www.smokershop.es\\\/index.php\\\/producto\\\/bolsas-zip-compostables-80x70-mm\\\/\",\"name\":\"BOLSAS ZIP 100% COMPOSTABLE CAJA 1000UDS - The Smoker&#039;s Shop\",\"isPartOf\":{\"@id\":\"https:\\\/\\\/www.smokershop.es\\\/#website\"},\"primaryImageOfPage\":{\"@id\":\"https:\\\/\\\/www.smokershop.es\\\/index.php\\\/producto\\\/bolsas-zip-compostables-80x70-mm\\\/#primaryimage\"},\"image\":{\"@id\":\"https:\\\/\\\/www.smokershop.es\\\/index.php\\\/producto\\\/bolsas-zip-compostables-80x70-mm\\\/#primaryimage\"},\"thumbnailUrl\":\"https:\\\/\\\/www.smokershop.es\\\/wp-content\\\/uploads\\\/2026\\\/05\\\/ZIP-BIO-1.jpg\",\"datePublished\":\"2026-05-06T10:59:47+00:00\",\"dateModified\":\"2026-05-06T11:13:05+00:00\",\"description\":\"Bolsas zip compostables 80x70 mm biodegradables. Packaging ecol\u00f3gico con cierre herm\u00e9tico, ideal para profesionales que buscan una alternativa sostenible y funcional.\",\"breadcrumb\":{\"@id\":\"https:\\\/\\\/www.smokershop.es\\\/index.php\\\/producto\\\/bolsas-zip-compostables-80x70-mm\\\/#breadcrumb\"},\"inLanguage\":\"es\",\"potentialAction\":[{\"@type\":\"ReadAction\",\"target\":[\"https:\\\/\\\/www.smokershop.es\\\/index.php\\\/producto\\\/bolsas-zip-compostables-80x70-mm\\\/\"]}]},{\"@type\":\"ImageObject\",\"inLanguage\":\"es\",\"@id\":\"https:\\\/\\\/www.smokershop.es\\\/index.php\\\/producto\\\/bolsas-zip-compostables-80x70-mm\\\/#primaryimage\",\"url\":\"https:\\\/\\\/www.smokershop.es\\\/wp-content\\\/uploads\\\/2026\\\/05\\\/ZIP-BIO-1.jpg\",\"contentUrl\":\"https:\\\/\\\/www.smokershop.es\\\/wp-content\\\/uploads\\\/2026\\\/05\\\/ZIP-BIO-1.jpg\",\"width\":1350,\"height\":1350,\"caption\":\"ZIP BAG BIO\"},{\"@type\":\"BreadcrumbList\",\"@id\":\"https:\\\/\\\/www.smokershop.es\\\/index.php\\\/producto\\\/bolsas-zip-compostables-80x70-mm\\\/#breadcrumb\",\"itemListElement\":[{\"@type\":\"ListItem\",\"position\":1,\"name\":\"Portada\",\"item\":\"https:\\\/\\\/www.smokershop.es\\\/\"},{\"@type\":\"ListItem\",\"position\":2,\"name\":\"The Shop\",\"item\":\"https:\\\/\\\/www.smokershop.es\\\/index.php\\\/shop\\\/\"},{\"@type\":\"ListItem\",\"position\":3,\"name\":\"BOLSAS ZIP 100% COMPOSTABLE CAJA 1000UDS\"}]},{\"@type\":\"WebSite\",\"@id\":\"https:\\\/\\\/www.smokershop.es\\\/#website\",\"url\":\"https:\\\/\\\/www.smokershop.es\\\/\",\"name\":\"The Smoker&#039;s Shop\",\"description\":\"Todo para los fumadores\",\"publisher\":{\"@id\":\"https:\\\/\\\/www.smokershop.es\\\/#organization\"},\"potentialAction\":[{\"@type\":\"SearchAction\",\"target\":{\"@type\":\"EntryPoint\",\"urlTemplate\":\"https:\\\/\\\/www.smokershop.es\\\/?s={search_term_string}\"},\"query-input\":{\"@type\":\"PropertyValueSpecification\",\"valueRequired\":true,\"valueName\":\"search_term_string\"}}],\"inLanguage\":\"es\"},{\"@type\":\"Organization\",\"@id\":\"https:\\\/\\\/www.smokershop.es\\\/#organization\",\"name\":\"The Smoker&#039;s Shop\",\"url\":\"https:\\\/\\\/www.smokershop.es\\\/\",\"logo\":{\"@type\":\"ImageObject\",\"inLanguage\":\"es\",\"@id\":\"https:\\\/\\\/www.smokershop.es\\\/#\\\/schema\\\/logo\\\/image\\\/\",\"url\":\"https:\\\/\\\/www.smokershop.es\\\/wp-content\\\/uploads\\\/2023\\\/10\\\/smokershop-logo.png\",\"contentUrl\":\"https:\\\/\\\/www.smokershop.es\\\/wp-content\\\/uploads\\\/2023\\\/10\\\/smokershop-logo.png\",\"width\":1711,\"height\":752,\"caption\":\"The Smoker&#039;s Shop\"},\"image\":{\"@id\":\"https:\\\/\\\/www.smokershop.es\\\/#\\\/schema\\\/logo\\\/image\\\/\"},\"sameAs\":[\"https:\\\/\\\/www.instagram.com\\\/thesmokersshopofficial\"]}]}<\/script>\n<!-- \/ Yoast SEO plugin. -->","yoast_head_json":{"title":"BOLSAS ZIP 100% COMPOSTABLE CAJA 1000UDS - The Smoker&#039;s Shop","description":"Bolsas zip compostables 80x70 mm biodegradables. Packaging ecol\u00f3gico con cierre herm\u00e9tico, ideal para profesionales que buscan una alternativa sostenible y funcional.","robots":{"index":"index","follow":"follow","max-snippet":"max-snippet:-1","max-image-preview":"max-image-preview:large","max-video-preview":"max-video-preview:-1"},"canonical":"https:\/\/www.smokershop.es\/index.php\/producto\/bolsas-zip-compostables-80x70-mm\/","og_locale":"es_ES","og_type":"article","og_title":"BOLSAS ZIP 100% COMPOSTABLE CAJA 1000UDS - The Smoker&#039;s Shop","og_description":"Bolsas zip compostables 80x70 mm biodegradables. Packaging ecol\u00f3gico con cierre herm\u00e9tico, ideal para profesionales que buscan una alternativa sostenible y funcional.","og_url":"https:\/\/www.smokershop.es\/index.php\/producto\/bolsas-zip-compostables-80x70-mm\/","og_site_name":"The Smoker&#039;s Shop","article_modified_time":"2026-05-06T11:13:05+00:00","og_image":[{"width":1350,"height":1350,"url":"https:\/\/www.smokershop.es\/wp-content\/uploads\/2026\/05\/ZIP-BIO-1.jpg","type":"image\/jpeg"}],"twitter_card":"summary_large_image","twitter_misc":{"Tiempo de lectura":"1 minuto"},"schema":{"@context":"https:\/\/schema.org","@graph":[{"@type":"WebPage","@id":"https:\/\/www.smokershop.es\/index.php\/producto\/bolsas-zip-compostables-80x70-mm\/","url":"https:\/\/www.smokershop.es\/index.php\/producto\/bolsas-zip-compostables-80x70-mm\/","name":"BOLSAS ZIP 100% COMPOSTABLE CAJA 1000UDS - The Smoker&#039;s Shop","isPartOf":{"@id":"https:\/\/www.smokershop.es\/#website"},"primaryImageOfPage":{"@id":"https:\/\/www.smokershop.es\/index.php\/producto\/bolsas-zip-compostables-80x70-mm\/#primaryimage"},"image":{"@id":"https:\/\/www.smokershop.es\/index.php\/producto\/bolsas-zip-compostables-80x70-mm\/#primaryimage"},"thumbnailUrl":"https:\/\/www.smokershop.es\/wp-content\/uploads\/2026\/05\/ZIP-BIO-1.jpg","datePublished":"2026-05-06T10:59:47+00:00","dateModified":"2026-05-06T11:13:05+00:00","description":"Bolsas zip compostables 80x70 mm biodegradables. Packaging ecol\u00f3gico con cierre herm\u00e9tico, ideal para profesionales que buscan una alternativa sostenible y funcional.","breadcrumb":{"@id":"https:\/\/www.smokershop.es\/index.php\/producto\/bolsas-zip-compostables-80x70-mm\/#breadcrumb"},"inLanguage":"es","potentialAction":[{"@type":"ReadAction","target":["https:\/\/www.smokershop.es\/index.php\/producto\/bolsas-zip-compostables-80x70-mm\/"]}]},{"@type":"ImageObject","inLanguage":"es","@id":"https:\/\/www.smokershop.es\/index.php\/producto\/bolsas-zip-compostables-80x70-mm\/#primaryimage","url":"https:\/\/www.smokershop.es\/wp-content\/uploads\/2026\/05\/ZIP-BIO-1.jpg","contentUrl":"https:\/\/www.smokershop.es\/wp-content\/uploads\/2026\/05\/ZIP-BIO-1.jpg","width":1350,"height":1350,"caption":"ZIP BAG BIO"},{"@type":"BreadcrumbList","@id":"https:\/\/www.smokershop.es\/index.php\/producto\/bolsas-zip-compostables-80x70-mm\/#breadcrumb","itemListElement":[{"@type":"ListItem","position":1,"name":"Portada","item":"https:\/\/www.smokershop.es\/"},{"@type":"ListItem","position":2,"name":"The Shop","item":"https:\/\/www.smokershop.es\/index.php\/shop\/"},{"@type":"ListItem","position":3,"name":"BOLSAS ZIP 100% COMPOSTABLE CAJA 1000UDS"}]},{"@type":"WebSite","@id":"https:\/\/www.smokershop.es\/#website","url":"https:\/\/www.smokershop.es\/","name":"The Smoker&#039;s Shop","description":"Todo para los fumadores","publisher":{"@id":"https:\/\/www.smokershop.es\/#organization"},"potentialAction":[{"@type":"SearchAction","target":{"@type":"EntryPoint","urlTemplate":"https:\/\/www.smokershop.es\/?s={search_term_string}"},"query-input":{"@type":"PropertyValueSpecification","valueRequired":true,"valueName":"search_term_string"}}],"inLanguage":"es"},{"@type":"Organization","@id":"https:\/\/www.smokershop.es\/#organization","name":"The Smoker&#039;s Shop","url":"https:\/\/www.smokershop.es\/","logo":{"@type":"ImageObject","inLanguage":"es","@id":"https:\/\/www.smokershop.es\/#\/schema\/logo\/image\/","url":"https:\/\/www.smokershop.es\/wp-content\/uploads\/2023\/10\/smokershop-logo.png","contentUrl":"https:\/\/www.smokershop.es\/wp-content\/uploads\/2023\/10\/smokershop-logo.png","width":1711,"height":752,"caption":"The Smoker&#039;s Shop"},"image":{"@id":"https:\/\/www.smokershop.es\/#\/schema\/logo\/image\/"},"sameAs":["https:\/\/www.instagram.com\/thesmokersshopofficial"]}]}},"_links":{"self":[{"href":"https:\/\/www.smokershop.es\/index.php\/wp-json\/wp\/v2\/product\/4050","targetHints":{"allow":["GET"]}}],"collection":[{"href":"https:\/\/www.smokershop.es\/index.php\/wp-json\/wp\/v2\/product"}],"about":[{"href":"https:\/\/www.smokershop.es\/index.php\/wp-json\/wp\/v2\/types\/product"}],"wp:featuredmedia":[{"embeddable":true,"href":"https:\/\/www.smokershop.es\/index.php\/wp-json\/wp\/v2\/media\/4058"}],"wp:attachment":[{"href":"https:\/\/www.smokershop.es\/index.php\/wp-json\/wp\/v2\/media?parent=4050"}],"wp:term":[{"taxonomy":"product_brand","embeddable":true,"href":"https:\/\/www.smokershop.es\/index.php\/wp-json\/wp\/v2\/product_brand?post=4050"},{"taxonomy":"product_cat","embeddable":true,"href":"https:\/\/www.smokershop.es\/index.php\/wp-json\/wp\/v2\/product_cat?post=4050"},{"taxonomy":"product_tag","embeddable":true,"href":"https:\/\/www.smokershop.es\/index.php\/wp-json\/wp\/v2\/product_tag?post=4050"}],"curies":[{"name":"wp","href":"https:\/\/api.w.org\/{rel}","templated":true}]}}