{"id":4078,"date":"2026-05-08T14:09:46","date_gmt":"2026-05-08T12:09:46","guid":{"rendered":"https:\/\/www.smokershop.es\/?post_type=product&#038;p=4078"},"modified":"2026-05-08T15:49:03","modified_gmt":"2026-05-08T13:49:03","slug":"raw-king-size-200-black","status":"publish","type":"product","link":"https:\/\/www.smokershop.es\/index.php\/producto\/raw-king-size-200-black\/","title":{"rendered":"PAPEL KING SIZE BLACK BLOCK 200 HOJAS RAW"},"content":{"rendered":"<div class=\"page\" title=\"Page 9\">\n<div class=\"section\">\n<div class=\"layoutArea\">\n<div class=\"column\">\n<p data-start=\"82\" data-end=\"459\">Las hojas <span class=\"hover:entity-accent entity-underline inline cursor-pointer align-baseline\"><span class=\"whitespace-normal\">RAW<\/span><\/span> King Size 200\u2019s Black est\u00e1n dise\u00f1adas para quienes buscan una experiencia premium con un papel ultrafino y de combusti\u00f3n lenta. Este formato profesional incluye 200 hojas King Size Black, fabricadas con fibras naturales sin blanquear y acabadas con la caracter\u00edstica textura prensada de RAW para una combusti\u00f3n uniforme y limpia.<\/p>\n<p data-start=\"461\" data-end=\"793\">La gama Black destaca por ser una de las m\u00e1s finas de la marca, ofreciendo una sensaci\u00f3n m\u00e1s ligera y una experiencia m\u00e1s pura. Su formato de 200 hojas es ideal tanto para uso frecuente como para estancos, grow shops, asociaciones y tiendas especializadas que buscan productos de alta rotaci\u00f3n y excelente presentaci\u00f3n en mostrador.<\/p>\n<\/div>\n<\/div>\n<\/div>\n<\/div>\n","protected":false},"excerpt":{"rendered":"<div class=\"page\" title=\"Page 9\">\n<div class=\"section\">\n<div class=\"layoutArea\">\n<ul>\n<li class=\"column\">\n<p data-start=\"795\" data-end=\"823\">Caracter\u00edsticas Principales:<\/p>\n<ul data-start=\"824\" data-end=\"1052\">\n<li data-section-id=\"1bdw7yi\" data-start=\"824\" data-end=\"843\">Formato King Size<\/li>\n<li data-section-id=\"vellob\" data-start=\"844\" data-end=\"868\">200 hojas por librillo<\/li>\n<li data-section-id=\"1leil5u\" data-start=\"869\" data-end=\"903\">Papel ultra fino \u201cBlack Edition\u201d<\/li>\n<li data-section-id=\"1bok4lj\" data-start=\"904\" data-end=\"933\">Combusti\u00f3n lenta y uniforme<\/li>\n<li data-section-id=\"zz3ogl\" data-start=\"934\" data-end=\"956\">Goma natural vegetal<\/li>\n<li data-section-id=\"ahv2x3\" data-start=\"957\" data-end=\"978\">Papel sin blanquear<\/li>\n<\/ul>\n<\/li>\n<\/ul>\n<p>&nbsp;<\/p>\n<ul>\n<li><em>FORMATO PRO -&gt; DISPLAY x40<\/em><\/li>\n<li><strong>\u2b07\ufe0f PRECIOS MAYORISTA PARA PROFESIONALES \u2b07\ufe0f<\/strong><\/li>\n<\/ul>\n<p style=\"padding-left: 160px;\"><strong><a href=\"https:\/\/www.smokershop.es\/index.php\/register\/\" target=\"_blank\" rel=\"noopener\">\ud83d\udc49 REGISTRATE AQUI \ud83d\udc48<\/a><\/strong><\/p>\n<ul>\n<li style=\"list-style-type: none;\"><\/li>\n<\/ul>\n<\/div>\n<\/div>\n<\/div>\n","protected":false},"featured_media":4079,"template":"","meta":{"_joinchat":[]},"product_brand":[86],"product_cat":[74,40,42],"product_tag":[],"class_list":{"0":"post-4078","1":"product","2":"type-product","3":"status-publish","4":"has-post-thumbnail","6":"product_brand-raw","7":"product_cat-king-size","8":"product_cat-papel-de-fumar","9":"product_cat-papel-king-size","11":"first","12":"instock","13":"taxable","14":"shipping-taxable","15":"purchasable","16":"product-type-simple"},"yoast_head":"<!-- This site is optimized with the Yoast SEO plugin v27.4 - https:\/\/yoast.com\/product\/yoast-seo-wordpress\/ -->\n<title>PAPEL KING SIZE BLACK BLOCK 200 HOJAS RAW - The Smoker&#039;s Shop<\/title>\n<meta name=\"description\" content=\"RAW King Size 200\u2019s Black: papel ultra fino sin blanquear con combusti\u00f3n lenta. Formato de 200 hojas ideal para profesionales y particulares. Disponible en SmokerShop.es.\" \/>\n<meta name=\"robots\" content=\"index, follow, max-snippet:-1, max-image-preview:large, max-video-preview:-1\" \/>\n<link rel=\"canonical\" href=\"https:\/\/www.smokershop.es\/index.php\/producto\/raw-king-size-200-black\/\" \/>\n<meta property=\"og:locale\" content=\"es_ES\" \/>\n<meta property=\"og:type\" content=\"article\" \/>\n<meta property=\"og:title\" content=\"PAPEL KING SIZE BLACK BLOCK 200 HOJAS RAW - The Smoker&#039;s Shop\" \/>\n<meta property=\"og:description\" content=\"RAW King Size 200\u2019s Black: papel ultra fino sin blanquear con combusti\u00f3n lenta. Formato de 200 hojas ideal para profesionales y particulares. Disponible en SmokerShop.es.\" \/>\n<meta property=\"og:url\" content=\"https:\/\/www.smokershop.es\/index.php\/producto\/raw-king-size-200-black\/\" \/>\n<meta property=\"og:site_name\" content=\"The Smoker&#039;s Shop\" \/>\n<meta property=\"article:modified_time\" content=\"2026-05-08T13:49:03+00:00\" \/>\n<meta property=\"og:image\" content=\"https:\/\/www.smokershop.es\/wp-content\/uploads\/2026\/05\/RAW-200-BLACK.jpg\" \/>\n\t<meta property=\"og:image:width\" content=\"512\" \/>\n\t<meta property=\"og:image:height\" content=\"512\" \/>\n\t<meta property=\"og:image:type\" content=\"image\/jpeg\" \/>\n<meta name=\"twitter:card\" content=\"summary_large_image\" \/>\n<meta name=\"twitter:label1\" content=\"Tiempo de lectura\" \/>\n\t<meta name=\"twitter:data1\" content=\"1 minuto\" \/>\n<script type=\"application\/ld+json\" class=\"yoast-schema-graph\">{\"@context\":\"https:\\\/\\\/schema.org\",\"@graph\":[{\"@type\":\"WebPage\",\"@id\":\"https:\\\/\\\/www.smokershop.es\\\/index.php\\\/producto\\\/raw-king-size-200-black\\\/\",\"url\":\"https:\\\/\\\/www.smokershop.es\\\/index.php\\\/producto\\\/raw-king-size-200-black\\\/\",\"name\":\"PAPEL KING SIZE BLACK BLOCK 200 HOJAS RAW - The Smoker&#039;s Shop\",\"isPartOf\":{\"@id\":\"https:\\\/\\\/www.smokershop.es\\\/#website\"},\"primaryImageOfPage\":{\"@id\":\"https:\\\/\\\/www.smokershop.es\\\/index.php\\\/producto\\\/raw-king-size-200-black\\\/#primaryimage\"},\"image\":{\"@id\":\"https:\\\/\\\/www.smokershop.es\\\/index.php\\\/producto\\\/raw-king-size-200-black\\\/#primaryimage\"},\"thumbnailUrl\":\"https:\\\/\\\/www.smokershop.es\\\/wp-content\\\/uploads\\\/2026\\\/05\\\/RAW-200-BLACK.jpg\",\"datePublished\":\"2026-05-08T12:09:46+00:00\",\"dateModified\":\"2026-05-08T13:49:03+00:00\",\"description\":\"RAW King Size 200\u2019s Black: papel ultra fino sin blanquear con combusti\u00f3n lenta. Formato de 200 hojas ideal para profesionales y particulares. Disponible en SmokerShop.es.\",\"breadcrumb\":{\"@id\":\"https:\\\/\\\/www.smokershop.es\\\/index.php\\\/producto\\\/raw-king-size-200-black\\\/#breadcrumb\"},\"inLanguage\":\"es\",\"potentialAction\":[{\"@type\":\"ReadAction\",\"target\":[\"https:\\\/\\\/www.smokershop.es\\\/index.php\\\/producto\\\/raw-king-size-200-black\\\/\"]}]},{\"@type\":\"ImageObject\",\"inLanguage\":\"es\",\"@id\":\"https:\\\/\\\/www.smokershop.es\\\/index.php\\\/producto\\\/raw-king-size-200-black\\\/#primaryimage\",\"url\":\"https:\\\/\\\/www.smokershop.es\\\/wp-content\\\/uploads\\\/2026\\\/05\\\/RAW-200-BLACK.jpg\",\"contentUrl\":\"https:\\\/\\\/www.smokershop.es\\\/wp-content\\\/uploads\\\/2026\\\/05\\\/RAW-200-BLACK.jpg\",\"width\":512,\"height\":512,\"caption\":\"RAW 200 BLACK\"},{\"@type\":\"BreadcrumbList\",\"@id\":\"https:\\\/\\\/www.smokershop.es\\\/index.php\\\/producto\\\/raw-king-size-200-black\\\/#breadcrumb\",\"itemListElement\":[{\"@type\":\"ListItem\",\"position\":1,\"name\":\"Portada\",\"item\":\"https:\\\/\\\/www.smokershop.es\\\/\"},{\"@type\":\"ListItem\",\"position\":2,\"name\":\"The Shop\",\"item\":\"https:\\\/\\\/www.smokershop.es\\\/index.php\\\/shop\\\/\"},{\"@type\":\"ListItem\",\"position\":3,\"name\":\"PAPEL KING SIZE BLACK BLOCK 200 HOJAS RAW\"}]},{\"@type\":\"WebSite\",\"@id\":\"https:\\\/\\\/www.smokershop.es\\\/#website\",\"url\":\"https:\\\/\\\/www.smokershop.es\\\/\",\"name\":\"The Smoker&#039;s Shop\",\"description\":\"Todo para los fumadores\",\"publisher\":{\"@id\":\"https:\\\/\\\/www.smokershop.es\\\/#organization\"},\"potentialAction\":[{\"@type\":\"SearchAction\",\"target\":{\"@type\":\"EntryPoint\",\"urlTemplate\":\"https:\\\/\\\/www.smokershop.es\\\/?s={search_term_string}\"},\"query-input\":{\"@type\":\"PropertyValueSpecification\",\"valueRequired\":true,\"valueName\":\"search_term_string\"}}],\"inLanguage\":\"es\"},{\"@type\":\"Organization\",\"@id\":\"https:\\\/\\\/www.smokershop.es\\\/#organization\",\"name\":\"The Smoker&#039;s Shop\",\"url\":\"https:\\\/\\\/www.smokershop.es\\\/\",\"logo\":{\"@type\":\"ImageObject\",\"inLanguage\":\"es\",\"@id\":\"https:\\\/\\\/www.smokershop.es\\\/#\\\/schema\\\/logo\\\/image\\\/\",\"url\":\"https:\\\/\\\/www.smokershop.es\\\/wp-content\\\/uploads\\\/2023\\\/10\\\/smokershop-logo.png\",\"contentUrl\":\"https:\\\/\\\/www.smokershop.es\\\/wp-content\\\/uploads\\\/2023\\\/10\\\/smokershop-logo.png\",\"width\":1711,\"height\":752,\"caption\":\"The Smoker&#039;s Shop\"},\"image\":{\"@id\":\"https:\\\/\\\/www.smokershop.es\\\/#\\\/schema\\\/logo\\\/image\\\/\"},\"sameAs\":[\"https:\\\/\\\/www.instagram.com\\\/thesmokersshopofficial\"]}]}<\/script>\n<!-- \/ Yoast SEO plugin. -->","yoast_head_json":{"title":"PAPEL KING SIZE BLACK BLOCK 200 HOJAS RAW - The Smoker&#039;s Shop","description":"RAW King Size 200\u2019s Black: papel ultra fino sin blanquear con combusti\u00f3n lenta. Formato de 200 hojas ideal para profesionales y particulares. Disponible en SmokerShop.es.","robots":{"index":"index","follow":"follow","max-snippet":"max-snippet:-1","max-image-preview":"max-image-preview:large","max-video-preview":"max-video-preview:-1"},"canonical":"https:\/\/www.smokershop.es\/index.php\/producto\/raw-king-size-200-black\/","og_locale":"es_ES","og_type":"article","og_title":"PAPEL KING SIZE BLACK BLOCK 200 HOJAS RAW - The Smoker&#039;s Shop","og_description":"RAW King Size 200\u2019s Black: papel ultra fino sin blanquear con combusti\u00f3n lenta. Formato de 200 hojas ideal para profesionales y particulares. Disponible en SmokerShop.es.","og_url":"https:\/\/www.smokershop.es\/index.php\/producto\/raw-king-size-200-black\/","og_site_name":"The Smoker&#039;s Shop","article_modified_time":"2026-05-08T13:49:03+00:00","og_image":[{"width":512,"height":512,"url":"https:\/\/www.smokershop.es\/wp-content\/uploads\/2026\/05\/RAW-200-BLACK.jpg","type":"image\/jpeg"}],"twitter_card":"summary_large_image","twitter_misc":{"Tiempo de lectura":"1 minuto"},"schema":{"@context":"https:\/\/schema.org","@graph":[{"@type":"WebPage","@id":"https:\/\/www.smokershop.es\/index.php\/producto\/raw-king-size-200-black\/","url":"https:\/\/www.smokershop.es\/index.php\/producto\/raw-king-size-200-black\/","name":"PAPEL KING SIZE BLACK BLOCK 200 HOJAS RAW - The Smoker&#039;s Shop","isPartOf":{"@id":"https:\/\/www.smokershop.es\/#website"},"primaryImageOfPage":{"@id":"https:\/\/www.smokershop.es\/index.php\/producto\/raw-king-size-200-black\/#primaryimage"},"image":{"@id":"https:\/\/www.smokershop.es\/index.php\/producto\/raw-king-size-200-black\/#primaryimage"},"thumbnailUrl":"https:\/\/www.smokershop.es\/wp-content\/uploads\/2026\/05\/RAW-200-BLACK.jpg","datePublished":"2026-05-08T12:09:46+00:00","dateModified":"2026-05-08T13:49:03+00:00","description":"RAW King Size 200\u2019s Black: papel ultra fino sin blanquear con combusti\u00f3n lenta. Formato de 200 hojas ideal para profesionales y particulares. Disponible en SmokerShop.es.","breadcrumb":{"@id":"https:\/\/www.smokershop.es\/index.php\/producto\/raw-king-size-200-black\/#breadcrumb"},"inLanguage":"es","potentialAction":[{"@type":"ReadAction","target":["https:\/\/www.smokershop.es\/index.php\/producto\/raw-king-size-200-black\/"]}]},{"@type":"ImageObject","inLanguage":"es","@id":"https:\/\/www.smokershop.es\/index.php\/producto\/raw-king-size-200-black\/#primaryimage","url":"https:\/\/www.smokershop.es\/wp-content\/uploads\/2026\/05\/RAW-200-BLACK.jpg","contentUrl":"https:\/\/www.smokershop.es\/wp-content\/uploads\/2026\/05\/RAW-200-BLACK.jpg","width":512,"height":512,"caption":"RAW 200 BLACK"},{"@type":"BreadcrumbList","@id":"https:\/\/www.smokershop.es\/index.php\/producto\/raw-king-size-200-black\/#breadcrumb","itemListElement":[{"@type":"ListItem","position":1,"name":"Portada","item":"https:\/\/www.smokershop.es\/"},{"@type":"ListItem","position":2,"name":"The Shop","item":"https:\/\/www.smokershop.es\/index.php\/shop\/"},{"@type":"ListItem","position":3,"name":"PAPEL KING SIZE BLACK BLOCK 200 HOJAS RAW"}]},{"@type":"WebSite","@id":"https:\/\/www.smokershop.es\/#website","url":"https:\/\/www.smokershop.es\/","name":"The Smoker&#039;s Shop","description":"Todo para los fumadores","publisher":{"@id":"https:\/\/www.smokershop.es\/#organization"},"potentialAction":[{"@type":"SearchAction","target":{"@type":"EntryPoint","urlTemplate":"https:\/\/www.smokershop.es\/?s={search_term_string}"},"query-input":{"@type":"PropertyValueSpecification","valueRequired":true,"valueName":"search_term_string"}}],"inLanguage":"es"},{"@type":"Organization","@id":"https:\/\/www.smokershop.es\/#organization","name":"The Smoker&#039;s Shop","url":"https:\/\/www.smokershop.es\/","logo":{"@type":"ImageObject","inLanguage":"es","@id":"https:\/\/www.smokershop.es\/#\/schema\/logo\/image\/","url":"https:\/\/www.smokershop.es\/wp-content\/uploads\/2023\/10\/smokershop-logo.png","contentUrl":"https:\/\/www.smokershop.es\/wp-content\/uploads\/2023\/10\/smokershop-logo.png","width":1711,"height":752,"caption":"The Smoker&#039;s Shop"},"image":{"@id":"https:\/\/www.smokershop.es\/#\/schema\/logo\/image\/"},"sameAs":["https:\/\/www.instagram.com\/thesmokersshopofficial"]}]}},"_links":{"self":[{"href":"https:\/\/www.smokershop.es\/index.php\/wp-json\/wp\/v2\/product\/4078","targetHints":{"allow":["GET"]}}],"collection":[{"href":"https:\/\/www.smokershop.es\/index.php\/wp-json\/wp\/v2\/product"}],"about":[{"href":"https:\/\/www.smokershop.es\/index.php\/wp-json\/wp\/v2\/types\/product"}],"wp:featuredmedia":[{"embeddable":true,"href":"https:\/\/www.smokershop.es\/index.php\/wp-json\/wp\/v2\/media\/4079"}],"wp:attachment":[{"href":"https:\/\/www.smokershop.es\/index.php\/wp-json\/wp\/v2\/media?parent=4078"}],"wp:term":[{"taxonomy":"product_brand","embeddable":true,"href":"https:\/\/www.smokershop.es\/index.php\/wp-json\/wp\/v2\/product_brand?post=4078"},{"taxonomy":"product_cat","embeddable":true,"href":"https:\/\/www.smokershop.es\/index.php\/wp-json\/wp\/v2\/product_cat?post=4078"},{"taxonomy":"product_tag","embeddable":true,"href":"https:\/\/www.smokershop.es\/index.php\/wp-json\/wp\/v2\/product_tag?post=4078"}],"curies":[{"name":"wp","href":"https:\/\/api.w.org\/{rel}","templated":true}]}}