{"id":4113,"date":"2026-05-11T15:27:06","date_gmt":"2026-05-11T13:27:06","guid":{"rendered":"https:\/\/www.smokershop.es\/?post_type=product&#038;p=4113"},"modified":"2026-05-11T15:57:59","modified_gmt":"2026-05-11T13:57:59","slug":"ona-spray-250ml-neutralizador-olores","status":"publish","type":"product","link":"https:\/\/www.smokershop.es\/index.php\/producto\/ona-spray-250ml-neutralizador-olores\/","title":{"rendered":"ONA SPRAY 250 ml \u2013 NEUTRALIZADOR DE OLORES"},"content":{"rendered":"<p data-start=\"82\" data-end=\"404\">El spray ONA 250 ml es la soluci\u00f3n perfecta para neutralizar olores de forma r\u00e1pida, eficaz y natural. Gracias a su f\u00f3rmula basada en aceites esenciales y compuestos org\u00e1nicos, este neutralizador elimina los malos olores en lugar de simplemente enmascararlos, dejando un agradable aroma tropical fresco y duradero.<\/p>\n<p data-start=\"406\" data-end=\"659\">Su formato en spray de 250 ml es ideal tanto para uso dom\u00e9stico como profesional, permitiendo una aplicaci\u00f3n pr\u00e1ctica en interiores, veh\u00edculos, textiles, zonas de almacenamiento, clubes privados, oficinas, tiendas especializadas o espacios de fumadores.<\/p>\n<p data-start=\"661\" data-end=\"907\">ONA destaca por su acci\u00f3n inmediata contra olores intensos como humo, humedad, comida, mascotas o ambientes cargados. Su f\u00f3rmula no t\u00f3xica y segura lo convierte en uno de los neutralizadores de olores m\u00e1s utilizados a nivel internacional.<\/p>\n<p data-start=\"909\" data-end=\"1118\">Gracias a su dise\u00f1o compacto y resistente, este spray es perfecto para transportar o mantener siempre a mano. Una sola pulverizaci\u00f3n ayuda a refrescar el ambiente y mantener una sensaci\u00f3n de limpieza continua.<\/p>\n","protected":false},"excerpt":{"rendered":"<h3 data-section-id=\"131v4uz\" data-start=\"1120\" data-end=\"1152\">Caracter\u00edsticas principales:<\/h3>\n<ul data-start=\"1153\" data-end=\"1437\">\n<li data-section-id=\"1d6fv34\" data-start=\"1153\" data-end=\"1189\">Neutraliza olores de forma natural<\/li>\n<li data-section-id=\"brukzv\" data-start=\"1226\" data-end=\"1260\">Formato spray pr\u00e1ctico de 250 ml<\/li>\n<li data-section-id=\"7rs6ah\" data-start=\"1261\" data-end=\"1285\">Acci\u00f3n r\u00e1pida y eficaz<\/li>\n<li data-section-id=\"1d19xt1\" data-start=\"1286\" data-end=\"1320\">No enmascara olores: los elimina<\/li>\n<li data-section-id=\"1ylzngw\" data-start=\"1321\" data-end=\"1377\">Ideal para hogar, coche, tiendas y espacios interiores<\/li>\n<li data-section-id=\"pqgetd\" data-start=\"1378\" data-end=\"1406\">F\u00f3rmula segura y no t\u00f3xica<\/li>\n<li data-section-id=\"g8hp2v\" data-start=\"1407\" data-end=\"1437\">Uso profesional y particular<\/li>\n<\/ul>\n<h3 data-section-id=\"8mx3jv\" data-start=\"1439\" data-end=\"1454\">Ideal para:<\/h3>\n<ul data-start=\"1455\" data-end=\"1620\">\n<li data-section-id=\"8emqbq\" data-start=\"1455\" data-end=\"1474\">Espacios cerrados<\/li>\n<li data-section-id=\"1cfied4\" data-start=\"1475\" data-end=\"1486\">Veh\u00edculos<\/li>\n<li data-section-id=\"1pm2zbr\" data-start=\"1487\" data-end=\"1505\">Textiles y sof\u00e1s<\/li>\n<li data-section-id=\"16vwy99\" data-start=\"1506\" data-end=\"1531\">Habitaciones y oficinas<\/li>\n<li data-section-id=\"qzlels\" data-start=\"1532\" data-end=\"1565\">Tiendas y asociaciones privadas<\/li>\n<li data-section-id=\"75m1mk\" data-start=\"1566\" data-end=\"1591\">Zonas de almacenamiento<\/li>\n<li data-section-id=\"leju7p\" data-start=\"1592\" data-end=\"1620\">Eliminaci\u00f3n de olor a humo<\/li>\n<\/ul>\n<p>&nbsp;<\/p>\n<ul>\n<li style=\"list-style-type: none;\">\n<ul>\n<li><strong>\u2b07\ufe0f PRECIOS MAYORISTA PARA PROFESIONALES \u2b07\ufe0f<\/strong><\/li>\n<\/ul>\n<\/li>\n<\/ul>\n<p style=\"padding-left: 200px;\"><strong><a href=\"https:\/\/www.smokershop.es\/index.php\/register\/\" target=\"_blank\" rel=\"noopener\">\ud83d\udc49 REGISTRATE AQUI \ud83d\udc48<\/a><\/strong><\/p>\n","protected":false},"featured_media":4114,"template":"","meta":{"_joinchat":[]},"product_brand":[78],"product_cat":[53],"product_tag":[],"class_list":{"0":"post-4113","1":"product","2":"type-product","3":"status-publish","4":"has-post-thumbnail","6":"product_brand-ona","7":"product_cat-limpiadores","9":"first","10":"instock","11":"taxable","12":"shipping-taxable","13":"purchasable","14":"product-type-simple"},"yoast_head":"<!-- This site is optimized with the Yoast SEO plugin v27.4 - https:\/\/yoast.com\/product\/yoast-seo-wordpress\/ -->\n<title>ONA SPRAY 250 ml \u2013 NEUTRALIZADOR DE OLORES - The Smoker&#039;s Shop<\/title>\n<meta name=\"description\" content=\"ONA Spray 250 ml neutraliza olores de forma natural y eficaz con un agradable aroma tropical. Ideal para hogar, coche, tiendas y espacios interiores.\" \/>\n<meta name=\"robots\" content=\"index, follow, max-snippet:-1, max-image-preview:large, max-video-preview:-1\" \/>\n<link rel=\"canonical\" href=\"https:\/\/www.smokershop.es\/index.php\/producto\/ona-spray-250ml-neutralizador-olores\/\" \/>\n<meta property=\"og:locale\" content=\"es_ES\" \/>\n<meta property=\"og:type\" content=\"article\" \/>\n<meta property=\"og:title\" content=\"ONA SPRAY 250 ml \u2013 NEUTRALIZADOR DE OLORES - The Smoker&#039;s Shop\" \/>\n<meta property=\"og:description\" content=\"ONA Spray 250 ml neutraliza olores de forma natural y eficaz con un agradable aroma tropical. Ideal para hogar, coche, tiendas y espacios interiores.\" \/>\n<meta property=\"og:url\" content=\"https:\/\/www.smokershop.es\/index.php\/producto\/ona-spray-250ml-neutralizador-olores\/\" \/>\n<meta property=\"og:site_name\" content=\"The Smoker&#039;s Shop\" \/>\n<meta property=\"article:modified_time\" content=\"2026-05-11T13:57:59+00:00\" \/>\n<meta property=\"og:image\" content=\"https:\/\/www.smokershop.es\/wp-content\/uploads\/2026\/05\/ChatGPT-Image-11-mai-2026-15_26_05.png\" \/>\n\t<meta property=\"og:image:width\" content=\"1254\" \/>\n\t<meta property=\"og:image:height\" content=\"1254\" \/>\n\t<meta property=\"og:image:type\" content=\"image\/png\" \/>\n<meta name=\"twitter:card\" content=\"summary_large_image\" \/>\n<meta name=\"twitter:label1\" content=\"Tiempo de lectura\" \/>\n\t<meta name=\"twitter:data1\" content=\"1 minuto\" \/>\n<script type=\"application\/ld+json\" class=\"yoast-schema-graph\">{\"@context\":\"https:\\\/\\\/schema.org\",\"@graph\":[{\"@type\":\"WebPage\",\"@id\":\"https:\\\/\\\/www.smokershop.es\\\/index.php\\\/producto\\\/ona-spray-250ml-neutralizador-olores\\\/\",\"url\":\"https:\\\/\\\/www.smokershop.es\\\/index.php\\\/producto\\\/ona-spray-250ml-neutralizador-olores\\\/\",\"name\":\"ONA SPRAY 250 ml \u2013 NEUTRALIZADOR DE OLORES - The Smoker&#039;s Shop\",\"isPartOf\":{\"@id\":\"https:\\\/\\\/www.smokershop.es\\\/#website\"},\"primaryImageOfPage\":{\"@id\":\"https:\\\/\\\/www.smokershop.es\\\/index.php\\\/producto\\\/ona-spray-250ml-neutralizador-olores\\\/#primaryimage\"},\"image\":{\"@id\":\"https:\\\/\\\/www.smokershop.es\\\/index.php\\\/producto\\\/ona-spray-250ml-neutralizador-olores\\\/#primaryimage\"},\"thumbnailUrl\":\"https:\\\/\\\/www.smokershop.es\\\/wp-content\\\/uploads\\\/2026\\\/05\\\/ChatGPT-Image-11-mai-2026-15_26_05.png\",\"datePublished\":\"2026-05-11T13:27:06+00:00\",\"dateModified\":\"2026-05-11T13:57:59+00:00\",\"description\":\"ONA Spray 250 ml neutraliza olores de forma natural y eficaz con un agradable aroma tropical. Ideal para hogar, coche, tiendas y espacios interiores.\",\"breadcrumb\":{\"@id\":\"https:\\\/\\\/www.smokershop.es\\\/index.php\\\/producto\\\/ona-spray-250ml-neutralizador-olores\\\/#breadcrumb\"},\"inLanguage\":\"es\",\"potentialAction\":[{\"@type\":\"ReadAction\",\"target\":[\"https:\\\/\\\/www.smokershop.es\\\/index.php\\\/producto\\\/ona-spray-250ml-neutralizador-olores\\\/\"]}]},{\"@type\":\"ImageObject\",\"inLanguage\":\"es\",\"@id\":\"https:\\\/\\\/www.smokershop.es\\\/index.php\\\/producto\\\/ona-spray-250ml-neutralizador-olores\\\/#primaryimage\",\"url\":\"https:\\\/\\\/www.smokershop.es\\\/wp-content\\\/uploads\\\/2026\\\/05\\\/ChatGPT-Image-11-mai-2026-15_26_05.png\",\"contentUrl\":\"https:\\\/\\\/www.smokershop.es\\\/wp-content\\\/uploads\\\/2026\\\/05\\\/ChatGPT-Image-11-mai-2026-15_26_05.png\",\"width\":1254,\"height\":1254,\"caption\":\"ONA SPRAY 250ML\"},{\"@type\":\"BreadcrumbList\",\"@id\":\"https:\\\/\\\/www.smokershop.es\\\/index.php\\\/producto\\\/ona-spray-250ml-neutralizador-olores\\\/#breadcrumb\",\"itemListElement\":[{\"@type\":\"ListItem\",\"position\":1,\"name\":\"Portada\",\"item\":\"https:\\\/\\\/www.smokershop.es\\\/\"},{\"@type\":\"ListItem\",\"position\":2,\"name\":\"The Shop\",\"item\":\"https:\\\/\\\/www.smokershop.es\\\/index.php\\\/shop\\\/\"},{\"@type\":\"ListItem\",\"position\":3,\"name\":\"ONA SPRAY 250 ml \u2013 NEUTRALIZADOR DE OLORES\"}]},{\"@type\":\"WebSite\",\"@id\":\"https:\\\/\\\/www.smokershop.es\\\/#website\",\"url\":\"https:\\\/\\\/www.smokershop.es\\\/\",\"name\":\"The Smoker&#039;s Shop\",\"description\":\"Todo para los fumadores\",\"publisher\":{\"@id\":\"https:\\\/\\\/www.smokershop.es\\\/#organization\"},\"potentialAction\":[{\"@type\":\"SearchAction\",\"target\":{\"@type\":\"EntryPoint\",\"urlTemplate\":\"https:\\\/\\\/www.smokershop.es\\\/?s={search_term_string}\"},\"query-input\":{\"@type\":\"PropertyValueSpecification\",\"valueRequired\":true,\"valueName\":\"search_term_string\"}}],\"inLanguage\":\"es\"},{\"@type\":\"Organization\",\"@id\":\"https:\\\/\\\/www.smokershop.es\\\/#organization\",\"name\":\"The Smoker&#039;s Shop\",\"url\":\"https:\\\/\\\/www.smokershop.es\\\/\",\"logo\":{\"@type\":\"ImageObject\",\"inLanguage\":\"es\",\"@id\":\"https:\\\/\\\/www.smokershop.es\\\/#\\\/schema\\\/logo\\\/image\\\/\",\"url\":\"https:\\\/\\\/www.smokershop.es\\\/wp-content\\\/uploads\\\/2023\\\/10\\\/smokershop-logo.png\",\"contentUrl\":\"https:\\\/\\\/www.smokershop.es\\\/wp-content\\\/uploads\\\/2023\\\/10\\\/smokershop-logo.png\",\"width\":1711,\"height\":752,\"caption\":\"The Smoker&#039;s Shop\"},\"image\":{\"@id\":\"https:\\\/\\\/www.smokershop.es\\\/#\\\/schema\\\/logo\\\/image\\\/\"},\"sameAs\":[\"https:\\\/\\\/www.instagram.com\\\/thesmokersshopofficial\"]}]}<\/script>\n<!-- \/ Yoast SEO plugin. -->","yoast_head_json":{"title":"ONA SPRAY 250 ml \u2013 NEUTRALIZADOR DE OLORES - The Smoker&#039;s Shop","description":"ONA Spray 250 ml neutraliza olores de forma natural y eficaz con un agradable aroma tropical. Ideal para hogar, coche, tiendas y espacios interiores.","robots":{"index":"index","follow":"follow","max-snippet":"max-snippet:-1","max-image-preview":"max-image-preview:large","max-video-preview":"max-video-preview:-1"},"canonical":"https:\/\/www.smokershop.es\/index.php\/producto\/ona-spray-250ml-neutralizador-olores\/","og_locale":"es_ES","og_type":"article","og_title":"ONA SPRAY 250 ml \u2013 NEUTRALIZADOR DE OLORES - The Smoker&#039;s Shop","og_description":"ONA Spray 250 ml neutraliza olores de forma natural y eficaz con un agradable aroma tropical. Ideal para hogar, coche, tiendas y espacios interiores.","og_url":"https:\/\/www.smokershop.es\/index.php\/producto\/ona-spray-250ml-neutralizador-olores\/","og_site_name":"The Smoker&#039;s Shop","article_modified_time":"2026-05-11T13:57:59+00:00","og_image":[{"width":1254,"height":1254,"url":"https:\/\/www.smokershop.es\/wp-content\/uploads\/2026\/05\/ChatGPT-Image-11-mai-2026-15_26_05.png","type":"image\/png"}],"twitter_card":"summary_large_image","twitter_misc":{"Tiempo de lectura":"1 minuto"},"schema":{"@context":"https:\/\/schema.org","@graph":[{"@type":"WebPage","@id":"https:\/\/www.smokershop.es\/index.php\/producto\/ona-spray-250ml-neutralizador-olores\/","url":"https:\/\/www.smokershop.es\/index.php\/producto\/ona-spray-250ml-neutralizador-olores\/","name":"ONA SPRAY 250 ml \u2013 NEUTRALIZADOR DE OLORES - The Smoker&#039;s Shop","isPartOf":{"@id":"https:\/\/www.smokershop.es\/#website"},"primaryImageOfPage":{"@id":"https:\/\/www.smokershop.es\/index.php\/producto\/ona-spray-250ml-neutralizador-olores\/#primaryimage"},"image":{"@id":"https:\/\/www.smokershop.es\/index.php\/producto\/ona-spray-250ml-neutralizador-olores\/#primaryimage"},"thumbnailUrl":"https:\/\/www.smokershop.es\/wp-content\/uploads\/2026\/05\/ChatGPT-Image-11-mai-2026-15_26_05.png","datePublished":"2026-05-11T13:27:06+00:00","dateModified":"2026-05-11T13:57:59+00:00","description":"ONA Spray 250 ml neutraliza olores de forma natural y eficaz con un agradable aroma tropical. Ideal para hogar, coche, tiendas y espacios interiores.","breadcrumb":{"@id":"https:\/\/www.smokershop.es\/index.php\/producto\/ona-spray-250ml-neutralizador-olores\/#breadcrumb"},"inLanguage":"es","potentialAction":[{"@type":"ReadAction","target":["https:\/\/www.smokershop.es\/index.php\/producto\/ona-spray-250ml-neutralizador-olores\/"]}]},{"@type":"ImageObject","inLanguage":"es","@id":"https:\/\/www.smokershop.es\/index.php\/producto\/ona-spray-250ml-neutralizador-olores\/#primaryimage","url":"https:\/\/www.smokershop.es\/wp-content\/uploads\/2026\/05\/ChatGPT-Image-11-mai-2026-15_26_05.png","contentUrl":"https:\/\/www.smokershop.es\/wp-content\/uploads\/2026\/05\/ChatGPT-Image-11-mai-2026-15_26_05.png","width":1254,"height":1254,"caption":"ONA SPRAY 250ML"},{"@type":"BreadcrumbList","@id":"https:\/\/www.smokershop.es\/index.php\/producto\/ona-spray-250ml-neutralizador-olores\/#breadcrumb","itemListElement":[{"@type":"ListItem","position":1,"name":"Portada","item":"https:\/\/www.smokershop.es\/"},{"@type":"ListItem","position":2,"name":"The Shop","item":"https:\/\/www.smokershop.es\/index.php\/shop\/"},{"@type":"ListItem","position":3,"name":"ONA SPRAY 250 ml \u2013 NEUTRALIZADOR DE OLORES"}]},{"@type":"WebSite","@id":"https:\/\/www.smokershop.es\/#website","url":"https:\/\/www.smokershop.es\/","name":"The Smoker&#039;s Shop","description":"Todo para los fumadores","publisher":{"@id":"https:\/\/www.smokershop.es\/#organization"},"potentialAction":[{"@type":"SearchAction","target":{"@type":"EntryPoint","urlTemplate":"https:\/\/www.smokershop.es\/?s={search_term_string}"},"query-input":{"@type":"PropertyValueSpecification","valueRequired":true,"valueName":"search_term_string"}}],"inLanguage":"es"},{"@type":"Organization","@id":"https:\/\/www.smokershop.es\/#organization","name":"The Smoker&#039;s Shop","url":"https:\/\/www.smokershop.es\/","logo":{"@type":"ImageObject","inLanguage":"es","@id":"https:\/\/www.smokershop.es\/#\/schema\/logo\/image\/","url":"https:\/\/www.smokershop.es\/wp-content\/uploads\/2023\/10\/smokershop-logo.png","contentUrl":"https:\/\/www.smokershop.es\/wp-content\/uploads\/2023\/10\/smokershop-logo.png","width":1711,"height":752,"caption":"The Smoker&#039;s Shop"},"image":{"@id":"https:\/\/www.smokershop.es\/#\/schema\/logo\/image\/"},"sameAs":["https:\/\/www.instagram.com\/thesmokersshopofficial"]}]}},"_links":{"self":[{"href":"https:\/\/www.smokershop.es\/index.php\/wp-json\/wp\/v2\/product\/4113","targetHints":{"allow":["GET"]}}],"collection":[{"href":"https:\/\/www.smokershop.es\/index.php\/wp-json\/wp\/v2\/product"}],"about":[{"href":"https:\/\/www.smokershop.es\/index.php\/wp-json\/wp\/v2\/types\/product"}],"wp:featuredmedia":[{"embeddable":true,"href":"https:\/\/www.smokershop.es\/index.php\/wp-json\/wp\/v2\/media\/4114"}],"wp:attachment":[{"href":"https:\/\/www.smokershop.es\/index.php\/wp-json\/wp\/v2\/media?parent=4113"}],"wp:term":[{"taxonomy":"product_brand","embeddable":true,"href":"https:\/\/www.smokershop.es\/index.php\/wp-json\/wp\/v2\/product_brand?post=4113"},{"taxonomy":"product_cat","embeddable":true,"href":"https:\/\/www.smokershop.es\/index.php\/wp-json\/wp\/v2\/product_cat?post=4113"},{"taxonomy":"product_tag","embeddable":true,"href":"https:\/\/www.smokershop.es\/index.php\/wp-json\/wp\/v2\/product_tag?post=4113"}],"curies":[{"name":"wp","href":"https:\/\/api.w.org\/{rel}","templated":true}]}}