{"id":4115,"date":"2026-05-11T16:38:38","date_gmt":"2026-05-11T14:38:38","guid":{"rendered":"https:\/\/www.smokershop.es\/?post_type=product&#038;p=4115"},"modified":"2026-05-12T01:23:54","modified_gmt":"2026-05-11T23:23:54","slug":"pay-pay-gogreen-unrefined-slim-papel-natural","status":"publish","type":"product","link":"https:\/\/www.smokershop.es\/index.php\/producto\/pay-pay-gogreen-unrefined-slim-papel-natural\/","title":{"rendered":"PAY-PAY GOGREEN UNREFINED KING SIZE"},"content":{"rendered":"<p data-start=\"75\" data-end=\"359\">El Pay-Pay GoGreen Unrefined Slim es un papel de fumar dise\u00f1ado para quienes buscan una experiencia m\u00e1s natural, limpia y agradable. Fabricado con papel ultrafino sin refinar y libre de cloro, permite disfrutar mejor del sabor sin interferencias y con una combusti\u00f3n lenta y uniforme.<\/p>\n<p data-start=\"361\" data-end=\"567\">Gracias a su formato Slim, este papel ofrece un tama\u00f1o c\u00f3modo y pr\u00e1ctico para el d\u00eda a d\u00eda, siendo una opci\u00f3n ideal para consumidores que valoran la calidad, el acabado natural y una combusti\u00f3n equilibrada.<\/p>\n<p data-start=\"569\" data-end=\"834\">El papel GoGreen de Pay-Pay destaca por su textura ligera, su resistencia y su excelente pegado natural, facilitando el liado incluso para usuarios menos experimentados. Su dise\u00f1o natural y minimalista refleja perfectamente el estilo premium y ecol\u00f3gico de la gama.<\/p>\n<p data-start=\"836\" data-end=\"911\">Perfecto para quienes buscan un papel fino, discreto y de calidad superior.<\/p>\n","protected":false},"excerpt":{"rendered":"<h3 data-section-id=\"131v4uz\" data-start=\"913\" data-end=\"945\">Caracter\u00edsticas principales:<\/h3>\n<ul data-start=\"946\" data-end=\"1141\">\n<li data-section-id=\"1q1wsa3\" data-start=\"946\" data-end=\"968\">Papel Slim ultrafino<\/li>\n<li data-section-id=\"u66crh\" data-start=\"969\" data-end=\"998\">Papel unrefined sin refinar<\/li>\n<li data-section-id=\"9a00x0\" data-start=\"999\" data-end=\"1015\">Libre de cloro<\/li>\n<li data-section-id=\"1jfpzhj\" data-start=\"1016\" data-end=\"1046\">Combusti\u00f3n lenta y homog\u00e9nea<\/li>\n<li data-section-id=\"1bv6tho\" data-start=\"1047\" data-end=\"1075\">Sabor m\u00e1s limpio y natural<\/li>\n<li data-section-id=\"fivtz2\" data-start=\"1076\" data-end=\"1091\">F\u00e1cil de liar<\/li>\n<li data-section-id=\"1kfnkzj\" data-start=\"1092\" data-end=\"1114\">Excelente adherencia<\/li>\n<li data-section-id=\"klbrem\" data-start=\"1115\" data-end=\"1141\">Dise\u00f1o natural y premium<\/li>\n<\/ul>\n<h3 data-section-id=\"8heyrw\" data-start=\"1143\" data-end=\"1156\">Ventajas:<\/h3>\n<ul>\n<li style=\"list-style-type: none;\">\n<ul data-start=\"1157\" data-end=\"1282\">\n<li data-section-id=\"rk72gn\" data-start=\"1157\" data-end=\"1178\">Menor sabor a papel<\/li>\n<li data-section-id=\"1ldg8b4\" data-start=\"1179\" data-end=\"1202\">Experiencia m\u00e1s suave<\/li>\n<li data-section-id=\"6fk80j\" data-start=\"1203\" data-end=\"1230\">Papel resistente y ligero<\/li>\n<li data-section-id=\"scdace\" data-start=\"1231\" data-end=\"1254\">Ideal para uso diario<\/li>\n<li data-section-id=\"y8dayd\" data-start=\"1255\" data-end=\"1282\">Formato c\u00f3modo y pr\u00e1ctico<\/li>\n<\/ul>\n<\/li>\n<\/ul>\n<ul>\n<li style=\"list-style-type: none;\">\n<ul>\n<li><em>FORMATO PRO -&gt; DISPLAY 50x<\/em><\/li>\n<li><strong>\u2b07\ufe0f PRECIOS MAYORISTA PARA PROFESIONALES \u2b07\ufe0f<\/strong><\/li>\n<\/ul>\n<\/li>\n<\/ul>\n<p style=\"padding-left: 200px;\"><strong><a href=\"https:\/\/www.smokershop.es\/index.php\/register\/\" target=\"_blank\" rel=\"noopener\">\ud83d\udc49 REGISTRATE AQUI \ud83d\udc48<\/a><\/strong><\/p>\n","protected":false},"featured_media":4152,"template":"","meta":{"_joinchat":[]},"product_brand":[89],"product_cat":[74,40,42],"product_tag":[],"class_list":{"0":"post-4115","1":"product","2":"type-product","3":"status-publish","4":"has-post-thumbnail","6":"product_brand-pay-pay","7":"product_cat-king-size","8":"product_cat-papel-de-fumar","9":"product_cat-papel-king-size","11":"first","12":"instock","13":"taxable","14":"shipping-taxable","15":"purchasable","16":"product-type-simple"},"yoast_head":"<!-- This site is optimized with the Yoast SEO plugin v27.4 - https:\/\/yoast.com\/product\/yoast-seo-wordpress\/ -->\n<title>PAY-PAY GOGREEN UNREFINED KING SIZE - The Smoker&#039;s Shop<\/title>\n<meta name=\"description\" content=\"Descubre Pay-Pay GoGreen Unrefined Slim, papel ultrafino sin refinar y libre de cloro con combusti\u00f3n lenta y sabor m\u00e1s natural.\" \/>\n<meta name=\"robots\" content=\"index, follow, max-snippet:-1, max-image-preview:large, max-video-preview:-1\" \/>\n<link rel=\"canonical\" href=\"https:\/\/www.smokershop.es\/index.php\/producto\/pay-pay-gogreen-unrefined-slim-papel-natural\/\" \/>\n<meta property=\"og:locale\" content=\"es_ES\" \/>\n<meta property=\"og:type\" content=\"article\" \/>\n<meta property=\"og:title\" content=\"PAY-PAY GOGREEN UNREFINED KING SIZE - The Smoker&#039;s Shop\" \/>\n<meta property=\"og:description\" content=\"Descubre Pay-Pay GoGreen Unrefined Slim, papel ultrafino sin refinar y libre de cloro con combusti\u00f3n lenta y sabor m\u00e1s natural.\" \/>\n<meta property=\"og:url\" content=\"https:\/\/www.smokershop.es\/index.php\/producto\/pay-pay-gogreen-unrefined-slim-papel-natural\/\" \/>\n<meta property=\"og:site_name\" content=\"The Smoker&#039;s Shop\" \/>\n<meta property=\"article:modified_time\" content=\"2026-05-11T23:23:54+00:00\" \/>\n<meta property=\"og:image\" content=\"https:\/\/www.smokershop.es\/wp-content\/uploads\/2026\/05\/95237D85-F2F1-4453-B792-E7FB758DD5D5.jpeg\" \/>\n\t<meta property=\"og:image:width\" content=\"1084\" \/>\n\t<meta property=\"og:image:height\" content=\"1084\" \/>\n\t<meta property=\"og:image:type\" content=\"image\/jpeg\" \/>\n<meta name=\"twitter:card\" content=\"summary_large_image\" \/>\n<meta name=\"twitter:label1\" content=\"Tiempo de lectura\" \/>\n\t<meta name=\"twitter:data1\" content=\"1 minuto\" \/>\n<script type=\"application\/ld+json\" class=\"yoast-schema-graph\">{\"@context\":\"https:\\\/\\\/schema.org\",\"@graph\":[{\"@type\":\"WebPage\",\"@id\":\"https:\\\/\\\/www.smokershop.es\\\/index.php\\\/producto\\\/pay-pay-gogreen-unrefined-slim-papel-natural\\\/\",\"url\":\"https:\\\/\\\/www.smokershop.es\\\/index.php\\\/producto\\\/pay-pay-gogreen-unrefined-slim-papel-natural\\\/\",\"name\":\"PAY-PAY GOGREEN UNREFINED KING SIZE - The Smoker&#039;s Shop\",\"isPartOf\":{\"@id\":\"https:\\\/\\\/www.smokershop.es\\\/#website\"},\"primaryImageOfPage\":{\"@id\":\"https:\\\/\\\/www.smokershop.es\\\/index.php\\\/producto\\\/pay-pay-gogreen-unrefined-slim-papel-natural\\\/#primaryimage\"},\"image\":{\"@id\":\"https:\\\/\\\/www.smokershop.es\\\/index.php\\\/producto\\\/pay-pay-gogreen-unrefined-slim-papel-natural\\\/#primaryimage\"},\"thumbnailUrl\":\"https:\\\/\\\/www.smokershop.es\\\/wp-content\\\/uploads\\\/2026\\\/05\\\/95237D85-F2F1-4453-B792-E7FB758DD5D5.jpeg\",\"datePublished\":\"2026-05-11T14:38:38+00:00\",\"dateModified\":\"2026-05-11T23:23:54+00:00\",\"description\":\"Descubre Pay-Pay GoGreen Unrefined Slim, papel ultrafino sin refinar y libre de cloro con combusti\u00f3n lenta y sabor m\u00e1s natural.\",\"breadcrumb\":{\"@id\":\"https:\\\/\\\/www.smokershop.es\\\/index.php\\\/producto\\\/pay-pay-gogreen-unrefined-slim-papel-natural\\\/#breadcrumb\"},\"inLanguage\":\"es\",\"potentialAction\":[{\"@type\":\"ReadAction\",\"target\":[\"https:\\\/\\\/www.smokershop.es\\\/index.php\\\/producto\\\/pay-pay-gogreen-unrefined-slim-papel-natural\\\/\"]}]},{\"@type\":\"ImageObject\",\"inLanguage\":\"es\",\"@id\":\"https:\\\/\\\/www.smokershop.es\\\/index.php\\\/producto\\\/pay-pay-gogreen-unrefined-slim-papel-natural\\\/#primaryimage\",\"url\":\"https:\\\/\\\/www.smokershop.es\\\/wp-content\\\/uploads\\\/2026\\\/05\\\/95237D85-F2F1-4453-B792-E7FB758DD5D5.jpeg\",\"contentUrl\":\"https:\\\/\\\/www.smokershop.es\\\/wp-content\\\/uploads\\\/2026\\\/05\\\/95237D85-F2F1-4453-B792-E7FB758DD5D5.jpeg\",\"width\":1084,\"height\":1084},{\"@type\":\"BreadcrumbList\",\"@id\":\"https:\\\/\\\/www.smokershop.es\\\/index.php\\\/producto\\\/pay-pay-gogreen-unrefined-slim-papel-natural\\\/#breadcrumb\",\"itemListElement\":[{\"@type\":\"ListItem\",\"position\":1,\"name\":\"Portada\",\"item\":\"https:\\\/\\\/www.smokershop.es\\\/\"},{\"@type\":\"ListItem\",\"position\":2,\"name\":\"The Shop\",\"item\":\"https:\\\/\\\/www.smokershop.es\\\/index.php\\\/shop\\\/\"},{\"@type\":\"ListItem\",\"position\":3,\"name\":\"PAY-PAY GOGREEN UNREFINED KING SIZE\"}]},{\"@type\":\"WebSite\",\"@id\":\"https:\\\/\\\/www.smokershop.es\\\/#website\",\"url\":\"https:\\\/\\\/www.smokershop.es\\\/\",\"name\":\"The Smoker&#039;s Shop\",\"description\":\"Todo para los fumadores\",\"publisher\":{\"@id\":\"https:\\\/\\\/www.smokershop.es\\\/#organization\"},\"potentialAction\":[{\"@type\":\"SearchAction\",\"target\":{\"@type\":\"EntryPoint\",\"urlTemplate\":\"https:\\\/\\\/www.smokershop.es\\\/?s={search_term_string}\"},\"query-input\":{\"@type\":\"PropertyValueSpecification\",\"valueRequired\":true,\"valueName\":\"search_term_string\"}}],\"inLanguage\":\"es\"},{\"@type\":\"Organization\",\"@id\":\"https:\\\/\\\/www.smokershop.es\\\/#organization\",\"name\":\"The Smoker&#039;s Shop\",\"url\":\"https:\\\/\\\/www.smokershop.es\\\/\",\"logo\":{\"@type\":\"ImageObject\",\"inLanguage\":\"es\",\"@id\":\"https:\\\/\\\/www.smokershop.es\\\/#\\\/schema\\\/logo\\\/image\\\/\",\"url\":\"https:\\\/\\\/www.smokershop.es\\\/wp-content\\\/uploads\\\/2023\\\/10\\\/smokershop-logo.png\",\"contentUrl\":\"https:\\\/\\\/www.smokershop.es\\\/wp-content\\\/uploads\\\/2023\\\/10\\\/smokershop-logo.png\",\"width\":1711,\"height\":752,\"caption\":\"The Smoker&#039;s Shop\"},\"image\":{\"@id\":\"https:\\\/\\\/www.smokershop.es\\\/#\\\/schema\\\/logo\\\/image\\\/\"},\"sameAs\":[\"https:\\\/\\\/www.instagram.com\\\/thesmokersshopofficial\"]}]}<\/script>\n<!-- \/ Yoast SEO plugin. -->","yoast_head_json":{"title":"PAY-PAY GOGREEN UNREFINED KING SIZE - The Smoker&#039;s Shop","description":"Descubre Pay-Pay GoGreen Unrefined Slim, papel ultrafino sin refinar y libre de cloro con combusti\u00f3n lenta y sabor m\u00e1s natural.","robots":{"index":"index","follow":"follow","max-snippet":"max-snippet:-1","max-image-preview":"max-image-preview:large","max-video-preview":"max-video-preview:-1"},"canonical":"https:\/\/www.smokershop.es\/index.php\/producto\/pay-pay-gogreen-unrefined-slim-papel-natural\/","og_locale":"es_ES","og_type":"article","og_title":"PAY-PAY GOGREEN UNREFINED KING SIZE - The Smoker&#039;s Shop","og_description":"Descubre Pay-Pay GoGreen Unrefined Slim, papel ultrafino sin refinar y libre de cloro con combusti\u00f3n lenta y sabor m\u00e1s natural.","og_url":"https:\/\/www.smokershop.es\/index.php\/producto\/pay-pay-gogreen-unrefined-slim-papel-natural\/","og_site_name":"The Smoker&#039;s Shop","article_modified_time":"2026-05-11T23:23:54+00:00","og_image":[{"width":1084,"height":1084,"url":"https:\/\/www.smokershop.es\/wp-content\/uploads\/2026\/05\/95237D85-F2F1-4453-B792-E7FB758DD5D5.jpeg","type":"image\/jpeg"}],"twitter_card":"summary_large_image","twitter_misc":{"Tiempo de lectura":"1 minuto"},"schema":{"@context":"https:\/\/schema.org","@graph":[{"@type":"WebPage","@id":"https:\/\/www.smokershop.es\/index.php\/producto\/pay-pay-gogreen-unrefined-slim-papel-natural\/","url":"https:\/\/www.smokershop.es\/index.php\/producto\/pay-pay-gogreen-unrefined-slim-papel-natural\/","name":"PAY-PAY GOGREEN UNREFINED KING SIZE - The Smoker&#039;s Shop","isPartOf":{"@id":"https:\/\/www.smokershop.es\/#website"},"primaryImageOfPage":{"@id":"https:\/\/www.smokershop.es\/index.php\/producto\/pay-pay-gogreen-unrefined-slim-papel-natural\/#primaryimage"},"image":{"@id":"https:\/\/www.smokershop.es\/index.php\/producto\/pay-pay-gogreen-unrefined-slim-papel-natural\/#primaryimage"},"thumbnailUrl":"https:\/\/www.smokershop.es\/wp-content\/uploads\/2026\/05\/95237D85-F2F1-4453-B792-E7FB758DD5D5.jpeg","datePublished":"2026-05-11T14:38:38+00:00","dateModified":"2026-05-11T23:23:54+00:00","description":"Descubre Pay-Pay GoGreen Unrefined Slim, papel ultrafino sin refinar y libre de cloro con combusti\u00f3n lenta y sabor m\u00e1s natural.","breadcrumb":{"@id":"https:\/\/www.smokershop.es\/index.php\/producto\/pay-pay-gogreen-unrefined-slim-papel-natural\/#breadcrumb"},"inLanguage":"es","potentialAction":[{"@type":"ReadAction","target":["https:\/\/www.smokershop.es\/index.php\/producto\/pay-pay-gogreen-unrefined-slim-papel-natural\/"]}]},{"@type":"ImageObject","inLanguage":"es","@id":"https:\/\/www.smokershop.es\/index.php\/producto\/pay-pay-gogreen-unrefined-slim-papel-natural\/#primaryimage","url":"https:\/\/www.smokershop.es\/wp-content\/uploads\/2026\/05\/95237D85-F2F1-4453-B792-E7FB758DD5D5.jpeg","contentUrl":"https:\/\/www.smokershop.es\/wp-content\/uploads\/2026\/05\/95237D85-F2F1-4453-B792-E7FB758DD5D5.jpeg","width":1084,"height":1084},{"@type":"BreadcrumbList","@id":"https:\/\/www.smokershop.es\/index.php\/producto\/pay-pay-gogreen-unrefined-slim-papel-natural\/#breadcrumb","itemListElement":[{"@type":"ListItem","position":1,"name":"Portada","item":"https:\/\/www.smokershop.es\/"},{"@type":"ListItem","position":2,"name":"The Shop","item":"https:\/\/www.smokershop.es\/index.php\/shop\/"},{"@type":"ListItem","position":3,"name":"PAY-PAY GOGREEN UNREFINED KING SIZE"}]},{"@type":"WebSite","@id":"https:\/\/www.smokershop.es\/#website","url":"https:\/\/www.smokershop.es\/","name":"The Smoker&#039;s Shop","description":"Todo para los fumadores","publisher":{"@id":"https:\/\/www.smokershop.es\/#organization"},"potentialAction":[{"@type":"SearchAction","target":{"@type":"EntryPoint","urlTemplate":"https:\/\/www.smokershop.es\/?s={search_term_string}"},"query-input":{"@type":"PropertyValueSpecification","valueRequired":true,"valueName":"search_term_string"}}],"inLanguage":"es"},{"@type":"Organization","@id":"https:\/\/www.smokershop.es\/#organization","name":"The Smoker&#039;s Shop","url":"https:\/\/www.smokershop.es\/","logo":{"@type":"ImageObject","inLanguage":"es","@id":"https:\/\/www.smokershop.es\/#\/schema\/logo\/image\/","url":"https:\/\/www.smokershop.es\/wp-content\/uploads\/2023\/10\/smokershop-logo.png","contentUrl":"https:\/\/www.smokershop.es\/wp-content\/uploads\/2023\/10\/smokershop-logo.png","width":1711,"height":752,"caption":"The Smoker&#039;s Shop"},"image":{"@id":"https:\/\/www.smokershop.es\/#\/schema\/logo\/image\/"},"sameAs":["https:\/\/www.instagram.com\/thesmokersshopofficial"]}]}},"_links":{"self":[{"href":"https:\/\/www.smokershop.es\/index.php\/wp-json\/wp\/v2\/product\/4115","targetHints":{"allow":["GET"]}}],"collection":[{"href":"https:\/\/www.smokershop.es\/index.php\/wp-json\/wp\/v2\/product"}],"about":[{"href":"https:\/\/www.smokershop.es\/index.php\/wp-json\/wp\/v2\/types\/product"}],"wp:featuredmedia":[{"embeddable":true,"href":"https:\/\/www.smokershop.es\/index.php\/wp-json\/wp\/v2\/media\/4152"}],"wp:attachment":[{"href":"https:\/\/www.smokershop.es\/index.php\/wp-json\/wp\/v2\/media?parent=4115"}],"wp:term":[{"taxonomy":"product_brand","embeddable":true,"href":"https:\/\/www.smokershop.es\/index.php\/wp-json\/wp\/v2\/product_brand?post=4115"},{"taxonomy":"product_cat","embeddable":true,"href":"https:\/\/www.smokershop.es\/index.php\/wp-json\/wp\/v2\/product_cat?post=4115"},{"taxonomy":"product_tag","embeddable":true,"href":"https:\/\/www.smokershop.es\/index.php\/wp-json\/wp\/v2\/product_tag?post=4115"}],"curies":[{"name":"wp","href":"https:\/\/api.w.org\/{rel}","templated":true}]}}