{"id":592,"date":"2023-03-09T17:02:44","date_gmt":"2023-03-09T16:02:44","guid":{"rendered":"https:\/\/www.smokershop.es\/?post_type=product&#038;p=592"},"modified":"2025-10-21T19:52:14","modified_gmt":"2025-10-21T17:52:14","slug":"bote-medical-reverse-cap-120ml","status":"publish","type":"product","link":"https:\/\/www.smokershop.es\/index.php\/producto\/bote-medical-reverse-cap-120ml\/","title":{"rendered":"BOTE MEDICAL REVERSE CAP 120ML"},"content":{"rendered":"<div class=\"page\" title=\"Page 15\">\n<div class=\"layoutArea\">\n<div class=\"column\">\n<div>BOTE MEDICAL REVERSE CAP 120ML<\/div>\n<div><\/div>\n<div>\n<div>El bote Medical pot es la manera m\u00e1s segura, eficaz y f\u00e1cil de almacenar y portar tus flores medicinales.<\/div>\n<div>Con un dise\u00f1o herm\u00e9tico, resistente a la humedad y a prueba de olores estas botellas Medical pot est\u00e1n hechas de pl\u00e1stico reciclable de polipropileno libre de BPA (adecuados para uso alimentario).<\/div>\n<div>Adem\u00e1s de estas cualidades todos los Medical top vienen provistos de un \u201cseguro\u201d en su cierre para que lo que haya en su interior no est\u00e9 al alcance de los ni\u00f1os.<\/div>\n<div>Este tap\u00f3n puede ser usado en 2 posiciones, una posici\u00f3n es segura para que no puedan abrirla los ni\u00f1os, la otra posici\u00f3n (tap\u00f3n al rev\u00e9s) es adecuada para su uso de pacientes con artritis y dolor en las articulaciones ya que se abre de una manera muy suave.<\/div>\n<div><\/div>\n<div>*Con cada bote se entregar\u00e1 una etiqueta adhesiva para anotar nombre, variedad, fecha, etc.<\/div>\n<\/div>\n<div><\/div>\n<div><\/div>\n<div><em>\u00a0<\/em><\/div>\n<ul>\n<li><\/li>\n<\/ul>\n<\/div>\n<\/div>\n<\/div>\n","protected":false},"excerpt":{"rendered":"<div class=\"page\" title=\"Page 15\">\n<div class=\"layoutArea\">\n<div class=\"column\">\n<ul>\n<li>Medidas:104x43mm.<\/li>\n<li>Peso:17g.<\/li>\n<li>Capacidad:120ml.<\/li>\n<\/ul>\n<\/div>\n<\/div>\n<\/div>\n","protected":false},"featured_media":3404,"template":"","meta":{"_joinchat":[]},"product_brand":[],"product_cat":[49,50],"product_tag":[],"class_list":{"0":"post-592","1":"product","2":"type-product","3":"status-publish","4":"has-post-thumbnail","6":"product_cat-almacenamiento","7":"product_cat-envases","9":"first","10":"instock","11":"taxable","12":"shipping-taxable","13":"purchasable","14":"product-type-simple"},"yoast_head":"<!-- This site is optimized with the Yoast SEO plugin v27.2 - https:\/\/yoast.com\/product\/yoast-seo-wordpress\/ -->\n<title>BOTE MEDICAL REVERSE CAP 120ML - The Smoker&#039;s Shop<\/title>\n<meta name=\"description\" content=\"BOTE MEDICAL REVERSE CAP 120 ML es la manera m\u00e1s segura, eficaz y f\u00e1cil de almacenar y portar tus flores medicinales. Capacidad 120 ml.\" \/>\n<meta name=\"robots\" content=\"index, follow, max-snippet:-1, max-image-preview:large, max-video-preview:-1\" \/>\n<link rel=\"canonical\" href=\"https:\/\/www.smokershop.es\/index.php\/producto\/bote-medical-reverse-cap-120ml\/\" \/>\n<meta property=\"og:locale\" content=\"es_ES\" \/>\n<meta property=\"og:type\" content=\"article\" \/>\n<meta property=\"og:title\" content=\"BOTE MEDICAL REVERSE CAP 120ML - The Smoker&#039;s Shop\" \/>\n<meta property=\"og:description\" content=\"BOTE MEDICAL REVERSE CAP 120 ML es la manera m\u00e1s segura, eficaz y f\u00e1cil de almacenar y portar tus flores medicinales. Capacidad 120 ml.\" \/>\n<meta property=\"og:url\" content=\"https:\/\/www.smokershop.es\/index.php\/producto\/bote-medical-reverse-cap-120ml\/\" \/>\n<meta property=\"og:site_name\" content=\"The Smoker&#039;s Shop\" \/>\n<meta property=\"article:modified_time\" content=\"2025-10-21T17:52:14+00:00\" \/>\n<meta property=\"og:image\" content=\"https:\/\/www.smokershop.es\/wp-content\/uploads\/2023\/03\/WhatsApp-Image-2025-10-21-at-08.21.15-2.jpeg\" \/>\n\t<meta property=\"og:image:width\" content=\"864\" \/>\n\t<meta property=\"og:image:height\" content=\"1184\" \/>\n\t<meta property=\"og:image:type\" content=\"image\/jpeg\" \/>\n<meta name=\"twitter:card\" content=\"summary_large_image\" \/>\n<meta name=\"twitter:label1\" content=\"Tiempo de lectura\" \/>\n\t<meta name=\"twitter:data1\" content=\"1 minuto\" \/>\n<script type=\"application\/ld+json\" class=\"yoast-schema-graph\">{\"@context\":\"https:\/\/schema.org\",\"@graph\":[{\"@type\":\"WebPage\",\"@id\":\"https:\/\/www.smokershop.es\/index.php\/producto\/bote-medical-reverse-cap-120ml\/\",\"url\":\"https:\/\/www.smokershop.es\/index.php\/producto\/bote-medical-reverse-cap-120ml\/\",\"name\":\"BOTE MEDICAL REVERSE CAP 120ML - The Smoker&#039;s Shop\",\"isPartOf\":{\"@id\":\"https:\/\/www.smokershop.es\/#website\"},\"primaryImageOfPage\":{\"@id\":\"https:\/\/www.smokershop.es\/index.php\/producto\/bote-medical-reverse-cap-120ml\/#primaryimage\"},\"image\":{\"@id\":\"https:\/\/www.smokershop.es\/index.php\/producto\/bote-medical-reverse-cap-120ml\/#primaryimage\"},\"thumbnailUrl\":\"https:\/\/www.smokershop.es\/wp-content\/uploads\/2023\/03\/WhatsApp-Image-2025-10-21-at-08.21.15-2.jpeg\",\"datePublished\":\"2023-03-09T16:02:44+00:00\",\"dateModified\":\"2025-10-21T17:52:14+00:00\",\"description\":\"BOTE MEDICAL REVERSE CAP 120 ML es la manera m\u00e1s segura, eficaz y f\u00e1cil de almacenar y portar tus flores medicinales. Capacidad 120 ml.\",\"breadcrumb\":{\"@id\":\"https:\/\/www.smokershop.es\/index.php\/producto\/bote-medical-reverse-cap-120ml\/#breadcrumb\"},\"inLanguage\":\"es\",\"potentialAction\":[{\"@type\":\"ReadAction\",\"target\":[\"https:\/\/www.smokershop.es\/index.php\/producto\/bote-medical-reverse-cap-120ml\/\"]}]},{\"@type\":\"ImageObject\",\"inLanguage\":\"es\",\"@id\":\"https:\/\/www.smokershop.es\/index.php\/producto\/bote-medical-reverse-cap-120ml\/#primaryimage\",\"url\":\"https:\/\/www.smokershop.es\/wp-content\/uploads\/2023\/03\/WhatsApp-Image-2025-10-21-at-08.21.15-2.jpeg\",\"contentUrl\":\"https:\/\/www.smokershop.es\/wp-content\/uploads\/2023\/03\/WhatsApp-Image-2025-10-21-at-08.21.15-2.jpeg\",\"width\":864,\"height\":1184,\"caption\":\"BOTE MEDICAL 120ML\"},{\"@type\":\"BreadcrumbList\",\"@id\":\"https:\/\/www.smokershop.es\/index.php\/producto\/bote-medical-reverse-cap-120ml\/#breadcrumb\",\"itemListElement\":[{\"@type\":\"ListItem\",\"position\":1,\"name\":\"Portada\",\"item\":\"https:\/\/www.smokershop.es\/\"},{\"@type\":\"ListItem\",\"position\":2,\"name\":\"The Shop\",\"item\":\"https:\/\/www.smokershop.es\/index.php\/shop\/\"},{\"@type\":\"ListItem\",\"position\":3,\"name\":\"BOTE MEDICAL REVERSE CAP 120ML\"}]},{\"@type\":\"WebSite\",\"@id\":\"https:\/\/www.smokershop.es\/#website\",\"url\":\"https:\/\/www.smokershop.es\/\",\"name\":\"The Smoker&#039;s Shop\",\"description\":\"Todo para los fumadores\",\"publisher\":{\"@id\":\"https:\/\/www.smokershop.es\/#organization\"},\"potentialAction\":[{\"@type\":\"SearchAction\",\"target\":{\"@type\":\"EntryPoint\",\"urlTemplate\":\"https:\/\/www.smokershop.es\/?s={search_term_string}\"},\"query-input\":{\"@type\":\"PropertyValueSpecification\",\"valueRequired\":true,\"valueName\":\"search_term_string\"}}],\"inLanguage\":\"es\"},{\"@type\":\"Organization\",\"@id\":\"https:\/\/www.smokershop.es\/#organization\",\"name\":\"The Smoker&#039;s Shop\",\"url\":\"https:\/\/www.smokershop.es\/\",\"logo\":{\"@type\":\"ImageObject\",\"inLanguage\":\"es\",\"@id\":\"https:\/\/www.smokershop.es\/#\/schema\/logo\/image\/\",\"url\":\"https:\/\/www.smokershop.es\/wp-content\/uploads\/2023\/10\/smokershop-logo.png\",\"contentUrl\":\"https:\/\/www.smokershop.es\/wp-content\/uploads\/2023\/10\/smokershop-logo.png\",\"width\":1711,\"height\":752,\"caption\":\"The Smoker&#039;s Shop\"},\"image\":{\"@id\":\"https:\/\/www.smokershop.es\/#\/schema\/logo\/image\/\"},\"sameAs\":[\"https:\/\/www.instagram.com\/thesmokersshopofficial\"]}]}<\/script>\n<!-- \/ Yoast SEO plugin. -->","yoast_head_json":{"title":"BOTE MEDICAL REVERSE CAP 120ML - The Smoker&#039;s Shop","description":"BOTE MEDICAL REVERSE CAP 120 ML es la manera m\u00e1s segura, eficaz y f\u00e1cil de almacenar y portar tus flores medicinales. Capacidad 120 ml.","robots":{"index":"index","follow":"follow","max-snippet":"max-snippet:-1","max-image-preview":"max-image-preview:large","max-video-preview":"max-video-preview:-1"},"canonical":"https:\/\/www.smokershop.es\/index.php\/producto\/bote-medical-reverse-cap-120ml\/","og_locale":"es_ES","og_type":"article","og_title":"BOTE MEDICAL REVERSE CAP 120ML - The Smoker&#039;s Shop","og_description":"BOTE MEDICAL REVERSE CAP 120 ML es la manera m\u00e1s segura, eficaz y f\u00e1cil de almacenar y portar tus flores medicinales. Capacidad 120 ml.","og_url":"https:\/\/www.smokershop.es\/index.php\/producto\/bote-medical-reverse-cap-120ml\/","og_site_name":"The Smoker&#039;s Shop","article_modified_time":"2025-10-21T17:52:14+00:00","og_image":[{"width":864,"height":1184,"url":"https:\/\/www.smokershop.es\/wp-content\/uploads\/2023\/03\/WhatsApp-Image-2025-10-21-at-08.21.15-2.jpeg","type":"image\/jpeg"}],"twitter_card":"summary_large_image","twitter_misc":{"Tiempo de lectura":"1 minuto"},"schema":{"@context":"https:\/\/schema.org","@graph":[{"@type":"WebPage","@id":"https:\/\/www.smokershop.es\/index.php\/producto\/bote-medical-reverse-cap-120ml\/","url":"https:\/\/www.smokershop.es\/index.php\/producto\/bote-medical-reverse-cap-120ml\/","name":"BOTE MEDICAL REVERSE CAP 120ML - The Smoker&#039;s Shop","isPartOf":{"@id":"https:\/\/www.smokershop.es\/#website"},"primaryImageOfPage":{"@id":"https:\/\/www.smokershop.es\/index.php\/producto\/bote-medical-reverse-cap-120ml\/#primaryimage"},"image":{"@id":"https:\/\/www.smokershop.es\/index.php\/producto\/bote-medical-reverse-cap-120ml\/#primaryimage"},"thumbnailUrl":"https:\/\/www.smokershop.es\/wp-content\/uploads\/2023\/03\/WhatsApp-Image-2025-10-21-at-08.21.15-2.jpeg","datePublished":"2023-03-09T16:02:44+00:00","dateModified":"2025-10-21T17:52:14+00:00","description":"BOTE MEDICAL REVERSE CAP 120 ML es la manera m\u00e1s segura, eficaz y f\u00e1cil de almacenar y portar tus flores medicinales. Capacidad 120 ml.","breadcrumb":{"@id":"https:\/\/www.smokershop.es\/index.php\/producto\/bote-medical-reverse-cap-120ml\/#breadcrumb"},"inLanguage":"es","potentialAction":[{"@type":"ReadAction","target":["https:\/\/www.smokershop.es\/index.php\/producto\/bote-medical-reverse-cap-120ml\/"]}]},{"@type":"ImageObject","inLanguage":"es","@id":"https:\/\/www.smokershop.es\/index.php\/producto\/bote-medical-reverse-cap-120ml\/#primaryimage","url":"https:\/\/www.smokershop.es\/wp-content\/uploads\/2023\/03\/WhatsApp-Image-2025-10-21-at-08.21.15-2.jpeg","contentUrl":"https:\/\/www.smokershop.es\/wp-content\/uploads\/2023\/03\/WhatsApp-Image-2025-10-21-at-08.21.15-2.jpeg","width":864,"height":1184,"caption":"BOTE MEDICAL 120ML"},{"@type":"BreadcrumbList","@id":"https:\/\/www.smokershop.es\/index.php\/producto\/bote-medical-reverse-cap-120ml\/#breadcrumb","itemListElement":[{"@type":"ListItem","position":1,"name":"Portada","item":"https:\/\/www.smokershop.es\/"},{"@type":"ListItem","position":2,"name":"The Shop","item":"https:\/\/www.smokershop.es\/index.php\/shop\/"},{"@type":"ListItem","position":3,"name":"BOTE MEDICAL REVERSE CAP 120ML"}]},{"@type":"WebSite","@id":"https:\/\/www.smokershop.es\/#website","url":"https:\/\/www.smokershop.es\/","name":"The Smoker&#039;s Shop","description":"Todo para los fumadores","publisher":{"@id":"https:\/\/www.smokershop.es\/#organization"},"potentialAction":[{"@type":"SearchAction","target":{"@type":"EntryPoint","urlTemplate":"https:\/\/www.smokershop.es\/?s={search_term_string}"},"query-input":{"@type":"PropertyValueSpecification","valueRequired":true,"valueName":"search_term_string"}}],"inLanguage":"es"},{"@type":"Organization","@id":"https:\/\/www.smokershop.es\/#organization","name":"The Smoker&#039;s Shop","url":"https:\/\/www.smokershop.es\/","logo":{"@type":"ImageObject","inLanguage":"es","@id":"https:\/\/www.smokershop.es\/#\/schema\/logo\/image\/","url":"https:\/\/www.smokershop.es\/wp-content\/uploads\/2023\/10\/smokershop-logo.png","contentUrl":"https:\/\/www.smokershop.es\/wp-content\/uploads\/2023\/10\/smokershop-logo.png","width":1711,"height":752,"caption":"The Smoker&#039;s Shop"},"image":{"@id":"https:\/\/www.smokershop.es\/#\/schema\/logo\/image\/"},"sameAs":["https:\/\/www.instagram.com\/thesmokersshopofficial"]}]}},"_links":{"self":[{"href":"https:\/\/www.smokershop.es\/index.php\/wp-json\/wp\/v2\/product\/592","targetHints":{"allow":["GET"]}}],"collection":[{"href":"https:\/\/www.smokershop.es\/index.php\/wp-json\/wp\/v2\/product"}],"about":[{"href":"https:\/\/www.smokershop.es\/index.php\/wp-json\/wp\/v2\/types\/product"}],"wp:featuredmedia":[{"embeddable":true,"href":"https:\/\/www.smokershop.es\/index.php\/wp-json\/wp\/v2\/media\/3404"}],"wp:attachment":[{"href":"https:\/\/www.smokershop.es\/index.php\/wp-json\/wp\/v2\/media?parent=592"}],"wp:term":[{"taxonomy":"product_brand","embeddable":true,"href":"https:\/\/www.smokershop.es\/index.php\/wp-json\/wp\/v2\/product_brand?post=592"},{"taxonomy":"product_cat","embeddable":true,"href":"https:\/\/www.smokershop.es\/index.php\/wp-json\/wp\/v2\/product_cat?post=592"},{"taxonomy":"product_tag","embeddable":true,"href":"https:\/\/www.smokershop.es\/index.php\/wp-json\/wp\/v2\/product_tag?post=592"}],"curies":[{"name":"wp","href":"https:\/\/api.w.org\/{rel}","templated":true}]}}