{"id":595,"date":"2023-03-09T17:07:32","date_gmt":"2023-03-09T16:07:32","guid":{"rendered":"https:\/\/www.smokershop.es\/?post_type=product&#038;p=595"},"modified":"2026-01-19T19:37:52","modified_gmt":"2026-01-19T18:37:52","slug":"limpiador-de-toxinas-salivares-en-spray-kleaner","status":"publish","type":"product","link":"https:\/\/www.smokershop.es\/index.php\/producto\/limpiador-de-toxinas-salivares-en-spray-kleaner\/","title":{"rendered":"LIMPIADOR DE TOXINAS SALIVARES EN SPRAY KLEANER"},"content":{"rendered":"<div class=\"page\" title=\"Page 15\">\n<div class=\"section\">\n<div class=\"layoutArea\">\n<div class=\"column\">\n<p>LIMPIADOR DE TOXINAS SALIVARES EN SPRAY KLEANER.<\/p>\n<p>\u00bfTe asusta dar positivo en un test de saliva, estando ya desde hace tiempo sin consumir ning\u00fan estupefaciente?<br \/>\nEl organismo humano conserva trazas de toxinas, dejadas por el consumo de ciertas sustancias, estas sustancias pueden estar presentes durante bastante tiempo en los fluidos corporales como la sangre, la orina, el sudor y la saliva.<\/p>\n<p>Las toxinas residuales en la saliva pueden dar un positivo en los tests, considerados como falsos positivos debido a que se detectan toxinas residuales, sin que \u00e9stas tengan que causar el menor efecto estupefaciente.<\/p>\n<p>Diversas pruebas han demostrado la inmediata y eficiente actuaci\u00f3n del producto Kleaner como enmascarador de toxinas.<br \/>\nNo contiene ning\u00fan aditivo qu\u00edmico, por lo tanto no es peligroso para quien lo consuma por v\u00eda oral aunque sea una dosis alta.<\/p>\n<p>El producto tiene un gusto bastante amargo, ese inconveniente es normal, sirve tambi\u00e9n para saber si el producto ha impregnado correctamente la totalidad de la boca.<\/p>\n<p>Smoker Shop no se responsabiliza de un uso fraudulento de este producto por parte de terceras personas.<br \/>\nSmoker Shop recomienda encarecidamente no mezclar en absoluto conducci\u00f3n de veh\u00edculos y estar bajo el efecto de sustancias psicotr\u00f3picas.<\/p>\n<p>Ingredientes:<\/p>\n<p>Aqua, Alcohol-Denat, Melia Azadirachta extract, Xhanthan Gum<\/p>\n<p>Modo de empleo:<\/p>\n<p>V\u00eda oral: Ingerir de 5 a 6 ml (aproximadamente el numero de pulverizaciones o gotas que llenar\u00edan el tap\u00f3n trasparente)<br \/>\nV\u00eda t\u00f3pica: Verter de 5 a 6 gotas en la palma de la mano. Repartir entre las manos y masajear todas las partes de la cabeza y del rostro que tienden a sudar (Frente, Cuello), as\u00ed como las manos.<\/p>\n<p>&nbsp;<\/p>\n<\/div>\n<\/div>\n<\/div>\n<\/div>\n","protected":false},"excerpt":{"rendered":"<div class=\"page\" title=\"Page 15\">\n<div class=\"section\">\n<div class=\"layoutArea\">\n<div class=\"column\">\n<ul>\n<li>Botella de spray de 30ml.<\/li>\n<li>No contiene ning\u00fan aditivo qu\u00edmico, por lo tanto no es peligroso.<\/li>\n<li>Test antidroga v\u00eda oral y t\u00f3pica.<\/li>\n<\/ul>\n<\/div>\n<\/div>\n<\/div>\n<\/div>\n","protected":false},"featured_media":1285,"template":"","meta":{"_joinchat":[]},"product_brand":[],"product_cat":[53],"product_tag":[],"class_list":{"0":"post-595","1":"product","2":"type-product","3":"status-publish","4":"has-post-thumbnail","6":"product_cat-limpiadores","8":"first","9":"instock","10":"taxable","11":"shipping-taxable","12":"purchasable","13":"product-type-simple"},"yoast_head":"<!-- This site is optimized with the Yoast SEO plugin v27.4 - https:\/\/yoast.com\/product\/yoast-seo-wordpress\/ -->\n<title>LIMPIADOR DE TOXINAS SALIVARES EN SPRAY KLEANER - The Smoker&#039;s Shop<\/title>\n<meta name=\"description\" content=\"LIMPIADOR DE TOXINAS SALIVARES EN SPRAY KLEANER. Botella de spray de 30ml para test antidrogras via oral y t\u00f3pica. No contiene qu\u00edmicos.\" \/>\n<meta name=\"robots\" content=\"index, follow, max-snippet:-1, max-image-preview:large, max-video-preview:-1\" \/>\n<link rel=\"canonical\" href=\"https:\/\/www.smokershop.es\/index.php\/producto\/limpiador-de-toxinas-salivares-en-spray-kleaner\/\" \/>\n<meta property=\"og:locale\" content=\"es_ES\" \/>\n<meta property=\"og:type\" content=\"article\" \/>\n<meta property=\"og:title\" content=\"LIMPIADOR DE TOXINAS SALIVARES EN SPRAY KLEANER - The Smoker&#039;s Shop\" \/>\n<meta property=\"og:description\" content=\"LIMPIADOR DE TOXINAS SALIVARES EN SPRAY KLEANER. Botella de spray de 30ml para test antidrogras via oral y t\u00f3pica. No contiene qu\u00edmicos.\" \/>\n<meta property=\"og:url\" content=\"https:\/\/www.smokershop.es\/index.php\/producto\/limpiador-de-toxinas-salivares-en-spray-kleaner\/\" \/>\n<meta property=\"og:site_name\" content=\"The Smoker&#039;s Shop\" \/>\n<meta property=\"article:modified_time\" content=\"2026-01-19T18:37:52+00:00\" \/>\n<meta property=\"og:image\" content=\"https:\/\/www.smokershop.es\/wp-content\/uploads\/2023\/03\/limpiador-de-toxinas-salivares-en-spray-Kleaner.jpg\" \/>\n\t<meta property=\"og:image:width\" content=\"1000\" \/>\n\t<meta property=\"og:image:height\" content=\"1000\" \/>\n\t<meta property=\"og:image:type\" content=\"image\/jpeg\" \/>\n<meta name=\"twitter:card\" content=\"summary_large_image\" \/>\n<meta name=\"twitter:label1\" content=\"Tiempo de lectura\" \/>\n\t<meta name=\"twitter:data1\" content=\"2 minutos\" \/>\n<script type=\"application\/ld+json\" class=\"yoast-schema-graph\">{\"@context\":\"https:\\\/\\\/schema.org\",\"@graph\":[{\"@type\":\"WebPage\",\"@id\":\"https:\\\/\\\/www.smokershop.es\\\/index.php\\\/producto\\\/limpiador-de-toxinas-salivares-en-spray-kleaner\\\/\",\"url\":\"https:\\\/\\\/www.smokershop.es\\\/index.php\\\/producto\\\/limpiador-de-toxinas-salivares-en-spray-kleaner\\\/\",\"name\":\"LIMPIADOR DE TOXINAS SALIVARES EN SPRAY KLEANER - The Smoker&#039;s Shop\",\"isPartOf\":{\"@id\":\"https:\\\/\\\/www.smokershop.es\\\/#website\"},\"primaryImageOfPage\":{\"@id\":\"https:\\\/\\\/www.smokershop.es\\\/index.php\\\/producto\\\/limpiador-de-toxinas-salivares-en-spray-kleaner\\\/#primaryimage\"},\"image\":{\"@id\":\"https:\\\/\\\/www.smokershop.es\\\/index.php\\\/producto\\\/limpiador-de-toxinas-salivares-en-spray-kleaner\\\/#primaryimage\"},\"thumbnailUrl\":\"https:\\\/\\\/www.smokershop.es\\\/wp-content\\\/uploads\\\/2023\\\/03\\\/limpiador-de-toxinas-salivares-en-spray-Kleaner.jpg\",\"datePublished\":\"2023-03-09T16:07:32+00:00\",\"dateModified\":\"2026-01-19T18:37:52+00:00\",\"description\":\"LIMPIADOR DE TOXINAS SALIVARES EN SPRAY KLEANER. Botella de spray de 30ml para test antidrogras via oral y t\u00f3pica. No contiene qu\u00edmicos.\",\"breadcrumb\":{\"@id\":\"https:\\\/\\\/www.smokershop.es\\\/index.php\\\/producto\\\/limpiador-de-toxinas-salivares-en-spray-kleaner\\\/#breadcrumb\"},\"inLanguage\":\"es\",\"potentialAction\":[{\"@type\":\"ReadAction\",\"target\":[\"https:\\\/\\\/www.smokershop.es\\\/index.php\\\/producto\\\/limpiador-de-toxinas-salivares-en-spray-kleaner\\\/\"]}]},{\"@type\":\"ImageObject\",\"inLanguage\":\"es\",\"@id\":\"https:\\\/\\\/www.smokershop.es\\\/index.php\\\/producto\\\/limpiador-de-toxinas-salivares-en-spray-kleaner\\\/#primaryimage\",\"url\":\"https:\\\/\\\/www.smokershop.es\\\/wp-content\\\/uploads\\\/2023\\\/03\\\/limpiador-de-toxinas-salivares-en-spray-Kleaner.jpg\",\"contentUrl\":\"https:\\\/\\\/www.smokershop.es\\\/wp-content\\\/uploads\\\/2023\\\/03\\\/limpiador-de-toxinas-salivares-en-spray-Kleaner.jpg\",\"width\":1000,\"height\":1000},{\"@type\":\"BreadcrumbList\",\"@id\":\"https:\\\/\\\/www.smokershop.es\\\/index.php\\\/producto\\\/limpiador-de-toxinas-salivares-en-spray-kleaner\\\/#breadcrumb\",\"itemListElement\":[{\"@type\":\"ListItem\",\"position\":1,\"name\":\"Portada\",\"item\":\"https:\\\/\\\/www.smokershop.es\\\/\"},{\"@type\":\"ListItem\",\"position\":2,\"name\":\"The Shop\",\"item\":\"https:\\\/\\\/www.smokershop.es\\\/index.php\\\/shop\\\/\"},{\"@type\":\"ListItem\",\"position\":3,\"name\":\"LIMPIADOR DE TOXINAS SALIVARES EN SPRAY KLEANER\"}]},{\"@type\":\"WebSite\",\"@id\":\"https:\\\/\\\/www.smokershop.es\\\/#website\",\"url\":\"https:\\\/\\\/www.smokershop.es\\\/\",\"name\":\"The Smoker&#039;s Shop\",\"description\":\"Todo para los fumadores\",\"publisher\":{\"@id\":\"https:\\\/\\\/www.smokershop.es\\\/#organization\"},\"potentialAction\":[{\"@type\":\"SearchAction\",\"target\":{\"@type\":\"EntryPoint\",\"urlTemplate\":\"https:\\\/\\\/www.smokershop.es\\\/?s={search_term_string}\"},\"query-input\":{\"@type\":\"PropertyValueSpecification\",\"valueRequired\":true,\"valueName\":\"search_term_string\"}}],\"inLanguage\":\"es\"},{\"@type\":\"Organization\",\"@id\":\"https:\\\/\\\/www.smokershop.es\\\/#organization\",\"name\":\"The Smoker&#039;s Shop\",\"url\":\"https:\\\/\\\/www.smokershop.es\\\/\",\"logo\":{\"@type\":\"ImageObject\",\"inLanguage\":\"es\",\"@id\":\"https:\\\/\\\/www.smokershop.es\\\/#\\\/schema\\\/logo\\\/image\\\/\",\"url\":\"https:\\\/\\\/www.smokershop.es\\\/wp-content\\\/uploads\\\/2023\\\/10\\\/smokershop-logo.png\",\"contentUrl\":\"https:\\\/\\\/www.smokershop.es\\\/wp-content\\\/uploads\\\/2023\\\/10\\\/smokershop-logo.png\",\"width\":1711,\"height\":752,\"caption\":\"The Smoker&#039;s Shop\"},\"image\":{\"@id\":\"https:\\\/\\\/www.smokershop.es\\\/#\\\/schema\\\/logo\\\/image\\\/\"},\"sameAs\":[\"https:\\\/\\\/www.instagram.com\\\/thesmokersshopofficial\"]}]}<\/script>\n<!-- \/ Yoast SEO plugin. -->","yoast_head_json":{"title":"LIMPIADOR DE TOXINAS SALIVARES EN SPRAY KLEANER - The Smoker&#039;s Shop","description":"LIMPIADOR DE TOXINAS SALIVARES EN SPRAY KLEANER. Botella de spray de 30ml para test antidrogras via oral y t\u00f3pica. No contiene qu\u00edmicos.","robots":{"index":"index","follow":"follow","max-snippet":"max-snippet:-1","max-image-preview":"max-image-preview:large","max-video-preview":"max-video-preview:-1"},"canonical":"https:\/\/www.smokershop.es\/index.php\/producto\/limpiador-de-toxinas-salivares-en-spray-kleaner\/","og_locale":"es_ES","og_type":"article","og_title":"LIMPIADOR DE TOXINAS SALIVARES EN SPRAY KLEANER - The Smoker&#039;s Shop","og_description":"LIMPIADOR DE TOXINAS SALIVARES EN SPRAY KLEANER. Botella de spray de 30ml para test antidrogras via oral y t\u00f3pica. No contiene qu\u00edmicos.","og_url":"https:\/\/www.smokershop.es\/index.php\/producto\/limpiador-de-toxinas-salivares-en-spray-kleaner\/","og_site_name":"The Smoker&#039;s Shop","article_modified_time":"2026-01-19T18:37:52+00:00","og_image":[{"width":1000,"height":1000,"url":"https:\/\/www.smokershop.es\/wp-content\/uploads\/2023\/03\/limpiador-de-toxinas-salivares-en-spray-Kleaner.jpg","type":"image\/jpeg"}],"twitter_card":"summary_large_image","twitter_misc":{"Tiempo de lectura":"2 minutos"},"schema":{"@context":"https:\/\/schema.org","@graph":[{"@type":"WebPage","@id":"https:\/\/www.smokershop.es\/index.php\/producto\/limpiador-de-toxinas-salivares-en-spray-kleaner\/","url":"https:\/\/www.smokershop.es\/index.php\/producto\/limpiador-de-toxinas-salivares-en-spray-kleaner\/","name":"LIMPIADOR DE TOXINAS SALIVARES EN SPRAY KLEANER - The Smoker&#039;s Shop","isPartOf":{"@id":"https:\/\/www.smokershop.es\/#website"},"primaryImageOfPage":{"@id":"https:\/\/www.smokershop.es\/index.php\/producto\/limpiador-de-toxinas-salivares-en-spray-kleaner\/#primaryimage"},"image":{"@id":"https:\/\/www.smokershop.es\/index.php\/producto\/limpiador-de-toxinas-salivares-en-spray-kleaner\/#primaryimage"},"thumbnailUrl":"https:\/\/www.smokershop.es\/wp-content\/uploads\/2023\/03\/limpiador-de-toxinas-salivares-en-spray-Kleaner.jpg","datePublished":"2023-03-09T16:07:32+00:00","dateModified":"2026-01-19T18:37:52+00:00","description":"LIMPIADOR DE TOXINAS SALIVARES EN SPRAY KLEANER. Botella de spray de 30ml para test antidrogras via oral y t\u00f3pica. No contiene qu\u00edmicos.","breadcrumb":{"@id":"https:\/\/www.smokershop.es\/index.php\/producto\/limpiador-de-toxinas-salivares-en-spray-kleaner\/#breadcrumb"},"inLanguage":"es","potentialAction":[{"@type":"ReadAction","target":["https:\/\/www.smokershop.es\/index.php\/producto\/limpiador-de-toxinas-salivares-en-spray-kleaner\/"]}]},{"@type":"ImageObject","inLanguage":"es","@id":"https:\/\/www.smokershop.es\/index.php\/producto\/limpiador-de-toxinas-salivares-en-spray-kleaner\/#primaryimage","url":"https:\/\/www.smokershop.es\/wp-content\/uploads\/2023\/03\/limpiador-de-toxinas-salivares-en-spray-Kleaner.jpg","contentUrl":"https:\/\/www.smokershop.es\/wp-content\/uploads\/2023\/03\/limpiador-de-toxinas-salivares-en-spray-Kleaner.jpg","width":1000,"height":1000},{"@type":"BreadcrumbList","@id":"https:\/\/www.smokershop.es\/index.php\/producto\/limpiador-de-toxinas-salivares-en-spray-kleaner\/#breadcrumb","itemListElement":[{"@type":"ListItem","position":1,"name":"Portada","item":"https:\/\/www.smokershop.es\/"},{"@type":"ListItem","position":2,"name":"The Shop","item":"https:\/\/www.smokershop.es\/index.php\/shop\/"},{"@type":"ListItem","position":3,"name":"LIMPIADOR DE TOXINAS SALIVARES EN SPRAY KLEANER"}]},{"@type":"WebSite","@id":"https:\/\/www.smokershop.es\/#website","url":"https:\/\/www.smokershop.es\/","name":"The Smoker&#039;s Shop","description":"Todo para los fumadores","publisher":{"@id":"https:\/\/www.smokershop.es\/#organization"},"potentialAction":[{"@type":"SearchAction","target":{"@type":"EntryPoint","urlTemplate":"https:\/\/www.smokershop.es\/?s={search_term_string}"},"query-input":{"@type":"PropertyValueSpecification","valueRequired":true,"valueName":"search_term_string"}}],"inLanguage":"es"},{"@type":"Organization","@id":"https:\/\/www.smokershop.es\/#organization","name":"The Smoker&#039;s Shop","url":"https:\/\/www.smokershop.es\/","logo":{"@type":"ImageObject","inLanguage":"es","@id":"https:\/\/www.smokershop.es\/#\/schema\/logo\/image\/","url":"https:\/\/www.smokershop.es\/wp-content\/uploads\/2023\/10\/smokershop-logo.png","contentUrl":"https:\/\/www.smokershop.es\/wp-content\/uploads\/2023\/10\/smokershop-logo.png","width":1711,"height":752,"caption":"The Smoker&#039;s Shop"},"image":{"@id":"https:\/\/www.smokershop.es\/#\/schema\/logo\/image\/"},"sameAs":["https:\/\/www.instagram.com\/thesmokersshopofficial"]}]}},"_links":{"self":[{"href":"https:\/\/www.smokershop.es\/index.php\/wp-json\/wp\/v2\/product\/595","targetHints":{"allow":["GET"]}}],"collection":[{"href":"https:\/\/www.smokershop.es\/index.php\/wp-json\/wp\/v2\/product"}],"about":[{"href":"https:\/\/www.smokershop.es\/index.php\/wp-json\/wp\/v2\/types\/product"}],"wp:featuredmedia":[{"embeddable":true,"href":"https:\/\/www.smokershop.es\/index.php\/wp-json\/wp\/v2\/media\/1285"}],"wp:attachment":[{"href":"https:\/\/www.smokershop.es\/index.php\/wp-json\/wp\/v2\/media?parent=595"}],"wp:term":[{"taxonomy":"product_brand","embeddable":true,"href":"https:\/\/www.smokershop.es\/index.php\/wp-json\/wp\/v2\/product_brand?post=595"},{"taxonomy":"product_cat","embeddable":true,"href":"https:\/\/www.smokershop.es\/index.php\/wp-json\/wp\/v2\/product_cat?post=595"},{"taxonomy":"product_tag","embeddable":true,"href":"https:\/\/www.smokershop.es\/index.php\/wp-json\/wp\/v2\/product_tag?post=595"}],"curies":[{"name":"wp","href":"https:\/\/api.w.org\/{rel}","templated":true}]}}