{"id":948,"date":"2023-07-12T13:12:45","date_gmt":"2023-07-12T11:12:45","guid":{"rendered":"https:\/\/www.smokershop.es\/?post_type=product&#038;p=948"},"modified":"2024-05-07T11:52:46","modified_gmt":"2024-05-07T09:52:46","slug":"coletero-de-ocultacion-supper","status":"publish","type":"product","link":"https:\/\/www.smokershop.es\/index.php\/producto\/coletero-de-ocultacion-supper\/","title":{"rendered":"COLETERO DE OCULTACI\u00d3N SUPPER"},"content":{"rendered":"<p>COLETERO DE OCULTACI\u00d3N SUPPER<\/p>\n<p>Coletero de ocultaci\u00f3n de la marca Supper, dise\u00f1os originales y variopintos para todos los gustos, una opci\u00f3n estupenda para guardar tus tesoros m\u00e1s preciados. Estos coleteros resultan de lo m\u00e1s pr\u00e1ctico y \u00fatil, ya que no solo puedes usarlo como lo que son, sino adem\u00e1s incluyen una cremallera oculta para guardar dentro tus pertenencias.<\/p>\n<p>Sino los conoc\u00edas ya estas tardando en hacerte con uno, una vez que lo usas ya no puedes vivir sin \u00e9l, es el 2 en 1 perfecto.<\/p>\n","protected":false},"excerpt":{"rendered":"<p>Diferentes modelos. Se env\u00edan modelos al azar.<\/p>\n<p>Se vende por unidad.<\/p>\n","protected":false},"featured_media":979,"template":"","meta":{"_joinchat":[]},"product_brand":[],"product_cat":[49,51],"product_tag":[],"class_list":{"0":"post-948","1":"product","2":"type-product","3":"status-publish","4":"has-post-thumbnail","6":"product_cat-almacenamiento","7":"product_cat-ocultacion","9":"first","10":"instock","11":"taxable","12":"shipping-taxable","13":"purchasable","14":"product-type-simple"},"yoast_head":"<!-- This site is optimized with the Yoast SEO plugin v27.2 - https:\/\/yoast.com\/product\/yoast-seo-wordpress\/ -->\n<title>COLETERO DE OCULTACI\u00d3N SUPPER - The Smoker&#039;s Shop<\/title>\n<meta name=\"description\" content=\"Coletero de ocultaci\u00f3n de la marca Supper, diferentes dise\u00f1os con estampados \u00fanicos y originales. Estos coleteros resultan de lo m\u00e1s pr\u00e1ctico y \u00fatil.\" \/>\n<meta name=\"robots\" content=\"index, follow, max-snippet:-1, max-image-preview:large, max-video-preview:-1\" \/>\n<link rel=\"canonical\" href=\"https:\/\/www.smokershop.es\/index.php\/producto\/coletero-de-ocultacion-supper\/\" \/>\n<meta property=\"og:locale\" content=\"es_ES\" \/>\n<meta property=\"og:type\" content=\"article\" \/>\n<meta property=\"og:title\" content=\"COLETERO DE OCULTACI\u00d3N SUPPER - The Smoker&#039;s Shop\" \/>\n<meta property=\"og:description\" content=\"Coletero de ocultaci\u00f3n de la marca Supper, diferentes dise\u00f1os con estampados \u00fanicos y originales. Estos coleteros resultan de lo m\u00e1s pr\u00e1ctico y \u00fatil.\" \/>\n<meta property=\"og:url\" content=\"https:\/\/www.smokershop.es\/index.php\/producto\/coletero-de-ocultacion-supper\/\" \/>\n<meta property=\"og:site_name\" content=\"The Smoker&#039;s Shop\" \/>\n<meta property=\"article:modified_time\" content=\"2024-05-07T09:52:46+00:00\" \/>\n<meta property=\"og:image\" content=\"https:\/\/www.smokershop.es\/wp-content\/uploads\/2023\/07\/IMG_4138.webp\" \/>\n\t<meta property=\"og:image:width\" content=\"692\" \/>\n\t<meta property=\"og:image:height\" content=\"719\" \/>\n\t<meta property=\"og:image:type\" content=\"image\/webp\" \/>\n<meta name=\"twitter:card\" content=\"summary_large_image\" \/>\n<meta name=\"twitter:label1\" content=\"Tiempo de lectura\" \/>\n\t<meta name=\"twitter:data1\" content=\"1 minuto\" \/>\n<script type=\"application\/ld+json\" class=\"yoast-schema-graph\">{\"@context\":\"https:\/\/schema.org\",\"@graph\":[{\"@type\":\"WebPage\",\"@id\":\"https:\/\/www.smokershop.es\/index.php\/producto\/coletero-de-ocultacion-supper\/\",\"url\":\"https:\/\/www.smokershop.es\/index.php\/producto\/coletero-de-ocultacion-supper\/\",\"name\":\"COLETERO DE OCULTACI\u00d3N SUPPER - The Smoker&#039;s Shop\",\"isPartOf\":{\"@id\":\"https:\/\/www.smokershop.es\/#website\"},\"primaryImageOfPage\":{\"@id\":\"https:\/\/www.smokershop.es\/index.php\/producto\/coletero-de-ocultacion-supper\/#primaryimage\"},\"image\":{\"@id\":\"https:\/\/www.smokershop.es\/index.php\/producto\/coletero-de-ocultacion-supper\/#primaryimage\"},\"thumbnailUrl\":\"https:\/\/www.smokershop.es\/wp-content\/uploads\/2023\/07\/IMG_4138.webp\",\"datePublished\":\"2023-07-12T11:12:45+00:00\",\"dateModified\":\"2024-05-07T09:52:46+00:00\",\"description\":\"Coletero de ocultaci\u00f3n de la marca Supper, diferentes dise\u00f1os con estampados \u00fanicos y originales. Estos coleteros resultan de lo m\u00e1s pr\u00e1ctico y \u00fatil.\",\"breadcrumb\":{\"@id\":\"https:\/\/www.smokershop.es\/index.php\/producto\/coletero-de-ocultacion-supper\/#breadcrumb\"},\"inLanguage\":\"es\",\"potentialAction\":[{\"@type\":\"ReadAction\",\"target\":[\"https:\/\/www.smokershop.es\/index.php\/producto\/coletero-de-ocultacion-supper\/\"]}]},{\"@type\":\"ImageObject\",\"inLanguage\":\"es\",\"@id\":\"https:\/\/www.smokershop.es\/index.php\/producto\/coletero-de-ocultacion-supper\/#primaryimage\",\"url\":\"https:\/\/www.smokershop.es\/wp-content\/uploads\/2023\/07\/IMG_4138.webp\",\"contentUrl\":\"https:\/\/www.smokershop.es\/wp-content\/uploads\/2023\/07\/IMG_4138.webp\",\"width\":692,\"height\":719,\"caption\":\"coletero ocultacion\"},{\"@type\":\"BreadcrumbList\",\"@id\":\"https:\/\/www.smokershop.es\/index.php\/producto\/coletero-de-ocultacion-supper\/#breadcrumb\",\"itemListElement\":[{\"@type\":\"ListItem\",\"position\":1,\"name\":\"Portada\",\"item\":\"https:\/\/www.smokershop.es\/\"},{\"@type\":\"ListItem\",\"position\":2,\"name\":\"The Shop\",\"item\":\"https:\/\/www.smokershop.es\/index.php\/shop\/\"},{\"@type\":\"ListItem\",\"position\":3,\"name\":\"COLETERO DE OCULTACI\u00d3N SUPPER\"}]},{\"@type\":\"WebSite\",\"@id\":\"https:\/\/www.smokershop.es\/#website\",\"url\":\"https:\/\/www.smokershop.es\/\",\"name\":\"The Smoker&#039;s Shop\",\"description\":\"Todo para los fumadores\",\"publisher\":{\"@id\":\"https:\/\/www.smokershop.es\/#organization\"},\"potentialAction\":[{\"@type\":\"SearchAction\",\"target\":{\"@type\":\"EntryPoint\",\"urlTemplate\":\"https:\/\/www.smokershop.es\/?s={search_term_string}\"},\"query-input\":{\"@type\":\"PropertyValueSpecification\",\"valueRequired\":true,\"valueName\":\"search_term_string\"}}],\"inLanguage\":\"es\"},{\"@type\":\"Organization\",\"@id\":\"https:\/\/www.smokershop.es\/#organization\",\"name\":\"The Smoker&#039;s Shop\",\"url\":\"https:\/\/www.smokershop.es\/\",\"logo\":{\"@type\":\"ImageObject\",\"inLanguage\":\"es\",\"@id\":\"https:\/\/www.smokershop.es\/#\/schema\/logo\/image\/\",\"url\":\"https:\/\/www.smokershop.es\/wp-content\/uploads\/2023\/10\/smokershop-logo.png\",\"contentUrl\":\"https:\/\/www.smokershop.es\/wp-content\/uploads\/2023\/10\/smokershop-logo.png\",\"width\":1711,\"height\":752,\"caption\":\"The Smoker&#039;s Shop\"},\"image\":{\"@id\":\"https:\/\/www.smokershop.es\/#\/schema\/logo\/image\/\"},\"sameAs\":[\"https:\/\/www.instagram.com\/thesmokersshopofficial\"]}]}<\/script>\n<!-- \/ Yoast SEO plugin. -->","yoast_head_json":{"title":"COLETERO DE OCULTACI\u00d3N SUPPER - The Smoker&#039;s Shop","description":"Coletero de ocultaci\u00f3n de la marca Supper, diferentes dise\u00f1os con estampados \u00fanicos y originales. Estos coleteros resultan de lo m\u00e1s pr\u00e1ctico y \u00fatil.","robots":{"index":"index","follow":"follow","max-snippet":"max-snippet:-1","max-image-preview":"max-image-preview:large","max-video-preview":"max-video-preview:-1"},"canonical":"https:\/\/www.smokershop.es\/index.php\/producto\/coletero-de-ocultacion-supper\/","og_locale":"es_ES","og_type":"article","og_title":"COLETERO DE OCULTACI\u00d3N SUPPER - The Smoker&#039;s Shop","og_description":"Coletero de ocultaci\u00f3n de la marca Supper, diferentes dise\u00f1os con estampados \u00fanicos y originales. Estos coleteros resultan de lo m\u00e1s pr\u00e1ctico y \u00fatil.","og_url":"https:\/\/www.smokershop.es\/index.php\/producto\/coletero-de-ocultacion-supper\/","og_site_name":"The Smoker&#039;s Shop","article_modified_time":"2024-05-07T09:52:46+00:00","og_image":[{"width":692,"height":719,"url":"https:\/\/www.smokershop.es\/wp-content\/uploads\/2023\/07\/IMG_4138.webp","type":"image\/webp"}],"twitter_card":"summary_large_image","twitter_misc":{"Tiempo de lectura":"1 minuto"},"schema":{"@context":"https:\/\/schema.org","@graph":[{"@type":"WebPage","@id":"https:\/\/www.smokershop.es\/index.php\/producto\/coletero-de-ocultacion-supper\/","url":"https:\/\/www.smokershop.es\/index.php\/producto\/coletero-de-ocultacion-supper\/","name":"COLETERO DE OCULTACI\u00d3N SUPPER - The Smoker&#039;s Shop","isPartOf":{"@id":"https:\/\/www.smokershop.es\/#website"},"primaryImageOfPage":{"@id":"https:\/\/www.smokershop.es\/index.php\/producto\/coletero-de-ocultacion-supper\/#primaryimage"},"image":{"@id":"https:\/\/www.smokershop.es\/index.php\/producto\/coletero-de-ocultacion-supper\/#primaryimage"},"thumbnailUrl":"https:\/\/www.smokershop.es\/wp-content\/uploads\/2023\/07\/IMG_4138.webp","datePublished":"2023-07-12T11:12:45+00:00","dateModified":"2024-05-07T09:52:46+00:00","description":"Coletero de ocultaci\u00f3n de la marca Supper, diferentes dise\u00f1os con estampados \u00fanicos y originales. Estos coleteros resultan de lo m\u00e1s pr\u00e1ctico y \u00fatil.","breadcrumb":{"@id":"https:\/\/www.smokershop.es\/index.php\/producto\/coletero-de-ocultacion-supper\/#breadcrumb"},"inLanguage":"es","potentialAction":[{"@type":"ReadAction","target":["https:\/\/www.smokershop.es\/index.php\/producto\/coletero-de-ocultacion-supper\/"]}]},{"@type":"ImageObject","inLanguage":"es","@id":"https:\/\/www.smokershop.es\/index.php\/producto\/coletero-de-ocultacion-supper\/#primaryimage","url":"https:\/\/www.smokershop.es\/wp-content\/uploads\/2023\/07\/IMG_4138.webp","contentUrl":"https:\/\/www.smokershop.es\/wp-content\/uploads\/2023\/07\/IMG_4138.webp","width":692,"height":719,"caption":"coletero ocultacion"},{"@type":"BreadcrumbList","@id":"https:\/\/www.smokershop.es\/index.php\/producto\/coletero-de-ocultacion-supper\/#breadcrumb","itemListElement":[{"@type":"ListItem","position":1,"name":"Portada","item":"https:\/\/www.smokershop.es\/"},{"@type":"ListItem","position":2,"name":"The Shop","item":"https:\/\/www.smokershop.es\/index.php\/shop\/"},{"@type":"ListItem","position":3,"name":"COLETERO DE OCULTACI\u00d3N SUPPER"}]},{"@type":"WebSite","@id":"https:\/\/www.smokershop.es\/#website","url":"https:\/\/www.smokershop.es\/","name":"The Smoker&#039;s Shop","description":"Todo para los fumadores","publisher":{"@id":"https:\/\/www.smokershop.es\/#organization"},"potentialAction":[{"@type":"SearchAction","target":{"@type":"EntryPoint","urlTemplate":"https:\/\/www.smokershop.es\/?s={search_term_string}"},"query-input":{"@type":"PropertyValueSpecification","valueRequired":true,"valueName":"search_term_string"}}],"inLanguage":"es"},{"@type":"Organization","@id":"https:\/\/www.smokershop.es\/#organization","name":"The Smoker&#039;s Shop","url":"https:\/\/www.smokershop.es\/","logo":{"@type":"ImageObject","inLanguage":"es","@id":"https:\/\/www.smokershop.es\/#\/schema\/logo\/image\/","url":"https:\/\/www.smokershop.es\/wp-content\/uploads\/2023\/10\/smokershop-logo.png","contentUrl":"https:\/\/www.smokershop.es\/wp-content\/uploads\/2023\/10\/smokershop-logo.png","width":1711,"height":752,"caption":"The Smoker&#039;s Shop"},"image":{"@id":"https:\/\/www.smokershop.es\/#\/schema\/logo\/image\/"},"sameAs":["https:\/\/www.instagram.com\/thesmokersshopofficial"]}]}},"_links":{"self":[{"href":"https:\/\/www.smokershop.es\/index.php\/wp-json\/wp\/v2\/product\/948","targetHints":{"allow":["GET"]}}],"collection":[{"href":"https:\/\/www.smokershop.es\/index.php\/wp-json\/wp\/v2\/product"}],"about":[{"href":"https:\/\/www.smokershop.es\/index.php\/wp-json\/wp\/v2\/types\/product"}],"wp:featuredmedia":[{"embeddable":true,"href":"https:\/\/www.smokershop.es\/index.php\/wp-json\/wp\/v2\/media\/979"}],"wp:attachment":[{"href":"https:\/\/www.smokershop.es\/index.php\/wp-json\/wp\/v2\/media?parent=948"}],"wp:term":[{"taxonomy":"product_brand","embeddable":true,"href":"https:\/\/www.smokershop.es\/index.php\/wp-json\/wp\/v2\/product_brand?post=948"},{"taxonomy":"product_cat","embeddable":true,"href":"https:\/\/www.smokershop.es\/index.php\/wp-json\/wp\/v2\/product_cat?post=948"},{"taxonomy":"product_tag","embeddable":true,"href":"https:\/\/www.smokershop.es\/index.php\/wp-json\/wp\/v2\/product_tag?post=948"}],"curies":[{"name":"wp","href":"https:\/\/api.w.org\/{rel}","templated":true}]}}